{"id":6767,"date":"2024-10-11T04:58:19","date_gmt":"2024-10-11T04:58:19","guid":{"rendered":"https:\/\/bellaconti.com.br\/?page_id=6767"},"modified":"2024-11-29T12:48:02","modified_gmt":"2024-11-29T12:48:02","slug":"empresa","status":"publish","type":"page","link":"https:\/\/algonovocom.com.br\/clientes\/todah\/empresa\/","title":{"rendered":"Empresa"},"content":{"rendered":"\t\t<div data-elementor-type=\"wp-page\" data-elementor-id=\"6767\" class=\"elementor elementor-6767\" data-elementor-post-type=\"page\">\n\t\t\t\t\t\t<section class=\"elementor-section elementor-top-section elementor-element elementor-element-d32bd66 elementor-section-boxed elementor-section-height-default elementor-section-height-default\" data-id=\"d32bd66\" data-element_type=\"section\">\n\t\t\t\t\t\t<div class=\"elementor-container elementor-column-gap-default\">\n\t\t\t\t\t<div class=\"elementor-column elementor-col-100 elementor-top-column elementor-element elementor-element-f0550e3\" data-id=\"f0550e3\" data-element_type=\"column\">\n\t\t\t<div class=\"elementor-widget-wrap elementor-element-populated\">\n\t\t\t\t\t\t<section class=\"elementor-section elementor-inner-section elementor-element elementor-element-39ab4ec elementor-section-full_width elementor-section-height-default elementor-section-height-default\" data-id=\"39ab4ec\" data-element_type=\"section\">\n\t\t\t\t\t\t<div class=\"elementor-container elementor-column-gap-default\">\n\t\t\t\t\t<div class=\"elementor-column elementor-col-100 elementor-inner-column elementor-element elementor-element-036c8ba\" data-id=\"036c8ba\" data-element_type=\"column\">\n\t\t\t<div class=\"elementor-widget-wrap elementor-element-populated\">\n\t\t\t\t\t\t<div class=\"elementor-element elementor-element-1997254b elementor-widget elementor-widget-heading\" data-id=\"1997254b\" data-element_type=\"widget\" data-widget_type=\"heading.default\">\n\t\t\t\t<div class=\"elementor-widget-container\">\n\t\t\t<h2 class=\"elementor-heading-title elementor-size-default\">Quem Somos<\/h2>\t\t<\/div>\n\t\t\t\t<\/div>\n\t\t\t\t<div class=\"elementor-element elementor-element-444c8b7 elementor-widget-divider--view-line elementor-widget elementor-widget-divider\" data-id=\"444c8b7\" data-element_type=\"widget\" data-widget_type=\"divider.default\">\n\t\t\t\t<div class=\"elementor-widget-container\">\n\t\t\t\t\t<div class=\"elementor-divider\">\n\t\t\t<span class=\"elementor-divider-separator\">\n\t\t\t\t\t\t<\/span>\n\t\t<\/div>\n\t\t\t\t<\/div>\n\t\t\t\t<\/div>\n\t\t\t\t<div class=\"elementor-element elementor-element-18c39641 elementor-widget elementor-widget-text-editor\" data-id=\"18c39641\" data-element_type=\"widget\" data-widget_type=\"text-editor.default\">\n\t\t\t\t<div class=\"elementor-widget-container\">\n\t\t\t\t\t\t\t<p>Com mais de uma d\u00e9cada de experi\u00eancia, somos uma marcenaria de alto padr\u00e3o que oferece atendimentos personalizados para cada cliente, transformando cada sonho em realidade. Dentre os nosso valores est\u00e1 o comprometimento a oferecer o mais alto padr\u00e3o em tudo o que fazemos. Desde a sele\u00e7\u00e3o de materiais at\u00e9 o atendimento ao cliente, nossa meta \u00e9 superar as expectativas e garantir a satisfa\u00e7\u00e3o total dos nossos clientes.<\/p>\t\t\t\t\t\t<\/div>\n\t\t\t\t<\/div>\n\t\t\t\t\t<\/div>\n\t\t<\/div>\n\t\t\t\t\t<\/div>\n\t\t<\/section>\n\t\t\t\t<section class=\"elementor-section elementor-inner-section elementor-element elementor-element-fd4a294 elementor-section-full_width elementor-section-height-default elementor-section-height-default\" data-id=\"fd4a294\" data-element_type=\"section\">\n\t\t\t\t\t\t<div class=\"elementor-container elementor-column-gap-default\">\n\t\t\t\t\t<div class=\"elementor-column elementor-col-100 elementor-inner-column elementor-element elementor-element-08db9b0\" data-id=\"08db9b0\" data-element_type=\"column\">\n\t\t\t<div class=\"elementor-widget-wrap elementor-element-populated\">\n\t\t\t\t\t\t<div class=\"elementor-element elementor-element-0128e9e elementor-widget elementor-widget-heading\" data-id=\"0128e9e\" data-element_type=\"widget\" data-widget_type=\"heading.default\">\n\t\t\t\t<div class=\"elementor-widget-container\">\n\t\t\t<h2 class=\"elementor-heading-title elementor-size-default\">Nossa Hist\u00f3ria<\/h2>\t\t<\/div>\n\t\t\t\t<\/div>\n\t\t\t\t<div class=\"elementor-element elementor-element-67ec7cf elementor-widget-divider--view-line elementor-widget elementor-widget-divider\" data-id=\"67ec7cf\" data-element_type=\"widget\" data-widget_type=\"divider.default\">\n\t\t\t\t<div class=\"elementor-widget-container\">\n\t\t\t\t\t<div class=\"elementor-divider\">\n\t\t\t<span class=\"elementor-divider-separator\">\n\t\t\t\t\t\t<\/span>\n\t\t<\/div>\n\t\t\t\t<\/div>\n\t\t\t\t<\/div>\n\t\t\t\t<div class=\"elementor-element elementor-element-5a466ca elementor-widget elementor-widget-text-editor\" data-id=\"5a466ca\" data-element_type=\"widget\" data-widget_type=\"text-editor.default\">\n\t\t\t\t<div class=\"elementor-widget-container\">\n\t\t\t\t\t\t\t<p>Fundada em 2012, pelo atual CEO, Juan Pablo Pezoa Conti, situada inicialmente em uma vaga de garagem no Bairro da Penha, Zona Leste de S\u00e3o Paulo, a Bella Conti M\u00f3veis iniciou suas atividades.<\/p><p>O nome escolhido foi inspirado no nome da m\u00e3e do nosso CEO, a senhora Claudia Conti. Sem recursos ou capital, a sa\u00edda foi um empr\u00e9stimo feito por um amigo. E assim a Bella Conti teve seu ingresso na \u00e1rea de Marcenaria, de forma muito humilde, com apenas uma pequena m\u00e1quina de corte, muita for\u00e7a de vontade, disposi\u00e7\u00e3o e um sonho.<\/p><p>Com indica\u00e7\u00f5es de clientes atendidos e satisfeitos com nosso trabalho, fomos nos<br \/>consolidando e crescendo.<\/p>\t\t\t\t\t\t<\/div>\n\t\t\t\t<\/div>\n\t\t\t\t\t<\/div>\n\t\t<\/div>\n\t\t\t\t\t<\/div>\n\t\t<\/section>\n\t\t\t\t<section class=\"elementor-section elementor-inner-section elementor-element elementor-element-d43a578 elementor-section-full_width elementor-section-height-default elementor-section-height-default\" data-id=\"d43a578\" data-element_type=\"section\">\n\t\t\t\t\t\t<div class=\"elementor-container elementor-column-gap-default\">\n\t\t\t\t\t<div class=\"elementor-column elementor-col-100 elementor-inner-column elementor-element elementor-element-51cb3de\" data-id=\"51cb3de\" data-element_type=\"column\">\n\t\t\t<div class=\"elementor-widget-wrap elementor-element-populated\">\n\t\t\t\t\t\t<div class=\"elementor-element elementor-element-5795b5a elementor-widget elementor-widget-heading\" data-id=\"5795b5a\" data-element_type=\"widget\" data-widget_type=\"heading.default\">\n\t\t\t\t<div class=\"elementor-widget-container\">\n\t\t\t<h2 class=\"elementor-heading-title elementor-size-default\">Comprometimento com o Ambiente<\/h2>\t\t<\/div>\n\t\t\t\t<\/div>\n\t\t\t\t<div class=\"elementor-element elementor-element-3e1c3ba elementor-widget-divider--view-line elementor-widget elementor-widget-divider\" data-id=\"3e1c3ba\" data-element_type=\"widget\" data-widget_type=\"divider.default\">\n\t\t\t\t<div class=\"elementor-widget-container\">\n\t\t\t\t\t<div class=\"elementor-divider\">\n\t\t\t<span class=\"elementor-divider-separator\">\n\t\t\t\t\t\t<\/span>\n\t\t<\/div>\n\t\t\t\t<\/div>\n\t\t\t\t<\/div>\n\t\t\t\t<div class=\"elementor-element elementor-element-cdc10f9 elementor-widget elementor-widget-text-editor\" data-id=\"cdc10f9\" data-element_type=\"widget\" data-widget_type=\"text-editor.default\">\n\t\t\t\t<div class=\"elementor-widget-container\">\n\t\t\t\t\t\t\t<p>Na Bella Conti, nosso compromisso com a preserva\u00e7\u00e3o ambiental \u00e9 uma prioridade fundamental. Utilizamos MDF (Medium Density Fiberboard) como parte de nossa abordagem sustent\u00e1vel, pois \u00e9 uma escolha ecol\u00f3gica que promove a redu\u00e7\u00e3o do desperd\u00edcio de madeira. O MDF \u00e9 produzido a partir de fibras de madeira recicladas e res\u00edduos, o que diminui a necessidade de desmatamento e conserva recursos naturais.<\/p>\t\t\t\t\t\t<\/div>\n\t\t\t\t<\/div>\n\t\t\t\t\t<\/div>\n\t\t<\/div>\n\t\t\t\t\t<\/div>\n\t\t<\/section>\n\t\t\t\t\t<\/div>\n\t\t<\/div>\n\t\t\t\t\t<\/div>\n\t\t<\/section>\n\t\t\t\t<\/div>\n\t\t","protected":false},"excerpt":{"rendered":"<p>Quem Somos Com mais de uma d\u00e9cada de experi\u00eancia, somos uma marcenaria de alto padr\u00e3o que oferece atendimentos personalizados para cada cliente, transformando cada sonho em realidade. Dentre os nosso valores est\u00e1 o comprometimento a oferecer o mais alto padr\u00e3o em tudo o que fazemos. Desde a sele\u00e7\u00e3o de materiais at\u00e9 o atendimento ao cliente, [&hellip;]<\/p>\n","protected":false},"author":1,"featured_media":0,"parent":0,"menu_order":2,"comment_status":"closed","ping_status":"closed","template":"elementor_header_footer","meta":{"footnotes":""},"class_list":["post-6767","page","type-page","status-publish","hentry"],"_links":{"self":[{"href":"https:\/\/algonovocom.com.br\/clientes\/todah\/wp-json\/wp\/v2\/pages\/6767","targetHints":{"allow":["GET"]}}],"collection":[{"href":"https:\/\/algonovocom.com.br\/clientes\/todah\/wp-json\/wp\/v2\/pages"}],"about":[{"href":"https:\/\/algonovocom.com.br\/clientes\/todah\/wp-json\/wp\/v2\/types\/page"}],"author":[{"embeddable":true,"href":"https:\/\/algonovocom.com.br\/clientes\/todah\/wp-json\/wp\/v2\/users\/1"}],"replies":[{"embeddable":true,"href":"https:\/\/algonovocom.com.br\/clientes\/todah\/wp-json\/wp\/v2\/comments?post=6767"}],"version-history":[{"count":13,"href":"https:\/\/algonovocom.com.br\/clientes\/todah\/wp-json\/wp\/v2\/pages\/6767\/revisions"}],"predecessor-version":[{"id":6786,"href":"https:\/\/algonovocom.com.br\/clientes\/todah\/wp-json\/wp\/v2\/pages\/6767\/revisions\/6786"}],"wp:attachment":[{"href":"https:\/\/algonovocom.com.br\/clientes\/todah\/wp-json\/wp\/v2\/media?parent=6767"}],"curies":[{"name":"wp","href":"https:\/\/api.w.org\/{rel}","templated":true}]}}