{"id":5992,"date":"2023-10-29T03:16:18","date_gmt":"2023-10-29T03:16:18","guid":{"rendered":"https:\/\/bellaconti.com.br\/?page_id=5992"},"modified":"2024-10-12T19:02:55","modified_gmt":"2024-10-12T19:02:55","slug":"orcamento","status":"publish","type":"page","link":"https:\/\/algonovocom.com.br\/clientes\/todah\/orcamento\/","title":{"rendered":"Formul\u00e1rio de Or\u00e7amento"},"content":{"rendered":"\t\t<div data-elementor-type=\"wp-page\" data-elementor-id=\"5992\" class=\"elementor elementor-5992\" data-elementor-post-type=\"page\">\n\t\t\t\t\t\t<section class=\"elementor-section elementor-top-section elementor-element elementor-element-c5310c2 elementor-section-boxed elementor-section-height-default elementor-section-height-default\" data-id=\"c5310c2\" data-element_type=\"section\" data-settings=\"{&quot;background_background&quot;:&quot;classic&quot;,&quot;background_motion_fx_motion_fx_scrolling&quot;:&quot;yes&quot;,&quot;background_motion_fx_translateY_effect&quot;:&quot;yes&quot;,&quot;background_motion_fx_translateY_speed&quot;:{&quot;unit&quot;:&quot;px&quot;,&quot;size&quot;:4,&quot;sizes&quot;:[]},&quot;background_motion_fx_translateY_affectedRange&quot;:{&quot;unit&quot;:&quot;%&quot;,&quot;size&quot;:&quot;&quot;,&quot;sizes&quot;:{&quot;start&quot;:0,&quot;end&quot;:100}},&quot;background_motion_fx_devices&quot;:[&quot;desktop&quot;,&quot;tablet&quot;,&quot;mobile&quot;]}\">\n\t\t\t\t\t\t\t<div class=\"elementor-background-overlay\"><\/div>\n\t\t\t\t\t\t\t<div class=\"elementor-container elementor-column-gap-default\">\n\t\t\t\t\t<div class=\"elementor-column elementor-col-50 elementor-top-column elementor-element elementor-element-ae37f9e\" data-id=\"ae37f9e\" data-element_type=\"column\">\n\t\t\t<div class=\"elementor-widget-wrap elementor-element-populated\">\n\t\t\t\t\t\t<div class=\"elementor-element elementor-element-ceccef4 elementor-widget elementor-widget-spacer\" data-id=\"ceccef4\" data-element_type=\"widget\" data-widget_type=\"spacer.default\">\n\t\t\t\t<div class=\"elementor-widget-container\">\n\t\t\t\t\t<div class=\"elementor-spacer\">\n\t\t\t<div class=\"elementor-spacer-inner\"><\/div>\n\t\t<\/div>\n\t\t\t\t<\/div>\n\t\t\t\t<\/div>\n\t\t\t\t\t<\/div>\n\t\t<\/div>\n\t\t\t\t<div class=\"elementor-column elementor-col-50 elementor-top-column elementor-element elementor-element-35dc18a\" data-id=\"35dc18a\" data-element_type=\"column\">\n\t\t\t<div class=\"elementor-widget-wrap elementor-element-populated\">\n\t\t\t\t\t\t<div class=\"elementor-element elementor-element-6babc12 elementor-widget elementor-widget-heading\" data-id=\"6babc12\" data-element_type=\"widget\" data-widget_type=\"heading.default\">\n\t\t\t\t<div class=\"elementor-widget-container\">\n\t\t\t<h2 class=\"elementor-heading-title elementor-size-default\">Parab\u00e9ns!<\/h2>\t\t<\/div>\n\t\t\t\t<\/div>\n\t\t\t\t<div class=\"elementor-element elementor-element-087af9c elementor-widget elementor-widget-heading\" data-id=\"087af9c\" data-element_type=\"widget\" data-widget_type=\"heading.default\">\n\t\t\t\t<div class=\"elementor-widget-container\">\n\t\t\t<h2 class=\"elementor-heading-title elementor-size-default\">Este \u00e9 o primeiro passo, para a realiza\u00e7\u00e3o do seu sonho, em ter seu ambiente montado!<\/h2>\t\t<\/div>\n\t\t\t\t<\/div>\n\t\t\t\t<div class=\"elementor-element elementor-element-18699b1 elementor-mobile-align-center elementor-align-right elementor-widget__width-auto elementor-widget elementor-widget-button\" data-id=\"18699b1\" data-element_type=\"widget\" data-widget_type=\"button.default\">\n\t\t\t\t<div class=\"elementor-widget-container\">\n\t\t\t\t\t\t\t<div class=\"elementor-button-wrapper\">\n\t\t\t\t\t<a class=\"elementor-button elementor-button-link elementor-size-lg\" href=\"https:\/\/wa.me\/\/5511999745003?text=Ol\u00e1%20gostaria%20de%20pedir%20um%20or\u00e7amento\" target=\"_blank\" id=\"ClickOrcWhatsapp\">\n\t\t\t\t\t\t<span class=\"elementor-button-content-wrapper\">\n\t\t\t\t\t\t<span class=\"elementor-button-icon\">\n\t\t\t\t<i aria-hidden=\"true\" class=\"fab fa-whatsapp\"><\/i>\t\t\t<\/span>\n\t\t\t\t\t\t\t\t\t<span class=\"elementor-button-text\">Pe\u00e7a por whatsApp<\/span>\n\t\t\t\t\t<\/span>\n\t\t\t\t\t<\/a>\n\t\t\t\t<\/div>\n\t\t\t\t\t\t<\/div>\n\t\t\t\t<\/div>\n\t\t\t\t\t<\/div>\n\t\t<\/div>\n\t\t\t\t\t<\/div>\n\t\t<\/section>\n\t\t\t\t<section class=\"elementor-section elementor-top-section elementor-element elementor-element-cae8ddf elementor-section-content-middle elementor-section-boxed elementor-section-height-default elementor-section-height-default\" data-id=\"cae8ddf\" data-element_type=\"section\">\n\t\t\t\t\t\t<div class=\"elementor-container elementor-column-gap-default\">\n\t\t\t\t\t<div class=\"elementor-column elementor-col-100 elementor-top-column elementor-element elementor-element-ff98880\" data-id=\"ff98880\" data-element_type=\"column\" data-settings=\"{&quot;background_background&quot;:&quot;classic&quot;}\">\n\t\t\t<div class=\"elementor-widget-wrap elementor-element-populated\">\n\t\t\t\t\t\t<div class=\"elementor-element elementor-element-86489cb elementor-widget elementor-widget-heading\" data-id=\"86489cb\" data-element_type=\"widget\" data-widget_type=\"heading.default\">\n\t\t\t\t<div class=\"elementor-widget-container\">\n\t\t\t<h2 class=\"elementor-heading-title elementor-size-default\">Formul\u00e1rio de Or\u00e7amento<\/h2>\t\t<\/div>\n\t\t\t\t<\/div>\n\t\t\t\t<div class=\"elementor-element elementor-element-d4e6b16 elementor-widget-divider--view-line elementor-widget elementor-widget-divider\" data-id=\"d4e6b16\" data-element_type=\"widget\" data-widget_type=\"divider.default\">\n\t\t\t\t<div class=\"elementor-widget-container\">\n\t\t\t\t\t<div class=\"elementor-divider\">\n\t\t\t<span class=\"elementor-divider-separator\">\n\t\t\t\t\t\t<\/span>\n\t\t<\/div>\n\t\t\t\t<\/div>\n\t\t\t\t<\/div>\n\t\t\t\t<div class=\"elementor-element elementor-element-9ed54f1 elementor-button-align-stretch elementor-widget elementor-widget-form\" data-id=\"9ed54f1\" data-element_type=\"widget\" data-settings=\"{&quot;step_next_label&quot;:&quot;Pr\\u00f3ximo&quot;,&quot;step_previous_label&quot;:&quot;Anterior&quot;,&quot;button_width&quot;:&quot;100&quot;,&quot;step_type&quot;:&quot;number_text&quot;,&quot;step_icon_shape&quot;:&quot;circle&quot;}\" data-widget_type=\"form.default\">\n\t\t\t\t<div class=\"elementor-widget-container\">\n\t\t\t\t\t<form class=\"elementor-form\" method=\"post\" name=\"Form - Orcamento\">\n\t\t\t<input type=\"hidden\" name=\"post_id\" value=\"5992\"\/>\n\t\t\t<input type=\"hidden\" name=\"form_id\" value=\"9ed54f1\"\/>\n\t\t\t<input type=\"hidden\" name=\"referer_title\" value=\"\" \/>\n\n\t\t\t\n\t\t\t<div class=\"elementor-form-fields-wrapper elementor-labels-\">\n\t\t\t\t\t\t\t\t<div class=\"elementor-field-type-text elementor-field-group elementor-column elementor-field-group-name elementor-col-50 elementor-field-required\">\n\t\t\t\t\t\t\t\t\t\t\t\t<label for=\"form-field-name\" class=\"elementor-field-label elementor-screen-only\">\n\t\t\t\t\t\t\t\tNome\t\t\t\t\t\t\t<\/label>\n\t\t\t\t\t\t\t\t\t\t\t\t\t\t<input size=\"1\" type=\"text\" name=\"form_fields[name]\" id=\"form-field-name\" class=\"elementor-field elementor-size-sm  elementor-field-textual\" placeholder=\"Nome\" required=\"required\" aria-required=\"true\">\n\t\t\t\t\t\t\t\t\t\t\t<\/div>\n\t\t\t\t\t\t\t\t<div class=\"elementor-field-type-text elementor-field-group elementor-column elementor-field-group-lastname elementor-col-50 elementor-field-required\">\n\t\t\t\t\t\t\t\t\t\t\t\t<label for=\"form-field-lastname\" class=\"elementor-field-label elementor-screen-only\">\n\t\t\t\t\t\t\t\tSobrenome\t\t\t\t\t\t\t<\/label>\n\t\t\t\t\t\t\t\t\t\t\t\t\t\t<input size=\"1\" type=\"text\" name=\"form_fields[lastname]\" id=\"form-field-lastname\" class=\"elementor-field elementor-size-sm  elementor-field-textual\" placeholder=\"Sobrenome\" required=\"required\" aria-required=\"true\">\n\t\t\t\t\t\t\t\t\t\t\t<\/div>\n\t\t\t\t\t\t\t\t<div class=\"elementor-field-type-email elementor-field-group elementor-column elementor-field-group-email elementor-col-50 elementor-field-required\">\n\t\t\t\t\t\t\t\t\t\t\t\t<label for=\"form-field-email\" class=\"elementor-field-label elementor-screen-only\">\n\t\t\t\t\t\t\t\tE-mail\t\t\t\t\t\t\t<\/label>\n\t\t\t\t\t\t\t\t\t\t\t\t\t\t<input size=\"1\" type=\"email\" name=\"form_fields[email]\" id=\"form-field-email\" class=\"elementor-field elementor-size-sm  elementor-field-textual\" placeholder=\"E-mail\" required=\"required\" aria-required=\"true\">\n\t\t\t\t\t\t\t\t\t\t\t<\/div>\n\t\t\t\t\t\t\t\t<div class=\"elementor-field-type-number elementor-field-group elementor-column elementor-field-group-phone elementor-col-50\">\n\t\t\t\t\t\t\t\t\t\t\t\t<label for=\"form-field-phone\" class=\"elementor-field-label elementor-screen-only\">\n\t\t\t\t\t\t\t\tTelefone\t\t\t\t\t\t\t<\/label>\n\t\t\t\t\t\t\t\t\t<input type=\"number\" name=\"form_fields[phone]\" id=\"form-field-phone\" class=\"elementor-field elementor-size-sm  elementor-field-textual\" placeholder=\"Telefone\" min=\"\" max=\"\" >\n\t\t\t\t\t\t<\/div>\n\t\t\t\t\t\t\t\t<div class=\"elementor-field-type-text elementor-field-group elementor-column elementor-field-group-address elementor-col-100 elementor-field-required\">\n\t\t\t\t\t\t\t\t\t\t\t\t<label for=\"form-field-address\" class=\"elementor-field-label elementor-screen-only\">\n\t\t\t\t\t\t\t\tEndere\u00e7o\t\t\t\t\t\t\t<\/label>\n\t\t\t\t\t\t\t\t\t\t\t\t\t\t<input size=\"1\" type=\"text\" name=\"form_fields[address]\" id=\"form-field-address\" class=\"elementor-field elementor-size-sm  elementor-field-textual\" placeholder=\"Endere\u00e7o\" required=\"required\" aria-required=\"true\">\n\t\t\t\t\t\t\t\t\t\t\t<\/div>\n\t\t\t\t\t\t\t\t<div class=\"elementor-field-type-html elementor-field-group elementor-column elementor-field-group-field_048b2fa elementor-col-50\">\n\t\t\t\t\t<h3>Possui algum profissional de arquitetura\/design de interiores te auxiliando no projeto?<\/h3>\t\t\t\t<\/div>\n\t\t\t\t\t\t\t\t<div class=\"elementor-field-type-radio elementor-field-group elementor-column elementor-field-group-profissional elementor-col-50 elementor-field-required\">\n\t\t\t\t\t\t\t\t\t\t\t\t<label for=\"form-field-profissional\" class=\"elementor-field-label elementor-screen-only\">\n\t\t\t\t\t\t\t\tProfissional\t\t\t\t\t\t\t<\/label>\n\t\t\t\t\t\t<div class=\"elementor-field-subgroup  \"><span class=\"elementor-field-option\"><input type=\"radio\" value=\"Sim\" id=\"form-field-profissional-0\" name=\"form_fields[profissional]\" required=\"required\" aria-required=\"true\"> <label for=\"form-field-profissional-0\">Sim<\/label><\/span><span class=\"elementor-field-option\"><input type=\"radio\" value=\"N\u00e3o\" id=\"form-field-profissional-1\" name=\"form_fields[profissional]\" required=\"required\" aria-required=\"true\"> <label for=\"form-field-profissional-1\">N\u00e3o<\/label><\/span><\/div>\t\t\t\t<\/div>\n\t\t\t\t\t\t\t\t<div class=\"elementor-field-type-html elementor-field-group elementor-column elementor-field-group-field_fa184be elementor-col-50\">\n\t\t\t\t\t<h3>Para quando voc\u00ea deseja ter seus m\u00f3veis?<\/h3>\t\t\t\t<\/div>\n\t\t\t\t\t\t\t\t<div class=\"elementor-field-type-radio elementor-field-group elementor-column elementor-field-group-field_12e0885 elementor-col-50 elementor-field-required\">\n\t\t\t\t\t\t\t\t\t\t\t\t<label for=\"form-field-field_12e0885\" class=\"elementor-field-label elementor-screen-only\">\n\t\t\t\t\t\t\t\tPrazo\t\t\t\t\t\t\t<\/label>\n\t\t\t\t\t\t<div class=\"elementor-field-subgroup  \"><span class=\"elementor-field-option\"><input type=\"radio\" value=\"Em breve\" id=\"form-field-field_12e0885-0\" name=\"form_fields[field_12e0885]\" required=\"required\" aria-required=\"true\"> <label for=\"form-field-field_12e0885-0\">Em breve<\/label><\/span><span class=\"elementor-field-option\"><input type=\"radio\" value=\"6 meses\" id=\"form-field-field_12e0885-1\" name=\"form_fields[field_12e0885]\" required=\"required\" aria-required=\"true\"> <label for=\"form-field-field_12e0885-1\">6 meses<\/label><\/span><span class=\"elementor-field-option\"><input type=\"radio\" value=\"1 ano\" id=\"form-field-field_12e0885-2\" name=\"form_fields[field_12e0885]\" required=\"required\" aria-required=\"true\"> <label for=\"form-field-field_12e0885-2\">1 ano<\/label><\/span><span class=\"elementor-field-option\"><input type=\"radio\" value=\"+ de 1 ano\" id=\"form-field-field_12e0885-3\" name=\"form_fields[field_12e0885]\" required=\"required\" aria-required=\"true\"> <label for=\"form-field-field_12e0885-3\">+ de 1 ano<\/label><\/span><\/div>\t\t\t\t<\/div>\n\t\t\t\t\t\t\t\t<div class=\"elementor-field-type-html elementor-field-group elementor-column elementor-field-group-field_e22279a elementor-col-30\">\n\t\t\t\t\t<h3>Precisa de Planejados para:<\/h3>\t\t\t\t<\/div>\n\t\t\t\t\t\t\t\t<div class=\"elementor-field-type-radio elementor-field-group elementor-column elementor-field-group-tipo elementor-col-50 elementor-field-required\">\n\t\t\t\t\t\t\t\t\t\t\t\t<label for=\"form-field-tipo\" class=\"elementor-field-label elementor-screen-only\">\n\t\t\t\t\t\t\t\tTipo\t\t\t\t\t\t\t<\/label>\n\t\t\t\t\t\t<div class=\"elementor-field-subgroup  \"><span class=\"elementor-field-option\"><input type=\"radio\" value=\"Residencia\" id=\"form-field-tipo-0\" name=\"form_fields[tipo]\" required=\"required\" aria-required=\"true\"> <label for=\"form-field-tipo-0\">Residencia<\/label><\/span><span class=\"elementor-field-option\"><input type=\"radio\" value=\"Comercio \/ Neg\u00f3cio\" id=\"form-field-tipo-1\" name=\"form_fields[tipo]\" required=\"required\" aria-required=\"true\"> <label for=\"form-field-tipo-1\">Comercio \/ Neg\u00f3cio<\/label><\/span><\/div>\t\t\t\t<\/div>\n\t\t\t\t\t\t\t\t<div class=\"elementor-field-type-html elementor-field-group elementor-column elementor-field-group-field_c2c5655 elementor-col-30\">\n\t\t\t\t\t<h3>Para quais ambientes voc\u00ea precisa?<\/h3>\t\t\t\t<\/div>\n\t\t\t\t\t\t\t\t<div class=\"elementor-field-type-checkbox elementor-field-group elementor-column elementor-field-group-ambientes elementor-col-50\">\n\t\t\t\t\t\t\t\t\t\t\t\t<label for=\"form-field-ambientes\" class=\"elementor-field-label elementor-screen-only\">\n\t\t\t\t\t\t\t\tAmbientes Residenciais\t\t\t\t\t\t\t<\/label>\n\t\t\t\t\t\t<div class=\"elementor-field-subgroup  elementor-subgroup-inline\"><span class=\"elementor-field-option\"><input type=\"checkbox\" value=\"Todos os ambientes\" id=\"form-field-ambientes-0\" name=\"form_fields[ambientes][]\"> <label for=\"form-field-ambientes-0\">Todos os ambientes<\/label><\/span><span class=\"elementor-field-option\"><input type=\"checkbox\" value=\"Dormit\u00f3rio\" id=\"form-field-ambientes-1\" name=\"form_fields[ambientes][]\"> <label for=\"form-field-ambientes-1\">Dormit\u00f3rio<\/label><\/span><span class=\"elementor-field-option\"><input type=\"checkbox\" value=\"Sala de Estar\" id=\"form-field-ambientes-2\" name=\"form_fields[ambientes][]\"> <label for=\"form-field-ambientes-2\">Sala de Estar<\/label><\/span><span class=\"elementor-field-option\"><input type=\"checkbox\" value=\"Cozinha\" id=\"form-field-ambientes-3\" name=\"form_fields[ambientes][]\"> <label for=\"form-field-ambientes-3\">Cozinha<\/label><\/span><span class=\"elementor-field-option\"><input type=\"checkbox\" value=\"Banheiro\" id=\"form-field-ambientes-4\" name=\"form_fields[ambientes][]\"> <label for=\"form-field-ambientes-4\">Banheiro<\/label><\/span><span class=\"elementor-field-option\"><input type=\"checkbox\" value=\"\u00c1rea de Servi\u00e7o\" id=\"form-field-ambientes-5\" name=\"form_fields[ambientes][]\"> <label for=\"form-field-ambientes-5\">\u00c1rea de Servi\u00e7o<\/label><\/span><span class=\"elementor-field-option\"><input type=\"checkbox\" value=\"Sala de Jantar\" id=\"form-field-ambientes-6\" name=\"form_fields[ambientes][]\"> <label for=\"form-field-ambientes-6\">Sala de Jantar<\/label><\/span><span class=\"elementor-field-option\"><input type=\"checkbox\" value=\"Varanda\" id=\"form-field-ambientes-7\" name=\"form_fields[ambientes][]\"> <label for=\"form-field-ambientes-7\">Varanda<\/label><\/span><span class=\"elementor-field-option\"><input type=\"checkbox\" value=\"Churrasqueira\" id=\"form-field-ambientes-8\" name=\"form_fields[ambientes][]\"> <label for=\"form-field-ambientes-8\">Churrasqueira<\/label><\/span><span class=\"elementor-field-option\"><input type=\"checkbox\" value=\"Sala de Espera\" id=\"form-field-ambientes-9\" name=\"form_fields[ambientes][]\"> <label for=\"form-field-ambientes-9\">Sala de Espera<\/label><\/span><span class=\"elementor-field-option\"><input type=\"checkbox\" value=\"Sala de Reuni\u00f5es\" id=\"form-field-ambientes-10\" name=\"form_fields[ambientes][]\"> <label for=\"form-field-ambientes-10\">Sala de Reuni\u00f5es<\/label><\/span><span class=\"elementor-field-option\"><input type=\"checkbox\" value=\"Outro\" id=\"form-field-ambientes-11\" name=\"form_fields[ambientes][]\"> <label for=\"form-field-ambientes-11\">Outro<\/label><\/span><\/div>\t\t\t\t<\/div>\n\t\t\t\t\t\t\t\t<div class=\"elementor-field-type-html elementor-field-group elementor-column elementor-field-group-field_6704479 elementor-col-30\">\n\t\t\t\t\t<h3>Quanto pretende investir?<\/h3>\t\t\t\t<\/div>\n\t\t\t\t\t\t\t\t<div class=\"elementor-field-type-radio elementor-field-group elementor-column elementor-field-group-investimento elementor-col-50 elementor-field-required\">\n\t\t\t\t\t\t\t\t\t\t\t\t<label for=\"form-field-investimento\" class=\"elementor-field-label elementor-screen-only\">\n\t\t\t\t\t\t\t\tInvestimento\t\t\t\t\t\t\t<\/label>\n\t\t\t\t\t\t<div class=\"elementor-field-subgroup  \"><span class=\"elementor-field-option\"><input type=\"radio\" value=\"de R$ 10.000 a R$ 30.000\" id=\"form-field-investimento-0\" name=\"form_fields[investimento]\" required=\"required\" aria-required=\"true\"> <label for=\"form-field-investimento-0\">de R$ 10.000 a R$ 30.000<\/label><\/span><span class=\"elementor-field-option\"><input type=\"radio\" value=\"de R$ 30.000 a R$ 50.000\" id=\"form-field-investimento-1\" name=\"form_fields[investimento]\" required=\"required\" aria-required=\"true\"> <label for=\"form-field-investimento-1\">de R$ 30.000 a R$ 50.000<\/label><\/span><span class=\"elementor-field-option\"><input type=\"radio\" value=\"acima de R$ 50.000\" id=\"form-field-investimento-2\" name=\"form_fields[investimento]\" required=\"required\" aria-required=\"true\"> <label for=\"form-field-investimento-2\">acima de R$ 50.000<\/label><\/span><\/div>\t\t\t\t<\/div>\n\t\t\t\t\t\t\t\t<div class=\"elementor-field-type-textarea elementor-field-group elementor-column elementor-field-group-message elementor-col-100\">\n\t\t\t\t\t\t\t\t\t\t\t\t<label for=\"form-field-message\" class=\"elementor-field-label elementor-screen-only\">\n\t\t\t\t\t\t\t\tObserva\u00e7\u00f5es\t\t\t\t\t\t\t<\/label>\n\t\t\t\t\t\t<textarea class=\"elementor-field-textual elementor-field  elementor-size-sm\" name=\"form_fields[message]\" id=\"form-field-message\" rows=\"4\" placeholder=\"Observa\u00e7\u00f5es\"><\/textarea>\t\t\t\t<\/div>\n\t\t\t\t\t\t\t\t<div class=\"elementor-field-type-recaptcha elementor-field-group elementor-column elementor-field-group-captcha elementor-col-100\">\n\t\t\t\t\t<div class=\"elementor-field\" id=\"form-field-captcha\"><div class=\"elementor-g-recaptcha\" data-sitekey=\"6LcDVU8nAAAAAFOLipGBmKlZo6QlY-Ma8L0xctFe\" data-type=\"v2_checkbox\" data-theme=\"light\" data-size=\"normal\"><\/div><\/div>\t\t\t\t<\/div>\n\t\t\t\t\t\t\t\t<div class=\"elementor-field-group elementor-column elementor-field-type-submit elementor-col-100 e-form__buttons\">\n\t\t\t\t\t<button class=\"elementor-button elementor-size-sm\" type=\"submit\" id=\"ResForm\">\n\t\t\t\t\t\t<span class=\"elementor-button-content-wrapper\">\n\t\t\t\t\t\t\t\t\t\t\t\t\t\t\t\t\t\t\t\t\t\t<span class=\"elementor-button-text\">Enviar<\/span>\n\t\t\t\t\t\t\t\t\t\t\t\t\t<\/span>\n\t\t\t\t\t<\/button>\n\t\t\t\t<\/div>\n\t\t\t<\/div>\n\t\t<\/form>\n\t\t\t\t<\/div>\n\t\t\t\t<\/div>\n\t\t\t\t\t<\/div>\n\t\t<\/div>\n\t\t\t\t\t<\/div>\n\t\t<\/section>\n\t\t\t\t<\/div>\n\t\t","protected":false},"excerpt":{"rendered":"<p>Parab\u00e9ns! Este \u00e9 o primeiro passo, para a realiza\u00e7\u00e3o do seu sonho, em ter seu ambiente montado! Pe\u00e7a por whatsApp Formul\u00e1rio de Or\u00e7amento<\/p>\n","protected":false},"author":1,"featured_media":0,"parent":0,"menu_order":4,"comment_status":"closed","ping_status":"closed","template":"elementor_header_footer","meta":{"footnotes":""},"class_list":["post-5992","page","type-page","status-publish","hentry"],"_links":{"self":[{"href":"https:\/\/algonovocom.com.br\/clientes\/todah\/wp-json\/wp\/v2\/pages\/5992","targetHints":{"allow":["GET"]}}],"collection":[{"href":"https:\/\/algonovocom.com.br\/clientes\/todah\/wp-json\/wp\/v2\/pages"}],"about":[{"href":"https:\/\/algonovocom.com.br\/clientes\/todah\/wp-json\/wp\/v2\/types\/page"}],"author":[{"embeddable":true,"href":"https:\/\/algonovocom.com.br\/clientes\/todah\/wp-json\/wp\/v2\/users\/1"}],"replies":[{"embeddable":true,"href":"https:\/\/algonovocom.com.br\/clientes\/todah\/wp-json\/wp\/v2\/comments?post=5992"}],"version-history":[{"count":51,"href":"https:\/\/algonovocom.com.br\/clientes\/todah\/wp-json\/wp\/v2\/pages\/5992\/revisions"}],"predecessor-version":[{"id":6989,"href":"https:\/\/algonovocom.com.br\/clientes\/todah\/wp-json\/wp\/v2\/pages\/5992\/revisions\/6989"}],"wp:attachment":[{"href":"https:\/\/algonovocom.com.br\/clientes\/todah\/wp-json\/wp\/v2\/media?parent=5992"}],"curies":[{"name":"wp","href":"https:\/\/api.w.org\/{rel}","templated":true}]}}