{"id":5076,"date":"2023-05-19T21:02:28","date_gmt":"2023-05-19T21:02:28","guid":{"rendered":"https:\/\/bellaconti.com.br\/?page_id=5076"},"modified":"2024-10-12T18:40:27","modified_gmt":"2024-10-12T18:40:27","slug":"quarto","status":"publish","type":"page","link":"https:\/\/algonovocom.com.br\/clientes\/todah\/quarto\/","title":{"rendered":"Quarto"},"content":{"rendered":"\t\t<div data-elementor-type=\"wp-page\" data-elementor-id=\"5076\" class=\"elementor elementor-5076\" data-elementor-post-type=\"page\">\n\t\t\t\t\t\t<section class=\"elementor-section elementor-top-section elementor-element elementor-element-9a86bf0 elementor-section-boxed elementor-section-height-default elementor-section-height-default\" data-id=\"9a86bf0\" data-element_type=\"section\" data-settings=\"{&quot;background_background&quot;:&quot;classic&quot;}\">\n\t\t\t\t\t\t<div class=\"elementor-container elementor-column-gap-default\">\n\t\t\t\t\t<div class=\"elementor-column elementor-col-100 elementor-top-column elementor-element elementor-element-d02120b\" data-id=\"d02120b\" data-element_type=\"column\">\n\t\t\t<div class=\"elementor-widget-wrap elementor-element-populated\">\n\t\t\t\t\t\t<div class=\"elementor-element elementor-element-30bdfcf elementor-widget elementor-widget-heading\" data-id=\"30bdfcf\" data-element_type=\"widget\" data-widget_type=\"heading.default\">\n\t\t\t\t<div class=\"elementor-widget-container\">\n\t\t\t<h2 class=\"elementor-heading-title elementor-size-default\">Quarto<\/h2>\t\t<\/div>\n\t\t\t\t<\/div>\n\t\t\t\t<div class=\"elementor-element elementor-element-5c767b7 elementor-widget-divider--view-line elementor-widget elementor-widget-divider\" data-id=\"5c767b7\" data-element_type=\"widget\" data-widget_type=\"divider.default\">\n\t\t\t\t<div class=\"elementor-widget-container\">\n\t\t\t\t\t<div class=\"elementor-divider\">\n\t\t\t<span class=\"elementor-divider-separator\">\n\t\t\t\t\t\t<\/span>\n\t\t<\/div>\n\t\t\t\t<\/div>\n\t\t\t\t<\/div>\n\t\t\t\t<div class=\"elementor-element elementor-element-6f3a100 elementor-widget elementor-widget-heading\" data-id=\"6f3a100\" data-element_type=\"widget\" data-widget_type=\"heading.default\">\n\t\t\t\t<div class=\"elementor-widget-container\">\n\t\t\t<h5 class=\"elementor-heading-title elementor-size-default\">Ambientes<\/h5>\t\t<\/div>\n\t\t\t\t<\/div>\n\t\t\t\t<div class=\"elementor-element elementor-element-6cb2f6b elementor-widget elementor-widget-spacer\" data-id=\"6cb2f6b\" data-element_type=\"widget\" data-widget_type=\"spacer.default\">\n\t\t\t\t<div class=\"elementor-widget-container\">\n\t\t\t\t\t<div class=\"elementor-spacer\">\n\t\t\t<div class=\"elementor-spacer-inner\"><\/div>\n\t\t<\/div>\n\t\t\t\t<\/div>\n\t\t\t\t<\/div>\n\t\t\t\t<div class=\"elementor-element elementor-element-f18285e elementor-widget elementor-widget-gallery\" data-id=\"f18285e\" data-element_type=\"widget\" data-settings=\"{&quot;columns&quot;:3,&quot;gap&quot;:{&quot;unit&quot;:&quot;px&quot;,&quot;size&quot;:12,&quot;sizes&quot;:[]},&quot;aspect_ratio&quot;:&quot;4:3&quot;,&quot;lazyload&quot;:&quot;yes&quot;,&quot;gallery_layout&quot;:&quot;grid&quot;,&quot;columns_tablet&quot;:2,&quot;columns_mobile&quot;:1,&quot;gap_tablet&quot;:{&quot;unit&quot;:&quot;px&quot;,&quot;size&quot;:10,&quot;sizes&quot;:[]},&quot;gap_mobile&quot;:{&quot;unit&quot;:&quot;px&quot;,&quot;size&quot;:10,&quot;sizes&quot;:[]},&quot;link_to&quot;:&quot;file&quot;,&quot;overlay_background&quot;:&quot;yes&quot;,&quot;content_hover_animation&quot;:&quot;fade-in&quot;}\" data-widget_type=\"gallery.default\">\n\t\t\t\t<div class=\"elementor-widget-container\">\n\t\t\t\t\t<div class=\"elementor-gallery__container\">\n\t\t\t\t\t\t\t<a class=\"e-gallery-item elementor-gallery-item elementor-animated-content\" href=\"https:\/\/algonovocom.com.br\/clientes\/todah\/wp-content\/uploads\/2024\/10\/sala-13.webp\" data-elementor-open-lightbox=\"yes\" data-elementor-lightbox-slideshow=\"f18285e\" data-elementor-lightbox-title=\"sala-13\" data-e-action-hash=\"#elementor-action%3Aaction%3Dlightbox%26settings%3DeyJpZCI6NjY4NCwidXJsIjoiaHR0cHM6XC9cL2FsZ29ub3ZvY29tLmNvbS5iclwvY2xpZW50ZXNcL3RvZGFoXC93cC1jb250ZW50XC91cGxvYWRzXC8yMDI0XC8xMFwvc2FsYS0xMy53ZWJwIiwic2xpZGVzaG93IjoiZjE4Mjg1ZSJ9\">\n\t\t\t\t\t<div class=\"e-gallery-image elementor-gallery-item__image\" data-thumbnail=\"https:\/\/algonovocom.com.br\/clientes\/todah\/wp-content\/uploads\/2024\/10\/sala-13.webp\" data-width=\"1080\" data-height=\"1080\" aria-label=\"\" role=\"img\" ><\/div>\n\t\t\t\t\t\t\t\t\t\t\t<div class=\"elementor-gallery-item__overlay\"><\/div>\n\t\t\t\t\t\t\t\t\t\t\t\t\t\t<\/a>\n\t\t\t\t\t\t\t<a class=\"e-gallery-item elementor-gallery-item elementor-animated-content\" href=\"https:\/\/algonovocom.com.br\/clientes\/todah\/wp-content\/uploads\/2024\/10\/quarto-1.webp\" data-elementor-open-lightbox=\"yes\" data-elementor-lightbox-slideshow=\"f18285e\" data-elementor-lightbox-title=\"quarto-1\" data-e-action-hash=\"#elementor-action%3Aaction%3Dlightbox%26settings%3DeyJpZCI6NjY5MCwidXJsIjoiaHR0cHM6XC9cL2FsZ29ub3ZvY29tLmNvbS5iclwvY2xpZW50ZXNcL3RvZGFoXC93cC1jb250ZW50XC91cGxvYWRzXC8yMDI0XC8xMFwvcXVhcnRvLTEud2VicCIsInNsaWRlc2hvdyI6ImYxODI4NWUifQ%3D%3D\">\n\t\t\t\t\t<div class=\"e-gallery-image elementor-gallery-item__image\" data-thumbnail=\"https:\/\/algonovocom.com.br\/clientes\/todah\/wp-content\/uploads\/2024\/10\/quarto-1.webp\" data-width=\"1080\" data-height=\"1080\" aria-label=\"\" role=\"img\" ><\/div>\n\t\t\t\t\t\t\t\t\t\t\t<div class=\"elementor-gallery-item__overlay\"><\/div>\n\t\t\t\t\t\t\t\t\t\t\t\t\t\t<\/a>\n\t\t\t\t\t\t\t<a class=\"e-gallery-item elementor-gallery-item elementor-animated-content\" href=\"https:\/\/algonovocom.com.br\/clientes\/todah\/wp-content\/uploads\/2024\/10\/quarto-2.webp\" data-elementor-open-lightbox=\"yes\" data-elementor-lightbox-slideshow=\"f18285e\" data-elementor-lightbox-title=\"quarto-2\" data-e-action-hash=\"#elementor-action%3Aaction%3Dlightbox%26settings%3DeyJpZCI6NjY5MSwidXJsIjoiaHR0cHM6XC9cL2FsZ29ub3ZvY29tLmNvbS5iclwvY2xpZW50ZXNcL3RvZGFoXC93cC1jb250ZW50XC91cGxvYWRzXC8yMDI0XC8xMFwvcXVhcnRvLTIud2VicCIsInNsaWRlc2hvdyI6ImYxODI4NWUifQ%3D%3D\">\n\t\t\t\t\t<div class=\"e-gallery-image elementor-gallery-item__image\" data-thumbnail=\"https:\/\/algonovocom.com.br\/clientes\/todah\/wp-content\/uploads\/2024\/10\/quarto-2.webp\" data-width=\"1080\" data-height=\"1080\" aria-label=\"\" role=\"img\" ><\/div>\n\t\t\t\t\t\t\t\t\t\t\t<div class=\"elementor-gallery-item__overlay\"><\/div>\n\t\t\t\t\t\t\t\t\t\t\t\t\t\t<\/a>\n\t\t\t\t\t\t\t<a class=\"e-gallery-item elementor-gallery-item elementor-animated-content\" href=\"https:\/\/algonovocom.com.br\/clientes\/todah\/wp-content\/uploads\/2024\/10\/quarto-3.webp\" data-elementor-open-lightbox=\"yes\" data-elementor-lightbox-slideshow=\"f18285e\" data-elementor-lightbox-title=\"quarto-3\" data-e-action-hash=\"#elementor-action%3Aaction%3Dlightbox%26settings%3DeyJpZCI6NjY5MiwidXJsIjoiaHR0cHM6XC9cL2FsZ29ub3ZvY29tLmNvbS5iclwvY2xpZW50ZXNcL3RvZGFoXC93cC1jb250ZW50XC91cGxvYWRzXC8yMDI0XC8xMFwvcXVhcnRvLTMud2VicCIsInNsaWRlc2hvdyI6ImYxODI4NWUifQ%3D%3D\">\n\t\t\t\t\t<div class=\"e-gallery-image elementor-gallery-item__image\" data-thumbnail=\"https:\/\/algonovocom.com.br\/clientes\/todah\/wp-content\/uploads\/2024\/10\/quarto-3.webp\" data-width=\"1080\" data-height=\"1080\" aria-label=\"\" role=\"img\" ><\/div>\n\t\t\t\t\t\t\t\t\t\t\t<div class=\"elementor-gallery-item__overlay\"><\/div>\n\t\t\t\t\t\t\t\t\t\t\t\t\t\t<\/a>\n\t\t\t\t\t\t\t<a class=\"e-gallery-item elementor-gallery-item elementor-animated-content\" href=\"https:\/\/algonovocom.com.br\/clientes\/todah\/wp-content\/uploads\/2024\/10\/quarto-4.webp\" data-elementor-open-lightbox=\"yes\" data-elementor-lightbox-slideshow=\"f18285e\" data-elementor-lightbox-title=\"quarto-4\" data-e-action-hash=\"#elementor-action%3Aaction%3Dlightbox%26settings%3DeyJpZCI6NjY5MywidXJsIjoiaHR0cHM6XC9cL2FsZ29ub3ZvY29tLmNvbS5iclwvY2xpZW50ZXNcL3RvZGFoXC93cC1jb250ZW50XC91cGxvYWRzXC8yMDI0XC8xMFwvcXVhcnRvLTQud2VicCIsInNsaWRlc2hvdyI6ImYxODI4NWUifQ%3D%3D\">\n\t\t\t\t\t<div class=\"e-gallery-image elementor-gallery-item__image\" data-thumbnail=\"https:\/\/algonovocom.com.br\/clientes\/todah\/wp-content\/uploads\/2024\/10\/quarto-4.webp\" data-width=\"1080\" data-height=\"1080\" aria-label=\"\" role=\"img\" ><\/div>\n\t\t\t\t\t\t\t\t\t\t\t<div class=\"elementor-gallery-item__overlay\"><\/div>\n\t\t\t\t\t\t\t\t\t\t\t\t\t\t<\/a>\n\t\t\t\t\t\t\t<a class=\"e-gallery-item elementor-gallery-item elementor-animated-content\" href=\"https:\/\/algonovocom.com.br\/clientes\/todah\/wp-content\/uploads\/2024\/10\/quarto-5.webp\" data-elementor-open-lightbox=\"yes\" data-elementor-lightbox-slideshow=\"f18285e\" data-elementor-lightbox-title=\"quarto-5\" data-e-action-hash=\"#elementor-action%3Aaction%3Dlightbox%26settings%3DeyJpZCI6NjY5NCwidXJsIjoiaHR0cHM6XC9cL2FsZ29ub3ZvY29tLmNvbS5iclwvY2xpZW50ZXNcL3RvZGFoXC93cC1jb250ZW50XC91cGxvYWRzXC8yMDI0XC8xMFwvcXVhcnRvLTUud2VicCIsInNsaWRlc2hvdyI6ImYxODI4NWUifQ%3D%3D\">\n\t\t\t\t\t<div class=\"e-gallery-image elementor-gallery-item__image\" data-thumbnail=\"https:\/\/algonovocom.com.br\/clientes\/todah\/wp-content\/uploads\/2024\/10\/quarto-5.webp\" data-width=\"1080\" data-height=\"1080\" aria-label=\"\" role=\"img\" ><\/div>\n\t\t\t\t\t\t\t\t\t\t\t<div class=\"elementor-gallery-item__overlay\"><\/div>\n\t\t\t\t\t\t\t\t\t\t\t\t\t\t<\/a>\n\t\t\t\t\t\t\t<a class=\"e-gallery-item elementor-gallery-item elementor-animated-content\" href=\"https:\/\/algonovocom.com.br\/clientes\/todah\/wp-content\/uploads\/2024\/10\/quarto-6.webp\" data-elementor-open-lightbox=\"yes\" data-elementor-lightbox-slideshow=\"f18285e\" data-elementor-lightbox-title=\"quarto-6\" data-e-action-hash=\"#elementor-action%3Aaction%3Dlightbox%26settings%3DeyJpZCI6NjY5NSwidXJsIjoiaHR0cHM6XC9cL2FsZ29ub3ZvY29tLmNvbS5iclwvY2xpZW50ZXNcL3RvZGFoXC93cC1jb250ZW50XC91cGxvYWRzXC8yMDI0XC8xMFwvcXVhcnRvLTYud2VicCIsInNsaWRlc2hvdyI6ImYxODI4NWUifQ%3D%3D\">\n\t\t\t\t\t<div class=\"e-gallery-image elementor-gallery-item__image\" data-thumbnail=\"https:\/\/algonovocom.com.br\/clientes\/todah\/wp-content\/uploads\/2024\/10\/quarto-6.webp\" data-width=\"1080\" data-height=\"1080\" aria-label=\"\" role=\"img\" ><\/div>\n\t\t\t\t\t\t\t\t\t\t\t<div class=\"elementor-gallery-item__overlay\"><\/div>\n\t\t\t\t\t\t\t\t\t\t\t\t\t\t<\/a>\n\t\t\t\t\t<\/div>\n\t\t\t<\/div>\n\t\t\t\t<\/div>\n\t\t\t\t\t<\/div>\n\t\t<\/div>\n\t\t\t\t\t<\/div>\n\t\t<\/section>\n\t\t\t\t<section class=\"elementor-section elementor-top-section elementor-element elementor-element-c15303f elementor-section-boxed elementor-section-height-default elementor-section-height-default\" data-id=\"c15303f\" data-element_type=\"section\">\n\t\t\t\t\t\t<div class=\"elementor-container elementor-column-gap-default\">\n\t\t\t\t\t<div class=\"elementor-column elementor-col-100 elementor-top-column elementor-element elementor-element-c0f49b7\" data-id=\"c0f49b7\" data-element_type=\"column\">\n\t\t\t<div class=\"elementor-widget-wrap elementor-element-populated\">\n\t\t\t\t\t\t<div class=\"elementor-element elementor-element-dc5641b elementor-widget__width-auto elementor-widget elementor-widget-heading\" data-id=\"dc5641b\" data-element_type=\"widget\" data-widget_type=\"heading.default\">\n\t\t\t\t<div class=\"elementor-widget-container\">\n\t\t\t<h2 class=\"elementor-heading-title elementor-size-default\">Achou nossos projetos inspiradores? Ent\u00e3o pe\u00e7a um or\u00e7amento<\/h2>\t\t<\/div>\n\t\t\t\t<\/div>\n\t\t\t\t<div class=\"elementor-element elementor-element-c8ee65a elementor-align-center elementor-widget elementor-widget-button\" data-id=\"c8ee65a\" data-element_type=\"widget\" data-widget_type=\"button.default\">\n\t\t\t\t<div class=\"elementor-widget-container\">\n\t\t\t\t\t\t\t<div class=\"elementor-button-wrapper\">\n\t\t\t\t\t<a class=\"elementor-button elementor-button-link elementor-size-sm\" href=\"https:\/\/algonovocom.com.br\/clientes\/todah\/orcamento\/\">\n\t\t\t\t\t\t<span class=\"elementor-button-content-wrapper\">\n\t\t\t\t\t\t\t\t\t<span class=\"elementor-button-text\">Pe\u00e7a um or\u00e7amento<\/span>\n\t\t\t\t\t<\/span>\n\t\t\t\t\t<\/a>\n\t\t\t\t<\/div>\n\t\t\t\t\t\t<\/div>\n\t\t\t\t<\/div>\n\t\t\t\t\t<\/div>\n\t\t<\/div>\n\t\t\t\t\t<\/div>\n\t\t<\/section>\n\t\t\t\t<\/div>\n\t\t","protected":false},"excerpt":{"rendered":"<p>Quarto Ambientes Achou nossos projetos inspiradores? Ent\u00e3o pe\u00e7a um or\u00e7amento Pe\u00e7a um or\u00e7amento<\/p>\n","protected":false},"author":1,"featured_media":0,"parent":0,"menu_order":0,"comment_status":"closed","ping_status":"closed","template":"elementor_header_footer","meta":{"footnotes":""},"class_list":["post-5076","page","type-page","status-publish","hentry"],"_links":{"self":[{"href":"https:\/\/algonovocom.com.br\/clientes\/todah\/wp-json\/wp\/v2\/pages\/5076","targetHints":{"allow":["GET"]}}],"collection":[{"href":"https:\/\/algonovocom.com.br\/clientes\/todah\/wp-json\/wp\/v2\/pages"}],"about":[{"href":"https:\/\/algonovocom.com.br\/clientes\/todah\/wp-json\/wp\/v2\/types\/page"}],"author":[{"embeddable":true,"href":"https:\/\/algonovocom.com.br\/clientes\/todah\/wp-json\/wp\/v2\/users\/1"}],"replies":[{"embeddable":true,"href":"https:\/\/algonovocom.com.br\/clientes\/todah\/wp-json\/wp\/v2\/comments?post=5076"}],"version-history":[{"count":25,"href":"https:\/\/algonovocom.com.br\/clientes\/todah\/wp-json\/wp\/v2\/pages\/5076\/revisions"}],"predecessor-version":[{"id":6953,"href":"https:\/\/algonovocom.com.br\/clientes\/todah\/wp-json\/wp\/v2\/pages\/5076\/revisions\/6953"}],"wp:attachment":[{"href":"https:\/\/algonovocom.com.br\/clientes\/todah\/wp-json\/wp\/v2\/media?parent=5076"}],"curies":[{"name":"wp","href":"https:\/\/api.w.org\/{rel}","templated":true}]}}