{"id":5072,"date":"2023-05-19T20:58:40","date_gmt":"2023-05-19T20:58:40","guid":{"rendered":"https:\/\/bellaconti.com.br\/?page_id=5072"},"modified":"2024-10-12T18:42:03","modified_gmt":"2024-10-12T18:42:03","slug":"comercial","status":"publish","type":"page","link":"https:\/\/algonovocom.com.br\/clientes\/todah\/comercial\/","title":{"rendered":"Comercial"},"content":{"rendered":"\t\t<div data-elementor-type=\"wp-page\" data-elementor-id=\"5072\" class=\"elementor elementor-5072\" data-elementor-post-type=\"page\">\n\t\t\t\t\t\t<section class=\"elementor-section elementor-top-section elementor-element elementor-element-727c16b elementor-section-boxed elementor-section-height-default elementor-section-height-default\" data-id=\"727c16b\" data-element_type=\"section\" data-settings=\"{&quot;background_background&quot;:&quot;classic&quot;}\">\n\t\t\t\t\t\t<div class=\"elementor-container elementor-column-gap-default\">\n\t\t\t\t\t<div class=\"elementor-column elementor-col-100 elementor-top-column elementor-element elementor-element-73f5ab2\" data-id=\"73f5ab2\" data-element_type=\"column\">\n\t\t\t<div class=\"elementor-widget-wrap elementor-element-populated\">\n\t\t\t\t\t\t<div class=\"elementor-element elementor-element-de657db elementor-widget elementor-widget-heading\" data-id=\"de657db\" data-element_type=\"widget\" data-widget_type=\"heading.default\">\n\t\t\t\t<div class=\"elementor-widget-container\">\n\t\t\t<h2 class=\"elementor-heading-title elementor-size-default\">Comercial<\/h2>\t\t<\/div>\n\t\t\t\t<\/div>\n\t\t\t\t<div class=\"elementor-element elementor-element-19ad636 elementor-widget-divider--view-line elementor-widget elementor-widget-divider\" data-id=\"19ad636\" data-element_type=\"widget\" data-widget_type=\"divider.default\">\n\t\t\t\t<div class=\"elementor-widget-container\">\n\t\t\t\t\t<div class=\"elementor-divider\">\n\t\t\t<span class=\"elementor-divider-separator\">\n\t\t\t\t\t\t<\/span>\n\t\t<\/div>\n\t\t\t\t<\/div>\n\t\t\t\t<\/div>\n\t\t\t\t<div class=\"elementor-element elementor-element-293bffd elementor-widget elementor-widget-heading\" data-id=\"293bffd\" data-element_type=\"widget\" data-widget_type=\"heading.default\">\n\t\t\t\t<div class=\"elementor-widget-container\">\n\t\t\t<h5 class=\"elementor-heading-title elementor-size-default\">Ambientes<\/h5>\t\t<\/div>\n\t\t\t\t<\/div>\n\t\t\t\t<div class=\"elementor-element elementor-element-d60da7c elementor-widget elementor-widget-spacer\" data-id=\"d60da7c\" data-element_type=\"widget\" data-widget_type=\"spacer.default\">\n\t\t\t\t<div class=\"elementor-widget-container\">\n\t\t\t\t\t<div class=\"elementor-spacer\">\n\t\t\t<div class=\"elementor-spacer-inner\"><\/div>\n\t\t<\/div>\n\t\t\t\t<\/div>\n\t\t\t\t<\/div>\n\t\t\t\t<div class=\"elementor-element elementor-element-7c205d0 elementor-widget elementor-widget-gallery\" data-id=\"7c205d0\" data-element_type=\"widget\" data-settings=\"{&quot;columns&quot;:3,&quot;gap&quot;:{&quot;unit&quot;:&quot;px&quot;,&quot;size&quot;:12,&quot;sizes&quot;:[]},&quot;aspect_ratio&quot;:&quot;4:3&quot;,&quot;lazyload&quot;:&quot;yes&quot;,&quot;gallery_layout&quot;:&quot;grid&quot;,&quot;columns_tablet&quot;:2,&quot;columns_mobile&quot;:1,&quot;gap_tablet&quot;:{&quot;unit&quot;:&quot;px&quot;,&quot;size&quot;:10,&quot;sizes&quot;:[]},&quot;gap_mobile&quot;:{&quot;unit&quot;:&quot;px&quot;,&quot;size&quot;:10,&quot;sizes&quot;:[]},&quot;link_to&quot;:&quot;file&quot;,&quot;overlay_background&quot;:&quot;yes&quot;,&quot;content_hover_animation&quot;:&quot;fade-in&quot;}\" data-widget_type=\"gallery.default\">\n\t\t\t\t<div class=\"elementor-widget-container\">\n\t\t\t\t\t<div class=\"elementor-gallery__container\">\n\t\t\t\t\t\t\t<a class=\"e-gallery-item elementor-gallery-item elementor-animated-content\" href=\"https:\/\/algonovocom.com.br\/clientes\/todah\/wp-content\/uploads\/2024\/10\/comercial-1.webp\" data-elementor-open-lightbox=\"yes\" data-elementor-lightbox-slideshow=\"7c205d0\" data-elementor-lightbox-title=\"comercial-1\" data-e-action-hash=\"#elementor-action%3Aaction%3Dlightbox%26settings%3DeyJpZCI6NjcyMCwidXJsIjoiaHR0cHM6XC9cL2FsZ29ub3ZvY29tLmNvbS5iclwvY2xpZW50ZXNcL3RvZGFoXC93cC1jb250ZW50XC91cGxvYWRzXC8yMDI0XC8xMFwvY29tZXJjaWFsLTEud2VicCIsInNsaWRlc2hvdyI6IjdjMjA1ZDAifQ%3D%3D\">\n\t\t\t\t\t<div class=\"e-gallery-image elementor-gallery-item__image\" data-thumbnail=\"https:\/\/algonovocom.com.br\/clientes\/todah\/wp-content\/uploads\/2024\/10\/comercial-1.webp\" data-width=\"1080\" data-height=\"1080\" aria-label=\"\" role=\"img\" ><\/div>\n\t\t\t\t\t\t\t\t\t\t\t<div class=\"elementor-gallery-item__overlay\"><\/div>\n\t\t\t\t\t\t\t\t\t\t\t\t\t\t<\/a>\n\t\t\t\t\t\t\t<a class=\"e-gallery-item elementor-gallery-item elementor-animated-content\" href=\"https:\/\/algonovocom.com.br\/clientes\/todah\/wp-content\/uploads\/2024\/10\/comercial-2.webp\" data-elementor-open-lightbox=\"yes\" data-elementor-lightbox-slideshow=\"7c205d0\" data-elementor-lightbox-title=\"comercial-2\" data-e-action-hash=\"#elementor-action%3Aaction%3Dlightbox%26settings%3DeyJpZCI6NjcyMSwidXJsIjoiaHR0cHM6XC9cL2FsZ29ub3ZvY29tLmNvbS5iclwvY2xpZW50ZXNcL3RvZGFoXC93cC1jb250ZW50XC91cGxvYWRzXC8yMDI0XC8xMFwvY29tZXJjaWFsLTIud2VicCIsInNsaWRlc2hvdyI6IjdjMjA1ZDAifQ%3D%3D\">\n\t\t\t\t\t<div class=\"e-gallery-image elementor-gallery-item__image\" data-thumbnail=\"https:\/\/algonovocom.com.br\/clientes\/todah\/wp-content\/uploads\/2024\/10\/comercial-2.webp\" data-width=\"1080\" data-height=\"1080\" aria-label=\"\" role=\"img\" ><\/div>\n\t\t\t\t\t\t\t\t\t\t\t<div class=\"elementor-gallery-item__overlay\"><\/div>\n\t\t\t\t\t\t\t\t\t\t\t\t\t\t<\/a>\n\t\t\t\t\t\t\t<a class=\"e-gallery-item elementor-gallery-item elementor-animated-content\" href=\"https:\/\/algonovocom.com.br\/clientes\/todah\/wp-content\/uploads\/2024\/10\/comercial-3.webp\" data-elementor-open-lightbox=\"yes\" data-elementor-lightbox-slideshow=\"7c205d0\" data-elementor-lightbox-title=\"comercial-3\" data-e-action-hash=\"#elementor-action%3Aaction%3Dlightbox%26settings%3DeyJpZCI6NjcyMiwidXJsIjoiaHR0cHM6XC9cL2FsZ29ub3ZvY29tLmNvbS5iclwvY2xpZW50ZXNcL3RvZGFoXC93cC1jb250ZW50XC91cGxvYWRzXC8yMDI0XC8xMFwvY29tZXJjaWFsLTMud2VicCIsInNsaWRlc2hvdyI6IjdjMjA1ZDAifQ%3D%3D\">\n\t\t\t\t\t<div class=\"e-gallery-image elementor-gallery-item__image\" data-thumbnail=\"https:\/\/algonovocom.com.br\/clientes\/todah\/wp-content\/uploads\/2024\/10\/comercial-3.webp\" data-width=\"1080\" data-height=\"1080\" aria-label=\"\" role=\"img\" ><\/div>\n\t\t\t\t\t\t\t\t\t\t\t<div class=\"elementor-gallery-item__overlay\"><\/div>\n\t\t\t\t\t\t\t\t\t\t\t\t\t\t<\/a>\n\t\t\t\t\t\t\t<a class=\"e-gallery-item elementor-gallery-item elementor-animated-content\" href=\"https:\/\/algonovocom.com.br\/clientes\/todah\/wp-content\/uploads\/2024\/10\/comercial-4.webp\" data-elementor-open-lightbox=\"yes\" data-elementor-lightbox-slideshow=\"7c205d0\" data-elementor-lightbox-title=\"comercial-4\" data-e-action-hash=\"#elementor-action%3Aaction%3Dlightbox%26settings%3DeyJpZCI6NjcyMywidXJsIjoiaHR0cHM6XC9cL2FsZ29ub3ZvY29tLmNvbS5iclwvY2xpZW50ZXNcL3RvZGFoXC93cC1jb250ZW50XC91cGxvYWRzXC8yMDI0XC8xMFwvY29tZXJjaWFsLTQud2VicCIsInNsaWRlc2hvdyI6IjdjMjA1ZDAifQ%3D%3D\">\n\t\t\t\t\t<div class=\"e-gallery-image elementor-gallery-item__image\" data-thumbnail=\"https:\/\/algonovocom.com.br\/clientes\/todah\/wp-content\/uploads\/2024\/10\/comercial-4.webp\" data-width=\"1080\" data-height=\"1080\" aria-label=\"\" role=\"img\" ><\/div>\n\t\t\t\t\t\t\t\t\t\t\t<div class=\"elementor-gallery-item__overlay\"><\/div>\n\t\t\t\t\t\t\t\t\t\t\t\t\t\t<\/a>\n\t\t\t\t\t\t\t<a class=\"e-gallery-item elementor-gallery-item elementor-animated-content\" href=\"https:\/\/algonovocom.com.br\/clientes\/todah\/wp-content\/uploads\/2024\/10\/comercial-5.webp\" data-elementor-open-lightbox=\"yes\" data-elementor-lightbox-slideshow=\"7c205d0\" data-elementor-lightbox-title=\"comercial-5\" data-e-action-hash=\"#elementor-action%3Aaction%3Dlightbox%26settings%3DeyJpZCI6NjcyNCwidXJsIjoiaHR0cHM6XC9cL2FsZ29ub3ZvY29tLmNvbS5iclwvY2xpZW50ZXNcL3RvZGFoXC93cC1jb250ZW50XC91cGxvYWRzXC8yMDI0XC8xMFwvY29tZXJjaWFsLTUud2VicCIsInNsaWRlc2hvdyI6IjdjMjA1ZDAifQ%3D%3D\">\n\t\t\t\t\t<div class=\"e-gallery-image elementor-gallery-item__image\" data-thumbnail=\"https:\/\/algonovocom.com.br\/clientes\/todah\/wp-content\/uploads\/2024\/10\/comercial-5.webp\" data-width=\"1080\" data-height=\"1080\" aria-label=\"\" role=\"img\" ><\/div>\n\t\t\t\t\t\t\t\t\t\t\t<div class=\"elementor-gallery-item__overlay\"><\/div>\n\t\t\t\t\t\t\t\t\t\t\t\t\t\t<\/a>\n\t\t\t\t\t\t\t<a class=\"e-gallery-item elementor-gallery-item elementor-animated-content\" href=\"https:\/\/algonovocom.com.br\/clientes\/todah\/wp-content\/uploads\/2024\/10\/comercial-6.webp\" data-elementor-open-lightbox=\"yes\" data-elementor-lightbox-slideshow=\"7c205d0\" data-elementor-lightbox-title=\"comercial-6\" data-e-action-hash=\"#elementor-action%3Aaction%3Dlightbox%26settings%3DeyJpZCI6NjcyNSwidXJsIjoiaHR0cHM6XC9cL2FsZ29ub3ZvY29tLmNvbS5iclwvY2xpZW50ZXNcL3RvZGFoXC93cC1jb250ZW50XC91cGxvYWRzXC8yMDI0XC8xMFwvY29tZXJjaWFsLTYud2VicCIsInNsaWRlc2hvdyI6IjdjMjA1ZDAifQ%3D%3D\">\n\t\t\t\t\t<div class=\"e-gallery-image elementor-gallery-item__image\" data-thumbnail=\"https:\/\/algonovocom.com.br\/clientes\/todah\/wp-content\/uploads\/2024\/10\/comercial-6.webp\" data-width=\"1080\" data-height=\"1080\" aria-label=\"\" role=\"img\" ><\/div>\n\t\t\t\t\t\t\t\t\t\t\t<div class=\"elementor-gallery-item__overlay\"><\/div>\n\t\t\t\t\t\t\t\t\t\t\t\t\t\t<\/a>\n\t\t\t\t\t\t\t<a class=\"e-gallery-item elementor-gallery-item elementor-animated-content\" href=\"https:\/\/algonovocom.com.br\/clientes\/todah\/wp-content\/uploads\/2024\/10\/comercial-7.webp\" data-elementor-open-lightbox=\"yes\" data-elementor-lightbox-slideshow=\"7c205d0\" data-elementor-lightbox-title=\"comercial-7\" data-e-action-hash=\"#elementor-action%3Aaction%3Dlightbox%26settings%3DeyJpZCI6NjcyNiwidXJsIjoiaHR0cHM6XC9cL2FsZ29ub3ZvY29tLmNvbS5iclwvY2xpZW50ZXNcL3RvZGFoXC93cC1jb250ZW50XC91cGxvYWRzXC8yMDI0XC8xMFwvY29tZXJjaWFsLTcud2VicCIsInNsaWRlc2hvdyI6IjdjMjA1ZDAifQ%3D%3D\">\n\t\t\t\t\t<div class=\"e-gallery-image elementor-gallery-item__image\" data-thumbnail=\"https:\/\/algonovocom.com.br\/clientes\/todah\/wp-content\/uploads\/2024\/10\/comercial-7.webp\" data-width=\"1080\" data-height=\"1080\" aria-label=\"\" role=\"img\" ><\/div>\n\t\t\t\t\t\t\t\t\t\t\t<div class=\"elementor-gallery-item__overlay\"><\/div>\n\t\t\t\t\t\t\t\t\t\t\t\t\t\t<\/a>\n\t\t\t\t\t\t\t<a class=\"e-gallery-item elementor-gallery-item elementor-animated-content\" href=\"https:\/\/algonovocom.com.br\/clientes\/todah\/wp-content\/uploads\/2024\/10\/comercial-8.webp\" data-elementor-open-lightbox=\"yes\" data-elementor-lightbox-slideshow=\"7c205d0\" data-elementor-lightbox-title=\"comercial-8\" data-e-action-hash=\"#elementor-action%3Aaction%3Dlightbox%26settings%3DeyJpZCI6NjcyNywidXJsIjoiaHR0cHM6XC9cL2FsZ29ub3ZvY29tLmNvbS5iclwvY2xpZW50ZXNcL3RvZGFoXC93cC1jb250ZW50XC91cGxvYWRzXC8yMDI0XC8xMFwvY29tZXJjaWFsLTgud2VicCIsInNsaWRlc2hvdyI6IjdjMjA1ZDAifQ%3D%3D\">\n\t\t\t\t\t<div class=\"e-gallery-image elementor-gallery-item__image\" data-thumbnail=\"https:\/\/algonovocom.com.br\/clientes\/todah\/wp-content\/uploads\/2024\/10\/comercial-8.webp\" data-width=\"1080\" data-height=\"1080\" aria-label=\"\" role=\"img\" ><\/div>\n\t\t\t\t\t\t\t\t\t\t\t<div class=\"elementor-gallery-item__overlay\"><\/div>\n\t\t\t\t\t\t\t\t\t\t\t\t\t\t<\/a>\n\t\t\t\t\t\t\t<a class=\"e-gallery-item elementor-gallery-item elementor-animated-content\" href=\"https:\/\/algonovocom.com.br\/clientes\/todah\/wp-content\/uploads\/2024\/10\/comercial-9.webp\" data-elementor-open-lightbox=\"yes\" data-elementor-lightbox-slideshow=\"7c205d0\" data-elementor-lightbox-title=\"comercial-9\" data-e-action-hash=\"#elementor-action%3Aaction%3Dlightbox%26settings%3DeyJpZCI6NjcyOCwidXJsIjoiaHR0cHM6XC9cL2FsZ29ub3ZvY29tLmNvbS5iclwvY2xpZW50ZXNcL3RvZGFoXC93cC1jb250ZW50XC91cGxvYWRzXC8yMDI0XC8xMFwvY29tZXJjaWFsLTkud2VicCIsInNsaWRlc2hvdyI6IjdjMjA1ZDAifQ%3D%3D\">\n\t\t\t\t\t<div class=\"e-gallery-image elementor-gallery-item__image\" data-thumbnail=\"https:\/\/algonovocom.com.br\/clientes\/todah\/wp-content\/uploads\/2024\/10\/comercial-9.webp\" data-width=\"1080\" data-height=\"1080\" aria-label=\"\" role=\"img\" ><\/div>\n\t\t\t\t\t\t\t\t\t\t\t<div class=\"elementor-gallery-item__overlay\"><\/div>\n\t\t\t\t\t\t\t\t\t\t\t\t\t\t<\/a>\n\t\t\t\t\t\t\t<a class=\"e-gallery-item elementor-gallery-item elementor-animated-content\" href=\"https:\/\/algonovocom.com.br\/clientes\/todah\/wp-content\/uploads\/2024\/10\/comercial-10.webp\" data-elementor-open-lightbox=\"yes\" data-elementor-lightbox-slideshow=\"7c205d0\" data-elementor-lightbox-title=\"comercial-10\" data-e-action-hash=\"#elementor-action%3Aaction%3Dlightbox%26settings%3DeyJpZCI6NjcyOSwidXJsIjoiaHR0cHM6XC9cL2FsZ29ub3ZvY29tLmNvbS5iclwvY2xpZW50ZXNcL3RvZGFoXC93cC1jb250ZW50XC91cGxvYWRzXC8yMDI0XC8xMFwvY29tZXJjaWFsLTEwLndlYnAiLCJzbGlkZXNob3ciOiI3YzIwNWQwIn0%3D\">\n\t\t\t\t\t<div class=\"e-gallery-image elementor-gallery-item__image\" data-thumbnail=\"https:\/\/algonovocom.com.br\/clientes\/todah\/wp-content\/uploads\/2024\/10\/comercial-10.webp\" data-width=\"1080\" data-height=\"1080\" aria-label=\"\" role=\"img\" ><\/div>\n\t\t\t\t\t\t\t\t\t\t\t<div class=\"elementor-gallery-item__overlay\"><\/div>\n\t\t\t\t\t\t\t\t\t\t\t\t\t\t<\/a>\n\t\t\t\t\t\t\t<a class=\"e-gallery-item elementor-gallery-item elementor-animated-content\" href=\"https:\/\/algonovocom.com.br\/clientes\/todah\/wp-content\/uploads\/2024\/10\/comercial-11.webp\" data-elementor-open-lightbox=\"yes\" data-elementor-lightbox-slideshow=\"7c205d0\" data-elementor-lightbox-title=\"comercial-11\" data-e-action-hash=\"#elementor-action%3Aaction%3Dlightbox%26settings%3DeyJpZCI6NjczMCwidXJsIjoiaHR0cHM6XC9cL2FsZ29ub3ZvY29tLmNvbS5iclwvY2xpZW50ZXNcL3RvZGFoXC93cC1jb250ZW50XC91cGxvYWRzXC8yMDI0XC8xMFwvY29tZXJjaWFsLTExLndlYnAiLCJzbGlkZXNob3ciOiI3YzIwNWQwIn0%3D\">\n\t\t\t\t\t<div class=\"e-gallery-image elementor-gallery-item__image\" data-thumbnail=\"https:\/\/algonovocom.com.br\/clientes\/todah\/wp-content\/uploads\/2024\/10\/comercial-11.webp\" data-width=\"1080\" data-height=\"1080\" aria-label=\"\" role=\"img\" ><\/div>\n\t\t\t\t\t\t\t\t\t\t\t<div class=\"elementor-gallery-item__overlay\"><\/div>\n\t\t\t\t\t\t\t\t\t\t\t\t\t\t<\/a>\n\t\t\t\t\t\t\t<a class=\"e-gallery-item elementor-gallery-item elementor-animated-content\" href=\"https:\/\/algonovocom.com.br\/clientes\/todah\/wp-content\/uploads\/2024\/10\/comercial-12.webp\" data-elementor-open-lightbox=\"yes\" data-elementor-lightbox-slideshow=\"7c205d0\" data-elementor-lightbox-title=\"comercial-12\" data-e-action-hash=\"#elementor-action%3Aaction%3Dlightbox%26settings%3DeyJpZCI6NjczMSwidXJsIjoiaHR0cHM6XC9cL2FsZ29ub3ZvY29tLmNvbS5iclwvY2xpZW50ZXNcL3RvZGFoXC93cC1jb250ZW50XC91cGxvYWRzXC8yMDI0XC8xMFwvY29tZXJjaWFsLTEyLndlYnAiLCJzbGlkZXNob3ciOiI3YzIwNWQwIn0%3D\">\n\t\t\t\t\t<div class=\"e-gallery-image elementor-gallery-item__image\" data-thumbnail=\"https:\/\/algonovocom.com.br\/clientes\/todah\/wp-content\/uploads\/2024\/10\/comercial-12.webp\" data-width=\"1080\" data-height=\"1080\" aria-label=\"\" role=\"img\" ><\/div>\n\t\t\t\t\t\t\t\t\t\t\t<div class=\"elementor-gallery-item__overlay\"><\/div>\n\t\t\t\t\t\t\t\t\t\t\t\t\t\t<\/a>\n\t\t\t\t\t\t\t<a class=\"e-gallery-item elementor-gallery-item elementor-animated-content\" href=\"https:\/\/algonovocom.com.br\/clientes\/todah\/wp-content\/uploads\/2024\/10\/comercial-13.webp\" data-elementor-open-lightbox=\"yes\" data-elementor-lightbox-slideshow=\"7c205d0\" data-elementor-lightbox-title=\"comercial-13\" data-e-action-hash=\"#elementor-action%3Aaction%3Dlightbox%26settings%3DeyJpZCI6NjczMiwidXJsIjoiaHR0cHM6XC9cL2FsZ29ub3ZvY29tLmNvbS5iclwvY2xpZW50ZXNcL3RvZGFoXC93cC1jb250ZW50XC91cGxvYWRzXC8yMDI0XC8xMFwvY29tZXJjaWFsLTEzLndlYnAiLCJzbGlkZXNob3ciOiI3YzIwNWQwIn0%3D\">\n\t\t\t\t\t<div class=\"e-gallery-image elementor-gallery-item__image\" data-thumbnail=\"https:\/\/algonovocom.com.br\/clientes\/todah\/wp-content\/uploads\/2024\/10\/comercial-13.webp\" data-width=\"1080\" data-height=\"1080\" aria-label=\"\" role=\"img\" ><\/div>\n\t\t\t\t\t\t\t\t\t\t\t<div class=\"elementor-gallery-item__overlay\"><\/div>\n\t\t\t\t\t\t\t\t\t\t\t\t\t\t<\/a>\n\t\t\t\t\t\t\t<a class=\"e-gallery-item elementor-gallery-item elementor-animated-content\" href=\"https:\/\/algonovocom.com.br\/clientes\/todah\/wp-content\/uploads\/2024\/10\/comercial-14.webp\" data-elementor-open-lightbox=\"yes\" data-elementor-lightbox-slideshow=\"7c205d0\" data-elementor-lightbox-title=\"comercial-14\" data-e-action-hash=\"#elementor-action%3Aaction%3Dlightbox%26settings%3DeyJpZCI6NjczMywidXJsIjoiaHR0cHM6XC9cL2FsZ29ub3ZvY29tLmNvbS5iclwvY2xpZW50ZXNcL3RvZGFoXC93cC1jb250ZW50XC91cGxvYWRzXC8yMDI0XC8xMFwvY29tZXJjaWFsLTE0LndlYnAiLCJzbGlkZXNob3ciOiI3YzIwNWQwIn0%3D\">\n\t\t\t\t\t<div class=\"e-gallery-image elementor-gallery-item__image\" data-thumbnail=\"https:\/\/algonovocom.com.br\/clientes\/todah\/wp-content\/uploads\/2024\/10\/comercial-14.webp\" data-width=\"1080\" data-height=\"1080\" aria-label=\"\" role=\"img\" ><\/div>\n\t\t\t\t\t\t\t\t\t\t\t<div class=\"elementor-gallery-item__overlay\"><\/div>\n\t\t\t\t\t\t\t\t\t\t\t\t\t\t<\/a>\n\t\t\t\t\t\t\t<a class=\"e-gallery-item elementor-gallery-item elementor-animated-content\" href=\"https:\/\/algonovocom.com.br\/clientes\/todah\/wp-content\/uploads\/2024\/10\/comercial-15.webp\" data-elementor-open-lightbox=\"yes\" data-elementor-lightbox-slideshow=\"7c205d0\" data-elementor-lightbox-title=\"comercial-15\" data-e-action-hash=\"#elementor-action%3Aaction%3Dlightbox%26settings%3DeyJpZCI6NjczNCwidXJsIjoiaHR0cHM6XC9cL2FsZ29ub3ZvY29tLmNvbS5iclwvY2xpZW50ZXNcL3RvZGFoXC93cC1jb250ZW50XC91cGxvYWRzXC8yMDI0XC8xMFwvY29tZXJjaWFsLTE1LndlYnAiLCJzbGlkZXNob3ciOiI3YzIwNWQwIn0%3D\">\n\t\t\t\t\t<div class=\"e-gallery-image elementor-gallery-item__image\" data-thumbnail=\"https:\/\/algonovocom.com.br\/clientes\/todah\/wp-content\/uploads\/2024\/10\/comercial-15.webp\" data-width=\"1080\" data-height=\"1080\" aria-label=\"\" role=\"img\" ><\/div>\n\t\t\t\t\t\t\t\t\t\t\t<div class=\"elementor-gallery-item__overlay\"><\/div>\n\t\t\t\t\t\t\t\t\t\t\t\t\t\t<\/a>\n\t\t\t\t\t<\/div>\n\t\t\t<\/div>\n\t\t\t\t<\/div>\n\t\t\t\t\t<\/div>\n\t\t<\/div>\n\t\t\t\t\t<\/div>\n\t\t<\/section>\n\t\t\t\t<section class=\"elementor-section elementor-top-section elementor-element elementor-element-bb1dbf2 elementor-section-boxed elementor-section-height-default elementor-section-height-default\" data-id=\"bb1dbf2\" data-element_type=\"section\">\n\t\t\t\t\t\t<div class=\"elementor-container elementor-column-gap-default\">\n\t\t\t\t\t<div class=\"elementor-column elementor-col-100 elementor-top-column elementor-element elementor-element-a6b6877\" data-id=\"a6b6877\" data-element_type=\"column\">\n\t\t\t<div class=\"elementor-widget-wrap elementor-element-populated\">\n\t\t\t\t\t\t<div class=\"elementor-element elementor-element-92d3fb1 elementor-widget__width-auto elementor-widget elementor-widget-heading\" data-id=\"92d3fb1\" data-element_type=\"widget\" data-widget_type=\"heading.default\">\n\t\t\t\t<div class=\"elementor-widget-container\">\n\t\t\t<h2 class=\"elementor-heading-title elementor-size-default\">Achou nossos projetos inspiradores? Ent\u00e3o pe\u00e7a um or\u00e7amento<\/h2>\t\t<\/div>\n\t\t\t\t<\/div>\n\t\t\t\t<div class=\"elementor-element elementor-element-16904e4 elementor-align-center elementor-widget elementor-widget-button\" data-id=\"16904e4\" data-element_type=\"widget\" data-widget_type=\"button.default\">\n\t\t\t\t<div class=\"elementor-widget-container\">\n\t\t\t\t\t\t\t<div class=\"elementor-button-wrapper\">\n\t\t\t\t\t<a class=\"elementor-button elementor-button-link elementor-size-sm\" href=\"https:\/\/algonovocom.com.br\/clientes\/todah\/orcamento\/\">\n\t\t\t\t\t\t<span class=\"elementor-button-content-wrapper\">\n\t\t\t\t\t\t\t\t\t<span class=\"elementor-button-text\">Pe\u00e7a um or\u00e7amento<\/span>\n\t\t\t\t\t<\/span>\n\t\t\t\t\t<\/a>\n\t\t\t\t<\/div>\n\t\t\t\t\t\t<\/div>\n\t\t\t\t<\/div>\n\t\t\t\t\t<\/div>\n\t\t<\/div>\n\t\t\t\t\t<\/div>\n\t\t<\/section>\n\t\t\t\t<\/div>\n\t\t","protected":false},"excerpt":{"rendered":"<p>Comercial Ambientes Achou nossos projetos inspiradores? Ent\u00e3o pe\u00e7a um or\u00e7amento Pe\u00e7a um or\u00e7amento<\/p>\n","protected":false},"author":1,"featured_media":0,"parent":0,"menu_order":0,"comment_status":"closed","ping_status":"closed","template":"elementor_header_footer","meta":{"footnotes":""},"class_list":["post-5072","page","type-page","status-publish","hentry"],"_links":{"self":[{"href":"https:\/\/algonovocom.com.br\/clientes\/todah\/wp-json\/wp\/v2\/pages\/5072","targetHints":{"allow":["GET"]}}],"collection":[{"href":"https:\/\/algonovocom.com.br\/clientes\/todah\/wp-json\/wp\/v2\/pages"}],"about":[{"href":"https:\/\/algonovocom.com.br\/clientes\/todah\/wp-json\/wp\/v2\/types\/page"}],"author":[{"embeddable":true,"href":"https:\/\/algonovocom.com.br\/clientes\/todah\/wp-json\/wp\/v2\/users\/1"}],"replies":[{"embeddable":true,"href":"https:\/\/algonovocom.com.br\/clientes\/todah\/wp-json\/wp\/v2\/comments?post=5072"}],"version-history":[{"count":12,"href":"https:\/\/algonovocom.com.br\/clientes\/todah\/wp-json\/wp\/v2\/pages\/5072\/revisions"}],"predecessor-version":[{"id":6959,"href":"https:\/\/algonovocom.com.br\/clientes\/todah\/wp-json\/wp\/v2\/pages\/5072\/revisions\/6959"}],"wp:attachment":[{"href":"https:\/\/algonovocom.com.br\/clientes\/todah\/wp-json\/wp\/v2\/media?parent=5072"}],"curies":[{"name":"wp","href":"https:\/\/api.w.org\/{rel}","templated":true}]}}