{"id":4911,"date":"2023-03-11T22:00:27","date_gmt":"2023-03-11T22:00:27","guid":{"rendered":"https:\/\/bellaconti.com.br\/?page_id=4911"},"modified":"2024-10-12T18:41:08","modified_gmt":"2024-10-12T18:41:08","slug":"banheiro","status":"publish","type":"page","link":"https:\/\/algonovocom.com.br\/clientes\/todah\/banheiro\/","title":{"rendered":"Banheiro"},"content":{"rendered":"\t\t<div data-elementor-type=\"wp-page\" data-elementor-id=\"4911\" class=\"elementor elementor-4911\" data-elementor-post-type=\"page\">\n\t\t\t\t\t\t<section class=\"elementor-section elementor-top-section elementor-element elementor-element-b7821db elementor-section-boxed elementor-section-height-default elementor-section-height-default\" data-id=\"b7821db\" data-element_type=\"section\" data-settings=\"{&quot;background_background&quot;:&quot;classic&quot;}\">\n\t\t\t\t\t\t<div class=\"elementor-container elementor-column-gap-default\">\n\t\t\t\t\t<div class=\"elementor-column elementor-col-100 elementor-top-column elementor-element elementor-element-ac4c34a\" data-id=\"ac4c34a\" data-element_type=\"column\">\n\t\t\t<div class=\"elementor-widget-wrap elementor-element-populated\">\n\t\t\t\t\t\t<div class=\"elementor-element elementor-element-e1a9a9f elementor-widget elementor-widget-heading\" data-id=\"e1a9a9f\" data-element_type=\"widget\" data-widget_type=\"heading.default\">\n\t\t\t\t<div class=\"elementor-widget-container\">\n\t\t\t<h2 class=\"elementor-heading-title elementor-size-default\">Banheiro<\/h2>\t\t<\/div>\n\t\t\t\t<\/div>\n\t\t\t\t<div class=\"elementor-element elementor-element-62b4b65 elementor-widget-divider--view-line elementor-widget elementor-widget-divider\" data-id=\"62b4b65\" data-element_type=\"widget\" data-widget_type=\"divider.default\">\n\t\t\t\t<div class=\"elementor-widget-container\">\n\t\t\t\t\t<div class=\"elementor-divider\">\n\t\t\t<span class=\"elementor-divider-separator\">\n\t\t\t\t\t\t<\/span>\n\t\t<\/div>\n\t\t\t\t<\/div>\n\t\t\t\t<\/div>\n\t\t\t\t<div class=\"elementor-element elementor-element-0172870 elementor-widget elementor-widget-heading\" data-id=\"0172870\" data-element_type=\"widget\" data-widget_type=\"heading.default\">\n\t\t\t\t<div class=\"elementor-widget-container\">\n\t\t\t<h5 class=\"elementor-heading-title elementor-size-default\">Ambientes<\/h5>\t\t<\/div>\n\t\t\t\t<\/div>\n\t\t\t\t<div class=\"elementor-element elementor-element-16e3aae elementor-widget elementor-widget-spacer\" data-id=\"16e3aae\" data-element_type=\"widget\" data-widget_type=\"spacer.default\">\n\t\t\t\t<div class=\"elementor-widget-container\">\n\t\t\t\t\t<div class=\"elementor-spacer\">\n\t\t\t<div class=\"elementor-spacer-inner\"><\/div>\n\t\t<\/div>\n\t\t\t\t<\/div>\n\t\t\t\t<\/div>\n\t\t\t\t<div class=\"elementor-element elementor-element-6ae4e8f elementor-widget elementor-widget-gallery\" data-id=\"6ae4e8f\" data-element_type=\"widget\" data-settings=\"{&quot;columns&quot;:3,&quot;gap&quot;:{&quot;unit&quot;:&quot;px&quot;,&quot;size&quot;:12,&quot;sizes&quot;:[]},&quot;aspect_ratio&quot;:&quot;4:3&quot;,&quot;lazyload&quot;:&quot;yes&quot;,&quot;gallery_layout&quot;:&quot;grid&quot;,&quot;columns_tablet&quot;:2,&quot;columns_mobile&quot;:1,&quot;gap_tablet&quot;:{&quot;unit&quot;:&quot;px&quot;,&quot;size&quot;:10,&quot;sizes&quot;:[]},&quot;gap_mobile&quot;:{&quot;unit&quot;:&quot;px&quot;,&quot;size&quot;:10,&quot;sizes&quot;:[]},&quot;link_to&quot;:&quot;file&quot;,&quot;overlay_background&quot;:&quot;yes&quot;,&quot;content_hover_animation&quot;:&quot;fade-in&quot;}\" data-widget_type=\"gallery.default\">\n\t\t\t\t<div class=\"elementor-widget-container\">\n\t\t\t\t\t<div class=\"elementor-gallery__container\">\n\t\t\t\t\t\t\t<a class=\"e-gallery-item elementor-gallery-item elementor-animated-content\" href=\"https:\/\/algonovocom.com.br\/clientes\/todah\/wp-content\/uploads\/2024\/10\/banheiro-1.webp\" data-elementor-open-lightbox=\"yes\" data-elementor-lightbox-slideshow=\"6ae4e8f\" data-elementor-lightbox-title=\"banheiro-1\" data-e-action-hash=\"#elementor-action%3Aaction%3Dlightbox%26settings%3DeyJpZCI6NjcwMCwidXJsIjoiaHR0cHM6XC9cL2FsZ29ub3ZvY29tLmNvbS5iclwvY2xpZW50ZXNcL3RvZGFoXC93cC1jb250ZW50XC91cGxvYWRzXC8yMDI0XC8xMFwvYmFuaGVpcm8tMS53ZWJwIiwic2xpZGVzaG93IjoiNmFlNGU4ZiJ9\">\n\t\t\t\t\t<div class=\"e-gallery-image elementor-gallery-item__image\" data-thumbnail=\"https:\/\/algonovocom.com.br\/clientes\/todah\/wp-content\/uploads\/2024\/10\/banheiro-1.webp\" data-width=\"1080\" data-height=\"1080\" aria-label=\"\" role=\"img\" ><\/div>\n\t\t\t\t\t\t\t\t\t\t\t<div class=\"elementor-gallery-item__overlay\"><\/div>\n\t\t\t\t\t\t\t\t\t\t\t\t\t\t<\/a>\n\t\t\t\t\t\t\t<a class=\"e-gallery-item elementor-gallery-item elementor-animated-content\" href=\"https:\/\/algonovocom.com.br\/clientes\/todah\/wp-content\/uploads\/2024\/10\/banheiro-2.webp\" data-elementor-open-lightbox=\"yes\" data-elementor-lightbox-slideshow=\"6ae4e8f\" data-elementor-lightbox-title=\"banheiro-2\" data-e-action-hash=\"#elementor-action%3Aaction%3Dlightbox%26settings%3DeyJpZCI6NjcwMSwidXJsIjoiaHR0cHM6XC9cL2FsZ29ub3ZvY29tLmNvbS5iclwvY2xpZW50ZXNcL3RvZGFoXC93cC1jb250ZW50XC91cGxvYWRzXC8yMDI0XC8xMFwvYmFuaGVpcm8tMi53ZWJwIiwic2xpZGVzaG93IjoiNmFlNGU4ZiJ9\">\n\t\t\t\t\t<div class=\"e-gallery-image elementor-gallery-item__image\" data-thumbnail=\"https:\/\/algonovocom.com.br\/clientes\/todah\/wp-content\/uploads\/2024\/10\/banheiro-2.webp\" data-width=\"1080\" data-height=\"1080\" aria-label=\"\" role=\"img\" ><\/div>\n\t\t\t\t\t\t\t\t\t\t\t<div class=\"elementor-gallery-item__overlay\"><\/div>\n\t\t\t\t\t\t\t\t\t\t\t\t\t\t<\/a>\n\t\t\t\t\t\t\t<a class=\"e-gallery-item elementor-gallery-item elementor-animated-content\" href=\"https:\/\/algonovocom.com.br\/clientes\/todah\/wp-content\/uploads\/2024\/10\/banheiro-3.webp\" data-elementor-open-lightbox=\"yes\" data-elementor-lightbox-slideshow=\"6ae4e8f\" data-elementor-lightbox-title=\"banheiro-3\" data-e-action-hash=\"#elementor-action%3Aaction%3Dlightbox%26settings%3DeyJpZCI6NjcwMiwidXJsIjoiaHR0cHM6XC9cL2FsZ29ub3ZvY29tLmNvbS5iclwvY2xpZW50ZXNcL3RvZGFoXC93cC1jb250ZW50XC91cGxvYWRzXC8yMDI0XC8xMFwvYmFuaGVpcm8tMy53ZWJwIiwic2xpZGVzaG93IjoiNmFlNGU4ZiJ9\">\n\t\t\t\t\t<div class=\"e-gallery-image elementor-gallery-item__image\" data-thumbnail=\"https:\/\/algonovocom.com.br\/clientes\/todah\/wp-content\/uploads\/2024\/10\/banheiro-3.webp\" data-width=\"1080\" data-height=\"1080\" aria-label=\"\" role=\"img\" ><\/div>\n\t\t\t\t\t\t\t\t\t\t\t<div class=\"elementor-gallery-item__overlay\"><\/div>\n\t\t\t\t\t\t\t\t\t\t\t\t\t\t<\/a>\n\t\t\t\t\t\t\t<a class=\"e-gallery-item elementor-gallery-item elementor-animated-content\" href=\"https:\/\/algonovocom.com.br\/clientes\/todah\/wp-content\/uploads\/2024\/10\/banheiro-4.webp\" data-elementor-open-lightbox=\"yes\" data-elementor-lightbox-slideshow=\"6ae4e8f\" data-elementor-lightbox-title=\"banheiro-4\" data-e-action-hash=\"#elementor-action%3Aaction%3Dlightbox%26settings%3DeyJpZCI6NjcwMywidXJsIjoiaHR0cHM6XC9cL2FsZ29ub3ZvY29tLmNvbS5iclwvY2xpZW50ZXNcL3RvZGFoXC93cC1jb250ZW50XC91cGxvYWRzXC8yMDI0XC8xMFwvYmFuaGVpcm8tNC53ZWJwIiwic2xpZGVzaG93IjoiNmFlNGU4ZiJ9\">\n\t\t\t\t\t<div class=\"e-gallery-image elementor-gallery-item__image\" data-thumbnail=\"https:\/\/algonovocom.com.br\/clientes\/todah\/wp-content\/uploads\/2024\/10\/banheiro-4.webp\" data-width=\"1080\" data-height=\"1080\" aria-label=\"\" role=\"img\" ><\/div>\n\t\t\t\t\t\t\t\t\t\t\t<div class=\"elementor-gallery-item__overlay\"><\/div>\n\t\t\t\t\t\t\t\t\t\t\t\t\t\t<\/a>\n\t\t\t\t\t\t\t<a class=\"e-gallery-item elementor-gallery-item elementor-animated-content\" href=\"https:\/\/algonovocom.com.br\/clientes\/todah\/wp-content\/uploads\/2024\/10\/banheiro-5.webp\" data-elementor-open-lightbox=\"yes\" data-elementor-lightbox-slideshow=\"6ae4e8f\" data-elementor-lightbox-title=\"banheiro-5\" data-e-action-hash=\"#elementor-action%3Aaction%3Dlightbox%26settings%3DeyJpZCI6NjcwNCwidXJsIjoiaHR0cHM6XC9cL2FsZ29ub3ZvY29tLmNvbS5iclwvY2xpZW50ZXNcL3RvZGFoXC93cC1jb250ZW50XC91cGxvYWRzXC8yMDI0XC8xMFwvYmFuaGVpcm8tNS53ZWJwIiwic2xpZGVzaG93IjoiNmFlNGU4ZiJ9\">\n\t\t\t\t\t<div class=\"e-gallery-image elementor-gallery-item__image\" data-thumbnail=\"https:\/\/algonovocom.com.br\/clientes\/todah\/wp-content\/uploads\/2024\/10\/banheiro-5.webp\" data-width=\"1080\" data-height=\"1080\" aria-label=\"\" role=\"img\" ><\/div>\n\t\t\t\t\t\t\t\t\t\t\t<div class=\"elementor-gallery-item__overlay\"><\/div>\n\t\t\t\t\t\t\t\t\t\t\t\t\t\t<\/a>\n\t\t\t\t\t\t\t<a class=\"e-gallery-item elementor-gallery-item elementor-animated-content\" href=\"https:\/\/algonovocom.com.br\/clientes\/todah\/wp-content\/uploads\/2024\/10\/banheiro-6.webp\" data-elementor-open-lightbox=\"yes\" data-elementor-lightbox-slideshow=\"6ae4e8f\" data-elementor-lightbox-title=\"banheiro-6\" data-e-action-hash=\"#elementor-action%3Aaction%3Dlightbox%26settings%3DeyJpZCI6NjcwNSwidXJsIjoiaHR0cHM6XC9cL2FsZ29ub3ZvY29tLmNvbS5iclwvY2xpZW50ZXNcL3RvZGFoXC93cC1jb250ZW50XC91cGxvYWRzXC8yMDI0XC8xMFwvYmFuaGVpcm8tNi53ZWJwIiwic2xpZGVzaG93IjoiNmFlNGU4ZiJ9\">\n\t\t\t\t\t<div class=\"e-gallery-image elementor-gallery-item__image\" data-thumbnail=\"https:\/\/algonovocom.com.br\/clientes\/todah\/wp-content\/uploads\/2024\/10\/banheiro-6.webp\" data-width=\"1080\" data-height=\"1080\" aria-label=\"\" role=\"img\" ><\/div>\n\t\t\t\t\t\t\t\t\t\t\t<div class=\"elementor-gallery-item__overlay\"><\/div>\n\t\t\t\t\t\t\t\t\t\t\t\t\t\t<\/a>\n\t\t\t\t\t\t\t<a class=\"e-gallery-item elementor-gallery-item elementor-animated-content\" href=\"https:\/\/algonovocom.com.br\/clientes\/todah\/wp-content\/uploads\/2024\/10\/banheiro-7.webp\" data-elementor-open-lightbox=\"yes\" data-elementor-lightbox-slideshow=\"6ae4e8f\" data-elementor-lightbox-title=\"banheiro-7\" data-e-action-hash=\"#elementor-action%3Aaction%3Dlightbox%26settings%3DeyJpZCI6NjcwNiwidXJsIjoiaHR0cHM6XC9cL2FsZ29ub3ZvY29tLmNvbS5iclwvY2xpZW50ZXNcL3RvZGFoXC93cC1jb250ZW50XC91cGxvYWRzXC8yMDI0XC8xMFwvYmFuaGVpcm8tNy53ZWJwIiwic2xpZGVzaG93IjoiNmFlNGU4ZiJ9\">\n\t\t\t\t\t<div class=\"e-gallery-image elementor-gallery-item__image\" data-thumbnail=\"https:\/\/algonovocom.com.br\/clientes\/todah\/wp-content\/uploads\/2024\/10\/banheiro-7.webp\" data-width=\"1080\" data-height=\"1080\" aria-label=\"\" role=\"img\" ><\/div>\n\t\t\t\t\t\t\t\t\t\t\t<div class=\"elementor-gallery-item__overlay\"><\/div>\n\t\t\t\t\t\t\t\t\t\t\t\t\t\t<\/a>\n\t\t\t\t\t\t\t<a class=\"e-gallery-item elementor-gallery-item elementor-animated-content\" href=\"https:\/\/algonovocom.com.br\/clientes\/todah\/wp-content\/uploads\/2024\/10\/banheiro-8.webp\" data-elementor-open-lightbox=\"yes\" data-elementor-lightbox-slideshow=\"6ae4e8f\" data-elementor-lightbox-title=\"banheiro-8\" data-e-action-hash=\"#elementor-action%3Aaction%3Dlightbox%26settings%3DeyJpZCI6NjcwNywidXJsIjoiaHR0cHM6XC9cL2FsZ29ub3ZvY29tLmNvbS5iclwvY2xpZW50ZXNcL3RvZGFoXC93cC1jb250ZW50XC91cGxvYWRzXC8yMDI0XC8xMFwvYmFuaGVpcm8tOC53ZWJwIiwic2xpZGVzaG93IjoiNmFlNGU4ZiJ9\">\n\t\t\t\t\t<div class=\"e-gallery-image elementor-gallery-item__image\" data-thumbnail=\"https:\/\/algonovocom.com.br\/clientes\/todah\/wp-content\/uploads\/2024\/10\/banheiro-8.webp\" data-width=\"1080\" data-height=\"1080\" aria-label=\"\" role=\"img\" ><\/div>\n\t\t\t\t\t\t\t\t\t\t\t<div class=\"elementor-gallery-item__overlay\"><\/div>\n\t\t\t\t\t\t\t\t\t\t\t\t\t\t<\/a>\n\t\t\t\t\t\t\t<a class=\"e-gallery-item elementor-gallery-item elementor-animated-content\" href=\"https:\/\/algonovocom.com.br\/clientes\/todah\/wp-content\/uploads\/2024\/10\/banheiro-9.webp\" data-elementor-open-lightbox=\"yes\" data-elementor-lightbox-slideshow=\"6ae4e8f\" data-elementor-lightbox-title=\"banheiro-9\" data-e-action-hash=\"#elementor-action%3Aaction%3Dlightbox%26settings%3DeyJpZCI6NjcwOCwidXJsIjoiaHR0cHM6XC9cL2FsZ29ub3ZvY29tLmNvbS5iclwvY2xpZW50ZXNcL3RvZGFoXC93cC1jb250ZW50XC91cGxvYWRzXC8yMDI0XC8xMFwvYmFuaGVpcm8tOS53ZWJwIiwic2xpZGVzaG93IjoiNmFlNGU4ZiJ9\">\n\t\t\t\t\t<div class=\"e-gallery-image elementor-gallery-item__image\" data-thumbnail=\"https:\/\/algonovocom.com.br\/clientes\/todah\/wp-content\/uploads\/2024\/10\/banheiro-9.webp\" data-width=\"1080\" data-height=\"1080\" aria-label=\"\" role=\"img\" ><\/div>\n\t\t\t\t\t\t\t\t\t\t\t<div class=\"elementor-gallery-item__overlay\"><\/div>\n\t\t\t\t\t\t\t\t\t\t\t\t\t\t<\/a>\n\t\t\t\t\t\t\t<a class=\"e-gallery-item elementor-gallery-item elementor-animated-content\" href=\"https:\/\/algonovocom.com.br\/clientes\/todah\/wp-content\/uploads\/2024\/10\/banheiro-10.webp\" data-elementor-open-lightbox=\"yes\" data-elementor-lightbox-slideshow=\"6ae4e8f\" data-elementor-lightbox-title=\"banheiro-10\" data-e-action-hash=\"#elementor-action%3Aaction%3Dlightbox%26settings%3DeyJpZCI6NjcwOSwidXJsIjoiaHR0cHM6XC9cL2FsZ29ub3ZvY29tLmNvbS5iclwvY2xpZW50ZXNcL3RvZGFoXC93cC1jb250ZW50XC91cGxvYWRzXC8yMDI0XC8xMFwvYmFuaGVpcm8tMTAud2VicCIsInNsaWRlc2hvdyI6IjZhZTRlOGYifQ%3D%3D\">\n\t\t\t\t\t<div class=\"e-gallery-image elementor-gallery-item__image\" data-thumbnail=\"https:\/\/algonovocom.com.br\/clientes\/todah\/wp-content\/uploads\/2024\/10\/banheiro-10.webp\" data-width=\"1080\" data-height=\"1080\" aria-label=\"\" role=\"img\" ><\/div>\n\t\t\t\t\t\t\t\t\t\t\t<div class=\"elementor-gallery-item__overlay\"><\/div>\n\t\t\t\t\t\t\t\t\t\t\t\t\t\t<\/a>\n\t\t\t\t\t\t\t<a class=\"e-gallery-item elementor-gallery-item elementor-animated-content\" href=\"https:\/\/algonovocom.com.br\/clientes\/todah\/wp-content\/uploads\/2024\/10\/banheiro-11.webp\" data-elementor-open-lightbox=\"yes\" data-elementor-lightbox-slideshow=\"6ae4e8f\" data-elementor-lightbox-title=\"banheiro-11\" data-e-action-hash=\"#elementor-action%3Aaction%3Dlightbox%26settings%3DeyJpZCI6NjcxMCwidXJsIjoiaHR0cHM6XC9cL2FsZ29ub3ZvY29tLmNvbS5iclwvY2xpZW50ZXNcL3RvZGFoXC93cC1jb250ZW50XC91cGxvYWRzXC8yMDI0XC8xMFwvYmFuaGVpcm8tMTEud2VicCIsInNsaWRlc2hvdyI6IjZhZTRlOGYifQ%3D%3D\">\n\t\t\t\t\t<div class=\"e-gallery-image elementor-gallery-item__image\" data-thumbnail=\"https:\/\/algonovocom.com.br\/clientes\/todah\/wp-content\/uploads\/2024\/10\/banheiro-11.webp\" data-width=\"1080\" data-height=\"1080\" aria-label=\"\" role=\"img\" ><\/div>\n\t\t\t\t\t\t\t\t\t\t\t<div class=\"elementor-gallery-item__overlay\"><\/div>\n\t\t\t\t\t\t\t\t\t\t\t\t\t\t<\/a>\n\t\t\t\t\t\t\t<a class=\"e-gallery-item elementor-gallery-item elementor-animated-content\" href=\"https:\/\/algonovocom.com.br\/clientes\/todah\/wp-content\/uploads\/2024\/10\/banheiro-12.webp\" data-elementor-open-lightbox=\"yes\" data-elementor-lightbox-slideshow=\"6ae4e8f\" data-elementor-lightbox-title=\"banheiro-12\" data-e-action-hash=\"#elementor-action%3Aaction%3Dlightbox%26settings%3DeyJpZCI6NjcxMSwidXJsIjoiaHR0cHM6XC9cL2FsZ29ub3ZvY29tLmNvbS5iclwvY2xpZW50ZXNcL3RvZGFoXC93cC1jb250ZW50XC91cGxvYWRzXC8yMDI0XC8xMFwvYmFuaGVpcm8tMTIud2VicCIsInNsaWRlc2hvdyI6IjZhZTRlOGYifQ%3D%3D\">\n\t\t\t\t\t<div class=\"e-gallery-image elementor-gallery-item__image\" data-thumbnail=\"https:\/\/algonovocom.com.br\/clientes\/todah\/wp-content\/uploads\/2024\/10\/banheiro-12.webp\" data-width=\"1080\" data-height=\"1080\" aria-label=\"\" role=\"img\" ><\/div>\n\t\t\t\t\t\t\t\t\t\t\t<div class=\"elementor-gallery-item__overlay\"><\/div>\n\t\t\t\t\t\t\t\t\t\t\t\t\t\t<\/a>\n\t\t\t\t\t\t\t<a class=\"e-gallery-item elementor-gallery-item elementor-animated-content\" href=\"https:\/\/algonovocom.com.br\/clientes\/todah\/wp-content\/uploads\/2024\/10\/banheiro-13.webp\" data-elementor-open-lightbox=\"yes\" data-elementor-lightbox-slideshow=\"6ae4e8f\" data-elementor-lightbox-title=\"banheiro-13\" data-e-action-hash=\"#elementor-action%3Aaction%3Dlightbox%26settings%3DeyJpZCI6NjcxMiwidXJsIjoiaHR0cHM6XC9cL2FsZ29ub3ZvY29tLmNvbS5iclwvY2xpZW50ZXNcL3RvZGFoXC93cC1jb250ZW50XC91cGxvYWRzXC8yMDI0XC8xMFwvYmFuaGVpcm8tMTMud2VicCIsInNsaWRlc2hvdyI6IjZhZTRlOGYifQ%3D%3D\">\n\t\t\t\t\t<div class=\"e-gallery-image elementor-gallery-item__image\" data-thumbnail=\"https:\/\/algonovocom.com.br\/clientes\/todah\/wp-content\/uploads\/2024\/10\/banheiro-13.webp\" data-width=\"1080\" data-height=\"1080\" aria-label=\"\" role=\"img\" ><\/div>\n\t\t\t\t\t\t\t\t\t\t\t<div class=\"elementor-gallery-item__overlay\"><\/div>\n\t\t\t\t\t\t\t\t\t\t\t\t\t\t<\/a>\n\t\t\t\t\t\t\t<a class=\"e-gallery-item elementor-gallery-item elementor-animated-content\" href=\"https:\/\/algonovocom.com.br\/clientes\/todah\/wp-content\/uploads\/2024\/10\/banheiro-14.webp\" data-elementor-open-lightbox=\"yes\" data-elementor-lightbox-slideshow=\"6ae4e8f\" data-elementor-lightbox-title=\"banheiro-14\" data-e-action-hash=\"#elementor-action%3Aaction%3Dlightbox%26settings%3DeyJpZCI6NjcxMywidXJsIjoiaHR0cHM6XC9cL2FsZ29ub3ZvY29tLmNvbS5iclwvY2xpZW50ZXNcL3RvZGFoXC93cC1jb250ZW50XC91cGxvYWRzXC8yMDI0XC8xMFwvYmFuaGVpcm8tMTQud2VicCIsInNsaWRlc2hvdyI6IjZhZTRlOGYifQ%3D%3D\">\n\t\t\t\t\t<div class=\"e-gallery-image elementor-gallery-item__image\" data-thumbnail=\"https:\/\/algonovocom.com.br\/clientes\/todah\/wp-content\/uploads\/2024\/10\/banheiro-14.webp\" data-width=\"1080\" data-height=\"1080\" aria-label=\"\" role=\"img\" ><\/div>\n\t\t\t\t\t\t\t\t\t\t\t<div class=\"elementor-gallery-item__overlay\"><\/div>\n\t\t\t\t\t\t\t\t\t\t\t\t\t\t<\/a>\n\t\t\t\t\t\t\t<a class=\"e-gallery-item elementor-gallery-item elementor-animated-content\" href=\"https:\/\/algonovocom.com.br\/clientes\/todah\/wp-content\/uploads\/2024\/10\/banheiro-15.webp\" data-elementor-open-lightbox=\"yes\" data-elementor-lightbox-slideshow=\"6ae4e8f\" data-elementor-lightbox-title=\"banheiro-15\" data-e-action-hash=\"#elementor-action%3Aaction%3Dlightbox%26settings%3DeyJpZCI6NjcxNCwidXJsIjoiaHR0cHM6XC9cL2FsZ29ub3ZvY29tLmNvbS5iclwvY2xpZW50ZXNcL3RvZGFoXC93cC1jb250ZW50XC91cGxvYWRzXC8yMDI0XC8xMFwvYmFuaGVpcm8tMTUud2VicCIsInNsaWRlc2hvdyI6IjZhZTRlOGYifQ%3D%3D\">\n\t\t\t\t\t<div class=\"e-gallery-image elementor-gallery-item__image\" data-thumbnail=\"https:\/\/algonovocom.com.br\/clientes\/todah\/wp-content\/uploads\/2024\/10\/banheiro-15.webp\" data-width=\"1080\" data-height=\"1080\" aria-label=\"\" role=\"img\" ><\/div>\n\t\t\t\t\t\t\t\t\t\t\t<div class=\"elementor-gallery-item__overlay\"><\/div>\n\t\t\t\t\t\t\t\t\t\t\t\t\t\t<\/a>\n\t\t\t\t\t\t\t<a class=\"e-gallery-item elementor-gallery-item elementor-animated-content\" href=\"https:\/\/algonovocom.com.br\/clientes\/todah\/wp-content\/uploads\/2024\/10\/banheiro-16.webp\" data-elementor-open-lightbox=\"yes\" data-elementor-lightbox-slideshow=\"6ae4e8f\" data-elementor-lightbox-title=\"banheiro-16\" data-e-action-hash=\"#elementor-action%3Aaction%3Dlightbox%26settings%3DeyJpZCI6NjcxNSwidXJsIjoiaHR0cHM6XC9cL2FsZ29ub3ZvY29tLmNvbS5iclwvY2xpZW50ZXNcL3RvZGFoXC93cC1jb250ZW50XC91cGxvYWRzXC8yMDI0XC8xMFwvYmFuaGVpcm8tMTYud2VicCIsInNsaWRlc2hvdyI6IjZhZTRlOGYifQ%3D%3D\">\n\t\t\t\t\t<div class=\"e-gallery-image elementor-gallery-item__image\" data-thumbnail=\"https:\/\/algonovocom.com.br\/clientes\/todah\/wp-content\/uploads\/2024\/10\/banheiro-16.webp\" data-width=\"1080\" data-height=\"1080\" aria-label=\"\" role=\"img\" ><\/div>\n\t\t\t\t\t\t\t\t\t\t\t<div class=\"elementor-gallery-item__overlay\"><\/div>\n\t\t\t\t\t\t\t\t\t\t\t\t\t\t<\/a>\n\t\t\t\t\t<\/div>\n\t\t\t<\/div>\n\t\t\t\t<\/div>\n\t\t\t\t\t<\/div>\n\t\t<\/div>\n\t\t\t\t\t<\/div>\n\t\t<\/section>\n\t\t\t\t<section class=\"elementor-section elementor-top-section elementor-element elementor-element-c79f2f1 elementor-section-boxed elementor-section-height-default elementor-section-height-default\" data-id=\"c79f2f1\" data-element_type=\"section\">\n\t\t\t\t\t\t<div class=\"elementor-container elementor-column-gap-default\">\n\t\t\t\t\t<div class=\"elementor-column elementor-col-100 elementor-top-column elementor-element elementor-element-cb844b0\" data-id=\"cb844b0\" data-element_type=\"column\">\n\t\t\t<div class=\"elementor-widget-wrap elementor-element-populated\">\n\t\t\t\t\t\t<div class=\"elementor-element elementor-element-c58fc79 elementor-widget__width-auto elementor-widget elementor-widget-heading\" data-id=\"c58fc79\" data-element_type=\"widget\" data-widget_type=\"heading.default\">\n\t\t\t\t<div class=\"elementor-widget-container\">\n\t\t\t<h2 class=\"elementor-heading-title elementor-size-default\">Achou nossos projetos inspiradores? Ent\u00e3o pe\u00e7a um or\u00e7amento<\/h2>\t\t<\/div>\n\t\t\t\t<\/div>\n\t\t\t\t<div class=\"elementor-element elementor-element-b33ced7 elementor-align-center elementor-widget elementor-widget-button\" data-id=\"b33ced7\" data-element_type=\"widget\" data-widget_type=\"button.default\">\n\t\t\t\t<div class=\"elementor-widget-container\">\n\t\t\t\t\t\t\t<div class=\"elementor-button-wrapper\">\n\t\t\t\t\t<a class=\"elementor-button elementor-button-link elementor-size-sm\" href=\"https:\/\/algonovocom.com.br\/clientes\/todah\/orcamento\/\">\n\t\t\t\t\t\t<span class=\"elementor-button-content-wrapper\">\n\t\t\t\t\t\t\t\t\t<span class=\"elementor-button-text\">Pe\u00e7a um or\u00e7amento<\/span>\n\t\t\t\t\t<\/span>\n\t\t\t\t\t<\/a>\n\t\t\t\t<\/div>\n\t\t\t\t\t\t<\/div>\n\t\t\t\t<\/div>\n\t\t\t\t\t<\/div>\n\t\t<\/div>\n\t\t\t\t\t<\/div>\n\t\t<\/section>\n\t\t\t\t<\/div>\n\t\t","protected":false},"excerpt":{"rendered":"<p>Banheiro Ambientes Achou nossos projetos inspiradores? Ent\u00e3o pe\u00e7a um or\u00e7amento Pe\u00e7a um or\u00e7amento<\/p>\n","protected":false},"author":1,"featured_media":0,"parent":0,"menu_order":0,"comment_status":"closed","ping_status":"closed","template":"elementor_header_footer","meta":{"footnotes":""},"class_list":["post-4911","page","type-page","status-publish","hentry"],"_links":{"self":[{"href":"https:\/\/algonovocom.com.br\/clientes\/todah\/wp-json\/wp\/v2\/pages\/4911","targetHints":{"allow":["GET"]}}],"collection":[{"href":"https:\/\/algonovocom.com.br\/clientes\/todah\/wp-json\/wp\/v2\/pages"}],"about":[{"href":"https:\/\/algonovocom.com.br\/clientes\/todah\/wp-json\/wp\/v2\/types\/page"}],"author":[{"embeddable":true,"href":"https:\/\/algonovocom.com.br\/clientes\/todah\/wp-json\/wp\/v2\/users\/1"}],"replies":[{"embeddable":true,"href":"https:\/\/algonovocom.com.br\/clientes\/todah\/wp-json\/wp\/v2\/comments?post=4911"}],"version-history":[{"count":19,"href":"https:\/\/algonovocom.com.br\/clientes\/todah\/wp-json\/wp\/v2\/pages\/4911\/revisions"}],"predecessor-version":[{"id":6956,"href":"https:\/\/algonovocom.com.br\/clientes\/todah\/wp-json\/wp\/v2\/pages\/4911\/revisions\/6956"}],"wp:attachment":[{"href":"https:\/\/algonovocom.com.br\/clientes\/todah\/wp-json\/wp\/v2\/media?parent=4911"}],"curies":[{"name":"wp","href":"https:\/\/api.w.org\/{rel}","templated":true}]}}