{"id":4859,"date":"2023-03-11T14:55:36","date_gmt":"2023-03-11T14:55:36","guid":{"rendered":"https:\/\/bellaconti.com.br\/?page_id=4859"},"modified":"2024-10-12T18:37:41","modified_gmt":"2024-10-12T18:37:41","slug":"sala-de-estar","status":"publish","type":"page","link":"https:\/\/algonovocom.com.br\/clientes\/todah\/sala-de-estar\/","title":{"rendered":"Sala de Estar"},"content":{"rendered":"\t\t<div data-elementor-type=\"wp-page\" data-elementor-id=\"4859\" class=\"elementor elementor-4859\" data-elementor-post-type=\"page\">\n\t\t\t\t\t\t<section class=\"elementor-section elementor-top-section elementor-element elementor-element-6d4c299 elementor-section-boxed elementor-section-height-default elementor-section-height-default\" data-id=\"6d4c299\" data-element_type=\"section\" data-settings=\"{&quot;background_background&quot;:&quot;classic&quot;}\">\n\t\t\t\t\t\t<div class=\"elementor-container elementor-column-gap-default\">\n\t\t\t\t\t<div class=\"elementor-column elementor-col-100 elementor-top-column elementor-element elementor-element-9858a29\" data-id=\"9858a29\" data-element_type=\"column\">\n\t\t\t<div class=\"elementor-widget-wrap elementor-element-populated\">\n\t\t\t\t\t\t<div class=\"elementor-element elementor-element-da8d98b elementor-widget elementor-widget-heading\" data-id=\"da8d98b\" data-element_type=\"widget\" data-widget_type=\"heading.default\">\n\t\t\t\t<div class=\"elementor-widget-container\">\n\t\t\t<h2 class=\"elementor-heading-title elementor-size-default\">Sala de Estar<\/h2>\t\t<\/div>\n\t\t\t\t<\/div>\n\t\t\t\t<div class=\"elementor-element elementor-element-d6976a7 elementor-widget-divider--view-line elementor-widget elementor-widget-divider\" data-id=\"d6976a7\" data-element_type=\"widget\" data-widget_type=\"divider.default\">\n\t\t\t\t<div class=\"elementor-widget-container\">\n\t\t\t\t\t<div class=\"elementor-divider\">\n\t\t\t<span class=\"elementor-divider-separator\">\n\t\t\t\t\t\t<\/span>\n\t\t<\/div>\n\t\t\t\t<\/div>\n\t\t\t\t<\/div>\n\t\t\t\t<div class=\"elementor-element elementor-element-78d540e elementor-widget elementor-widget-heading\" data-id=\"78d540e\" data-element_type=\"widget\" data-widget_type=\"heading.default\">\n\t\t\t\t<div class=\"elementor-widget-container\">\n\t\t\t<h5 class=\"elementor-heading-title elementor-size-default\">Ambientes<\/h5>\t\t<\/div>\n\t\t\t\t<\/div>\n\t\t\t\t<div class=\"elementor-element elementor-element-e752517 elementor-widget elementor-widget-spacer\" data-id=\"e752517\" data-element_type=\"widget\" data-widget_type=\"spacer.default\">\n\t\t\t\t<div class=\"elementor-widget-container\">\n\t\t\t\t\t<div class=\"elementor-spacer\">\n\t\t\t<div class=\"elementor-spacer-inner\"><\/div>\n\t\t<\/div>\n\t\t\t\t<\/div>\n\t\t\t\t<\/div>\n\t\t\t\t<div class=\"elementor-element elementor-element-0aebbef elementor-widget elementor-widget-gallery\" data-id=\"0aebbef\" data-element_type=\"widget\" data-settings=\"{&quot;columns&quot;:3,&quot;gap&quot;:{&quot;unit&quot;:&quot;px&quot;,&quot;size&quot;:12,&quot;sizes&quot;:[]},&quot;aspect_ratio&quot;:&quot;4:3&quot;,&quot;lazyload&quot;:&quot;yes&quot;,&quot;gallery_layout&quot;:&quot;grid&quot;,&quot;columns_tablet&quot;:2,&quot;columns_mobile&quot;:1,&quot;gap_tablet&quot;:{&quot;unit&quot;:&quot;px&quot;,&quot;size&quot;:10,&quot;sizes&quot;:[]},&quot;gap_mobile&quot;:{&quot;unit&quot;:&quot;px&quot;,&quot;size&quot;:10,&quot;sizes&quot;:[]},&quot;link_to&quot;:&quot;file&quot;,&quot;overlay_background&quot;:&quot;yes&quot;,&quot;content_hover_animation&quot;:&quot;fade-in&quot;}\" data-widget_type=\"gallery.default\">\n\t\t\t\t<div class=\"elementor-widget-container\">\n\t\t\t\t\t<div class=\"elementor-gallery__container\">\n\t\t\t\t\t\t\t<a class=\"e-gallery-item elementor-gallery-item elementor-animated-content\" href=\"https:\/\/algonovocom.com.br\/clientes\/todah\/wp-content\/uploads\/2024\/10\/sala-1.webp\" data-elementor-open-lightbox=\"yes\" data-elementor-lightbox-slideshow=\"0aebbef\" data-elementor-lightbox-title=\"sala-1\" data-e-action-hash=\"#elementor-action%3Aaction%3Dlightbox%26settings%3DeyJpZCI6NjY3MSwidXJsIjoiaHR0cHM6XC9cL2FsZ29ub3ZvY29tLmNvbS5iclwvY2xpZW50ZXNcL3RvZGFoXC93cC1jb250ZW50XC91cGxvYWRzXC8yMDI0XC8xMFwvc2FsYS0xLndlYnAiLCJzbGlkZXNob3ciOiIwYWViYmVmIn0%3D\">\n\t\t\t\t\t<div class=\"e-gallery-image elementor-gallery-item__image\" data-thumbnail=\"https:\/\/algonovocom.com.br\/clientes\/todah\/wp-content\/uploads\/2024\/10\/sala-1.webp\" data-width=\"1080\" data-height=\"1080\" aria-label=\"\" role=\"img\" ><\/div>\n\t\t\t\t\t\t\t\t\t\t\t<div class=\"elementor-gallery-item__overlay\"><\/div>\n\t\t\t\t\t\t\t\t\t\t\t\t\t\t<\/a>\n\t\t\t\t\t\t\t<a class=\"e-gallery-item elementor-gallery-item elementor-animated-content\" href=\"https:\/\/algonovocom.com.br\/clientes\/todah\/wp-content\/uploads\/2024\/10\/sala-2.webp\" data-elementor-open-lightbox=\"yes\" data-elementor-lightbox-slideshow=\"0aebbef\" data-elementor-lightbox-title=\"sala-2\" data-e-action-hash=\"#elementor-action%3Aaction%3Dlightbox%26settings%3DeyJpZCI6NjY3MiwidXJsIjoiaHR0cHM6XC9cL2FsZ29ub3ZvY29tLmNvbS5iclwvY2xpZW50ZXNcL3RvZGFoXC93cC1jb250ZW50XC91cGxvYWRzXC8yMDI0XC8xMFwvc2FsYS0yLndlYnAiLCJzbGlkZXNob3ciOiIwYWViYmVmIn0%3D\">\n\t\t\t\t\t<div class=\"e-gallery-image elementor-gallery-item__image\" data-thumbnail=\"https:\/\/algonovocom.com.br\/clientes\/todah\/wp-content\/uploads\/2024\/10\/sala-2.webp\" data-width=\"1080\" data-height=\"1080\" aria-label=\"\" role=\"img\" ><\/div>\n\t\t\t\t\t\t\t\t\t\t\t<div class=\"elementor-gallery-item__overlay\"><\/div>\n\t\t\t\t\t\t\t\t\t\t\t\t\t\t<\/a>\n\t\t\t\t\t\t\t<a class=\"e-gallery-item elementor-gallery-item elementor-animated-content\" href=\"https:\/\/algonovocom.com.br\/clientes\/todah\/wp-content\/uploads\/2024\/10\/sala-3.webp\" data-elementor-open-lightbox=\"yes\" data-elementor-lightbox-slideshow=\"0aebbef\" data-elementor-lightbox-title=\"sala-3\" data-e-action-hash=\"#elementor-action%3Aaction%3Dlightbox%26settings%3DeyJpZCI6NjY3MywidXJsIjoiaHR0cHM6XC9cL2FsZ29ub3ZvY29tLmNvbS5iclwvY2xpZW50ZXNcL3RvZGFoXC93cC1jb250ZW50XC91cGxvYWRzXC8yMDI0XC8xMFwvc2FsYS0zLndlYnAiLCJzbGlkZXNob3ciOiIwYWViYmVmIn0%3D\">\n\t\t\t\t\t<div class=\"e-gallery-image elementor-gallery-item__image\" data-thumbnail=\"https:\/\/algonovocom.com.br\/clientes\/todah\/wp-content\/uploads\/2024\/10\/sala-3.webp\" data-width=\"1080\" data-height=\"1080\" aria-label=\"\" role=\"img\" ><\/div>\n\t\t\t\t\t\t\t\t\t\t\t<div class=\"elementor-gallery-item__overlay\"><\/div>\n\t\t\t\t\t\t\t\t\t\t\t\t\t\t<\/a>\n\t\t\t\t\t\t\t<a class=\"e-gallery-item elementor-gallery-item elementor-animated-content\" href=\"https:\/\/algonovocom.com.br\/clientes\/todah\/wp-content\/uploads\/2024\/10\/sala-4.webp\" data-elementor-open-lightbox=\"yes\" data-elementor-lightbox-slideshow=\"0aebbef\" data-elementor-lightbox-title=\"sala-4\" data-e-action-hash=\"#elementor-action%3Aaction%3Dlightbox%26settings%3DeyJpZCI6NjY3NCwidXJsIjoiaHR0cHM6XC9cL2FsZ29ub3ZvY29tLmNvbS5iclwvY2xpZW50ZXNcL3RvZGFoXC93cC1jb250ZW50XC91cGxvYWRzXC8yMDI0XC8xMFwvc2FsYS00LndlYnAiLCJzbGlkZXNob3ciOiIwYWViYmVmIn0%3D\">\n\t\t\t\t\t<div class=\"e-gallery-image elementor-gallery-item__image\" data-thumbnail=\"https:\/\/algonovocom.com.br\/clientes\/todah\/wp-content\/uploads\/2024\/10\/sala-4.webp\" data-width=\"1080\" data-height=\"1080\" aria-label=\"\" role=\"img\" ><\/div>\n\t\t\t\t\t\t\t\t\t\t\t<div class=\"elementor-gallery-item__overlay\"><\/div>\n\t\t\t\t\t\t\t\t\t\t\t\t\t\t<\/a>\n\t\t\t\t\t\t\t<a class=\"e-gallery-item elementor-gallery-item elementor-animated-content\" href=\"https:\/\/algonovocom.com.br\/clientes\/todah\/wp-content\/uploads\/2024\/10\/sala-5.webp\" data-elementor-open-lightbox=\"yes\" data-elementor-lightbox-slideshow=\"0aebbef\" data-elementor-lightbox-title=\"sala-5\" data-e-action-hash=\"#elementor-action%3Aaction%3Dlightbox%26settings%3DeyJpZCI6NjY3NSwidXJsIjoiaHR0cHM6XC9cL2FsZ29ub3ZvY29tLmNvbS5iclwvY2xpZW50ZXNcL3RvZGFoXC93cC1jb250ZW50XC91cGxvYWRzXC8yMDI0XC8xMFwvc2FsYS01LndlYnAiLCJzbGlkZXNob3ciOiIwYWViYmVmIn0%3D\">\n\t\t\t\t\t<div class=\"e-gallery-image elementor-gallery-item__image\" data-thumbnail=\"https:\/\/algonovocom.com.br\/clientes\/todah\/wp-content\/uploads\/2024\/10\/sala-5.webp\" data-width=\"1080\" data-height=\"1080\" aria-label=\"\" role=\"img\" ><\/div>\n\t\t\t\t\t\t\t\t\t\t\t<div class=\"elementor-gallery-item__overlay\"><\/div>\n\t\t\t\t\t\t\t\t\t\t\t\t\t\t<\/a>\n\t\t\t\t\t\t\t<a class=\"e-gallery-item elementor-gallery-item elementor-animated-content\" href=\"https:\/\/algonovocom.com.br\/clientes\/todah\/wp-content\/uploads\/2024\/10\/sala-6.webp\" data-elementor-open-lightbox=\"yes\" data-elementor-lightbox-slideshow=\"0aebbef\" data-elementor-lightbox-title=\"sala-6\" data-e-action-hash=\"#elementor-action%3Aaction%3Dlightbox%26settings%3DeyJpZCI6NjY3NiwidXJsIjoiaHR0cHM6XC9cL2FsZ29ub3ZvY29tLmNvbS5iclwvY2xpZW50ZXNcL3RvZGFoXC93cC1jb250ZW50XC91cGxvYWRzXC8yMDI0XC8xMFwvc2FsYS02LndlYnAiLCJzbGlkZXNob3ciOiIwYWViYmVmIn0%3D\">\n\t\t\t\t\t<div class=\"e-gallery-image elementor-gallery-item__image\" data-thumbnail=\"https:\/\/algonovocom.com.br\/clientes\/todah\/wp-content\/uploads\/2024\/10\/sala-6.webp\" data-width=\"1080\" data-height=\"1080\" aria-label=\"\" role=\"img\" ><\/div>\n\t\t\t\t\t\t\t\t\t\t\t<div class=\"elementor-gallery-item__overlay\"><\/div>\n\t\t\t\t\t\t\t\t\t\t\t\t\t\t<\/a>\n\t\t\t\t\t\t\t<a class=\"e-gallery-item elementor-gallery-item elementor-animated-content\" href=\"https:\/\/algonovocom.com.br\/clientes\/todah\/wp-content\/uploads\/2024\/10\/sala-7.webp\" data-elementor-open-lightbox=\"yes\" data-elementor-lightbox-slideshow=\"0aebbef\" data-elementor-lightbox-title=\"sala-7\" data-e-action-hash=\"#elementor-action%3Aaction%3Dlightbox%26settings%3DeyJpZCI6NjY3NywidXJsIjoiaHR0cHM6XC9cL2FsZ29ub3ZvY29tLmNvbS5iclwvY2xpZW50ZXNcL3RvZGFoXC93cC1jb250ZW50XC91cGxvYWRzXC8yMDI0XC8xMFwvc2FsYS03LndlYnAiLCJzbGlkZXNob3ciOiIwYWViYmVmIn0%3D\">\n\t\t\t\t\t<div class=\"e-gallery-image elementor-gallery-item__image\" data-thumbnail=\"https:\/\/algonovocom.com.br\/clientes\/todah\/wp-content\/uploads\/2024\/10\/sala-7.webp\" data-width=\"1080\" data-height=\"1080\" aria-label=\"\" role=\"img\" ><\/div>\n\t\t\t\t\t\t\t\t\t\t\t<div class=\"elementor-gallery-item__overlay\"><\/div>\n\t\t\t\t\t\t\t\t\t\t\t\t\t\t<\/a>\n\t\t\t\t\t\t\t<a class=\"e-gallery-item elementor-gallery-item elementor-animated-content\" href=\"https:\/\/algonovocom.com.br\/clientes\/todah\/wp-content\/uploads\/2024\/10\/sala-8.webp\" data-elementor-open-lightbox=\"yes\" data-elementor-lightbox-slideshow=\"0aebbef\" data-elementor-lightbox-title=\"sala-8\" data-e-action-hash=\"#elementor-action%3Aaction%3Dlightbox%26settings%3DeyJpZCI6NjY3OCwidXJsIjoiaHR0cHM6XC9cL2FsZ29ub3ZvY29tLmNvbS5iclwvY2xpZW50ZXNcL3RvZGFoXC93cC1jb250ZW50XC91cGxvYWRzXC8yMDI0XC8xMFwvc2FsYS04LndlYnAiLCJzbGlkZXNob3ciOiIwYWViYmVmIn0%3D\">\n\t\t\t\t\t<div class=\"e-gallery-image elementor-gallery-item__image\" data-thumbnail=\"https:\/\/algonovocom.com.br\/clientes\/todah\/wp-content\/uploads\/2024\/10\/sala-8.webp\" data-width=\"1080\" data-height=\"1080\" aria-label=\"\" role=\"img\" ><\/div>\n\t\t\t\t\t\t\t\t\t\t\t<div class=\"elementor-gallery-item__overlay\"><\/div>\n\t\t\t\t\t\t\t\t\t\t\t\t\t\t<\/a>\n\t\t\t\t\t\t\t<a class=\"e-gallery-item elementor-gallery-item elementor-animated-content\" href=\"https:\/\/algonovocom.com.br\/clientes\/todah\/wp-content\/uploads\/2024\/10\/sala-9.webp\" data-elementor-open-lightbox=\"yes\" data-elementor-lightbox-slideshow=\"0aebbef\" data-elementor-lightbox-title=\"sala-9\" data-e-action-hash=\"#elementor-action%3Aaction%3Dlightbox%26settings%3DeyJpZCI6NjY3OSwidXJsIjoiaHR0cHM6XC9cL2FsZ29ub3ZvY29tLmNvbS5iclwvY2xpZW50ZXNcL3RvZGFoXC93cC1jb250ZW50XC91cGxvYWRzXC8yMDI0XC8xMFwvc2FsYS05LndlYnAiLCJzbGlkZXNob3ciOiIwYWViYmVmIn0%3D\">\n\t\t\t\t\t<div class=\"e-gallery-image elementor-gallery-item__image\" data-thumbnail=\"https:\/\/algonovocom.com.br\/clientes\/todah\/wp-content\/uploads\/2024\/10\/sala-9.webp\" data-width=\"1080\" data-height=\"1080\" aria-label=\"\" role=\"img\" ><\/div>\n\t\t\t\t\t\t\t\t\t\t\t<div class=\"elementor-gallery-item__overlay\"><\/div>\n\t\t\t\t\t\t\t\t\t\t\t\t\t\t<\/a>\n\t\t\t\t\t\t\t<a class=\"e-gallery-item elementor-gallery-item elementor-animated-content\" href=\"https:\/\/algonovocom.com.br\/clientes\/todah\/wp-content\/uploads\/2024\/10\/sala-10.webp\" data-elementor-open-lightbox=\"yes\" data-elementor-lightbox-slideshow=\"0aebbef\" data-elementor-lightbox-title=\"sala-10\" data-e-action-hash=\"#elementor-action%3Aaction%3Dlightbox%26settings%3DeyJpZCI6NjY4MSwidXJsIjoiaHR0cHM6XC9cL2FsZ29ub3ZvY29tLmNvbS5iclwvY2xpZW50ZXNcL3RvZGFoXC93cC1jb250ZW50XC91cGxvYWRzXC8yMDI0XC8xMFwvc2FsYS0xMC53ZWJwIiwic2xpZGVzaG93IjoiMGFlYmJlZiJ9\">\n\t\t\t\t\t<div class=\"e-gallery-image elementor-gallery-item__image\" data-thumbnail=\"https:\/\/algonovocom.com.br\/clientes\/todah\/wp-content\/uploads\/2024\/10\/sala-10.webp\" data-width=\"1080\" data-height=\"1080\" aria-label=\"\" role=\"img\" ><\/div>\n\t\t\t\t\t\t\t\t\t\t\t<div class=\"elementor-gallery-item__overlay\"><\/div>\n\t\t\t\t\t\t\t\t\t\t\t\t\t\t<\/a>\n\t\t\t\t\t\t\t<a class=\"e-gallery-item elementor-gallery-item elementor-animated-content\" href=\"https:\/\/algonovocom.com.br\/clientes\/todah\/wp-content\/uploads\/2024\/10\/sala-11.webp\" data-elementor-open-lightbox=\"yes\" data-elementor-lightbox-slideshow=\"0aebbef\" data-elementor-lightbox-title=\"sala-11\" data-e-action-hash=\"#elementor-action%3Aaction%3Dlightbox%26settings%3DeyJpZCI6NjY4MiwidXJsIjoiaHR0cHM6XC9cL2FsZ29ub3ZvY29tLmNvbS5iclwvY2xpZW50ZXNcL3RvZGFoXC93cC1jb250ZW50XC91cGxvYWRzXC8yMDI0XC8xMFwvc2FsYS0xMS53ZWJwIiwic2xpZGVzaG93IjoiMGFlYmJlZiJ9\">\n\t\t\t\t\t<div class=\"e-gallery-image elementor-gallery-item__image\" data-thumbnail=\"https:\/\/algonovocom.com.br\/clientes\/todah\/wp-content\/uploads\/2024\/10\/sala-11.webp\" data-width=\"1080\" data-height=\"1080\" aria-label=\"\" role=\"img\" ><\/div>\n\t\t\t\t\t\t\t\t\t\t\t<div class=\"elementor-gallery-item__overlay\"><\/div>\n\t\t\t\t\t\t\t\t\t\t\t\t\t\t<\/a>\n\t\t\t\t\t\t\t<a class=\"e-gallery-item elementor-gallery-item elementor-animated-content\" href=\"https:\/\/algonovocom.com.br\/clientes\/todah\/wp-content\/uploads\/2024\/10\/sala-12.webp\" data-elementor-open-lightbox=\"yes\" data-elementor-lightbox-slideshow=\"0aebbef\" data-elementor-lightbox-title=\"sala-12\" data-e-action-hash=\"#elementor-action%3Aaction%3Dlightbox%26settings%3DeyJpZCI6NjY4MywidXJsIjoiaHR0cHM6XC9cL2FsZ29ub3ZvY29tLmNvbS5iclwvY2xpZW50ZXNcL3RvZGFoXC93cC1jb250ZW50XC91cGxvYWRzXC8yMDI0XC8xMFwvc2FsYS0xMi53ZWJwIiwic2xpZGVzaG93IjoiMGFlYmJlZiJ9\">\n\t\t\t\t\t<div class=\"e-gallery-image elementor-gallery-item__image\" data-thumbnail=\"https:\/\/algonovocom.com.br\/clientes\/todah\/wp-content\/uploads\/2024\/10\/sala-12.webp\" data-width=\"1080\" data-height=\"1080\" aria-label=\"\" role=\"img\" ><\/div>\n\t\t\t\t\t\t\t\t\t\t\t<div class=\"elementor-gallery-item__overlay\"><\/div>\n\t\t\t\t\t\t\t\t\t\t\t\t\t\t<\/a>\n\t\t\t\t\t\t\t<a class=\"e-gallery-item elementor-gallery-item elementor-animated-content\" href=\"https:\/\/algonovocom.com.br\/clientes\/todah\/wp-content\/uploads\/2024\/10\/sala-13.webp\" data-elementor-open-lightbox=\"yes\" data-elementor-lightbox-slideshow=\"0aebbef\" data-elementor-lightbox-title=\"sala-13\" data-e-action-hash=\"#elementor-action%3Aaction%3Dlightbox%26settings%3DeyJpZCI6NjY4NCwidXJsIjoiaHR0cHM6XC9cL2FsZ29ub3ZvY29tLmNvbS5iclwvY2xpZW50ZXNcL3RvZGFoXC93cC1jb250ZW50XC91cGxvYWRzXC8yMDI0XC8xMFwvc2FsYS0xMy53ZWJwIiwic2xpZGVzaG93IjoiMGFlYmJlZiJ9\">\n\t\t\t\t\t<div class=\"e-gallery-image elementor-gallery-item__image\" data-thumbnail=\"https:\/\/algonovocom.com.br\/clientes\/todah\/wp-content\/uploads\/2024\/10\/sala-13.webp\" data-width=\"1080\" data-height=\"1080\" aria-label=\"\" role=\"img\" ><\/div>\n\t\t\t\t\t\t\t\t\t\t\t<div class=\"elementor-gallery-item__overlay\"><\/div>\n\t\t\t\t\t\t\t\t\t\t\t\t\t\t<\/a>\n\t\t\t\t\t<\/div>\n\t\t\t<\/div>\n\t\t\t\t<\/div>\n\t\t\t\t\t<\/div>\n\t\t<\/div>\n\t\t\t\t\t<\/div>\n\t\t<\/section>\n\t\t\t\t<section class=\"elementor-section elementor-top-section elementor-element elementor-element-565a206 elementor-section-boxed elementor-section-height-default elementor-section-height-default\" data-id=\"565a206\" data-element_type=\"section\">\n\t\t\t\t\t\t<div class=\"elementor-container elementor-column-gap-default\">\n\t\t\t\t\t<div class=\"elementor-column elementor-col-100 elementor-top-column elementor-element elementor-element-a6869be\" data-id=\"a6869be\" data-element_type=\"column\">\n\t\t\t<div class=\"elementor-widget-wrap elementor-element-populated\">\n\t\t\t\t\t\t<div class=\"elementor-element elementor-element-7e9d430 elementor-widget__width-auto elementor-widget elementor-widget-heading\" data-id=\"7e9d430\" data-element_type=\"widget\" data-widget_type=\"heading.default\">\n\t\t\t\t<div class=\"elementor-widget-container\">\n\t\t\t<h2 class=\"elementor-heading-title elementor-size-default\">Achou nossos projetos inspiradores? Ent\u00e3o pe\u00e7a um or\u00e7amento<\/h2>\t\t<\/div>\n\t\t\t\t<\/div>\n\t\t\t\t<div class=\"elementor-element elementor-element-31ad0b4 elementor-align-center elementor-widget elementor-widget-button\" data-id=\"31ad0b4\" data-element_type=\"widget\" data-widget_type=\"button.default\">\n\t\t\t\t<div class=\"elementor-widget-container\">\n\t\t\t\t\t\t\t<div class=\"elementor-button-wrapper\">\n\t\t\t\t\t<a class=\"elementor-button elementor-button-link elementor-size-sm\" href=\"https:\/\/algonovocom.com.br\/clientes\/todah\/orcamento\/\">\n\t\t\t\t\t\t<span class=\"elementor-button-content-wrapper\">\n\t\t\t\t\t\t\t\t\t<span class=\"elementor-button-text\">Pe\u00e7a um or\u00e7amento<\/span>\n\t\t\t\t\t<\/span>\n\t\t\t\t\t<\/a>\n\t\t\t\t<\/div>\n\t\t\t\t\t\t<\/div>\n\t\t\t\t<\/div>\n\t\t\t\t\t<\/div>\n\t\t<\/div>\n\t\t\t\t\t<\/div>\n\t\t<\/section>\n\t\t\t\t<\/div>\n\t\t","protected":false},"excerpt":{"rendered":"<p>Sala de Estar Ambientes Achou nossos projetos inspiradores? Ent\u00e3o pe\u00e7a um or\u00e7amento Pe\u00e7a um or\u00e7amento<\/p>\n","protected":false},"author":1,"featured_media":0,"parent":0,"menu_order":0,"comment_status":"closed","ping_status":"closed","template":"elementor_header_footer","meta":{"footnotes":""},"class_list":["post-4859","page","type-page","status-publish","hentry"],"_links":{"self":[{"href":"https:\/\/algonovocom.com.br\/clientes\/todah\/wp-json\/wp\/v2\/pages\/4859","targetHints":{"allow":["GET"]}}],"collection":[{"href":"https:\/\/algonovocom.com.br\/clientes\/todah\/wp-json\/wp\/v2\/pages"}],"about":[{"href":"https:\/\/algonovocom.com.br\/clientes\/todah\/wp-json\/wp\/v2\/types\/page"}],"author":[{"embeddable":true,"href":"https:\/\/algonovocom.com.br\/clientes\/todah\/wp-json\/wp\/v2\/users\/1"}],"replies":[{"embeddable":true,"href":"https:\/\/algonovocom.com.br\/clientes\/todah\/wp-json\/wp\/v2\/comments?post=4859"}],"version-history":[{"count":73,"href":"https:\/\/algonovocom.com.br\/clientes\/todah\/wp-json\/wp\/v2\/pages\/4859\/revisions"}],"predecessor-version":[{"id":6944,"href":"https:\/\/algonovocom.com.br\/clientes\/todah\/wp-json\/wp\/v2\/pages\/4859\/revisions\/6944"}],"wp:attachment":[{"href":"https:\/\/algonovocom.com.br\/clientes\/todah\/wp-json\/wp\/v2\/media?parent=4859"}],"curies":[{"name":"wp","href":"https:\/\/api.w.org\/{rel}","templated":true}]}}