{"id":3531,"date":"2022-09-08T02:25:23","date_gmt":"2022-09-08T02:25:23","guid":{"rendered":"https:\/\/bellaconti.com.br\/?page_id=3531"},"modified":"2024-10-12T19:15:25","modified_gmt":"2024-10-12T19:15:25","slug":"politica-de-privacidade","status":"publish","type":"page","link":"https:\/\/algonovocom.com.br\/clientes\/todah\/politica-de-privacidade\/","title":{"rendered":"Pol\u00edtica de Privacidade"},"content":{"rendered":"\t\t<div data-elementor-type=\"wp-page\" data-elementor-id=\"3531\" class=\"elementor elementor-3531\" data-elementor-post-type=\"page\">\n\t\t\t\t\t\t<section class=\"elementor-section elementor-top-section elementor-element elementor-element-d482220 elementor-section-boxed elementor-section-height-default elementor-section-height-default\" data-id=\"d482220\" data-element_type=\"section\" data-settings=\"{&quot;background_background&quot;:&quot;classic&quot;}\">\n\t\t\t\t\t\t<div class=\"elementor-container elementor-column-gap-default\">\n\t\t\t\t\t<div class=\"elementor-column elementor-col-100 elementor-top-column elementor-element elementor-element-e0c69c7\" data-id=\"e0c69c7\" data-element_type=\"column\">\n\t\t\t<div class=\"elementor-widget-wrap elementor-element-populated\">\n\t\t\t\t\t\t<div class=\"elementor-element elementor-element-451cb2d elementor-widget-divider--view-line elementor-widget elementor-widget-divider\" data-id=\"451cb2d\" data-element_type=\"widget\" data-widget_type=\"divider.default\">\n\t\t\t\t<div class=\"elementor-widget-container\">\n\t\t\t\t\t<div class=\"elementor-divider\">\n\t\t\t<span class=\"elementor-divider-separator\">\n\t\t\t\t\t\t<\/span>\n\t\t<\/div>\n\t\t\t\t<\/div>\n\t\t\t\t<\/div>\n\t\t\t\t\t<\/div>\n\t\t<\/div>\n\t\t\t\t\t<\/div>\n\t\t<\/section>\n\t\t\t\t<section class=\"elementor-section elementor-top-section elementor-element elementor-element-f634475 elementor-section-boxed elementor-section-height-default elementor-section-height-default\" data-id=\"f634475\" data-element_type=\"section\" data-settings=\"{&quot;background_background&quot;:&quot;classic&quot;}\">\n\t\t\t\t\t\t<div class=\"elementor-container elementor-column-gap-default\">\n\t\t\t\t\t<div class=\"elementor-column elementor-col-100 elementor-top-column elementor-element elementor-element-6fa4f03\" data-id=\"6fa4f03\" data-element_type=\"column\">\n\t\t\t<div class=\"elementor-widget-wrap elementor-element-populated\">\n\t\t\t\t\t\t<div class=\"elementor-element elementor-element-7283a80 elementor-widget elementor-widget-text-editor\" data-id=\"7283a80\" data-element_type=\"widget\" data-widget_type=\"text-editor.default\">\n\t\t\t\t<div class=\"elementor-widget-container\">\n\t\t\t\t\t\t\t<p>A Pol\u00edtica de Privacidade On-Line do site da\u00a0<strong>Bella Conti<\/strong> (https:\/\/algonovocom.com.br\/clientes\/todah) foi criada para respeitar a LGPD (<a href=\"http:\/\/www.planalto.gov.br\/ccivil_03\/_ato2015-2018\/2018\/lei\/L13709.htm\" target=\"_blank\" rel=\"noopener\">Lei Geral de Prote\u00e7\u00e3o de Dados<\/a>) e afirmar o nosso compromisso com a seguran\u00e7a e a privacidade das informa\u00e7\u00f5es coletadas dos visitantes de nosso site. Esta pol\u00edtica est\u00e1 sujeita a eventuais atualiza\u00e7\u00f5es e recomendamos que ela seja consultada periodicamente. Voc\u00ea pode\u00a0<a href=\"$site\" target=\"_blank\" rel=\"noopener\">visitar nosso site<\/a>\u00a0e conhecer nossos servi\u00e7os e produtos, verificar nossas ofertas, ler artigos, obter informa\u00e7\u00f5es e suporte sem precisar fornecer nenhuma informa\u00e7\u00e3o pessoal. Mas, caso isso aconte\u00e7a, esta pol\u00edtica procura esclarecer como coletamos e tratamos seus dados pessoais.<\/p><h2>Como tratamos os dados<\/h2><ol><li>Qualquer informa\u00e7\u00e3o fornecida pelos usu\u00e1rios ser\u00e1 coletada e guardada de acordo com os padr\u00f5es atuais de seguran\u00e7a e confiabilidade.<\/li><li>Utilizamos em nosso site o protocolo padr\u00e3o HTTPS que garante que todas as informa\u00e7\u00f5es coletadas dos usu\u00e1rios trafeguem de forma segura, utilizando processo de criptografia padr\u00e3o da Internet.<\/li><li>As informa\u00e7\u00f5es pessoais que nos forem fornecidas ser\u00e3o coletadas por meios legais. Essa coleta ter\u00e1 o prop\u00f3sito de comunica\u00e7\u00e3o comercial para que possamos vender nossos servi\u00e7os, produtos, prestar suporte a atendimento sobre eles.<\/li><li>A menos que tenhamos determina\u00e7\u00e3o legal ou judicial, as informa\u00e7\u00f5es dos usu\u00e1rios jamais ser\u00e3o fornecidas a terceiros ou usadas para finalidades diferentes daquelas para as quais foram coletadas.<\/li><li>O acesso as informa\u00e7\u00f5es coletadas est\u00e1 restrito apenas aos gestores da\u00a0<strong>Bella Conti<\/strong>\u00a0e manteremos a integridade das informa\u00e7\u00f5es que nos forem fornecidas.<\/li><li>Eventualmente, poderemos utilizar cookies (*) para confirmar sua identidade, personalizar seu acesso e acompanhar a utiliza\u00e7\u00e3o de nosso website visando o aprimoramento de sua navega\u00e7\u00e3o e funcionalidade.<\/li><li>Colocamos \u00e0 disposi\u00e7\u00e3o de nossos usu\u00e1rios, canais de atendimento ao cliente, para esclarecer qualquer d\u00favida que possa surgir referente aos seus dados. Estes canais podem ser acionados atrav\u00e9s do e-mail\u00a0<a href=\"mailto:contato@rickacrilicos.com.br\">contato@rickacrilicos.com.br<\/a>\u00a0ou do nosso\u00a0<a href=\"https:\/\/rickacrilicos.com.br\/atendimento\">Formul\u00e1rio de contato<\/a>.<\/li><\/ol><h2>Como coletamos os dados<\/h2><ul><li>Atrav\u00e9s dos rastreadores e cookies dos servi\u00e7os de marketing e SEO da\u00a0<strong>Google<\/strong>. Estas ferramentas coletam dados an\u00f4nimos como a sua localiza\u00e7\u00e3o, seu IP, rastreia a navega\u00e7\u00e3o e analisa o seu comportamento em nosso site a fim de nos fornecer relat\u00f3rios sobre os servi\u00e7os e produtos que voc\u00ea procurou e qual a origem da sua visita; pesquisa do Google, acesso direto ou link existente em outro site, a\u00a0<strong>Bella Conti<\/strong>\u00a0respeita a\u00a0<a href=\"https:\/\/policies.google.com\/privacy?hl=pt-BR\" target=\"_blank\" rel=\"noopener\">pol\u00edtica de privacidade da Google<\/a>, para mais informa\u00e7\u00f5es leia a Pol\u00edtica diretamente no site da Google.<\/li><li><strong>Pixel do Facebook.<\/strong>\u00a0Monitora as a\u00e7\u00f5es realizadas pelo visitante em nosso site. Como por exemplo; quando voc\u00ea adiciona um item ao carrinho, isso gera um relat\u00f3rio para n\u00f3s. Seus dados pessoais n\u00e3o ser\u00e3o capturados, apenas suas a\u00e7\u00f5es como dados an\u00f4nimos.<\/li><li><strong>Gateways de Pagamento.<\/strong>\u00a0Vendemos em nosso site produtos e servi\u00e7os que podem ser pagos on-line atr\u00e1ves de Gateways de Pagamento. Este servi\u00e7o de pagamento necessita coletar seus dados pessoais para que possa ser poss\u00edvel executar uma transa\u00e7\u00e3o financeira de forma segura em nosso site, insenta de fraudes e roubo de dados. Nenhum dado referente a cart\u00e3o de cr\u00e9dito ous dados banc\u00e1rios ser\u00e3o armazenados em nosso site, estas informa\u00e7\u00f5es s\u00e3o solicitadas apenas pelo Gateway de Pagamento.<\/li><li><strong>Empresas de Transporte.<\/strong>\u00a0Para que possamos lhe enviar nossos produtos \u00e9 necess\u00e1rio compartilhar com nossos parceiros de log\u00edstica seus dados pessoais e se necess\u00e1rio c\u00f3pia da Nota Fiscal referente a sua compra. Nos preocupamos em trabalhar com parceiros de confian\u00e7a para garantirmos a seguran\u00e7a de seus dados.<\/li><li><strong>WhatsApp.<\/strong>\u00a0O visitante ao acionar o bot\u00e3o do WhatsApp disponibilizado em nosso site dever\u00e1 ter ci\u00eancia de que teremos acesso ao seu nome e n\u00famero de celular, podendo a\u00a0<strong>Bella Conti<\/strong>\u00a0armazenar esta informa\u00e7\u00e3o para contatos comerciais futuros. Voc\u00ea poder\u00e1 bloquear nosso contato caso n\u00e3o julgue conveniente e\/ou solicitar a remo\u00e7\u00e3o de nossa lista de contatos do WhatsApp.<\/li><li><strong>Cookies do WordPress.<\/strong>\u00a0Utilizamos a plataforma WordPress, ele necessita criar cookies (pequenos arquivos de texto que podem definir prefer\u00eancias) no computador ou dispositivo do visitante para fornecer uma experi\u00eancia mais agrad\u00e1vel de navega\u00e7\u00e3o baseado na coleta de dados an\u00f4nimos. Os cookies definem por exemplo o cache do servidor para que a navega\u00e7\u00e3o se torna mais r\u00e1pida e flu\u00edda. Importante! Cookies n\u00e3o coletam informa\u00e7\u00f5es pessoais suas, nem nos permite acessar arquivos e programas de seu computador. Voc\u00ea pode remover os cookies a qualquer momento limpando o hist\u00f3rico do seu navegador.<\/li><\/ul><h2>Consentimento ou Bloqueio de Cookies<\/h2><p>Para que os recursos de coleta de dados em nosso site funcione adequadamente \u00e9 necess\u00e1rio o uso de cookies (pequenos arquivos de texto que podem definir prefer\u00eancias). Os cookies n\u00e3o s\u00e3o programas, n\u00e3o roubam dados de seu computador e n\u00e3o colocam a sua navega\u00e7\u00e3o em risco, no entanto, \u00e9 de seu direito bloquear nossos cookies caso queira. Para saber como proceder,\u00a0<a href=\"como-desativar-cookies-e-outros-rastreadores-em-seu-navegador\/\">acesse este tutorial passo a passo<\/a>.<\/p><h2>Seus Direitos<\/h2><p>Voc\u00ea tem os seguintes direitos:<\/p><ul><li>O direito de bloquear qualquer tipo de rastreador e cookie gerado em nosso site de modo a n\u00e3o compartilhar nenhum tipo de informa\u00e7\u00e3o sobre a sua conex\u00e3o e acesso ao nosso site.<\/li><li>O direito de nos pedir para atualizar qualquer informa\u00e7\u00e3o pessoal incorreta de que temos sobre voc\u00ea.<\/li><li>O direito de optar por sair de quaisquer meios de comunica\u00e7\u00e3o comercial e de marketing.<\/li><li>O direito de pedir a remo\u00e7\u00e3o de qualquer dado pessoal que tenhamos armazenado sobre voc\u00ea.<\/li><\/ul><p>Reservamos o prazo de 5 dias \u00fateis para lhe responder sobre qualquer contato referente aos seus dados pessoais, podendo este prazo ser estendido em per\u00edodo de festas, feriados prolongados, recesso e f\u00e9rias coletivas.<\/p><p style=\"text-align: right;\"><em>Atualizada em: 29\/07\/2022<\/em><\/p>\t\t\t\t\t\t<\/div>\n\t\t\t\t<\/div>\n\t\t\t\t\t<\/div>\n\t\t<\/div>\n\t\t\t\t\t<\/div>\n\t\t<\/section>\n\t\t\t\t<\/div>\n\t\t","protected":false},"excerpt":{"rendered":"<p>A Pol\u00edtica de Privacidade On-Line do site da\u00a0Bella Conti (https:\/\/algonovocom.com.br\/clientes\/todah) foi criada para respeitar a LGPD (Lei Geral de Prote\u00e7\u00e3o de Dados) e afirmar o nosso compromisso com a seguran\u00e7a e a privacidade das informa\u00e7\u00f5es coletadas dos visitantes de nosso site. Esta pol\u00edtica est\u00e1 sujeita a eventuais atualiza\u00e7\u00f5es e recomendamos que ela seja consultada periodicamente. [&hellip;]<\/p>\n","protected":false},"author":1,"featured_media":0,"parent":0,"menu_order":200,"comment_status":"closed","ping_status":"closed","template":"elementor_header_footer","meta":{"footnotes":""},"class_list":["post-3531","page","type-page","status-publish","hentry"],"_links":{"self":[{"href":"https:\/\/algonovocom.com.br\/clientes\/todah\/wp-json\/wp\/v2\/pages\/3531","targetHints":{"allow":["GET"]}}],"collection":[{"href":"https:\/\/algonovocom.com.br\/clientes\/todah\/wp-json\/wp\/v2\/pages"}],"about":[{"href":"https:\/\/algonovocom.com.br\/clientes\/todah\/wp-json\/wp\/v2\/types\/page"}],"author":[{"embeddable":true,"href":"https:\/\/algonovocom.com.br\/clientes\/todah\/wp-json\/wp\/v2\/users\/1"}],"replies":[{"embeddable":true,"href":"https:\/\/algonovocom.com.br\/clientes\/todah\/wp-json\/wp\/v2\/comments?post=3531"}],"version-history":[{"count":19,"href":"https:\/\/algonovocom.com.br\/clientes\/todah\/wp-json\/wp\/v2\/pages\/3531\/revisions"}],"predecessor-version":[{"id":7016,"href":"https:\/\/algonovocom.com.br\/clientes\/todah\/wp-json\/wp\/v2\/pages\/3531\/revisions\/7016"}],"wp:attachment":[{"href":"https:\/\/algonovocom.com.br\/clientes\/todah\/wp-json\/wp\/v2\/media?parent=3531"}],"curies":[{"name":"wp","href":"https:\/\/api.w.org\/{rel}","templated":true}]}}