{"id":70,"date":"2022-07-18T21:59:49","date_gmt":"2022-07-18T21:59:49","guid":{"rendered":"https:\/\/editoraventuroli.com\/?page_id=70"},"modified":"2025-02-04T16:43:08","modified_gmt":"2025-02-04T19:43:08","slug":"empresa","status":"publish","type":"page","link":"https:\/\/algonovocom.com.br\/clientes\/kitmoda\/empresa","title":{"rendered":"Empresa"},"content":{"rendered":"\t\t<div data-elementor-type=\"wp-page\" data-elementor-id=\"70\" class=\"elementor elementor-70\" wpc-filter-elementor-widget=\"1\" data-elementor-post-type=\"page\">\n\t\t\t\t\t\t<section class=\"elementor-section elementor-top-section elementor-element elementor-element-8ef02b9 elementor-section-boxed elementor-section-height-default elementor-section-height-default\" data-id=\"8ef02b9\" data-element_type=\"section\" data-e-type=\"section\" data-settings=\"{&quot;background_background&quot;:&quot;classic&quot;,&quot;background_motion_fx_motion_fx_scrolling&quot;:&quot;yes&quot;,&quot;background_motion_fx_devices&quot;:[&quot;desktop&quot;,&quot;tablet&quot;,&quot;mobile&quot;]}\">\n\t\t\t\t\t\t\t<div class=\"elementor-background-overlay\"><\/div>\n\t\t\t\t\t\t\t<div class=\"elementor-container elementor-column-gap-default\">\n\t\t\t\t\t<div class=\"elementor-column elementor-col-50 elementor-top-column elementor-element elementor-element-7bae244\" data-id=\"7bae244\" data-element_type=\"column\" data-e-type=\"column\">\n\t\t\t<div class=\"elementor-widget-wrap elementor-element-populated\">\n\t\t\t\t\t\t\t<\/div>\n\t\t<\/div>\n\t\t\t\t<div class=\"elementor-column elementor-col-50 elementor-top-column elementor-element elementor-element-a58e7a4\" data-id=\"a58e7a4\" data-element_type=\"column\" data-e-type=\"column\">\n\t\t\t<div class=\"elementor-widget-wrap elementor-element-populated\">\n\t\t\t\t\t\t<div class=\"elementor-element elementor-element-93228d9 elementor-widget elementor-widget-woocommerce-breadcrumb\" data-id=\"93228d9\" data-element_type=\"widget\" data-e-type=\"widget\" data-widget_type=\"woocommerce-breadcrumb.default\">\n\t\t\t\t<div class=\"elementor-widget-container\">\n\t\t\t\t\t<nav class=\"woocommerce-breadcrumb\" aria-label=\"Breadcrumb\">In\u00edcio<\/nav>\t\t\t\t<\/div>\n\t\t\t\t<\/div>\n\t\t\t\t\t<\/div>\n\t\t<\/div>\n\t\t\t\t\t<\/div>\n\t\t<\/section>\n\t\t\t\t<section class=\"elementor-section elementor-top-section elementor-element elementor-element-d32bd66 elementor-section-boxed elementor-section-height-default elementor-section-height-default\" data-id=\"d32bd66\" data-element_type=\"section\" data-e-type=\"section\">\n\t\t\t\t\t\t<div class=\"elementor-container elementor-column-gap-default\">\n\t\t\t\t\t<div class=\"elementor-column elementor-col-100 elementor-top-column elementor-element elementor-element-f0550e3\" data-id=\"f0550e3\" data-element_type=\"column\" data-e-type=\"column\">\n\t\t\t<div class=\"elementor-widget-wrap elementor-element-populated\">\n\t\t\t\t\t\t<div class=\"elementor-element elementor-element-18c39641 elementor-widget elementor-widget-text-editor\" data-id=\"18c39641\" data-element_type=\"widget\" data-e-type=\"widget\" data-widget_type=\"text-editor.default\">\n\t\t\t\t<div class=\"elementor-widget-container\">\n\t\t\t\t\t\t\t\t\t<div>A Editora Venturoli \u00e9 um s\u00edmbolo de dedica\u00e7\u00e3o e tradi\u00e7\u00e3o no mercado editorial brasileiro. Fundada em Bras\u00edlia, no ano de 2020, pelos irm\u00e3os Alfredo e Tiago Venturoli, a editora nasce da paix\u00e3o e legado herdado de Jarbas Jos\u00e9 Venturoli, um renomado livreiro que, ao longo de mais de 40 anos, disseminou o conhecimento sobre o Direito do Trabalho em todas as regi\u00f5es do Brasil. Em mem\u00f3ria e honra ao pai, falecido em 2005, Alfredo e Tiago transformaram seu sonho de editar livros em uma respeit\u00e1vel realidade.<\/div><div class=\"elementToProof\"><b>\u00a0<\/b><\/div><div class=\"elementToProof\">Os fundadores da Editora Venturoli trazem uma vasta experi\u00eancia de mais de duas d\u00e9cadas neste setor, especificamente nas \u00e1reas de Direito do Trabalho, Direito Processual do Trabalho, Direito Previdenci\u00e1rio e Medicina do Trabalho. Esta bagagem n\u00e3o apenas orienta a editora, mas tamb\u00e9m enriquece cada publica\u00e7\u00e3o, assegurando que conceitos complexos sejam apresentados de forma clara e pr\u00e1tica para estudantes e profissionais.<\/div>\t\t\t\t\t\t\t\t<\/div>\n\t\t\t\t<\/div>\n\t\t\t\t\t<\/div>\n\t\t<\/div>\n\t\t\t\t\t<\/div>\n\t\t<\/section>\n\t\t\t\t<section class=\"elementor-section elementor-top-section elementor-element elementor-element-31f613ec elementor-section-boxed elementor-section-height-default elementor-section-height-default\" data-id=\"31f613ec\" data-element_type=\"section\" data-e-type=\"section\" data-settings=\"{&quot;background_background&quot;:&quot;classic&quot;}\">\n\t\t\t\t\t\t<div class=\"elementor-container elementor-column-gap-default\">\n\t\t\t\t\t<div class=\"elementor-column elementor-col-100 elementor-top-column elementor-element elementor-element-50f3d6e7\" data-id=\"50f3d6e7\" data-element_type=\"column\" data-e-type=\"column\">\n\t\t\t<div class=\"elementor-widget-wrap elementor-element-populated\">\n\t\t\t\t\t\t<section class=\"elementor-section elementor-inner-section elementor-element elementor-element-7e8dec0a elementor-section-content-middle elementor-section-boxed elementor-section-height-default elementor-section-height-default\" data-id=\"7e8dec0a\" data-element_type=\"section\" data-e-type=\"section\">\n\t\t\t\t\t\t<div class=\"elementor-container elementor-column-gap-no\">\n\t\t\t\t\t<div class=\"elementor-column elementor-col-50 elementor-inner-column elementor-element elementor-element-31d7c939\" data-id=\"31d7c939\" data-element_type=\"column\" data-e-type=\"column\">\n\t\t\t<div class=\"elementor-widget-wrap elementor-element-populated\">\n\t\t\t\t\t\t<div class=\"elementor-element elementor-element-1997254b elementor-widget elementor-widget-heading\" data-id=\"1997254b\" data-element_type=\"widget\" data-e-type=\"widget\" data-widget_type=\"heading.default\">\n\t\t\t\t<div class=\"elementor-widget-container\">\n\t\t\t\t\t<h2 class=\"elementor-heading-title elementor-size-default\">Diversidade e Qualidade<\/h2>\t\t\t\t<\/div>\n\t\t\t\t<\/div>\n\t\t\t\t<div class=\"elementor-element elementor-element-29dcf82 elementor-widget elementor-widget-text-editor\" data-id=\"29dcf82\" data-element_type=\"widget\" data-e-type=\"widget\" data-widget_type=\"text-editor.default\">\n\t\t\t\t<div class=\"elementor-widget-container\">\n\t\t\t\t\t\t\t\t\t<div class=\"elementToProof\">Na Editora Venturoli, cada publica\u00e7\u00e3o \u00e9 desenvolvida com dedica\u00e7\u00e3o e meticulosidade. Trabalhamos em parceria com advogados(as), ju\u00edzes(as), procuradores(as) e ministros(as) do TST, assegurando que nossos livros sejam n\u00e3o apenas informativos, mas tamb\u00e9m essenciais para apoiar e aprimorar tanto estudantes quanto profissionais estabelecidos.<\/div><div>\u00a0<\/div><div class=\"elementToProof\">A diversidade de temas abordados garante que a Editora Venturoli atenda \u00e0s necessidades de um p\u00fablico exigente e \u00e1vido por conhecimento atualizado e de qualidade na \u00e1rea trabalhista, reafirmando nosso compromisso de impactar positivamente o mercado editorial e jur\u00eddico no Brasil.<\/div>\t\t\t\t\t\t\t\t<\/div>\n\t\t\t\t<\/div>\n\t\t\t\t\t<\/div>\n\t\t<\/div>\n\t\t\t\t<div class=\"elementor-column elementor-col-50 elementor-inner-column elementor-element elementor-element-38b949b\" data-id=\"38b949b\" data-element_type=\"column\" data-e-type=\"column\">\n\t\t\t<div class=\"elementor-widget-wrap elementor-element-populated\">\n\t\t\t\t\t\t<div class=\"elementor-element elementor-element-8b27a34 elementor-widget elementor-widget-image\" data-id=\"8b27a34\" data-element_type=\"widget\" data-e-type=\"widget\" data-widget_type=\"image.default\">\n\t\t\t\t<div class=\"elementor-widget-container\">\n\t\t\t\t\t\t\t\t\t\t\t\t\t\t\t<img fetchpriority=\"high\" decoding=\"async\" width=\"612\" height=\"408\" src=\"https:\/\/algonovocom.com.br\/clientes\/kitmoda\/wp-content\/uploads\/2022\/11\/img-editora-venturoli.jpg\" class=\"attachment-large size-large wp-image-4839\" alt=\"\" srcset=\"https:\/\/algonovocom.com.br\/clientes\/kitmoda\/wp-content\/uploads\/2022\/11\/img-editora-venturoli.jpg 612w, https:\/\/algonovocom.com.br\/clientes\/kitmoda\/wp-content\/uploads\/2022\/11\/img-editora-venturoli-600x400.jpg 600w, https:\/\/algonovocom.com.br\/clientes\/kitmoda\/wp-content\/uploads\/2022\/11\/img-editora-venturoli-64x43.jpg 64w, https:\/\/algonovocom.com.br\/clientes\/kitmoda\/wp-content\/uploads\/2022\/11\/img-editora-venturoli-300x200.jpg 300w\" sizes=\"(max-width: 612px) 100vw, 612px\" \/>\t\t\t\t\t\t\t\t\t\t\t\t\t\t\t<\/div>\n\t\t\t\t<\/div>\n\t\t\t\t\t<\/div>\n\t\t<\/div>\n\t\t\t\t\t<\/div>\n\t\t<\/section>\n\t\t\t\t\t<\/div>\n\t\t<\/div>\n\t\t\t\t\t<\/div>\n\t\t<\/section>\n\t\t\t\t<section class=\"elementor-section elementor-top-section elementor-element elementor-element-33fef5b elementor-section-boxed elementor-section-height-default elementor-section-height-default\" data-id=\"33fef5b\" data-element_type=\"section\" data-e-type=\"section\">\n\t\t\t\t\t\t<div class=\"elementor-container elementor-column-gap-default\">\n\t\t\t\t\t<div class=\"elementor-column elementor-col-100 elementor-top-column elementor-element elementor-element-dbd4c53\" data-id=\"dbd4c53\" data-element_type=\"column\" data-e-type=\"column\">\n\t\t\t<div class=\"elementor-widget-wrap elementor-element-populated\">\n\t\t\t\t\t\t<section class=\"elementor-section elementor-inner-section elementor-element elementor-element-0f0f13c elementor-section-full_width elementor-section-height-default elementor-section-height-default elementor-invisible\" data-id=\"0f0f13c\" data-element_type=\"section\" data-e-type=\"section\" data-settings=\"{&quot;background_background&quot;:&quot;classic&quot;,&quot;animation&quot;:&quot;fadeIn&quot;,&quot;animation_delay&quot;:500}\">\n\t\t\t\t\t\t<div class=\"elementor-container elementor-column-gap-default\">\n\t\t\t\t\t<div class=\"elementor-column elementor-col-50 elementor-inner-column elementor-element elementor-element-23adc5e\" data-id=\"23adc5e\" data-element_type=\"column\" data-e-type=\"column\">\n\t\t\t<div class=\"elementor-widget-wrap elementor-element-populated\">\n\t\t\t\t\t\t<div class=\"elementor-element elementor-element-6242489 elementor-invisible elementor-widget elementor-widget-heading\" data-id=\"6242489\" data-element_type=\"widget\" data-e-type=\"widget\" data-settings=\"{&quot;_animation&quot;:&quot;fadeInUp&quot;,&quot;_animation_delay&quot;:800}\" data-widget_type=\"heading.default\">\n\t\t\t\t<div class=\"elementor-widget-container\">\n\t\t\t\t\t<h2 class=\"elementor-heading-title elementor-size-default\">Receba em primeira m\u00e3o!<\/h2>\t\t\t\t<\/div>\n\t\t\t\t<\/div>\n\t\t\t\t<div class=\"elementor-element elementor-element-46cbf20 elementor-invisible elementor-widget elementor-widget-text-editor\" data-id=\"46cbf20\" data-element_type=\"widget\" data-e-type=\"widget\" data-settings=\"{&quot;_animation&quot;:&quot;fadeInUp&quot;,&quot;_animation_delay&quot;:1000}\" data-widget_type=\"text-editor.default\">\n\t\t\t\t<div class=\"elementor-widget-container\">\n\t\t\t\t\t\t\t\t\t<p>Inscreva-se em nossa lista, para receber promo\u00e7\u00f5es, cupons de descontos e promo\u00e7\u00f5es imperd\u00edveis!<\/p>\t\t\t\t\t\t\t\t<\/div>\n\t\t\t\t<\/div>\n\t\t\t\t<div class=\"elementor-element elementor-element-019b304 elementor-mobile-button-align-end elementor-button-align-stretch elementor-invisible elementor-widget elementor-widget-form\" data-id=\"019b304\" data-element_type=\"widget\" data-e-type=\"widget\" data-settings=\"{&quot;button_width&quot;:&quot;25&quot;,&quot;step_next_label&quot;:&quot;Pr\\u00f3ximo&quot;,&quot;step_previous_label&quot;:&quot;Anterior&quot;,&quot;step_icon_shape&quot;:&quot;none&quot;,&quot;step_type&quot;:&quot;none&quot;,&quot;button_width_mobile&quot;:&quot;33&quot;,&quot;_animation&quot;:&quot;fadeInLeft&quot;,&quot;_animation_delay&quot;:1200}\" data-widget_type=\"form.default\">\n\t\t\t\t<div class=\"elementor-widget-container\">\n\t\t\t\t\t\t\t<form class=\"elementor-form\" method=\"post\" name=\"New Form\" aria-label=\"New Form\">\n\t\t\t<input type=\"hidden\" name=\"post_id\" value=\"70\"\/>\n\t\t\t<input type=\"hidden\" name=\"form_id\" value=\"019b304\"\/>\n\t\t\t<input type=\"hidden\" name=\"referer_title\" value=\"Empresa - Kit Moda\" \/>\n\n\t\t\t\t\t\t\t<input type=\"hidden\" name=\"queried_id\" value=\"70\"\/>\n\t\t\t\n\t\t\t<div class=\"elementor-form-fields-wrapper elementor-labels-\">\n\t\t\t\t\t\t\t\t<div class=\"elementor-field-type-email elementor-field-group elementor-column elementor-field-group-email elementor-col-75 elementor-sm-66 elementor-field-required\">\n\t\t\t\t\t\t\t\t\t\t\t\t<label for=\"form-field-email\" class=\"elementor-field-label elementor-screen-only\">\n\t\t\t\t\t\t\t\tEmail\t\t\t\t\t\t\t<\/label>\n\t\t\t\t\t\t\t\t\t\t\t\t\t\t<input size=\"1\" type=\"email\" name=\"form_fields[email]\" id=\"form-field-email\" class=\"elementor-field elementor-size-lg  elementor-field-textual\" placeholder=\"Seu e-mail\" required=\"required\">\n\t\t\t\t\t\t\t\t\t\t\t<\/div>\n\t\t\t\t\t\t\t\t<div class=\"elementor-field-group elementor-column elementor-field-type-submit elementor-col-25 e-form__buttons elementor-sm-33\">\n\t\t\t\t\t<button class=\"elementor-button elementor-size-md elementor-animation-grow\" type=\"submit\">\n\t\t\t\t\t\t<span class=\"elementor-button-content-wrapper\">\n\t\t\t\t\t\t\t\t\t\t\t\t\t\t\t<span class=\"elementor-button-icon\">\n\t\t\t\t\t\t\t\t\t<i aria-hidden=\"true\" class=\"icon icon-right-arrow\"><\/i>\t\t\t\t\t\t\t\t\t\t\t\t\t\t\t\t\t<\/span>\n\t\t\t\t\t\t\t\t\t\t\t\t\t\t\t\t\t\t\t\t\t\t<span class=\"elementor-button-text\">Enviar<\/span>\n\t\t\t\t\t\t\t\t\t\t\t\t\t<\/span>\n\t\t\t\t\t<\/button>\n\t\t\t\t<\/div>\n\t\t\t<\/div>\n\t\t<\/form>\n\t\t\t\t\t\t<\/div>\n\t\t\t\t<\/div>\n\t\t\t\t\t<\/div>\n\t\t<\/div>\n\t\t\t\t<div class=\"elementor-column elementor-col-50 elementor-inner-column elementor-element elementor-element-b5cd7be\" data-id=\"b5cd7be\" data-element_type=\"column\" data-e-type=\"column\">\n\t\t\t<div class=\"elementor-widget-wrap elementor-element-populated\">\n\t\t\t\t\t\t<div class=\"elementor-element elementor-element-b0c3d60 e-transform elementor-invisible elementor-widget elementor-widget-image\" data-id=\"b0c3d60\" data-element_type=\"widget\" data-e-type=\"widget\" data-settings=\"{&quot;_transform_translateX_effect&quot;:{&quot;unit&quot;:&quot;px&quot;,&quot;size&quot;:0,&quot;sizes&quot;:[]},&quot;_transform_translateY_effect&quot;:{&quot;unit&quot;:&quot;px&quot;,&quot;size&quot;:-43,&quot;sizes&quot;:[]},&quot;_animation&quot;:&quot;bounceInDown&quot;,&quot;_animation_delay&quot;:1500,&quot;_transform_translateY_effect_mobile&quot;:{&quot;unit&quot;:&quot;px&quot;,&quot;size&quot;:-17,&quot;sizes&quot;:[]},&quot;_transform_translateX_effect_tablet&quot;:{&quot;unit&quot;:&quot;px&quot;,&quot;size&quot;:&quot;&quot;,&quot;sizes&quot;:[]},&quot;_transform_translateX_effect_mobile&quot;:{&quot;unit&quot;:&quot;px&quot;,&quot;size&quot;:&quot;&quot;,&quot;sizes&quot;:[]},&quot;_transform_translateY_effect_tablet&quot;:{&quot;unit&quot;:&quot;px&quot;,&quot;size&quot;:&quot;&quot;,&quot;sizes&quot;:[]}}\" data-widget_type=\"image.default\">\n\t\t\t\t<div class=\"elementor-widget-container\">\n\t\t\t\t\t\t\t\t\t\t\t\t\t\t\t<img decoding=\"async\" width=\"343\" height=\"342\" src=\"https:\/\/algonovocom.com.br\/clientes\/kitmoda\/wp-content\/uploads\/2022\/11\/h2_img.png\" class=\"attachment-large size-large wp-image-4840\" alt=\"\" srcset=\"https:\/\/algonovocom.com.br\/clientes\/kitmoda\/wp-content\/uploads\/2022\/11\/h2_img.png 343w, https:\/\/algonovocom.com.br\/clientes\/kitmoda\/wp-content\/uploads\/2022\/11\/h2_img-100x100.png 100w, https:\/\/algonovocom.com.br\/clientes\/kitmoda\/wp-content\/uploads\/2022\/11\/h2_img-64x64.png 64w, https:\/\/algonovocom.com.br\/clientes\/kitmoda\/wp-content\/uploads\/2022\/11\/h2_img-300x300.png 300w, https:\/\/algonovocom.com.br\/clientes\/kitmoda\/wp-content\/uploads\/2022\/11\/h2_img-150x150.png 150w\" sizes=\"(max-width: 343px) 100vw, 343px\" \/>\t\t\t\t\t\t\t\t\t\t\t\t\t\t\t<\/div>\n\t\t\t\t<\/div>\n\t\t\t\t\t<\/div>\n\t\t<\/div>\n\t\t\t\t\t<\/div>\n\t\t<\/section>\n\t\t\t\t\t<\/div>\n\t\t<\/div>\n\t\t\t\t\t<\/div>\n\t\t<\/section>\n\t\t\t\t<\/div>\n\t\t","protected":false},"excerpt":{"rendered":"<p>A Editora Venturoli \u00e9 um s\u00edmbolo de dedica\u00e7\u00e3o e tradi\u00e7\u00e3o no mercado editorial brasileiro. Fundada em Bras\u00edlia, no ano de 2020, pelos irm\u00e3os Alfredo e Tiago Venturoli, a editora nasce da paix\u00e3o e legado herdado de Jarbas Jos\u00e9 Venturoli, um renomado livreiro que, ao longo de mais de 40 anos, disseminou o conhecimento sobre o [&hellip;]<\/p>\n","protected":false},"author":2873,"featured_media":0,"parent":0,"menu_order":2,"comment_status":"closed","ping_status":"closed","template":"elementor_header_footer","meta":{"_acf_changed":false,"footnotes":""},"class_list":["post-70","page","type-page","status-publish","hentry"],"acf":[],"yoast_head":"<!-- This site is optimized with the Yoast SEO plugin v27.3 - https:\/\/yoast.com\/product\/yoast-seo-wordpress\/ -->\n<title>Empresa - Kit Moda<\/title>\n<meta name=\"robots\" content=\"index, follow, max-snippet:-1, max-image-preview:large, max-video-preview:-1\" \/>\n<link rel=\"canonical\" href=\"https:\/\/algonovocom.com.br\/clientes\/kitmoda\/empresa\" \/>\n<meta property=\"og:locale\" content=\"pt_BR\" \/>\n<meta property=\"og:type\" content=\"article\" \/>\n<meta property=\"og:title\" content=\"Empresa - Kit Moda\" \/>\n<meta property=\"og:description\" content=\"A Editora Venturoli \u00e9 um s\u00edmbolo de dedica\u00e7\u00e3o e tradi\u00e7\u00e3o no mercado editorial brasileiro. Fundada em Bras\u00edlia, no ano de 2020, pelos irm\u00e3os Alfredo e Tiago Venturoli, a editora nasce da paix\u00e3o e legado herdado de Jarbas Jos\u00e9 Venturoli, um renomado livreiro que, ao longo de mais de 40 anos, disseminou o conhecimento sobre o [&hellip;]\" \/>\n<meta property=\"og:url\" content=\"https:\/\/algonovocom.com.br\/clientes\/kitmoda\/empresa\" \/>\n<meta property=\"og:site_name\" content=\"Kit Moda\" \/>\n<meta property=\"article:modified_time\" content=\"2025-02-04T19:43:08+00:00\" \/>\n<meta property=\"og:image\" content=\"https:\/\/algonovocom.com.br\/clientes\/kitmoda\/wp-content\/uploads\/2022\/11\/img-editora-venturoli.jpg\" \/>\n\t<meta property=\"og:image:width\" content=\"612\" \/>\n\t<meta property=\"og:image:height\" content=\"408\" \/>\n\t<meta property=\"og:image:type\" content=\"image\/jpeg\" \/>\n<meta name=\"twitter:card\" content=\"summary_large_image\" \/>\n<meta name=\"twitter:label1\" content=\"Est. tempo de leitura\" \/>\n\t<meta name=\"twitter:data1\" content=\"2 minutos\" \/>\n<script type=\"application\/ld+json\" class=\"yoast-schema-graph\">{\"@context\":\"https:\\\/\\\/schema.org\",\"@graph\":[{\"@type\":\"WebPage\",\"@id\":\"https:\\\/\\\/algonovocom.com.br\\\/clientes\\\/kitmoda\\\/empresa\",\"url\":\"https:\\\/\\\/algonovocom.com.br\\\/clientes\\\/kitmoda\\\/empresa\",\"name\":\"Empresa - Kit Moda\",\"isPartOf\":{\"@id\":\"https:\\\/\\\/algonovocom.com.br\\\/clientes\\\/kitmoda\\\/#website\"},\"primaryImageOfPage\":{\"@id\":\"https:\\\/\\\/algonovocom.com.br\\\/clientes\\\/kitmoda\\\/empresa#primaryimage\"},\"image\":{\"@id\":\"https:\\\/\\\/algonovocom.com.br\\\/clientes\\\/kitmoda\\\/empresa#primaryimage\"},\"thumbnailUrl\":\"https:\\\/\\\/algonovocom.com.br\\\/clientes\\\/kitmoda\\\/wp-content\\\/uploads\\\/2022\\\/11\\\/img-editora-venturoli.jpg\",\"datePublished\":\"2022-07-18T21:59:49+00:00\",\"dateModified\":\"2025-02-04T19:43:08+00:00\",\"breadcrumb\":{\"@id\":\"https:\\\/\\\/algonovocom.com.br\\\/clientes\\\/kitmoda\\\/empresa#breadcrumb\"},\"inLanguage\":\"pt-BR\",\"potentialAction\":[{\"@type\":\"ReadAction\",\"target\":[\"https:\\\/\\\/algonovocom.com.br\\\/clientes\\\/kitmoda\\\/empresa\"]}]},{\"@type\":\"ImageObject\",\"inLanguage\":\"pt-BR\",\"@id\":\"https:\\\/\\\/algonovocom.com.br\\\/clientes\\\/kitmoda\\\/empresa#primaryimage\",\"url\":\"https:\\\/\\\/algonovocom.com.br\\\/clientes\\\/kitmoda\\\/wp-content\\\/uploads\\\/2022\\\/11\\\/img-editora-venturoli.jpg\",\"contentUrl\":\"https:\\\/\\\/algonovocom.com.br\\\/clientes\\\/kitmoda\\\/wp-content\\\/uploads\\\/2022\\\/11\\\/img-editora-venturoli.jpg\",\"width\":612,\"height\":408,\"caption\":\"Young man reading a book hand close up.\"},{\"@type\":\"BreadcrumbList\",\"@id\":\"https:\\\/\\\/algonovocom.com.br\\\/clientes\\\/kitmoda\\\/empresa#breadcrumb\",\"itemListElement\":[{\"@type\":\"ListItem\",\"position\":1,\"name\":\"In\u00edcio\",\"item\":\"https:\\\/\\\/algonovocom.com.br\\\/clientes\\\/kitmoda\\\/\"},{\"@type\":\"ListItem\",\"position\":2,\"name\":\"Empresa\"}]},{\"@type\":\"WebSite\",\"@id\":\"https:\\\/\\\/algonovocom.com.br\\\/clientes\\\/kitmoda\\\/#website\",\"url\":\"https:\\\/\\\/algonovocom.com.br\\\/clientes\\\/kitmoda\\\/\",\"name\":\"Kit Moda\",\"description\":\"Seu look pronto, em poucos cliques!\",\"publisher\":{\"@id\":\"https:\\\/\\\/algonovocom.com.br\\\/clientes\\\/kitmoda\\\/#organization\"},\"potentialAction\":[{\"@type\":\"SearchAction\",\"target\":{\"@type\":\"EntryPoint\",\"urlTemplate\":\"https:\\\/\\\/algonovocom.com.br\\\/clientes\\\/kitmoda\\\/?s={search_term_string}\"},\"query-input\":{\"@type\":\"PropertyValueSpecification\",\"valueRequired\":true,\"valueName\":\"search_term_string\"}}],\"inLanguage\":\"pt-BR\"},{\"@type\":\"Organization\",\"@id\":\"https:\\\/\\\/algonovocom.com.br\\\/clientes\\\/kitmoda\\\/#organization\",\"name\":\"Kit Moda\",\"url\":\"https:\\\/\\\/algonovocom.com.br\\\/clientes\\\/kitmoda\\\/\",\"logo\":{\"@type\":\"ImageObject\",\"inLanguage\":\"pt-BR\",\"@id\":\"https:\\\/\\\/algonovocom.com.br\\\/clientes\\\/kitmoda\\\/#\\\/schema\\\/logo\\\/image\\\/\",\"url\":\"https:\\\/\\\/algonovocom.com.br\\\/clientes\\\/kitmoda\\\/wp-content\\\/uploads\\\/2026\\\/04\\\/cropped-kit-moda-logo.png\",\"contentUrl\":\"https:\\\/\\\/algonovocom.com.br\\\/clientes\\\/kitmoda\\\/wp-content\\\/uploads\\\/2026\\\/04\\\/cropped-kit-moda-logo.png\",\"width\":573,\"height\":324,\"caption\":\"Kit Moda\"},\"image\":{\"@id\":\"https:\\\/\\\/algonovocom.com.br\\\/clientes\\\/kitmoda\\\/#\\\/schema\\\/logo\\\/image\\\/\"}}]}<\/script>\n<!-- \/ Yoast SEO plugin. -->","yoast_head_json":{"title":"Empresa - Kit Moda","robots":{"index":"index","follow":"follow","max-snippet":"max-snippet:-1","max-image-preview":"max-image-preview:large","max-video-preview":"max-video-preview:-1"},"canonical":"https:\/\/algonovocom.com.br\/clientes\/kitmoda\/empresa","og_locale":"pt_BR","og_type":"article","og_title":"Empresa - Kit Moda","og_description":"A Editora Venturoli \u00e9 um s\u00edmbolo de dedica\u00e7\u00e3o e tradi\u00e7\u00e3o no mercado editorial brasileiro. Fundada em Bras\u00edlia, no ano de 2020, pelos irm\u00e3os Alfredo e Tiago Venturoli, a editora nasce da paix\u00e3o e legado herdado de Jarbas Jos\u00e9 Venturoli, um renomado livreiro que, ao longo de mais de 40 anos, disseminou o conhecimento sobre o [&hellip;]","og_url":"https:\/\/algonovocom.com.br\/clientes\/kitmoda\/empresa","og_site_name":"Kit Moda","article_modified_time":"2025-02-04T19:43:08+00:00","og_image":[{"width":612,"height":408,"url":"https:\/\/algonovocom.com.br\/clientes\/kitmoda\/wp-content\/uploads\/2022\/11\/img-editora-venturoli.jpg","type":"image\/jpeg"}],"twitter_card":"summary_large_image","twitter_misc":{"Est. tempo de leitura":"2 minutos"},"schema":{"@context":"https:\/\/schema.org","@graph":[{"@type":"WebPage","@id":"https:\/\/algonovocom.com.br\/clientes\/kitmoda\/empresa","url":"https:\/\/algonovocom.com.br\/clientes\/kitmoda\/empresa","name":"Empresa - Kit Moda","isPartOf":{"@id":"https:\/\/algonovocom.com.br\/clientes\/kitmoda\/#website"},"primaryImageOfPage":{"@id":"https:\/\/algonovocom.com.br\/clientes\/kitmoda\/empresa#primaryimage"},"image":{"@id":"https:\/\/algonovocom.com.br\/clientes\/kitmoda\/empresa#primaryimage"},"thumbnailUrl":"https:\/\/algonovocom.com.br\/clientes\/kitmoda\/wp-content\/uploads\/2022\/11\/img-editora-venturoli.jpg","datePublished":"2022-07-18T21:59:49+00:00","dateModified":"2025-02-04T19:43:08+00:00","breadcrumb":{"@id":"https:\/\/algonovocom.com.br\/clientes\/kitmoda\/empresa#breadcrumb"},"inLanguage":"pt-BR","potentialAction":[{"@type":"ReadAction","target":["https:\/\/algonovocom.com.br\/clientes\/kitmoda\/empresa"]}]},{"@type":"ImageObject","inLanguage":"pt-BR","@id":"https:\/\/algonovocom.com.br\/clientes\/kitmoda\/empresa#primaryimage","url":"https:\/\/algonovocom.com.br\/clientes\/kitmoda\/wp-content\/uploads\/2022\/11\/img-editora-venturoli.jpg","contentUrl":"https:\/\/algonovocom.com.br\/clientes\/kitmoda\/wp-content\/uploads\/2022\/11\/img-editora-venturoli.jpg","width":612,"height":408,"caption":"Young man reading a book hand close up."},{"@type":"BreadcrumbList","@id":"https:\/\/algonovocom.com.br\/clientes\/kitmoda\/empresa#breadcrumb","itemListElement":[{"@type":"ListItem","position":1,"name":"In\u00edcio","item":"https:\/\/algonovocom.com.br\/clientes\/kitmoda\/"},{"@type":"ListItem","position":2,"name":"Empresa"}]},{"@type":"WebSite","@id":"https:\/\/algonovocom.com.br\/clientes\/kitmoda\/#website","url":"https:\/\/algonovocom.com.br\/clientes\/kitmoda\/","name":"Kit Moda","description":"Seu look pronto, em poucos cliques!","publisher":{"@id":"https:\/\/algonovocom.com.br\/clientes\/kitmoda\/#organization"},"potentialAction":[{"@type":"SearchAction","target":{"@type":"EntryPoint","urlTemplate":"https:\/\/algonovocom.com.br\/clientes\/kitmoda\/?s={search_term_string}"},"query-input":{"@type":"PropertyValueSpecification","valueRequired":true,"valueName":"search_term_string"}}],"inLanguage":"pt-BR"},{"@type":"Organization","@id":"https:\/\/algonovocom.com.br\/clientes\/kitmoda\/#organization","name":"Kit Moda","url":"https:\/\/algonovocom.com.br\/clientes\/kitmoda\/","logo":{"@type":"ImageObject","inLanguage":"pt-BR","@id":"https:\/\/algonovocom.com.br\/clientes\/kitmoda\/#\/schema\/logo\/image\/","url":"https:\/\/algonovocom.com.br\/clientes\/kitmoda\/wp-content\/uploads\/2026\/04\/cropped-kit-moda-logo.png","contentUrl":"https:\/\/algonovocom.com.br\/clientes\/kitmoda\/wp-content\/uploads\/2026\/04\/cropped-kit-moda-logo.png","width":573,"height":324,"caption":"Kit Moda"},"image":{"@id":"https:\/\/algonovocom.com.br\/clientes\/kitmoda\/#\/schema\/logo\/image\/"}}]}},"_links":{"self":[{"href":"https:\/\/algonovocom.com.br\/clientes\/kitmoda\/wp-json\/wp\/v2\/pages\/70","targetHints":{"allow":["GET"]}}],"collection":[{"href":"https:\/\/algonovocom.com.br\/clientes\/kitmoda\/wp-json\/wp\/v2\/pages"}],"about":[{"href":"https:\/\/algonovocom.com.br\/clientes\/kitmoda\/wp-json\/wp\/v2\/types\/page"}],"author":[{"embeddable":true,"href":"https:\/\/algonovocom.com.br\/clientes\/kitmoda\/wp-json\/wp\/v2\/users\/2873"}],"replies":[{"embeddable":true,"href":"https:\/\/algonovocom.com.br\/clientes\/kitmoda\/wp-json\/wp\/v2\/comments?post=70"}],"version-history":[{"count":3,"href":"https:\/\/algonovocom.com.br\/clientes\/kitmoda\/wp-json\/wp\/v2\/pages\/70\/revisions"}],"predecessor-version":[{"id":84663,"href":"https:\/\/algonovocom.com.br\/clientes\/kitmoda\/wp-json\/wp\/v2\/pages\/70\/revisions\/84663"}],"wp:attachment":[{"href":"https:\/\/algonovocom.com.br\/clientes\/kitmoda\/wp-json\/wp\/v2\/media?parent=70"}],"curies":[{"name":"wp","href":"https:\/\/api.w.org\/{rel}","templated":true}]}}