{"id":3553,"date":"2022-08-29T19:25:58","date_gmt":"2022-08-29T19:25:58","guid":{"rendered":"https:\/\/editoraventuroli.com\/?page_id=3553"},"modified":"2022-12-04T06:35:11","modified_gmt":"2022-12-04T06:35:11","slug":"politica-de-reembolso-e-devolucoes","status":"publish","type":"page","link":"https:\/\/algonovocom.com.br\/clientes\/kitmoda\/politica-de-reembolso-e-devolucoes","title":{"rendered":"Pol\u00edtica de reembolso e devolu\u00e7\u00f5es"},"content":{"rendered":"\t\t<div data-elementor-type=\"wp-page\" data-elementor-id=\"3553\" class=\"elementor elementor-3553\" wpc-filter-elementor-widget=\"1\" data-elementor-post-type=\"page\">\n\t\t\t\t\t\t<section class=\"elementor-section elementor-top-section elementor-element elementor-element-86689f4 elementor-section-boxed elementor-section-height-default elementor-section-height-default\" data-id=\"86689f4\" data-element_type=\"section\" data-e-type=\"section\" data-settings=\"{&quot;background_background&quot;:&quot;classic&quot;,&quot;background_motion_fx_motion_fx_scrolling&quot;:&quot;yes&quot;,&quot;background_motion_fx_devices&quot;:[&quot;desktop&quot;,&quot;tablet&quot;,&quot;mobile&quot;]}\">\n\t\t\t\t\t\t\t<div class=\"elementor-background-overlay\"><\/div>\n\t\t\t\t\t\t\t<div class=\"elementor-container elementor-column-gap-default\">\n\t\t\t\t\t<div class=\"elementor-column elementor-col-50 elementor-top-column elementor-element elementor-element-bac4e57\" data-id=\"bac4e57\" data-element_type=\"column\" data-e-type=\"column\">\n\t\t\t<div class=\"elementor-widget-wrap elementor-element-populated\">\n\t\t\t\t\t\t\t<\/div>\n\t\t<\/div>\n\t\t\t\t<div class=\"elementor-column elementor-col-50 elementor-top-column elementor-element elementor-element-d1965db\" data-id=\"d1965db\" data-element_type=\"column\" data-e-type=\"column\">\n\t\t\t<div class=\"elementor-widget-wrap elementor-element-populated\">\n\t\t\t\t\t\t<div class=\"elementor-element elementor-element-cc82e35 elementor-widget elementor-widget-woocommerce-breadcrumb\" data-id=\"cc82e35\" data-element_type=\"widget\" data-e-type=\"widget\" data-widget_type=\"woocommerce-breadcrumb.default\">\n\t\t\t\t<div class=\"elementor-widget-container\">\n\t\t\t\t\t<nav class=\"woocommerce-breadcrumb\" aria-label=\"Breadcrumb\">In\u00edcio<\/nav>\t\t\t\t<\/div>\n\t\t\t\t<\/div>\n\t\t\t\t\t<\/div>\n\t\t<\/div>\n\t\t\t\t\t<\/div>\n\t\t<\/section>\n\t\t\t\t<section class=\"elementor-section elementor-top-section elementor-element elementor-element-c00786b elementor-section-full_width elementor-section-height-default elementor-section-height-default\" data-id=\"c00786b\" data-element_type=\"section\" data-e-type=\"section\" data-settings=\"{&quot;background_background&quot;:&quot;classic&quot;}\">\n\t\t\t\t\t\t<div class=\"elementor-container elementor-column-gap-default\">\n\t\t\t\t\t<div class=\"elementor-column elementor-col-100 elementor-top-column elementor-element elementor-element-5c11225a\" data-id=\"5c11225a\" data-element_type=\"column\" data-e-type=\"column\">\n\t\t\t<div class=\"elementor-widget-wrap elementor-element-populated\">\n\t\t\t\t\t\t<div class=\"elementor-element elementor-element-20cb0d0c elementor-widget elementor-widget-text-editor\" data-id=\"20cb0d0c\" data-element_type=\"widget\" data-e-type=\"widget\" data-widget_type=\"text-editor.default\">\n\t\t\t\t<div class=\"elementor-widget-container\">\n\t\t\t\t\t\t\t\t\t<h2>Vis\u00e3o geral<\/h2>\n<p>Nossa pol\u00edtica de reembolso e devolu\u00e7\u00f5es dura 30 dias. Se 30 dias se passaram desde a sua compra, n\u00e3o podemos oferecer um reembolso total ou troca.<br>Para ser eleg\u00edvel para uma devolu\u00e7\u00e3o, seu item deve estar sem uso e nas mesmas condi\u00e7\u00f5es em que voc\u00ea o recebeu. Tamb\u00e9m deve estar na embalagem original.<br>V\u00e1rios tipos de mercadorias est\u00e3o isentos de devolu\u00e7\u00e3o. Bens perec\u00edveis como alimentos, flores, jornais ou revistas n\u00e3o podem ser devolvidos. Tamb\u00e9m n\u00e3o aceitamos produtos \u00edntimos ou sanit\u00e1rios, materiais perigosos ou l\u00edquidos ou gases inflam\u00e1veis.<\/p>\n<p>Itens adicionais n\u00e3o retorn\u00e1veis:<br>\u2022 Cart\u00f5es de presente<br>\u2022 Produtos de software para download<br>\u2022 Alguns itens de sa\u00fade e cuidados pessoais<\/p>\n<p>Para concluir sua devolu\u00e7\u00e3o, exigimos um recibo ou comprovante de compra.<\/p>\n<p>Por favor, n\u00e3o envie sua compra de volta ao fabricante.<br>Existem algumas situa\u00e7\u00f5es em que apenas s\u00e3o concedidos reembolsos parciais:<\/p>\n<p>Livro com sinais \u00f3bvios de uso<br>CD, DVD, fita VHS, software, videogame, fita cassete ou disco de vinil que foi aberto.<br>Qualquer item que n\u00e3o esteja em sua condi\u00e7\u00e3o original, est\u00e1 danificado ou faltando pe\u00e7as por motivos que n\u00e3o sejam devidos a nosso erro.<br><span style=\"font-style: inherit; font-weight: inherit; color: var( --e-global-color-37d1350 ); font-family: var( --e-global-typography-text-font-family ), Sans-serif; background-color: var(--ast-global-color-5);\">Qualquer item devolvido mais de 30 dias ap\u00f3s a entrega.<br><br><\/span><\/p>\n<h2>Reembolsos<\/h2>\n<p>Assim que sua devolu\u00e7\u00e3o for recebida e inspecionada, enviaremos um e-mail para notific\u00e1-lo de que recebemos seu item devolvido. Tamb\u00e9m o notificaremos da aprova\u00e7\u00e3o ou rejei\u00e7\u00e3o do seu reembolso.<\/p>\n<p>Se voc\u00ea for aprovado, seu reembolso ser\u00e1 processado e um cr\u00e9dito ser\u00e1 aplicado automaticamente ao seu cart\u00e3o de cr\u00e9dito ou m\u00e9todo de pagamento original, dentro de um determinado per\u00edodo de dias.<\/p>\n<p>Reembolsos atrasados ou ausentes<br>Se voc\u00ea ainda n\u00e3o recebeu um reembolso, primeiro verifique sua conta banc\u00e1ria novamente.<br>Em seguida, entre em contato com sua empresa de cart\u00e3o de cr\u00e9dito, pode levar algum tempo at\u00e9 que seu reembolso seja oficialmente lan\u00e7ado.<\/p>\n<p>Em seguida, entre em contato com seu banco. Muitas vezes, h\u00e1 algum tempo de processamento antes que um reembolso seja publicado.<br>Se voc\u00ea fez tudo isso e ainda n\u00e3o recebeu seu reembolso, entre em contato conosco em {email address}.<br><br><\/p>\n<h2>Itens \u00e0 venda<\/h2>\n<p>Apenas itens com pre\u00e7o normal podem ser reembolsados. Os itens de venda n\u00e3o podem ser reembolsados.<br><br><\/p>\n<h2>Trocas<\/h2>\n<p>S\u00f3 substitu\u00edmos itens se estiverem com defeito ou danificados. Se voc\u00ea precisar troc\u00e1-lo pelo mesmo item, envie-nos um e-mail para {email address} e envie seu item para: {physical address}.<br><br><\/p>\n<h2>Presentes<\/h2>\n<p>Se o item foi marcado como presente quando comprado e enviado diretamente para voc\u00ea, voc\u00ea receber\u00e1 um cr\u00e9dito de presente no valor de sua devolu\u00e7\u00e3o. Assim que o item devolvido for recebido, um vale-presente ser\u00e1 enviado para voc\u00ea.<\/p>\n<p>Se o item n\u00e3o foi marcado como um presente quando comprado, ou o presenteador teve o pedido enviado a si mesmo para entregar a voc\u00ea mais tarde, enviaremos um reembolso ao presenteador e ele saber\u00e1 sobre sua devolu\u00e7\u00e3o.<br><br><\/p>\n<h2>Devolu\u00e7\u00f5es de envio<\/h2>\n<p>Para devolver seu produto, voc\u00ea deve enviar seu produto para: {endere\u00e7o f\u00edsico}.<\/p>\n<p>Voc\u00ea ser\u00e1 respons\u00e1vel por pagar seus pr\u00f3prios custos de envio para devolver seu item. Os custos de envio n\u00e3o s\u00e3o reembols\u00e1veis. Se voc\u00ea receber um reembolso, o custo do frete de devolu\u00e7\u00e3o ser\u00e1 deduzido do seu reembolso.<\/p>\n<p>Dependendo de onde voc\u00ea mora, o tempo que pode levar para o produto trocado chegar at\u00e9 voc\u00ea pode variar.<\/p>\n<p>Se voc\u00ea estiver devolvendo itens mais caros, considere usar um servi\u00e7o de remessa rastre\u00e1vel ou adquirir um seguro de remessa. N\u00e3o garantimos que receberemos seu item devolvido.<br><br><\/p>\n<h2>Preciso de ajuda?<\/h2>\n<p>Contacte-nos no {email} para quest\u00f5es relacionadas com reembolsos e devolu\u00e7\u00f5es<br><br><\/p>\t\t\t\t\t\t\t\t<\/div>\n\t\t\t\t<\/div>\n\t\t\t\t\t<\/div>\n\t\t<\/div>\n\t\t\t\t\t<\/div>\n\t\t<\/section>\n\t\t\t\t<\/div>\n\t\t","protected":false},"excerpt":{"rendered":"<p>Vis\u00e3o geral Nossa pol\u00edtica de reembolso e devolu\u00e7\u00f5es dura 30 dias. Se 30 dias se passaram desde a sua compra, n\u00e3o podemos oferecer um reembolso total ou troca.Para ser eleg\u00edvel para uma devolu\u00e7\u00e3o, seu item deve estar sem uso e nas mesmas condi\u00e7\u00f5es em que voc\u00ea o recebeu. Tamb\u00e9m deve estar na embalagem original.V\u00e1rios tipos [&hellip;]<\/p>\n","protected":false},"author":2873,"featured_media":0,"parent":0,"menu_order":203,"comment_status":"closed","ping_status":"closed","template":"elementor_header_footer","meta":{"_acf_changed":false,"footnotes":""},"class_list":["post-3553","page","type-page","status-publish","hentry"],"acf":[],"yoast_head":"<!-- This site is optimized with the Yoast SEO plugin v27.3 - https:\/\/yoast.com\/product\/yoast-seo-wordpress\/ -->\n<title>Pol\u00edtica de reembolso e devolu\u00e7\u00f5es - Kit Moda<\/title>\n<meta name=\"robots\" content=\"index, follow, max-snippet:-1, max-image-preview:large, max-video-preview:-1\" \/>\n<link rel=\"canonical\" href=\"https:\/\/algonovocom.com.br\/clientes\/kitmoda\/politica-de-reembolso-e-devolucoes\" \/>\n<meta property=\"og:locale\" content=\"pt_BR\" \/>\n<meta property=\"og:type\" content=\"article\" \/>\n<meta property=\"og:title\" content=\"Pol\u00edtica de reembolso e devolu\u00e7\u00f5es - Kit Moda\" \/>\n<meta property=\"og:description\" content=\"Vis\u00e3o geral Nossa pol\u00edtica de reembolso e devolu\u00e7\u00f5es dura 30 dias. Se 30 dias se passaram desde a sua compra, n\u00e3o podemos oferecer um reembolso total ou troca.Para ser eleg\u00edvel para uma devolu\u00e7\u00e3o, seu item deve estar sem uso e nas mesmas condi\u00e7\u00f5es em que voc\u00ea o recebeu. Tamb\u00e9m deve estar na embalagem original.V\u00e1rios tipos [&hellip;]\" \/>\n<meta property=\"og:url\" content=\"https:\/\/algonovocom.com.br\/clientes\/kitmoda\/politica-de-reembolso-e-devolucoes\" \/>\n<meta property=\"og:site_name\" content=\"Kit Moda\" \/>\n<meta property=\"article:modified_time\" content=\"2022-12-04T06:35:11+00:00\" \/>\n<meta name=\"twitter:card\" content=\"summary_large_image\" \/>\n<meta name=\"twitter:label1\" content=\"Est. tempo de leitura\" \/>\n\t<meta name=\"twitter:data1\" content=\"4 minutos\" \/>\n<script type=\"application\/ld+json\" class=\"yoast-schema-graph\">{\"@context\":\"https:\\\/\\\/schema.org\",\"@graph\":[{\"@type\":\"WebPage\",\"@id\":\"https:\\\/\\\/algonovocom.com.br\\\/clientes\\\/kitmoda\\\/politica-de-reembolso-e-devolucoes\",\"url\":\"https:\\\/\\\/algonovocom.com.br\\\/clientes\\\/kitmoda\\\/politica-de-reembolso-e-devolucoes\",\"name\":\"Pol\u00edtica de reembolso e devolu\u00e7\u00f5es - Kit Moda\",\"isPartOf\":{\"@id\":\"https:\\\/\\\/algonovocom.com.br\\\/clientes\\\/kitmoda\\\/#website\"},\"datePublished\":\"2022-08-29T19:25:58+00:00\",\"dateModified\":\"2022-12-04T06:35:11+00:00\",\"breadcrumb\":{\"@id\":\"https:\\\/\\\/algonovocom.com.br\\\/clientes\\\/kitmoda\\\/politica-de-reembolso-e-devolucoes#breadcrumb\"},\"inLanguage\":\"pt-BR\",\"potentialAction\":[{\"@type\":\"ReadAction\",\"target\":[\"https:\\\/\\\/algonovocom.com.br\\\/clientes\\\/kitmoda\\\/politica-de-reembolso-e-devolucoes\"]}]},{\"@type\":\"BreadcrumbList\",\"@id\":\"https:\\\/\\\/algonovocom.com.br\\\/clientes\\\/kitmoda\\\/politica-de-reembolso-e-devolucoes#breadcrumb\",\"itemListElement\":[{\"@type\":\"ListItem\",\"position\":1,\"name\":\"In\u00edcio\",\"item\":\"https:\\\/\\\/algonovocom.com.br\\\/clientes\\\/kitmoda\\\/\"},{\"@type\":\"ListItem\",\"position\":2,\"name\":\"Pol\u00edtica de reembolso e devolu\u00e7\u00f5es\"}]},{\"@type\":\"WebSite\",\"@id\":\"https:\\\/\\\/algonovocom.com.br\\\/clientes\\\/kitmoda\\\/#website\",\"url\":\"https:\\\/\\\/algonovocom.com.br\\\/clientes\\\/kitmoda\\\/\",\"name\":\"Kit Moda\",\"description\":\"Seu look pronto, em poucos cliques!\",\"publisher\":{\"@id\":\"https:\\\/\\\/algonovocom.com.br\\\/clientes\\\/kitmoda\\\/#organization\"},\"potentialAction\":[{\"@type\":\"SearchAction\",\"target\":{\"@type\":\"EntryPoint\",\"urlTemplate\":\"https:\\\/\\\/algonovocom.com.br\\\/clientes\\\/kitmoda\\\/?s={search_term_string}\"},\"query-input\":{\"@type\":\"PropertyValueSpecification\",\"valueRequired\":true,\"valueName\":\"search_term_string\"}}],\"inLanguage\":\"pt-BR\"},{\"@type\":\"Organization\",\"@id\":\"https:\\\/\\\/algonovocom.com.br\\\/clientes\\\/kitmoda\\\/#organization\",\"name\":\"Kit Moda\",\"url\":\"https:\\\/\\\/algonovocom.com.br\\\/clientes\\\/kitmoda\\\/\",\"logo\":{\"@type\":\"ImageObject\",\"inLanguage\":\"pt-BR\",\"@id\":\"https:\\\/\\\/algonovocom.com.br\\\/clientes\\\/kitmoda\\\/#\\\/schema\\\/logo\\\/image\\\/\",\"url\":\"https:\\\/\\\/algonovocom.com.br\\\/clientes\\\/kitmoda\\\/wp-content\\\/uploads\\\/2026\\\/04\\\/cropped-kit-moda-logo.png\",\"contentUrl\":\"https:\\\/\\\/algonovocom.com.br\\\/clientes\\\/kitmoda\\\/wp-content\\\/uploads\\\/2026\\\/04\\\/cropped-kit-moda-logo.png\",\"width\":573,\"height\":324,\"caption\":\"Kit Moda\"},\"image\":{\"@id\":\"https:\\\/\\\/algonovocom.com.br\\\/clientes\\\/kitmoda\\\/#\\\/schema\\\/logo\\\/image\\\/\"}}]}<\/script>\n<!-- \/ Yoast SEO plugin. -->","yoast_head_json":{"title":"Pol\u00edtica de reembolso e devolu\u00e7\u00f5es - Kit Moda","robots":{"index":"index","follow":"follow","max-snippet":"max-snippet:-1","max-image-preview":"max-image-preview:large","max-video-preview":"max-video-preview:-1"},"canonical":"https:\/\/algonovocom.com.br\/clientes\/kitmoda\/politica-de-reembolso-e-devolucoes","og_locale":"pt_BR","og_type":"article","og_title":"Pol\u00edtica de reembolso e devolu\u00e7\u00f5es - Kit Moda","og_description":"Vis\u00e3o geral Nossa pol\u00edtica de reembolso e devolu\u00e7\u00f5es dura 30 dias. Se 30 dias se passaram desde a sua compra, n\u00e3o podemos oferecer um reembolso total ou troca.Para ser eleg\u00edvel para uma devolu\u00e7\u00e3o, seu item deve estar sem uso e nas mesmas condi\u00e7\u00f5es em que voc\u00ea o recebeu. Tamb\u00e9m deve estar na embalagem original.V\u00e1rios tipos [&hellip;]","og_url":"https:\/\/algonovocom.com.br\/clientes\/kitmoda\/politica-de-reembolso-e-devolucoes","og_site_name":"Kit Moda","article_modified_time":"2022-12-04T06:35:11+00:00","twitter_card":"summary_large_image","twitter_misc":{"Est. tempo de leitura":"4 minutos"},"schema":{"@context":"https:\/\/schema.org","@graph":[{"@type":"WebPage","@id":"https:\/\/algonovocom.com.br\/clientes\/kitmoda\/politica-de-reembolso-e-devolucoes","url":"https:\/\/algonovocom.com.br\/clientes\/kitmoda\/politica-de-reembolso-e-devolucoes","name":"Pol\u00edtica de reembolso e devolu\u00e7\u00f5es - Kit Moda","isPartOf":{"@id":"https:\/\/algonovocom.com.br\/clientes\/kitmoda\/#website"},"datePublished":"2022-08-29T19:25:58+00:00","dateModified":"2022-12-04T06:35:11+00:00","breadcrumb":{"@id":"https:\/\/algonovocom.com.br\/clientes\/kitmoda\/politica-de-reembolso-e-devolucoes#breadcrumb"},"inLanguage":"pt-BR","potentialAction":[{"@type":"ReadAction","target":["https:\/\/algonovocom.com.br\/clientes\/kitmoda\/politica-de-reembolso-e-devolucoes"]}]},{"@type":"BreadcrumbList","@id":"https:\/\/algonovocom.com.br\/clientes\/kitmoda\/politica-de-reembolso-e-devolucoes#breadcrumb","itemListElement":[{"@type":"ListItem","position":1,"name":"In\u00edcio","item":"https:\/\/algonovocom.com.br\/clientes\/kitmoda\/"},{"@type":"ListItem","position":2,"name":"Pol\u00edtica de reembolso e devolu\u00e7\u00f5es"}]},{"@type":"WebSite","@id":"https:\/\/algonovocom.com.br\/clientes\/kitmoda\/#website","url":"https:\/\/algonovocom.com.br\/clientes\/kitmoda\/","name":"Kit Moda","description":"Seu look pronto, em poucos cliques!","publisher":{"@id":"https:\/\/algonovocom.com.br\/clientes\/kitmoda\/#organization"},"potentialAction":[{"@type":"SearchAction","target":{"@type":"EntryPoint","urlTemplate":"https:\/\/algonovocom.com.br\/clientes\/kitmoda\/?s={search_term_string}"},"query-input":{"@type":"PropertyValueSpecification","valueRequired":true,"valueName":"search_term_string"}}],"inLanguage":"pt-BR"},{"@type":"Organization","@id":"https:\/\/algonovocom.com.br\/clientes\/kitmoda\/#organization","name":"Kit Moda","url":"https:\/\/algonovocom.com.br\/clientes\/kitmoda\/","logo":{"@type":"ImageObject","inLanguage":"pt-BR","@id":"https:\/\/algonovocom.com.br\/clientes\/kitmoda\/#\/schema\/logo\/image\/","url":"https:\/\/algonovocom.com.br\/clientes\/kitmoda\/wp-content\/uploads\/2026\/04\/cropped-kit-moda-logo.png","contentUrl":"https:\/\/algonovocom.com.br\/clientes\/kitmoda\/wp-content\/uploads\/2026\/04\/cropped-kit-moda-logo.png","width":573,"height":324,"caption":"Kit Moda"},"image":{"@id":"https:\/\/algonovocom.com.br\/clientes\/kitmoda\/#\/schema\/logo\/image\/"}}]}},"_links":{"self":[{"href":"https:\/\/algonovocom.com.br\/clientes\/kitmoda\/wp-json\/wp\/v2\/pages\/3553","targetHints":{"allow":["GET"]}}],"collection":[{"href":"https:\/\/algonovocom.com.br\/clientes\/kitmoda\/wp-json\/wp\/v2\/pages"}],"about":[{"href":"https:\/\/algonovocom.com.br\/clientes\/kitmoda\/wp-json\/wp\/v2\/types\/page"}],"author":[{"embeddable":true,"href":"https:\/\/algonovocom.com.br\/clientes\/kitmoda\/wp-json\/wp\/v2\/users\/2873"}],"replies":[{"embeddable":true,"href":"https:\/\/algonovocom.com.br\/clientes\/kitmoda\/wp-json\/wp\/v2\/comments?post=3553"}],"version-history":[{"count":0,"href":"https:\/\/algonovocom.com.br\/clientes\/kitmoda\/wp-json\/wp\/v2\/pages\/3553\/revisions"}],"wp:attachment":[{"href":"https:\/\/algonovocom.com.br\/clientes\/kitmoda\/wp-json\/wp\/v2\/media?parent=3553"}],"curies":[{"name":"wp","href":"https:\/\/api.w.org\/{rel}","templated":true}]}}