{"id":3537,"date":"2022-08-29T19:17:59","date_gmt":"2022-08-29T19:17:59","guid":{"rendered":"https:\/\/editoraventuroli.com\/?page_id=3537"},"modified":"2022-12-04T06:33:18","modified_gmt":"2022-12-04T06:33:18","slug":"termos-condicoes","status":"publish","type":"page","link":"https:\/\/algonovocom.com.br\/clientes\/kitmoda\/termos-condicoes","title":{"rendered":"Termos &#038; Condi\u00e7\u00f5es"},"content":{"rendered":"\t\t<div data-elementor-type=\"wp-page\" data-elementor-id=\"3537\" class=\"elementor elementor-3537\" wpc-filter-elementor-widget=\"1\" data-elementor-post-type=\"page\">\n\t\t\t\t\t\t<section class=\"elementor-section elementor-top-section elementor-element elementor-element-bf97737 elementor-section-boxed elementor-section-height-default elementor-section-height-default\" data-id=\"bf97737\" data-element_type=\"section\" data-e-type=\"section\" data-settings=\"{&quot;background_background&quot;:&quot;classic&quot;,&quot;background_motion_fx_motion_fx_scrolling&quot;:&quot;yes&quot;,&quot;background_motion_fx_devices&quot;:[&quot;desktop&quot;,&quot;tablet&quot;,&quot;mobile&quot;]}\">\n\t\t\t\t\t\t\t<div class=\"elementor-background-overlay\"><\/div>\n\t\t\t\t\t\t\t<div class=\"elementor-container elementor-column-gap-default\">\n\t\t\t\t\t<div class=\"elementor-column elementor-col-50 elementor-top-column elementor-element elementor-element-947ed0b\" data-id=\"947ed0b\" data-element_type=\"column\" data-e-type=\"column\">\n\t\t\t<div class=\"elementor-widget-wrap elementor-element-populated\">\n\t\t\t\t\t\t\t<\/div>\n\t\t<\/div>\n\t\t\t\t<div class=\"elementor-column elementor-col-50 elementor-top-column elementor-element elementor-element-fe49095\" data-id=\"fe49095\" data-element_type=\"column\" data-e-type=\"column\">\n\t\t\t<div class=\"elementor-widget-wrap elementor-element-populated\">\n\t\t\t\t\t\t<div class=\"elementor-element elementor-element-bd4ed70 elementor-widget elementor-widget-woocommerce-breadcrumb\" data-id=\"bd4ed70\" data-element_type=\"widget\" data-e-type=\"widget\" data-widget_type=\"woocommerce-breadcrumb.default\">\n\t\t\t\t<div class=\"elementor-widget-container\">\n\t\t\t\t\t<nav class=\"woocommerce-breadcrumb\" aria-label=\"Breadcrumb\">In\u00edcio<\/nav>\t\t\t\t<\/div>\n\t\t\t\t<\/div>\n\t\t\t\t\t<\/div>\n\t\t<\/div>\n\t\t\t\t\t<\/div>\n\t\t<\/section>\n\t\t\t\t<section class=\"elementor-section elementor-top-section elementor-element elementor-element-84ab3d3 elementor-section-full_width elementor-section-height-default elementor-section-height-default\" data-id=\"84ab3d3\" data-element_type=\"section\" data-e-type=\"section\">\n\t\t\t\t\t\t<div class=\"elementor-container elementor-column-gap-default\">\n\t\t\t\t\t<div class=\"elementor-column elementor-col-100 elementor-top-column elementor-element elementor-element-6a439c6\" data-id=\"6a439c6\" data-element_type=\"column\" data-e-type=\"column\">\n\t\t\t<div class=\"elementor-widget-wrap elementor-element-populated\">\n\t\t\t\t\t\t<div class=\"elementor-element elementor-element-1847e70 elementor-widget elementor-widget-text-editor\" data-id=\"1847e70\" data-element_type=\"widget\" data-e-type=\"widget\" data-widget_type=\"text-editor.default\">\n\t\t\t\t<div class=\"elementor-widget-container\">\n\t\t\t\t\t\t\t\t\t<p>Estes termos e condi\u00e7\u00f5es descrevem as regras e regulamentos de uso do site da {site_tittle}, ({site_url}).<br \/><span style=\"font-style: inherit; font-weight: inherit; color: var( --e-global-color-37d1350 ); font-family: var( --e-global-typography-text-font-family ), Sans-serif; background-color: var(--ast-global-color-5);\">Ao acessar este site, assumimos que voc\u00ea aceita estes termos e condi\u00e7\u00f5es. N\u00e3o continue a usar o {site_tittle} se n\u00e3o concordar em aceitar todos os termos e condi\u00e7\u00f5es indicados nesta p\u00e1gina.<br \/><br \/><\/span><\/p><h2>Cookies:<\/h2><p>O site usa cookies para ajudar a personalizar sua experi\u00eancia online. Ao acessar a {site_tittle}, voc\u00ea concorda em usar os cookies necess\u00e1rios.<\/p><p>Um cookie \u00e9 um arquivo de texto que \u00e9 colocado em seu disco r\u00edgido por um servidor de p\u00e1gina da web. Os cookies n\u00e3o podem ser usados para executar programas ou entregar v\u00edrus ao seu computador. Os cookies s\u00e3o atribu\u00eddos exclusivamente a voc\u00ea e s\u00f3 podem ser lidos por um servidor da web no dom\u00ednio que emitiu o cookie para voc\u00ea.<\/p><p>Podemos usar cookies para coletar, armazenar e rastrear informa\u00e7\u00f5es para fins estat\u00edsticos ou de marketing para operar nosso site. Voc\u00ea tem a capacidade de aceitar ou recusar Cookies opcionais. Existem alguns Cookies obrigat\u00f3rios que s\u00e3o necess\u00e1rios para o funcionamento do nosso site. Esses cookies n\u00e3o requerem seu consentimento, pois sempre funcionam. Lembre-se de que, ao aceitar os cookies necess\u00e1rios, voc\u00ea tamb\u00e9m aceita cookies de terceiros, que podem ser usados por meio de servi\u00e7os fornecidos por terceiros se voc\u00ea usar esses servi\u00e7os em nosso site, por exemplo, uma janela de exibi\u00e7\u00e3o de v\u00eddeo fornecida por terceiros e integrada em nosso site.<br \/><br \/><\/p><h2>Licen\u00e7a:<\/h2><p>Salvo indica\u00e7\u00e3o em contr\u00e1rio, a {site_tittle} e\/ou seus licenciadores det\u00eam os direitos de propriedade intelectual de todo o material da {site_tittle}. Todos os direitos de propriedade intelectual s\u00e3o reservados. Voc\u00ea pode acess\u00e1-lo da {site_tittle} para uso pessoal, sujeito \u00e0s restri\u00e7\u00f5es estabelecidas nestes termos e condi\u00e7\u00f5es.<br \/><br \/><\/p><h2>Voc\u00ea n\u00e3o deve:<\/h2><p>\u2022 Copiar ou republicar material da {site_tittle}<br \/>\u2022 Vender, alugar ou sublicenciar material da {site_tittle}<br \/>\u2022 Reproduzir, duplicar ou copiar material da {site_tittle}<br \/>\u2022 Redistribuir conte\u00fado de {site_tittle}<br \/>\u2022 Este Contrato ter\u00e1 in\u00edcio na presente data.<\/p><p>Partes deste site oferecem aos usu\u00e1rios a oportunidade de postar e trocar opini\u00f5es e informa\u00e7\u00f5es em determinadas \u00e1reas do site. A {site_tittle} n\u00e3o filtra, edita, publica ou revisa Coment\u00e1rios antes de sua presen\u00e7a no site. Os coment\u00e1rios n\u00e3o refletem os pontos de vista e opini\u00f5es da {site_tittle}, seus agentes e\/ou afiliadas. Os coment\u00e1rios refletem os pontos de vista e opini\u00f5es da pessoa que publica seus pontos de vista e opini\u00f5es. Na medida do permitido pelas leis aplic\u00e1veis, a {site_tittle} n\u00e3o ser\u00e1 respons\u00e1vel pelos Coment\u00e1rios ou qualquer responsabilidade, danos ou despesas causados e\/ou sofridos como resultado de qualquer uso e\/ou publica\u00e7\u00e3o e\/ou exibi\u00e7\u00e3o dos Coment\u00e1rios em esse site.<\/p><p>A {site_tittle} reserva-se o direito de monitorar todos os Coment\u00e1rios e remover quaisquer Coment\u00e1rios que possam ser considerados inadequados, ofensivos ou que causem viola\u00e7\u00e3o destes Termos e Condi\u00e7\u00f5es.<br \/><br \/><\/p><h2>Voc\u00ea garante e declara que:<\/h2><p>\u2022 Voc\u00ea tem o direito de postar os Coment\u00e1rios em nosso site e tem todas as licen\u00e7as e consentimentos necess\u00e1rios para faz\u00ea-lo;<br \/>\u2022 Os Coment\u00e1rios n\u00e3o invadem nenhum direito de propriedade intelectual, incluindo, sem limita\u00e7\u00e3o, direitos autorais, patentes ou marcas registradas de terceiros;<br \/>\u2022 Os Coment\u00e1rios n\u00e3o cont\u00eam nenhum material difamat\u00f3rio, calunioso, ofensivo, indecente ou ilegal, o que \u00e9 uma invas\u00e3o de privacidade.<br \/>\u2022 Os Coment\u00e1rios n\u00e3o ser\u00e3o usados para solicitar ou promover neg\u00f3cios ou costumes ou apresentar atividades comerciais ou atividades ilegais.<br \/>\u2022 Voc\u00ea concede \u00e0 {site_tittle} uma licen\u00e7a n\u00e3o exclusiva para usar, reproduzir, editar e autorizar outros a usar, reproduzir e editar qualquer um de seus Coment\u00e1rios em toda e qualquer forma, formato ou m\u00eddia.<br \/><br \/><\/p><h2>Hiperlinks para o nosso conte\u00fado:<\/h2><p>As seguintes organiza\u00e7\u00f5es podem vincular-se ao nosso site sem aprova\u00e7\u00e3o pr\u00e9via por escrito:<\/p><p>\u2022 Ag\u00eancias governamentais;<br \/>\u2022 Motores de busca;<br \/>\u2022 Organiza\u00e7\u00f5es de not\u00edcias;<br \/>\u2022 Os distribuidores de diret\u00f3rios on-line podem vincular-se ao nosso site da mesma maneira que vinculam aos sites de outras empresas listadas; e<br \/>\u2022 Empresas credenciadas em todo o sistema, exceto organiza\u00e7\u00f5es sem fins lucrativos, shopping centers de caridade e grupos de angaria\u00e7\u00e3o de fundos de caridade que n\u00e3o podem ter links para nosso site.<br \/>\u2022 Essas organiza\u00e7\u00f5es podem criar links para nossa p\u00e1gina inicial, publica\u00e7\u00f5es ou outras informa\u00e7\u00f5es do site, desde que o link: (a) n\u00e3o seja de forma alguma enganoso; (b) n\u00e3o implique falsamente patroc\u00ednio, endosso ou aprova\u00e7\u00e3o da parte vinculada e seus produtos e\/ou servi\u00e7os; e (c) se enquadre no contexto do site da parte vinculada.<\/p><h4>Podemos considerar e aprovar outras solicita\u00e7\u00f5es de link dos seguintes tipos de organiza\u00e7\u00f5es:<\/h4><p>\u2022 Fontes de informa\u00e7\u00f5es de consumidores e\/ou neg\u00f3cios comumente conhecidas;<br \/>\u2022 Sites da comunidade ponto.com;<br \/>\u2022 Associa\u00e7\u00f5es ou outros grupos que representam institui\u00e7\u00f5es de caridade;<br \/>\u2022 Distribuidores de diret\u00f3rios on-line;<br \/>\u2022 Portais de internet;<br \/>\u2022 Empresas de contabilidade, advocacia e consultoria; <br \/>\u2022 Institui\u00e7\u00f5es de ensino e associa\u00e7\u00f5es comerciais.<\/p><p>Aprovaremos solicita\u00e7\u00f5es de links dessas organiza\u00e7\u00f5es se decidirmos que: (a) o link n\u00e3o nos faria parecer desfavor\u00e1vel a n\u00f3s mesmos ou aos nossos neg\u00f3cios credenciados; (b) a organiza\u00e7\u00e3o n\u00e3o tem nenhum<\/p>\t\t\t\t\t\t\t\t<\/div>\n\t\t\t\t<\/div>\n\t\t\t\t\t<\/div>\n\t\t<\/div>\n\t\t\t\t\t<\/div>\n\t\t<\/section>\n\t\t\t\t<\/div>\n\t\t","protected":false},"excerpt":{"rendered":"<p>Estes termos e condi\u00e7\u00f5es descrevem as regras e regulamentos de uso do site da {site_tittle}, ({site_url}).Ao acessar este site, assumimos que voc\u00ea aceita estes termos e condi\u00e7\u00f5es. N\u00e3o continue a usar o {site_tittle} se n\u00e3o concordar em aceitar todos os termos e condi\u00e7\u00f5es indicados nesta p\u00e1gina. Cookies: O site usa cookies para ajudar a personalizar [&hellip;]<\/p>\n","protected":false},"author":2873,"featured_media":0,"parent":0,"menu_order":202,"comment_status":"closed","ping_status":"closed","template":"elementor_header_footer","meta":{"_acf_changed":false,"footnotes":""},"class_list":["post-3537","page","type-page","status-publish","hentry"],"acf":[],"yoast_head":"<!-- This site is optimized with the Yoast SEO plugin v27.3 - https:\/\/yoast.com\/product\/yoast-seo-wordpress\/ -->\n<title>Termos &amp; Condi\u00e7\u00f5es - Kit Moda<\/title>\n<meta name=\"robots\" content=\"index, follow, max-snippet:-1, max-image-preview:large, max-video-preview:-1\" \/>\n<link rel=\"canonical\" href=\"https:\/\/algonovocom.com.br\/clientes\/kitmoda\/termos-condicoes\" \/>\n<meta property=\"og:locale\" content=\"pt_BR\" \/>\n<meta property=\"og:type\" content=\"article\" \/>\n<meta property=\"og:title\" content=\"Termos &amp; Condi\u00e7\u00f5es - Kit Moda\" \/>\n<meta property=\"og:description\" content=\"Estes termos e condi\u00e7\u00f5es descrevem as regras e regulamentos de uso do site da {site_tittle}, ({site_url}).Ao acessar este site, assumimos que voc\u00ea aceita estes termos e condi\u00e7\u00f5es. N\u00e3o continue a usar o {site_tittle} se n\u00e3o concordar em aceitar todos os termos e condi\u00e7\u00f5es indicados nesta p\u00e1gina. Cookies: O site usa cookies para ajudar a personalizar [&hellip;]\" \/>\n<meta property=\"og:url\" content=\"https:\/\/algonovocom.com.br\/clientes\/kitmoda\/termos-condicoes\" \/>\n<meta property=\"og:site_name\" content=\"Kit Moda\" \/>\n<meta property=\"article:modified_time\" content=\"2022-12-04T06:33:18+00:00\" \/>\n<meta name=\"twitter:card\" content=\"summary_large_image\" \/>\n<meta name=\"twitter:label1\" content=\"Est. tempo de leitura\" \/>\n\t<meta name=\"twitter:data1\" content=\"5 minutos\" \/>\n<script type=\"application\/ld+json\" class=\"yoast-schema-graph\">{\"@context\":\"https:\\\/\\\/schema.org\",\"@graph\":[{\"@type\":\"WebPage\",\"@id\":\"https:\\\/\\\/algonovocom.com.br\\\/clientes\\\/kitmoda\\\/termos-condicoes\",\"url\":\"https:\\\/\\\/algonovocom.com.br\\\/clientes\\\/kitmoda\\\/termos-condicoes\",\"name\":\"Termos & Condi\u00e7\u00f5es - Kit Moda\",\"isPartOf\":{\"@id\":\"https:\\\/\\\/algonovocom.com.br\\\/clientes\\\/kitmoda\\\/#website\"},\"datePublished\":\"2022-08-29T19:17:59+00:00\",\"dateModified\":\"2022-12-04T06:33:18+00:00\",\"breadcrumb\":{\"@id\":\"https:\\\/\\\/algonovocom.com.br\\\/clientes\\\/kitmoda\\\/termos-condicoes#breadcrumb\"},\"inLanguage\":\"pt-BR\",\"potentialAction\":[{\"@type\":\"ReadAction\",\"target\":[\"https:\\\/\\\/algonovocom.com.br\\\/clientes\\\/kitmoda\\\/termos-condicoes\"]}]},{\"@type\":\"BreadcrumbList\",\"@id\":\"https:\\\/\\\/algonovocom.com.br\\\/clientes\\\/kitmoda\\\/termos-condicoes#breadcrumb\",\"itemListElement\":[{\"@type\":\"ListItem\",\"position\":1,\"name\":\"In\u00edcio\",\"item\":\"https:\\\/\\\/algonovocom.com.br\\\/clientes\\\/kitmoda\\\/\"},{\"@type\":\"ListItem\",\"position\":2,\"name\":\"Termos &#038; Condi\u00e7\u00f5es\"}]},{\"@type\":\"WebSite\",\"@id\":\"https:\\\/\\\/algonovocom.com.br\\\/clientes\\\/kitmoda\\\/#website\",\"url\":\"https:\\\/\\\/algonovocom.com.br\\\/clientes\\\/kitmoda\\\/\",\"name\":\"Kit Moda\",\"description\":\"Seu look pronto, em poucos cliques!\",\"publisher\":{\"@id\":\"https:\\\/\\\/algonovocom.com.br\\\/clientes\\\/kitmoda\\\/#organization\"},\"potentialAction\":[{\"@type\":\"SearchAction\",\"target\":{\"@type\":\"EntryPoint\",\"urlTemplate\":\"https:\\\/\\\/algonovocom.com.br\\\/clientes\\\/kitmoda\\\/?s={search_term_string}\"},\"query-input\":{\"@type\":\"PropertyValueSpecification\",\"valueRequired\":true,\"valueName\":\"search_term_string\"}}],\"inLanguage\":\"pt-BR\"},{\"@type\":\"Organization\",\"@id\":\"https:\\\/\\\/algonovocom.com.br\\\/clientes\\\/kitmoda\\\/#organization\",\"name\":\"Kit Moda\",\"url\":\"https:\\\/\\\/algonovocom.com.br\\\/clientes\\\/kitmoda\\\/\",\"logo\":{\"@type\":\"ImageObject\",\"inLanguage\":\"pt-BR\",\"@id\":\"https:\\\/\\\/algonovocom.com.br\\\/clientes\\\/kitmoda\\\/#\\\/schema\\\/logo\\\/image\\\/\",\"url\":\"https:\\\/\\\/algonovocom.com.br\\\/clientes\\\/kitmoda\\\/wp-content\\\/uploads\\\/2026\\\/04\\\/cropped-kit-moda-logo.png\",\"contentUrl\":\"https:\\\/\\\/algonovocom.com.br\\\/clientes\\\/kitmoda\\\/wp-content\\\/uploads\\\/2026\\\/04\\\/cropped-kit-moda-logo.png\",\"width\":573,\"height\":324,\"caption\":\"Kit Moda\"},\"image\":{\"@id\":\"https:\\\/\\\/algonovocom.com.br\\\/clientes\\\/kitmoda\\\/#\\\/schema\\\/logo\\\/image\\\/\"}}]}<\/script>\n<!-- \/ Yoast SEO plugin. -->","yoast_head_json":{"title":"Termos & Condi\u00e7\u00f5es - Kit Moda","robots":{"index":"index","follow":"follow","max-snippet":"max-snippet:-1","max-image-preview":"max-image-preview:large","max-video-preview":"max-video-preview:-1"},"canonical":"https:\/\/algonovocom.com.br\/clientes\/kitmoda\/termos-condicoes","og_locale":"pt_BR","og_type":"article","og_title":"Termos & Condi\u00e7\u00f5es - Kit Moda","og_description":"Estes termos e condi\u00e7\u00f5es descrevem as regras e regulamentos de uso do site da {site_tittle}, ({site_url}).Ao acessar este site, assumimos que voc\u00ea aceita estes termos e condi\u00e7\u00f5es. N\u00e3o continue a usar o {site_tittle} se n\u00e3o concordar em aceitar todos os termos e condi\u00e7\u00f5es indicados nesta p\u00e1gina. Cookies: O site usa cookies para ajudar a personalizar [&hellip;]","og_url":"https:\/\/algonovocom.com.br\/clientes\/kitmoda\/termos-condicoes","og_site_name":"Kit Moda","article_modified_time":"2022-12-04T06:33:18+00:00","twitter_card":"summary_large_image","twitter_misc":{"Est. tempo de leitura":"5 minutos"},"schema":{"@context":"https:\/\/schema.org","@graph":[{"@type":"WebPage","@id":"https:\/\/algonovocom.com.br\/clientes\/kitmoda\/termos-condicoes","url":"https:\/\/algonovocom.com.br\/clientes\/kitmoda\/termos-condicoes","name":"Termos & Condi\u00e7\u00f5es - Kit Moda","isPartOf":{"@id":"https:\/\/algonovocom.com.br\/clientes\/kitmoda\/#website"},"datePublished":"2022-08-29T19:17:59+00:00","dateModified":"2022-12-04T06:33:18+00:00","breadcrumb":{"@id":"https:\/\/algonovocom.com.br\/clientes\/kitmoda\/termos-condicoes#breadcrumb"},"inLanguage":"pt-BR","potentialAction":[{"@type":"ReadAction","target":["https:\/\/algonovocom.com.br\/clientes\/kitmoda\/termos-condicoes"]}]},{"@type":"BreadcrumbList","@id":"https:\/\/algonovocom.com.br\/clientes\/kitmoda\/termos-condicoes#breadcrumb","itemListElement":[{"@type":"ListItem","position":1,"name":"In\u00edcio","item":"https:\/\/algonovocom.com.br\/clientes\/kitmoda\/"},{"@type":"ListItem","position":2,"name":"Termos &#038; Condi\u00e7\u00f5es"}]},{"@type":"WebSite","@id":"https:\/\/algonovocom.com.br\/clientes\/kitmoda\/#website","url":"https:\/\/algonovocom.com.br\/clientes\/kitmoda\/","name":"Kit Moda","description":"Seu look pronto, em poucos cliques!","publisher":{"@id":"https:\/\/algonovocom.com.br\/clientes\/kitmoda\/#organization"},"potentialAction":[{"@type":"SearchAction","target":{"@type":"EntryPoint","urlTemplate":"https:\/\/algonovocom.com.br\/clientes\/kitmoda\/?s={search_term_string}"},"query-input":{"@type":"PropertyValueSpecification","valueRequired":true,"valueName":"search_term_string"}}],"inLanguage":"pt-BR"},{"@type":"Organization","@id":"https:\/\/algonovocom.com.br\/clientes\/kitmoda\/#organization","name":"Kit Moda","url":"https:\/\/algonovocom.com.br\/clientes\/kitmoda\/","logo":{"@type":"ImageObject","inLanguage":"pt-BR","@id":"https:\/\/algonovocom.com.br\/clientes\/kitmoda\/#\/schema\/logo\/image\/","url":"https:\/\/algonovocom.com.br\/clientes\/kitmoda\/wp-content\/uploads\/2026\/04\/cropped-kit-moda-logo.png","contentUrl":"https:\/\/algonovocom.com.br\/clientes\/kitmoda\/wp-content\/uploads\/2026\/04\/cropped-kit-moda-logo.png","width":573,"height":324,"caption":"Kit Moda"},"image":{"@id":"https:\/\/algonovocom.com.br\/clientes\/kitmoda\/#\/schema\/logo\/image\/"}}]}},"_links":{"self":[{"href":"https:\/\/algonovocom.com.br\/clientes\/kitmoda\/wp-json\/wp\/v2\/pages\/3537","targetHints":{"allow":["GET"]}}],"collection":[{"href":"https:\/\/algonovocom.com.br\/clientes\/kitmoda\/wp-json\/wp\/v2\/pages"}],"about":[{"href":"https:\/\/algonovocom.com.br\/clientes\/kitmoda\/wp-json\/wp\/v2\/types\/page"}],"author":[{"embeddable":true,"href":"https:\/\/algonovocom.com.br\/clientes\/kitmoda\/wp-json\/wp\/v2\/users\/2873"}],"replies":[{"embeddable":true,"href":"https:\/\/algonovocom.com.br\/clientes\/kitmoda\/wp-json\/wp\/v2\/comments?post=3537"}],"version-history":[{"count":0,"href":"https:\/\/algonovocom.com.br\/clientes\/kitmoda\/wp-json\/wp\/v2\/pages\/3537\/revisions"}],"wp:attachment":[{"href":"https:\/\/algonovocom.com.br\/clientes\/kitmoda\/wp-json\/wp\/v2\/media?parent=3537"}],"curies":[{"name":"wp","href":"https:\/\/api.w.org\/{rel}","templated":true}]}}