{"id":14,"date":"2022-07-09T23:46:26","date_gmt":"2022-07-09T23:46:26","guid":{"rendered":"https:\/\/editoraventuroli.com\/minha-conta\/"},"modified":"2022-12-04T06:22:22","modified_gmt":"2022-12-04T06:22:22","slug":"minha-conta","status":"publish","type":"page","link":"https:\/\/algonovocom.com.br\/clientes\/kitmoda\/minha-conta","title":{"rendered":"Minha conta"},"content":{"rendered":"\t\t<div data-elementor-type=\"wp-page\" data-elementor-id=\"14\" class=\"elementor elementor-14\" wpc-filter-elementor-widget=\"1\" data-elementor-post-type=\"page\">\n\t\t\t\t\t\t<section class=\"elementor-section elementor-top-section elementor-element elementor-element-34934a5 elementor-section-boxed elementor-section-height-default elementor-section-height-default\" data-id=\"34934a5\" data-element_type=\"section\" data-e-type=\"section\" data-settings=\"{&quot;background_background&quot;:&quot;classic&quot;,&quot;background_motion_fx_motion_fx_scrolling&quot;:&quot;yes&quot;,&quot;background_motion_fx_devices&quot;:[&quot;desktop&quot;,&quot;tablet&quot;,&quot;mobile&quot;]}\">\n\t\t\t\t\t\t\t<div class=\"elementor-background-overlay\"><\/div>\n\t\t\t\t\t\t\t<div class=\"elementor-container elementor-column-gap-default\">\n\t\t\t\t\t<div class=\"elementor-column elementor-col-50 elementor-top-column elementor-element elementor-element-01aff8c\" data-id=\"01aff8c\" data-element_type=\"column\" data-e-type=\"column\">\n\t\t\t<div class=\"elementor-widget-wrap elementor-element-populated\">\n\t\t\t\t\t\t\t<\/div>\n\t\t<\/div>\n\t\t\t\t<div class=\"elementor-column elementor-col-50 elementor-top-column elementor-element elementor-element-e7dae36\" data-id=\"e7dae36\" data-element_type=\"column\" data-e-type=\"column\">\n\t\t\t<div class=\"elementor-widget-wrap elementor-element-populated\">\n\t\t\t\t\t\t<div class=\"elementor-element elementor-element-f27df28 elementor-widget elementor-widget-woocommerce-breadcrumb\" data-id=\"f27df28\" data-element_type=\"widget\" data-e-type=\"widget\" data-widget_type=\"woocommerce-breadcrumb.default\">\n\t\t\t\t<div class=\"elementor-widget-container\">\n\t\t\t\t\t<nav class=\"woocommerce-breadcrumb\" aria-label=\"Breadcrumb\">In\u00edcio<\/nav>\t\t\t\t<\/div>\n\t\t\t\t<\/div>\n\t\t\t\t\t<\/div>\n\t\t<\/div>\n\t\t\t\t\t<\/div>\n\t\t<\/section>\n\t\t\t\t<section class=\"elementor-section elementor-top-section elementor-element elementor-element-22883ab elementor-section-boxed elementor-section-height-default elementor-section-height-default\" data-id=\"22883ab\" data-element_type=\"section\" data-e-type=\"section\" data-settings=\"{&quot;background_background&quot;:&quot;classic&quot;}\">\n\t\t\t\t\t\t<div class=\"elementor-container elementor-column-gap-default\">\n\t\t\t\t\t<div class=\"elementor-column elementor-col-50 elementor-top-column elementor-element elementor-element-8a5de86\" data-id=\"8a5de86\" data-element_type=\"column\" data-e-type=\"column\">\n\t\t\t<div class=\"elementor-widget-wrap elementor-element-populated\">\n\t\t\t\t\t\t<section class=\"elementor-section elementor-inner-section elementor-element elementor-element-f78a519 elementor-section-boxed elementor-section-height-default elementor-section-height-default\" data-id=\"f78a519\" data-element_type=\"section\" data-e-type=\"section\">\n\t\t\t\t\t\t<div class=\"elementor-container elementor-column-gap-no\">\n\t\t\t\t\t<div class=\"elementor-column elementor-col-50 elementor-inner-column elementor-element elementor-element-6f07562\" data-id=\"6f07562\" data-element_type=\"column\" data-e-type=\"column\">\n\t\t\t<div class=\"elementor-widget-wrap elementor-element-populated\">\n\t\t\t\t\t\t<div class=\"elementor-element elementor-element-9f5e944 e-transform elementor-widget__width-auto elementor-widget elementor-widget-image\" data-id=\"9f5e944\" data-element_type=\"widget\" data-e-type=\"widget\" data-settings=\"{&quot;_transform_translateX_effect&quot;:{&quot;unit&quot;:&quot;px&quot;,&quot;size&quot;:0,&quot;sizes&quot;:[]},&quot;_transform_translateY_effect&quot;:{&quot;unit&quot;:&quot;px&quot;,&quot;size&quot;:0,&quot;sizes&quot;:[]},&quot;_transform_translateX_effect_tablet&quot;:{&quot;unit&quot;:&quot;px&quot;,&quot;size&quot;:&quot;&quot;,&quot;sizes&quot;:[]},&quot;_transform_translateX_effect_mobile&quot;:{&quot;unit&quot;:&quot;px&quot;,&quot;size&quot;:&quot;&quot;,&quot;sizes&quot;:[]},&quot;_transform_translateY_effect_tablet&quot;:{&quot;unit&quot;:&quot;px&quot;,&quot;size&quot;:&quot;&quot;,&quot;sizes&quot;:[]},&quot;_transform_translateY_effect_mobile&quot;:{&quot;unit&quot;:&quot;px&quot;,&quot;size&quot;:&quot;&quot;,&quot;sizes&quot;:[]}}\" data-widget_type=\"image.default\">\n\t\t\t\t<div class=\"elementor-widget-container\">\n\t\t\t\t\t\t\t\t\t\t\t\t\t\t\t<img decoding=\"async\" src=\"https:\/\/secure.gravatar.com\/avatar\/?s=96&#038;d=mm&#038;r=g\" title=\"\" alt=\"\" loading=\"lazy\" \/>\t\t\t\t\t\t\t\t\t\t\t\t\t\t\t<\/div>\n\t\t\t\t<\/div>\n\t\t\t\t\t<\/div>\n\t\t<\/div>\n\t\t\t\t<div class=\"elementor-column elementor-col-50 elementor-inner-column elementor-element elementor-element-256b99b\" data-id=\"256b99b\" data-element_type=\"column\" data-e-type=\"column\">\n\t\t\t<div class=\"elementor-widget-wrap elementor-element-populated\">\n\t\t\t\t\t\t<div class=\"elementor-element elementor-element-87aa609 elementor-widget elementor-widget-text-editor\" data-id=\"87aa609\" data-element_type=\"widget\" data-e-type=\"widget\" data-widget_type=\"text-editor.default\">\n\t\t\t\t<div class=\"elementor-widget-container\">\n\t\t\t\t\t\t\t\t\t<p>Ol\u00e1<\/p>\t\t\t\t\t\t\t\t<\/div>\n\t\t\t\t<\/div>\n\t\t\t\t\t<\/div>\n\t\t<\/div>\n\t\t\t\t\t<\/div>\n\t\t<\/section>\n\t\t\t\t\t<\/div>\n\t\t<\/div>\n\t\t\t\t<div class=\"elementor-column elementor-col-50 elementor-top-column elementor-element elementor-element-a7ac106\" data-id=\"a7ac106\" data-element_type=\"column\" data-e-type=\"column\">\n\t\t\t<div class=\"elementor-widget-wrap elementor-element-populated\">\n\t\t\t\t\t\t<div class=\"elementor-element elementor-element-13e8286 elementor-widget elementor-widget-woocommerce-breadcrumb\" data-id=\"13e8286\" data-element_type=\"widget\" data-e-type=\"widget\" data-widget_type=\"woocommerce-breadcrumb.default\">\n\t\t\t\t<div class=\"elementor-widget-container\">\n\t\t\t\t\t<nav class=\"woocommerce-breadcrumb\" aria-label=\"Breadcrumb\">In\u00edcio<\/nav>\t\t\t\t<\/div>\n\t\t\t\t<\/div>\n\t\t\t\t\t<\/div>\n\t\t<\/div>\n\t\t\t\t\t<\/div>\n\t\t<\/section>\n\t\t\t\t<section class=\"elementor-section elementor-top-section elementor-element elementor-element-e4314a6 elementor-section-boxed elementor-section-height-default elementor-section-height-default\" data-id=\"e4314a6\" data-element_type=\"section\" data-e-type=\"section\">\n\t\t\t\t\t\t<div class=\"elementor-container elementor-column-gap-default\">\n\t\t\t\t\t<div class=\"elementor-column elementor-col-100 elementor-top-column elementor-element elementor-element-1a3c242\" data-id=\"1a3c242\" data-element_type=\"column\" data-e-type=\"column\">\n\t\t\t<div class=\"elementor-widget-wrap elementor-element-populated\">\n\t\t\t\t\t\t<div class=\"elementor-element elementor-element-366711c e-my-account-tabs-vertical elementor-widget elementor-widget-woocommerce-my-account\" data-id=\"366711c\" data-element_type=\"widget\" data-e-type=\"widget\" data-widget_type=\"woocommerce-my-account.default\">\n\t\t\t\t<div class=\"elementor-widget-container\">\n\t\t\t\t\t<div class=\"e-my-account-tab e-my-account-tab__ \">\t\t\t<div class=\"woocommerce\"><\/div>\t\t<\/div>\n\t\t\t\t\t\t<\/div>\n\t\t\t\t<\/div>\n\t\t\t\t\t<\/div>\n\t\t<\/div>\n\t\t\t\t\t<\/div>\n\t\t<\/section>\n\t\t\t\t<\/div>\n\t\t","protected":false},"excerpt":{"rendered":"<p>Ol\u00e1 Painel Principal Pedidos Downloads Endere\u00e7os Detalhes da Conta Sair Ol\u00e1, admin (n\u00e3o \u00e9 admin? Sair) A partir do painel de controle de sua conta, voc\u00ea pode ver suas compras recentes, gerenciar seus endere\u00e7os de entrega e faturamento, e editar sua senha e detalhes da conta.<\/p>\n","protected":false},"author":2873,"featured_media":0,"parent":0,"menu_order":103,"comment_status":"closed","ping_status":"closed","template":"elementor_header_footer","meta":{"_acf_changed":false,"footnotes":""},"class_list":["post-14","page","type-page","status-publish","hentry"],"acf":[],"yoast_head":"<!-- This site is optimized with the Yoast SEO plugin v27.3 - https:\/\/yoast.com\/product\/yoast-seo-wordpress\/ -->\n<title>Minha conta - Kit Moda<\/title>\n<meta name=\"robots\" content=\"index, follow, max-snippet:-1, max-image-preview:large, max-video-preview:-1\" \/>\n<link rel=\"canonical\" href=\"https:\/\/algonovocom.com.br\/clientes\/kitmoda\/minha-conta\" \/>\n<meta property=\"og:locale\" content=\"pt_BR\" \/>\n<meta property=\"og:type\" content=\"article\" \/>\n<meta property=\"og:title\" content=\"Minha conta - Kit Moda\" \/>\n<meta property=\"og:description\" content=\"Ol\u00e1 Painel Principal Pedidos Downloads Endere\u00e7os Detalhes da Conta Sair Ol\u00e1, admin (n\u00e3o \u00e9 admin? Sair) A partir do painel de controle de sua conta, voc\u00ea pode ver suas compras recentes, gerenciar seus endere\u00e7os de entrega e faturamento, e editar sua senha e detalhes da conta.\" \/>\n<meta property=\"og:url\" content=\"https:\/\/algonovocom.com.br\/clientes\/kitmoda\/minha-conta\" \/>\n<meta property=\"og:site_name\" content=\"Kit Moda\" \/>\n<meta property=\"article:modified_time\" content=\"2022-12-04T06:22:22+00:00\" \/>\n<meta name=\"twitter:card\" content=\"summary_large_image\" \/>\n<meta name=\"twitter:label1\" content=\"Est. tempo de leitura\" \/>\n\t<meta name=\"twitter:data1\" content=\"2 minutos\" \/>\n<script type=\"application\/ld+json\" class=\"yoast-schema-graph\">{\"@context\":\"https:\\\/\\\/schema.org\",\"@graph\":[{\"@type\":\"WebPage\",\"@id\":\"https:\\\/\\\/algonovocom.com.br\\\/clientes\\\/kitmoda\\\/minha-conta\",\"url\":\"https:\\\/\\\/algonovocom.com.br\\\/clientes\\\/kitmoda\\\/minha-conta\",\"name\":\"Minha conta - Kit Moda\",\"isPartOf\":{\"@id\":\"https:\\\/\\\/algonovocom.com.br\\\/clientes\\\/kitmoda\\\/#website\"},\"datePublished\":\"2022-07-09T23:46:26+00:00\",\"dateModified\":\"2022-12-04T06:22:22+00:00\",\"breadcrumb\":{\"@id\":\"https:\\\/\\\/algonovocom.com.br\\\/clientes\\\/kitmoda\\\/minha-conta#breadcrumb\"},\"inLanguage\":\"pt-BR\",\"potentialAction\":[{\"@type\":\"ReadAction\",\"target\":[\"https:\\\/\\\/algonovocom.com.br\\\/clientes\\\/kitmoda\\\/minha-conta\"]}]},{\"@type\":\"BreadcrumbList\",\"@id\":\"https:\\\/\\\/algonovocom.com.br\\\/clientes\\\/kitmoda\\\/minha-conta#breadcrumb\",\"itemListElement\":[{\"@type\":\"ListItem\",\"position\":1,\"name\":\"In\u00edcio\",\"item\":\"https:\\\/\\\/algonovocom.com.br\\\/clientes\\\/kitmoda\\\/\"},{\"@type\":\"ListItem\",\"position\":2,\"name\":\"Minha conta\"}]},{\"@type\":\"WebSite\",\"@id\":\"https:\\\/\\\/algonovocom.com.br\\\/clientes\\\/kitmoda\\\/#website\",\"url\":\"https:\\\/\\\/algonovocom.com.br\\\/clientes\\\/kitmoda\\\/\",\"name\":\"Kit Moda\",\"description\":\"Seu look pronto, em poucos cliques!\",\"publisher\":{\"@id\":\"https:\\\/\\\/algonovocom.com.br\\\/clientes\\\/kitmoda\\\/#organization\"},\"potentialAction\":[{\"@type\":\"SearchAction\",\"target\":{\"@type\":\"EntryPoint\",\"urlTemplate\":\"https:\\\/\\\/algonovocom.com.br\\\/clientes\\\/kitmoda\\\/?s={search_term_string}\"},\"query-input\":{\"@type\":\"PropertyValueSpecification\",\"valueRequired\":true,\"valueName\":\"search_term_string\"}}],\"inLanguage\":\"pt-BR\"},{\"@type\":\"Organization\",\"@id\":\"https:\\\/\\\/algonovocom.com.br\\\/clientes\\\/kitmoda\\\/#organization\",\"name\":\"Kit Moda\",\"url\":\"https:\\\/\\\/algonovocom.com.br\\\/clientes\\\/kitmoda\\\/\",\"logo\":{\"@type\":\"ImageObject\",\"inLanguage\":\"pt-BR\",\"@id\":\"https:\\\/\\\/algonovocom.com.br\\\/clientes\\\/kitmoda\\\/#\\\/schema\\\/logo\\\/image\\\/\",\"url\":\"https:\\\/\\\/algonovocom.com.br\\\/clientes\\\/kitmoda\\\/wp-content\\\/uploads\\\/2026\\\/04\\\/cropped-kit-moda-logo.png\",\"contentUrl\":\"https:\\\/\\\/algonovocom.com.br\\\/clientes\\\/kitmoda\\\/wp-content\\\/uploads\\\/2026\\\/04\\\/cropped-kit-moda-logo.png\",\"width\":573,\"height\":324,\"caption\":\"Kit Moda\"},\"image\":{\"@id\":\"https:\\\/\\\/algonovocom.com.br\\\/clientes\\\/kitmoda\\\/#\\\/schema\\\/logo\\\/image\\\/\"}}]}<\/script>\n<!-- \/ Yoast SEO plugin. -->","yoast_head_json":{"title":"Minha conta - Kit Moda","robots":{"index":"index","follow":"follow","max-snippet":"max-snippet:-1","max-image-preview":"max-image-preview:large","max-video-preview":"max-video-preview:-1"},"canonical":"https:\/\/algonovocom.com.br\/clientes\/kitmoda\/minha-conta","og_locale":"pt_BR","og_type":"article","og_title":"Minha conta - Kit Moda","og_description":"Ol\u00e1 Painel Principal Pedidos Downloads Endere\u00e7os Detalhes da Conta Sair Ol\u00e1, admin (n\u00e3o \u00e9 admin? Sair) A partir do painel de controle de sua conta, voc\u00ea pode ver suas compras recentes, gerenciar seus endere\u00e7os de entrega e faturamento, e editar sua senha e detalhes da conta.","og_url":"https:\/\/algonovocom.com.br\/clientes\/kitmoda\/minha-conta","og_site_name":"Kit Moda","article_modified_time":"2022-12-04T06:22:22+00:00","twitter_card":"summary_large_image","twitter_misc":{"Est. tempo de leitura":"2 minutos"},"schema":{"@context":"https:\/\/schema.org","@graph":[{"@type":"WebPage","@id":"https:\/\/algonovocom.com.br\/clientes\/kitmoda\/minha-conta","url":"https:\/\/algonovocom.com.br\/clientes\/kitmoda\/minha-conta","name":"Minha conta - Kit Moda","isPartOf":{"@id":"https:\/\/algonovocom.com.br\/clientes\/kitmoda\/#website"},"datePublished":"2022-07-09T23:46:26+00:00","dateModified":"2022-12-04T06:22:22+00:00","breadcrumb":{"@id":"https:\/\/algonovocom.com.br\/clientes\/kitmoda\/minha-conta#breadcrumb"},"inLanguage":"pt-BR","potentialAction":[{"@type":"ReadAction","target":["https:\/\/algonovocom.com.br\/clientes\/kitmoda\/minha-conta"]}]},{"@type":"BreadcrumbList","@id":"https:\/\/algonovocom.com.br\/clientes\/kitmoda\/minha-conta#breadcrumb","itemListElement":[{"@type":"ListItem","position":1,"name":"In\u00edcio","item":"https:\/\/algonovocom.com.br\/clientes\/kitmoda\/"},{"@type":"ListItem","position":2,"name":"Minha conta"}]},{"@type":"WebSite","@id":"https:\/\/algonovocom.com.br\/clientes\/kitmoda\/#website","url":"https:\/\/algonovocom.com.br\/clientes\/kitmoda\/","name":"Kit Moda","description":"Seu look pronto, em poucos cliques!","publisher":{"@id":"https:\/\/algonovocom.com.br\/clientes\/kitmoda\/#organization"},"potentialAction":[{"@type":"SearchAction","target":{"@type":"EntryPoint","urlTemplate":"https:\/\/algonovocom.com.br\/clientes\/kitmoda\/?s={search_term_string}"},"query-input":{"@type":"PropertyValueSpecification","valueRequired":true,"valueName":"search_term_string"}}],"inLanguage":"pt-BR"},{"@type":"Organization","@id":"https:\/\/algonovocom.com.br\/clientes\/kitmoda\/#organization","name":"Kit Moda","url":"https:\/\/algonovocom.com.br\/clientes\/kitmoda\/","logo":{"@type":"ImageObject","inLanguage":"pt-BR","@id":"https:\/\/algonovocom.com.br\/clientes\/kitmoda\/#\/schema\/logo\/image\/","url":"https:\/\/algonovocom.com.br\/clientes\/kitmoda\/wp-content\/uploads\/2026\/04\/cropped-kit-moda-logo.png","contentUrl":"https:\/\/algonovocom.com.br\/clientes\/kitmoda\/wp-content\/uploads\/2026\/04\/cropped-kit-moda-logo.png","width":573,"height":324,"caption":"Kit Moda"},"image":{"@id":"https:\/\/algonovocom.com.br\/clientes\/kitmoda\/#\/schema\/logo\/image\/"}}]}},"_links":{"self":[{"href":"https:\/\/algonovocom.com.br\/clientes\/kitmoda\/wp-json\/wp\/v2\/pages\/14","targetHints":{"allow":["GET"]}}],"collection":[{"href":"https:\/\/algonovocom.com.br\/clientes\/kitmoda\/wp-json\/wp\/v2\/pages"}],"about":[{"href":"https:\/\/algonovocom.com.br\/clientes\/kitmoda\/wp-json\/wp\/v2\/types\/page"}],"author":[{"embeddable":true,"href":"https:\/\/algonovocom.com.br\/clientes\/kitmoda\/wp-json\/wp\/v2\/users\/2873"}],"replies":[{"embeddable":true,"href":"https:\/\/algonovocom.com.br\/clientes\/kitmoda\/wp-json\/wp\/v2\/comments?post=14"}],"version-history":[{"count":0,"href":"https:\/\/algonovocom.com.br\/clientes\/kitmoda\/wp-json\/wp\/v2\/pages\/14\/revisions"}],"wp:attachment":[{"href":"https:\/\/algonovocom.com.br\/clientes\/kitmoda\/wp-json\/wp\/v2\/media?parent=14"}],"curies":[{"name":"wp","href":"https:\/\/api.w.org\/{rel}","templated":true}]}}