{"id":8003,"date":"2025-03-12T14:37:11","date_gmt":"2025-03-12T14:37:11","guid":{"rendered":"https:\/\/algonovocom.com.br\/clientes\/institutopaulista\/?page_id=8003"},"modified":"2025-03-12T14:37:11","modified_gmt":"2025-03-12T14:37:11","slug":"contestacao-de-fap-ntep","status":"publish","type":"page","link":"https:\/\/algonovocom.com.br\/clientes\/institutopaulista\/contestacao-de-fap-ntep\/","title":{"rendered":"Contesta\u00e7\u00e3o de FAP \/ NTEP"},"content":{"rendered":"\t\t<div data-elementor-type=\"wp-page\" data-elementor-id=\"8003\" class=\"elementor elementor-8003\" data-elementor-post-type=\"page\">\n\t\t\t\t\t\t<section class=\"elementor-section elementor-top-section elementor-element elementor-element-1c8a44d elementor-section-boxed elementor-section-height-default elementor-section-height-default\" data-id=\"1c8a44d\" data-element_type=\"section\">\n\t\t\t\t\t\t<div class=\"elementor-container elementor-column-gap-default\">\n\t\t\t\t\t<div class=\"elementor-column elementor-col-100 elementor-top-column elementor-element elementor-element-d8017b9\" data-id=\"d8017b9\" data-element_type=\"column\">\n\t\t\t<div class=\"elementor-widget-wrap elementor-element-populated\">\n\t\t\t\t\t\t<div class=\"elementor-element elementor-element-679731b elementor-widget__width-initial elementor-widget elementor-widget-heading\" data-id=\"679731b\" data-element_type=\"widget\" data-widget_type=\"heading.default\">\n\t\t\t\t<div class=\"elementor-widget-container\">\n\t\t\t\t\t<h2 class=\"elementor-heading-title elementor-size-default\">PCMSO | Programa de Controle M\u00e9dico de Sa\u00fade Ocupacional \u2013 NR7<\/h2>\t\t\t\t<\/div>\n\t\t\t\t<\/div>\n\t\t\t\t<div class=\"elementor-element elementor-element-cd36bd7 elementor-widget-divider--view-line elementor-widget elementor-widget-divider\" data-id=\"cd36bd7\" data-element_type=\"widget\" data-widget_type=\"divider.default\">\n\t\t\t\t<div class=\"elementor-widget-container\">\n\t\t\t\t\t\t\t<div class=\"elementor-divider\">\n\t\t\t<span class=\"elementor-divider-separator\">\n\t\t\t\t\t\t<\/span>\n\t\t<\/div>\n\t\t\t\t\t\t<\/div>\n\t\t\t\t<\/div>\n\t\t\t\t\t<\/div>\n\t\t<\/div>\n\t\t\t\t\t<\/div>\n\t\t<\/section>\n\t\t\t\t<section class=\"elementor-section elementor-top-section elementor-element elementor-element-1ccd10e elementor-section-boxed elementor-section-height-default elementor-section-height-default\" data-id=\"1ccd10e\" data-element_type=\"section\">\n\t\t\t\t\t\t<div class=\"elementor-container elementor-column-gap-default\">\n\t\t\t\t\t<div class=\"elementor-column elementor-col-100 elementor-top-column elementor-element elementor-element-ebe4507\" data-id=\"ebe4507\" data-element_type=\"column\">\n\t\t\t<div class=\"elementor-widget-wrap elementor-element-populated\">\n\t\t\t\t\t\t<div class=\"elementor-element elementor-element-9368f3a elementor-widget elementor-widget-text-editor\" data-id=\"9368f3a\" data-element_type=\"widget\" data-widget_type=\"text-editor.default\">\n\t\t\t\t<div class=\"elementor-widget-container\">\n\t\t\t\t\t\t\t\t\t<h4>a) Viabiliza\u00e7\u00e3o t\u00e9cnica para a execu\u00e7\u00e3o do PCMSO<\/h4>\n<p>N\u00f3s vistoriamos e analisamos todos os setores que comp\u00f5em o ambiente de trabalho nos aspectos t\u00e9cnicos ocupacionais, avaliamos a exist\u00eancia de riscos qu\u00edmicos, f\u00edsicos ou biol\u00f3gicos, bem como os resultados obtidos no Programa de Preven\u00e7\u00e3o de Riscos Ambientais.<\/p>\n<p><br><\/p>\n<h4>b) Compet\u00eancia profissional<\/h4>\n<p>Nossos profissionais realizam os exames do PCMSO sob o ponto de vista legal e de medicina ocupacional, sendo que os exames audiom\u00e9tricos s\u00e3o efetuados por fonoaudi\u00f3logos especialistas em medicina ocupacional e os exames laboratoriais s\u00e3o realizados em laborat\u00f3rio pr\u00f3prio especializado.<\/p>\n<h4>&nbsp;<\/h4>\n<h4>c) Locais para realiza\u00e7\u00e3o dos exames<\/h4>\n<p>Os exames: admissional, demissional, mudan\u00e7a de fun\u00e7\u00e3o e retorno ao trabalho s\u00e3o realizados em uma das nossas unidades de atendimento. J\u00e1 os exames peri\u00f3dicos podem ser realizados em unidades m\u00f3veis nos locais de trabalho dos funcion\u00e1rios, evitando, assim, custo de deslocamento de pessoal e perda de hor\u00e1rio de trabalho.<\/p>\n<p>Em empresas de grande porte, o Instituto Paulista planeja, instala e controla, atrav\u00e9s de profissionais habilitados, um ambulat\u00f3rio fixo de Sa\u00fade Ocupacional na empresa.<\/p><p><br><\/p>\n<p><\/p>\n<h4>d) Forma de apresenta\u00e7\u00e3o do PCMSO<\/h4>\n<p>A apresenta\u00e7\u00e3o do Programa de Controle M\u00e9dico de Sa\u00fade Ocupacional comp\u00f5e-se dos seguintes itens:<\/p>\n<ul>\n<li>Prontu\u00e1rio m\u00e9dico individualizado<\/li>\n<li>Prontu\u00e1rio fonoaudiol\u00f3gico individualizado<\/li>\n<li>Prontu\u00e1rio de exames laboratoriais<\/li>\n<li>Emiss\u00e3o de atestado de sa\u00fade ocupacional nos moldes da NR7 em sua atual reda\u00e7\u00e3o<\/li>\n<li>Relat\u00f3rio anal\u00edtico peri\u00f3dico por unidade onde indicam-se os resultados apurados nos exames realizados, com a identifica\u00e7\u00e3o de cada funcion\u00e1rio examinado.<\/li>\n<\/ul>\t\t\t\t\t\t\t\t<\/div>\n\t\t\t\t<\/div>\n\t\t\t\t\t<\/div>\n\t\t<\/div>\n\t\t\t\t\t<\/div>\n\t\t<\/section>\n\t\t\t\t<\/div>\n\t\t","protected":false},"excerpt":{"rendered":"<p>PCMSO | Programa de Controle M\u00e9dico de Sa\u00fade Ocupacional \u2013 NR7 a) Viabiliza\u00e7\u00e3o t\u00e9cnica para a execu\u00e7\u00e3o do PCMSO N\u00f3s vistoriamos e analisamos todos os setores que comp\u00f5em o ambiente de trabalho nos aspectos t\u00e9cnicos ocupacionais, avaliamos a exist\u00eancia de riscos qu\u00edmicos, f\u00edsicos ou biol\u00f3gicos, bem como os resultados obtidos no Programa de Preven\u00e7\u00e3o de [&hellip;]<\/p>\n","protected":false},"author":1,"featured_media":0,"parent":0,"menu_order":2,"comment_status":"closed","ping_status":"closed","template":"","meta":{"footnotes":""},"class_list":["post-8003","page","type-page","status-publish","hentry"],"yoast_head":"<!-- This site is optimized with the Yoast SEO plugin v24.2 - https:\/\/yoast.com\/wordpress\/plugins\/seo\/ -->\n<title>Contesta\u00e7\u00e3o de FAP \/ NTEP - IPHMT<\/title>\n<meta name=\"robots\" content=\"index, follow, max-snippet:-1, max-image-preview:large, max-video-preview:-1\" \/>\n<link rel=\"canonical\" href=\"https:\/\/algonovocom.com.br\/clientes\/institutopaulista\/contestacao-de-fap-ntep\/\" \/>\n<meta property=\"og:locale\" content=\"pt_BR\" \/>\n<meta property=\"og:type\" content=\"article\" \/>\n<meta property=\"og:title\" content=\"Contesta\u00e7\u00e3o de FAP \/ NTEP - IPHMT\" \/>\n<meta property=\"og:description\" content=\"PCMSO | Programa de Controle M\u00e9dico de Sa\u00fade Ocupacional \u2013 NR7 a) Viabiliza\u00e7\u00e3o t\u00e9cnica para a execu\u00e7\u00e3o do PCMSO N\u00f3s vistoriamos e analisamos todos os setores que comp\u00f5em o ambiente de trabalho nos aspectos t\u00e9cnicos ocupacionais, avaliamos a exist\u00eancia de riscos qu\u00edmicos, f\u00edsicos ou biol\u00f3gicos, bem como os resultados obtidos no Programa de Preven\u00e7\u00e3o de [&hellip;]\" \/>\n<meta property=\"og:url\" content=\"https:\/\/algonovocom.com.br\/clientes\/institutopaulista\/contestacao-de-fap-ntep\/\" \/>\n<meta property=\"og:site_name\" content=\"IPHMT\" \/>\n<meta name=\"twitter:card\" content=\"summary_large_image\" \/>\n<meta name=\"twitter:label1\" content=\"Est. tempo de leitura\" \/>\n\t<meta name=\"twitter:data1\" content=\"2 minutos\" \/>\n<script type=\"application\/ld+json\" class=\"yoast-schema-graph\">{\"@context\":\"https:\/\/schema.org\",\"@graph\":[{\"@type\":\"WebPage\",\"@id\":\"https:\/\/algonovocom.com.br\/clientes\/institutopaulista\/contestacao-de-fap-ntep\/\",\"url\":\"https:\/\/algonovocom.com.br\/clientes\/institutopaulista\/contestacao-de-fap-ntep\/\",\"name\":\"Contesta\u00e7\u00e3o de FAP \/ NTEP - IPHMT\",\"isPartOf\":{\"@id\":\"https:\/\/algonovocom.com.br\/clientes\/institutopaulista\/#website\"},\"datePublished\":\"2025-03-12T14:37:11+00:00\",\"dateModified\":\"2025-03-12T14:37:11+00:00\",\"breadcrumb\":{\"@id\":\"https:\/\/algonovocom.com.br\/clientes\/institutopaulista\/contestacao-de-fap-ntep\/#breadcrumb\"},\"inLanguage\":\"pt-BR\",\"potentialAction\":[{\"@type\":\"ReadAction\",\"target\":[\"https:\/\/algonovocom.com.br\/clientes\/institutopaulista\/contestacao-de-fap-ntep\/\"]}]},{\"@type\":\"BreadcrumbList\",\"@id\":\"https:\/\/algonovocom.com.br\/clientes\/institutopaulista\/contestacao-de-fap-ntep\/#breadcrumb\",\"itemListElement\":[{\"@type\":\"ListItem\",\"position\":1,\"name\":\"In\u00edcio\",\"item\":\"https:\/\/algonovocom.com.br\/clientes\/institutopaulista\/\"},{\"@type\":\"ListItem\",\"position\":2,\"name\":\"Contesta\u00e7\u00e3o de FAP \/ NTEP\"}]},{\"@type\":\"WebSite\",\"@id\":\"https:\/\/algonovocom.com.br\/clientes\/institutopaulista\/#website\",\"url\":\"https:\/\/algonovocom.com.br\/clientes\/institutopaulista\/\",\"name\":\"IPHMT\",\"description\":\"Instituto Paulista de Higiene e Medicina do Trabalho\",\"publisher\":{\"@id\":\"https:\/\/algonovocom.com.br\/clientes\/institutopaulista\/#organization\"},\"potentialAction\":[{\"@type\":\"SearchAction\",\"target\":{\"@type\":\"EntryPoint\",\"urlTemplate\":\"https:\/\/algonovocom.com.br\/clientes\/institutopaulista\/?s={search_term_string}\"},\"query-input\":{\"@type\":\"PropertyValueSpecification\",\"valueRequired\":true,\"valueName\":\"search_term_string\"}}],\"inLanguage\":\"pt-BR\"},{\"@type\":\"Organization\",\"@id\":\"https:\/\/algonovocom.com.br\/clientes\/institutopaulista\/#organization\",\"name\":\"IPHMT\",\"url\":\"https:\/\/algonovocom.com.br\/clientes\/institutopaulista\/\",\"logo\":{\"@type\":\"ImageObject\",\"inLanguage\":\"pt-BR\",\"@id\":\"https:\/\/algonovocom.com.br\/clientes\/institutopaulista\/#\/schema\/logo\/image\/\",\"url\":\"https:\/\/algonovocom.com.br\/clientes\/institutopaulista\/wp-content\/uploads\/2025\/02\/logo-ip-horizontal-claro.png\",\"contentUrl\":\"https:\/\/algonovocom.com.br\/clientes\/institutopaulista\/wp-content\/uploads\/2025\/02\/logo-ip-horizontal-claro.png\",\"width\":1200,\"height\":416,\"caption\":\"IPHMT\"},\"image\":{\"@id\":\"https:\/\/algonovocom.com.br\/clientes\/institutopaulista\/#\/schema\/logo\/image\/\"}}]}<\/script>\n<!-- \/ Yoast SEO plugin. -->","yoast_head_json":{"title":"Contesta\u00e7\u00e3o de FAP \/ NTEP - IPHMT","robots":{"index":"index","follow":"follow","max-snippet":"max-snippet:-1","max-image-preview":"max-image-preview:large","max-video-preview":"max-video-preview:-1"},"canonical":"https:\/\/algonovocom.com.br\/clientes\/institutopaulista\/contestacao-de-fap-ntep\/","og_locale":"pt_BR","og_type":"article","og_title":"Contesta\u00e7\u00e3o de FAP \/ NTEP - IPHMT","og_description":"PCMSO | Programa de Controle M\u00e9dico de Sa\u00fade Ocupacional \u2013 NR7 a) Viabiliza\u00e7\u00e3o t\u00e9cnica para a execu\u00e7\u00e3o do PCMSO N\u00f3s vistoriamos e analisamos todos os setores que comp\u00f5em o ambiente de trabalho nos aspectos t\u00e9cnicos ocupacionais, avaliamos a exist\u00eancia de riscos qu\u00edmicos, f\u00edsicos ou biol\u00f3gicos, bem como os resultados obtidos no Programa de Preven\u00e7\u00e3o de [&hellip;]","og_url":"https:\/\/algonovocom.com.br\/clientes\/institutopaulista\/contestacao-de-fap-ntep\/","og_site_name":"IPHMT","twitter_card":"summary_large_image","twitter_misc":{"Est. tempo de leitura":"2 minutos"},"schema":{"@context":"https:\/\/schema.org","@graph":[{"@type":"WebPage","@id":"https:\/\/algonovocom.com.br\/clientes\/institutopaulista\/contestacao-de-fap-ntep\/","url":"https:\/\/algonovocom.com.br\/clientes\/institutopaulista\/contestacao-de-fap-ntep\/","name":"Contesta\u00e7\u00e3o de FAP \/ NTEP - IPHMT","isPartOf":{"@id":"https:\/\/algonovocom.com.br\/clientes\/institutopaulista\/#website"},"datePublished":"2025-03-12T14:37:11+00:00","dateModified":"2025-03-12T14:37:11+00:00","breadcrumb":{"@id":"https:\/\/algonovocom.com.br\/clientes\/institutopaulista\/contestacao-de-fap-ntep\/#breadcrumb"},"inLanguage":"pt-BR","potentialAction":[{"@type":"ReadAction","target":["https:\/\/algonovocom.com.br\/clientes\/institutopaulista\/contestacao-de-fap-ntep\/"]}]},{"@type":"BreadcrumbList","@id":"https:\/\/algonovocom.com.br\/clientes\/institutopaulista\/contestacao-de-fap-ntep\/#breadcrumb","itemListElement":[{"@type":"ListItem","position":1,"name":"In\u00edcio","item":"https:\/\/algonovocom.com.br\/clientes\/institutopaulista\/"},{"@type":"ListItem","position":2,"name":"Contesta\u00e7\u00e3o de FAP \/ NTEP"}]},{"@type":"WebSite","@id":"https:\/\/algonovocom.com.br\/clientes\/institutopaulista\/#website","url":"https:\/\/algonovocom.com.br\/clientes\/institutopaulista\/","name":"IPHMT","description":"Instituto Paulista de Higiene e Medicina do Trabalho","publisher":{"@id":"https:\/\/algonovocom.com.br\/clientes\/institutopaulista\/#organization"},"potentialAction":[{"@type":"SearchAction","target":{"@type":"EntryPoint","urlTemplate":"https:\/\/algonovocom.com.br\/clientes\/institutopaulista\/?s={search_term_string}"},"query-input":{"@type":"PropertyValueSpecification","valueRequired":true,"valueName":"search_term_string"}}],"inLanguage":"pt-BR"},{"@type":"Organization","@id":"https:\/\/algonovocom.com.br\/clientes\/institutopaulista\/#organization","name":"IPHMT","url":"https:\/\/algonovocom.com.br\/clientes\/institutopaulista\/","logo":{"@type":"ImageObject","inLanguage":"pt-BR","@id":"https:\/\/algonovocom.com.br\/clientes\/institutopaulista\/#\/schema\/logo\/image\/","url":"https:\/\/algonovocom.com.br\/clientes\/institutopaulista\/wp-content\/uploads\/2025\/02\/logo-ip-horizontal-claro.png","contentUrl":"https:\/\/algonovocom.com.br\/clientes\/institutopaulista\/wp-content\/uploads\/2025\/02\/logo-ip-horizontal-claro.png","width":1200,"height":416,"caption":"IPHMT"},"image":{"@id":"https:\/\/algonovocom.com.br\/clientes\/institutopaulista\/#\/schema\/logo\/image\/"}}]}},"_links":{"self":[{"href":"https:\/\/algonovocom.com.br\/clientes\/institutopaulista\/wp-json\/wp\/v2\/pages\/8003","targetHints":{"allow":["GET"]}}],"collection":[{"href":"https:\/\/algonovocom.com.br\/clientes\/institutopaulista\/wp-json\/wp\/v2\/pages"}],"about":[{"href":"https:\/\/algonovocom.com.br\/clientes\/institutopaulista\/wp-json\/wp\/v2\/types\/page"}],"author":[{"embeddable":true,"href":"https:\/\/algonovocom.com.br\/clientes\/institutopaulista\/wp-json\/wp\/v2\/users\/1"}],"replies":[{"embeddable":true,"href":"https:\/\/algonovocom.com.br\/clientes\/institutopaulista\/wp-json\/wp\/v2\/comments?post=8003"}],"version-history":[{"count":0,"href":"https:\/\/algonovocom.com.br\/clientes\/institutopaulista\/wp-json\/wp\/v2\/pages\/8003\/revisions"}],"wp:attachment":[{"href":"https:\/\/algonovocom.com.br\/clientes\/institutopaulista\/wp-json\/wp\/v2\/media?parent=8003"}],"curies":[{"name":"wp","href":"https:\/\/api.w.org\/{rel}","templated":true}]}}