{"id":7991,"date":"2025-03-12T14:29:04","date_gmt":"2025-03-12T14:29:04","guid":{"rendered":"https:\/\/algonovocom.com.br\/clientes\/institutopaulista\/?page_id=7991"},"modified":"2025-03-12T14:30:29","modified_gmt":"2025-03-12T14:30:29","slug":"missao-e-valores","status":"publish","type":"page","link":"https:\/\/algonovocom.com.br\/clientes\/institutopaulista\/missao-e-valores\/","title":{"rendered":"Miss\u00e3o e Valores"},"content":{"rendered":"\t\t<div data-elementor-type=\"wp-page\" data-elementor-id=\"7991\" class=\"elementor elementor-7991\" data-elementor-post-type=\"page\">\n\t\t\t\t\t\t<section class=\"elementor-section elementor-top-section elementor-element elementor-element-1c8a44d elementor-section-height-min-height elementor-section-boxed elementor-section-height-default elementor-section-items-middle\" data-id=\"1c8a44d\" data-element_type=\"section\">\n\t\t\t\t\t\t<div class=\"elementor-container elementor-column-gap-default\">\n\t\t\t\t\t<div class=\"elementor-column elementor-col-100 elementor-top-column elementor-element elementor-element-d8017b9\" data-id=\"d8017b9\" data-element_type=\"column\">\n\t\t\t<div class=\"elementor-widget-wrap elementor-element-populated\">\n\t\t\t\t\t\t<div class=\"elementor-element elementor-element-679731b elementor-widget elementor-widget-heading\" data-id=\"679731b\" data-element_type=\"widget\" data-widget_type=\"heading.default\">\n\t\t\t\t<div class=\"elementor-widget-container\">\n\t\t\t\t\t<h2 class=\"elementor-heading-title elementor-size-default\">Sobre o Instituto Paulista<\/h2>\t\t\t\t<\/div>\n\t\t\t\t<\/div>\n\t\t\t\t<div class=\"elementor-element elementor-element-cd36bd7 elementor-widget-divider--view-line elementor-widget elementor-widget-divider\" data-id=\"cd36bd7\" data-element_type=\"widget\" data-widget_type=\"divider.default\">\n\t\t\t\t<div class=\"elementor-widget-container\">\n\t\t\t\t\t\t\t<div class=\"elementor-divider\">\n\t\t\t<span class=\"elementor-divider-separator\">\n\t\t\t\t\t\t<\/span>\n\t\t<\/div>\n\t\t\t\t\t\t<\/div>\n\t\t\t\t<\/div>\n\t\t\t\t<div class=\"elementor-element elementor-element-65e2f76 elementor-widget elementor-widget-text-editor\" data-id=\"65e2f76\" data-element_type=\"widget\" data-widget_type=\"text-editor.default\">\n\t\t\t\t<div class=\"elementor-widget-container\">\n\t\t\t\t\t\t\t\t\t<p class=\"big\">O Instituto Paulista atua no mercado h\u00e1 mais de trinta anos prestando servi\u00e7os de assessoria e consultoria em seguran\u00e7a, higiene e medicina do trabalho para diversas empresas de diversos setores econ\u00f4micos; possui registro no Conselho Regional da Medicina do Estado de S\u00e3o Paulo e no Conselho Regional de Engenharia, Arquitetura e Agronomia do Estado de S\u00e3o Paulo.<\/p><p>A equipe de profissionais do Instituto Paulista \u00e9 altamente qualificada e est\u00e1 apta a lhe oferecer o melhor. Sua empresa pode usufruir de todo o aparato t\u00e9cnico e profissional do Instituto Paulista e desfrutar de toda a tranq\u00fcilidade que s\u00f3 uma empresa com os atributos e qualifica\u00e7\u00f5es, como os do Instituto Paulista, \u00a0pode lhe oferecer.<\/p><p>O objetivo principal do Instituto Paulista \u00e9 o de promover uma parceria constante com os seus clientes, permitindo a realiza\u00e7\u00e3o de um trabalho preventivo que atenda as exig\u00eancias legais previstas para as condi\u00e7\u00f5es ambientais do trabalho, bem como para o controle da sa\u00fade ocupacional do trabalhador. Sendo assim, conhe\u00e7a melhor os servi\u00e7os que o Instituto Paulista pode lhe oferecer.<\/p>\t\t\t\t\t\t\t\t<\/div>\n\t\t\t\t<\/div>\n\t\t\t\t\t<\/div>\n\t\t<\/div>\n\t\t\t\t\t<\/div>\n\t\t<\/section>\n\t\t\t\t<\/div>\n\t\t","protected":false},"excerpt":{"rendered":"<p>Sobre o Instituto Paulista O Instituto Paulista atua no mercado h\u00e1 mais de trinta anos prestando servi\u00e7os de assessoria e consultoria em seguran\u00e7a, higiene e medicina do trabalho para diversas empresas de diversos setores econ\u00f4micos; possui registro no Conselho Regional da Medicina do Estado de S\u00e3o Paulo e no Conselho Regional de Engenharia, Arquitetura e [&hellip;]<\/p>\n","protected":false},"author":1,"featured_media":0,"parent":0,"menu_order":2,"comment_status":"closed","ping_status":"closed","template":"","meta":{"footnotes":""},"class_list":["post-7991","page","type-page","status-publish","hentry"],"yoast_head":"<!-- This site is optimized with the Yoast SEO plugin v24.2 - https:\/\/yoast.com\/wordpress\/plugins\/seo\/ -->\n<title>Miss\u00e3o e Valores - IPHMT<\/title>\n<meta name=\"robots\" content=\"index, follow, max-snippet:-1, max-image-preview:large, max-video-preview:-1\" \/>\n<link rel=\"canonical\" href=\"https:\/\/algonovocom.com.br\/clientes\/institutopaulista\/missao-e-valores\/\" \/>\n<meta property=\"og:locale\" content=\"pt_BR\" \/>\n<meta property=\"og:type\" content=\"article\" \/>\n<meta property=\"og:title\" content=\"Miss\u00e3o e Valores - IPHMT\" \/>\n<meta property=\"og:description\" content=\"Sobre o Instituto Paulista O Instituto Paulista atua no mercado h\u00e1 mais de trinta anos prestando servi\u00e7os de assessoria e consultoria em seguran\u00e7a, higiene e medicina do trabalho para diversas empresas de diversos setores econ\u00f4micos; possui registro no Conselho Regional da Medicina do Estado de S\u00e3o Paulo e no Conselho Regional de Engenharia, Arquitetura e [&hellip;]\" \/>\n<meta property=\"og:url\" content=\"https:\/\/algonovocom.com.br\/clientes\/institutopaulista\/missao-e-valores\/\" \/>\n<meta property=\"og:site_name\" content=\"IPHMT\" \/>\n<meta property=\"article:modified_time\" content=\"2025-03-12T14:30:29+00:00\" \/>\n<meta name=\"twitter:card\" content=\"summary_large_image\" \/>\n<meta name=\"twitter:label1\" content=\"Est. tempo de leitura\" \/>\n\t<meta name=\"twitter:data1\" content=\"1 minuto\" \/>\n<script type=\"application\/ld+json\" class=\"yoast-schema-graph\">{\"@context\":\"https:\/\/schema.org\",\"@graph\":[{\"@type\":\"WebPage\",\"@id\":\"https:\/\/algonovocom.com.br\/clientes\/institutopaulista\/missao-e-valores\/\",\"url\":\"https:\/\/algonovocom.com.br\/clientes\/institutopaulista\/missao-e-valores\/\",\"name\":\"Miss\u00e3o e Valores - IPHMT\",\"isPartOf\":{\"@id\":\"https:\/\/algonovocom.com.br\/clientes\/institutopaulista\/#website\"},\"datePublished\":\"2025-03-12T14:29:04+00:00\",\"dateModified\":\"2025-03-12T14:30:29+00:00\",\"breadcrumb\":{\"@id\":\"https:\/\/algonovocom.com.br\/clientes\/institutopaulista\/missao-e-valores\/#breadcrumb\"},\"inLanguage\":\"pt-BR\",\"potentialAction\":[{\"@type\":\"ReadAction\",\"target\":[\"https:\/\/algonovocom.com.br\/clientes\/institutopaulista\/missao-e-valores\/\"]}]},{\"@type\":\"BreadcrumbList\",\"@id\":\"https:\/\/algonovocom.com.br\/clientes\/institutopaulista\/missao-e-valores\/#breadcrumb\",\"itemListElement\":[{\"@type\":\"ListItem\",\"position\":1,\"name\":\"In\u00edcio\",\"item\":\"https:\/\/algonovocom.com.br\/clientes\/institutopaulista\/\"},{\"@type\":\"ListItem\",\"position\":2,\"name\":\"Miss\u00e3o e Valores\"}]},{\"@type\":\"WebSite\",\"@id\":\"https:\/\/algonovocom.com.br\/clientes\/institutopaulista\/#website\",\"url\":\"https:\/\/algonovocom.com.br\/clientes\/institutopaulista\/\",\"name\":\"IPHMT\",\"description\":\"Instituto Paulista de Higiene e Medicina do Trabalho\",\"publisher\":{\"@id\":\"https:\/\/algonovocom.com.br\/clientes\/institutopaulista\/#organization\"},\"potentialAction\":[{\"@type\":\"SearchAction\",\"target\":{\"@type\":\"EntryPoint\",\"urlTemplate\":\"https:\/\/algonovocom.com.br\/clientes\/institutopaulista\/?s={search_term_string}\"},\"query-input\":{\"@type\":\"PropertyValueSpecification\",\"valueRequired\":true,\"valueName\":\"search_term_string\"}}],\"inLanguage\":\"pt-BR\"},{\"@type\":\"Organization\",\"@id\":\"https:\/\/algonovocom.com.br\/clientes\/institutopaulista\/#organization\",\"name\":\"IPHMT\",\"url\":\"https:\/\/algonovocom.com.br\/clientes\/institutopaulista\/\",\"logo\":{\"@type\":\"ImageObject\",\"inLanguage\":\"pt-BR\",\"@id\":\"https:\/\/algonovocom.com.br\/clientes\/institutopaulista\/#\/schema\/logo\/image\/\",\"url\":\"https:\/\/algonovocom.com.br\/clientes\/institutopaulista\/wp-content\/uploads\/2025\/02\/logo-ip-horizontal-claro.png\",\"contentUrl\":\"https:\/\/algonovocom.com.br\/clientes\/institutopaulista\/wp-content\/uploads\/2025\/02\/logo-ip-horizontal-claro.png\",\"width\":1200,\"height\":416,\"caption\":\"IPHMT\"},\"image\":{\"@id\":\"https:\/\/algonovocom.com.br\/clientes\/institutopaulista\/#\/schema\/logo\/image\/\"}}]}<\/script>\n<!-- \/ Yoast SEO plugin. -->","yoast_head_json":{"title":"Miss\u00e3o e Valores - IPHMT","robots":{"index":"index","follow":"follow","max-snippet":"max-snippet:-1","max-image-preview":"max-image-preview:large","max-video-preview":"max-video-preview:-1"},"canonical":"https:\/\/algonovocom.com.br\/clientes\/institutopaulista\/missao-e-valores\/","og_locale":"pt_BR","og_type":"article","og_title":"Miss\u00e3o e Valores - IPHMT","og_description":"Sobre o Instituto Paulista O Instituto Paulista atua no mercado h\u00e1 mais de trinta anos prestando servi\u00e7os de assessoria e consultoria em seguran\u00e7a, higiene e medicina do trabalho para diversas empresas de diversos setores econ\u00f4micos; possui registro no Conselho Regional da Medicina do Estado de S\u00e3o Paulo e no Conselho Regional de Engenharia, Arquitetura e [&hellip;]","og_url":"https:\/\/algonovocom.com.br\/clientes\/institutopaulista\/missao-e-valores\/","og_site_name":"IPHMT","article_modified_time":"2025-03-12T14:30:29+00:00","twitter_card":"summary_large_image","twitter_misc":{"Est. tempo de leitura":"1 minuto"},"schema":{"@context":"https:\/\/schema.org","@graph":[{"@type":"WebPage","@id":"https:\/\/algonovocom.com.br\/clientes\/institutopaulista\/missao-e-valores\/","url":"https:\/\/algonovocom.com.br\/clientes\/institutopaulista\/missao-e-valores\/","name":"Miss\u00e3o e Valores - IPHMT","isPartOf":{"@id":"https:\/\/algonovocom.com.br\/clientes\/institutopaulista\/#website"},"datePublished":"2025-03-12T14:29:04+00:00","dateModified":"2025-03-12T14:30:29+00:00","breadcrumb":{"@id":"https:\/\/algonovocom.com.br\/clientes\/institutopaulista\/missao-e-valores\/#breadcrumb"},"inLanguage":"pt-BR","potentialAction":[{"@type":"ReadAction","target":["https:\/\/algonovocom.com.br\/clientes\/institutopaulista\/missao-e-valores\/"]}]},{"@type":"BreadcrumbList","@id":"https:\/\/algonovocom.com.br\/clientes\/institutopaulista\/missao-e-valores\/#breadcrumb","itemListElement":[{"@type":"ListItem","position":1,"name":"In\u00edcio","item":"https:\/\/algonovocom.com.br\/clientes\/institutopaulista\/"},{"@type":"ListItem","position":2,"name":"Miss\u00e3o e Valores"}]},{"@type":"WebSite","@id":"https:\/\/algonovocom.com.br\/clientes\/institutopaulista\/#website","url":"https:\/\/algonovocom.com.br\/clientes\/institutopaulista\/","name":"IPHMT","description":"Instituto Paulista de Higiene e Medicina do Trabalho","publisher":{"@id":"https:\/\/algonovocom.com.br\/clientes\/institutopaulista\/#organization"},"potentialAction":[{"@type":"SearchAction","target":{"@type":"EntryPoint","urlTemplate":"https:\/\/algonovocom.com.br\/clientes\/institutopaulista\/?s={search_term_string}"},"query-input":{"@type":"PropertyValueSpecification","valueRequired":true,"valueName":"search_term_string"}}],"inLanguage":"pt-BR"},{"@type":"Organization","@id":"https:\/\/algonovocom.com.br\/clientes\/institutopaulista\/#organization","name":"IPHMT","url":"https:\/\/algonovocom.com.br\/clientes\/institutopaulista\/","logo":{"@type":"ImageObject","inLanguage":"pt-BR","@id":"https:\/\/algonovocom.com.br\/clientes\/institutopaulista\/#\/schema\/logo\/image\/","url":"https:\/\/algonovocom.com.br\/clientes\/institutopaulista\/wp-content\/uploads\/2025\/02\/logo-ip-horizontal-claro.png","contentUrl":"https:\/\/algonovocom.com.br\/clientes\/institutopaulista\/wp-content\/uploads\/2025\/02\/logo-ip-horizontal-claro.png","width":1200,"height":416,"caption":"IPHMT"},"image":{"@id":"https:\/\/algonovocom.com.br\/clientes\/institutopaulista\/#\/schema\/logo\/image\/"}}]}},"_links":{"self":[{"href":"https:\/\/algonovocom.com.br\/clientes\/institutopaulista\/wp-json\/wp\/v2\/pages\/7991","targetHints":{"allow":["GET"]}}],"collection":[{"href":"https:\/\/algonovocom.com.br\/clientes\/institutopaulista\/wp-json\/wp\/v2\/pages"}],"about":[{"href":"https:\/\/algonovocom.com.br\/clientes\/institutopaulista\/wp-json\/wp\/v2\/types\/page"}],"author":[{"embeddable":true,"href":"https:\/\/algonovocom.com.br\/clientes\/institutopaulista\/wp-json\/wp\/v2\/users\/1"}],"replies":[{"embeddable":true,"href":"https:\/\/algonovocom.com.br\/clientes\/institutopaulista\/wp-json\/wp\/v2\/comments?post=7991"}],"version-history":[{"count":0,"href":"https:\/\/algonovocom.com.br\/clientes\/institutopaulista\/wp-json\/wp\/v2\/pages\/7991\/revisions"}],"wp:attachment":[{"href":"https:\/\/algonovocom.com.br\/clientes\/institutopaulista\/wp-json\/wp\/v2\/media?parent=7991"}],"curies":[{"name":"wp","href":"https:\/\/api.w.org\/{rel}","templated":true}]}}