{"id":7814,"date":"2025-03-11T14:37:25","date_gmt":"2025-03-11T14:37:25","guid":{"rendered":"https:\/\/algonovocom.com.br\/clientes\/ibp\/?page_id=7814"},"modified":"2025-03-11T19:06:36","modified_gmt":"2025-03-11T19:06:36","slug":"esocial","status":"publish","type":"page","link":"https:\/\/algonovocom.com.br\/clientes\/institutopaulista\/esocial\/","title":{"rendered":"eSocial"},"content":{"rendered":"\t\t<div data-elementor-type=\"wp-page\" data-elementor-id=\"7814\" class=\"elementor elementor-7814\" data-elementor-post-type=\"page\">\n\t\t\t\t\t\t<section class=\"elementor-section elementor-top-section elementor-element elementor-element-1c8a44d elementor-section-boxed elementor-section-height-default elementor-section-height-default\" data-id=\"1c8a44d\" data-element_type=\"section\">\n\t\t\t\t\t\t<div class=\"elementor-container elementor-column-gap-default\">\n\t\t\t\t\t<div class=\"elementor-column elementor-col-100 elementor-top-column elementor-element elementor-element-d8017b9\" data-id=\"d8017b9\" data-element_type=\"column\">\n\t\t\t<div class=\"elementor-widget-wrap elementor-element-populated\">\n\t\t\t\t\t\t<div class=\"elementor-element elementor-element-679731b elementor-widget__width-initial elementor-widget elementor-widget-heading\" data-id=\"679731b\" data-element_type=\"widget\" data-widget_type=\"heading.default\">\n\t\t\t\t<div class=\"elementor-widget-container\">\n\t\t\t\t\t<h2 class=\"elementor-heading-title elementor-size-default\">Documenta\u00e7\u00e3o e toda a gest\u00e3o de sa\u00fade e seguran\u00e7a do trabalho da sua empresa<\/h2>\t\t\t\t<\/div>\n\t\t\t\t<\/div>\n\t\t\t\t<div class=\"elementor-element elementor-element-cd36bd7 elementor-widget-divider--view-line elementor-widget elementor-widget-divider\" data-id=\"cd36bd7\" data-element_type=\"widget\" data-widget_type=\"divider.default\">\n\t\t\t\t<div class=\"elementor-widget-container\">\n\t\t\t\t\t\t\t<div class=\"elementor-divider\">\n\t\t\t<span class=\"elementor-divider-separator\">\n\t\t\t\t\t\t<\/span>\n\t\t<\/div>\n\t\t\t\t\t\t<\/div>\n\t\t\t\t<\/div>\n\t\t\t\t\t<\/div>\n\t\t<\/div>\n\t\t\t\t\t<\/div>\n\t\t<\/section>\n\t\t\t\t<section class=\"elementor-section elementor-top-section elementor-element elementor-element-1ccd10e elementor-section-boxed elementor-section-height-default elementor-section-height-default\" data-id=\"1ccd10e\" data-element_type=\"section\">\n\t\t\t\t\t\t<div class=\"elementor-container elementor-column-gap-default\">\n\t\t\t\t\t<div class=\"elementor-column elementor-col-100 elementor-top-column elementor-element elementor-element-ebe4507\" data-id=\"ebe4507\" data-element_type=\"column\">\n\t\t\t<div class=\"elementor-widget-wrap elementor-element-populated\">\n\t\t\t\t\t\t<div class=\"elementor-element elementor-element-9368f3a elementor-widget elementor-widget-text-editor\" data-id=\"9368f3a\" data-element_type=\"widget\" data-widget_type=\"text-editor.default\">\n\t\t\t\t<div class=\"elementor-widget-container\">\n\t\t\t\t\t\t\t\t\t<p>O E-Social \u00e9 um sistema de Escritura\u00e7\u00e3o Digital das Obriga\u00e7\u00f5es Fiscais, Previdenci\u00e1rias e Trabalhistas, onde os empregadores passar\u00e3o a comunicar ao Governo, de forma unificada, as informa\u00e7\u00f5es relativas aos seus trabalhadores.<\/p><p>Foi institu\u00eddo pelo Decreto 8373\/2014 e ir\u00e1 alterar totalmente a forma como as empresas lidam com as informa\u00e7\u00f5es dos contratos de trabalho de seus colaboradores.<\/p><p>Este sistema informatizado e integrado de informa\u00e7\u00f5es ir\u00e1 modificar a realidade de todas as empresas, uma vez que a transmiss\u00e3o eletr\u00f4nica dos dados possibilitar\u00e1 ao Governo uma maior e mais eficiente fiscaliza\u00e7\u00e3o sobre as obriga\u00e7\u00f5es fiscais, previdenci\u00e1rias e trabalhistas. A presta\u00e7\u00e3o das informa\u00e7\u00f5es ao eSocial substituir\u00e1 o preenchimento e a entrega de formul\u00e1rios e declara\u00e7\u00f5es separados a cada ente.<\/p><p>Trata-se de uma a\u00e7\u00e3o conjunta dos seguintes \u00f3rg\u00e3os e entidades do governo federal: Secretaria da Receita Federal do Brasil \u2013 RFB, Caixa Econ\u00f4mica Federal, Instituto Nacional do Seguro Social \u2013 INSS e Minist\u00e9rio do Trabalho \u2013 MTb.<\/p><p>Neste sentido, as empresas devem se adequar a esta nova realidade e o Instituto Paulista est\u00e1 preparado a auxilia-los.<\/p><p>Dentre as diversas informa\u00e7\u00f5es a serem enviadas aos \u00f3rg\u00e3os governamentais atrav\u00e9s do E-Social, existem eventos relativos a Sa\u00fade e Seguran\u00e7a no Trabalho, sendo eles:<\/p><p>S-2210 \u2013 Comunica\u00e7\u00e3o de Acidente de Trabalho;<br \/>S-2220 \u2013 Monitoramento da Sa\u00fade do Trabalhador;<br \/>S-2240 \u2013 Condi\u00e7\u00f5es Ambientais do Trabalho.<\/p><p>O Instituto Paulista possui todos os seus laudos e programas adaptados e compat\u00edveis ao E-Social, atendendo as exig\u00eancias desta legisla\u00e7\u00e3o, al\u00e9m de possuir profissionais qualificados e capacitados ao atendimento desta obriga\u00e7\u00e3o.<\/p><p>Mas al\u00e9m disto, para a comodidade de nossos clientes e visando facilitar o cumprimento destas exig\u00eancias, desenvolvemos ferramentas eletr\u00f4nicas para o envio das informa\u00e7\u00f5es relativas ao E-Social na parte de Saude e Seguran\u00e7a no trabalho.<\/p><p>Esta ferramenta, dispon\u00edvel para contrata\u00e7\u00e3o por nossos clientes, atende as exig\u00eancias do E-Social relativas aos eventos de Saude e Seguran\u00e7a do Trabalho, o que possibilitar\u00e1 o envio das informa\u00e7\u00f5es ao E-Social.<\/p><p>Trata-se de mais um servi\u00e7o que estamos aptos a atend\u00ea-los.<\/p><p>Este servi\u00e7o j\u00e1 est\u00e1 dispon\u00edvel! Consulte-nos e solicite uma visita para apresenta\u00e7\u00e3o deste servi\u00e7o.<\/p>\t\t\t\t\t\t\t\t<\/div>\n\t\t\t\t<\/div>\n\t\t\t\t\t<\/div>\n\t\t<\/div>\n\t\t\t\t\t<\/div>\n\t\t<\/section>\n\t\t\t\t<\/div>\n\t\t","protected":false},"excerpt":{"rendered":"<p>Documenta\u00e7\u00e3o e toda a gest\u00e3o de sa\u00fade e seguran\u00e7a do trabalho da sua empresa O E-Social \u00e9 um sistema de Escritura\u00e7\u00e3o Digital das Obriga\u00e7\u00f5es Fiscais, Previdenci\u00e1rias e Trabalhistas, onde os empregadores passar\u00e3o a comunicar ao Governo, de forma unificada, as informa\u00e7\u00f5es relativas aos seus trabalhadores. Foi institu\u00eddo pelo Decreto 8373\/2014 e ir\u00e1 alterar totalmente a [&hellip;]<\/p>\n","protected":false},"author":1,"featured_media":0,"parent":0,"menu_order":2,"comment_status":"closed","ping_status":"closed","template":"","meta":{"footnotes":""},"class_list":["post-7814","page","type-page","status-publish","hentry"],"yoast_head":"<!-- This site is optimized with the Yoast SEO plugin v24.2 - https:\/\/yoast.com\/wordpress\/plugins\/seo\/ -->\n<title>eSocial - IPHMT<\/title>\n<meta name=\"robots\" content=\"index, follow, max-snippet:-1, max-image-preview:large, max-video-preview:-1\" \/>\n<link rel=\"canonical\" href=\"https:\/\/algonovocom.com.br\/clientes\/institutopaulista\/esocial\/\" \/>\n<meta property=\"og:locale\" content=\"pt_BR\" \/>\n<meta property=\"og:type\" content=\"article\" \/>\n<meta property=\"og:title\" content=\"eSocial - IPHMT\" \/>\n<meta property=\"og:description\" content=\"Documenta\u00e7\u00e3o e toda a gest\u00e3o de sa\u00fade e seguran\u00e7a do trabalho da sua empresa O E-Social \u00e9 um sistema de Escritura\u00e7\u00e3o Digital das Obriga\u00e7\u00f5es Fiscais, Previdenci\u00e1rias e Trabalhistas, onde os empregadores passar\u00e3o a comunicar ao Governo, de forma unificada, as informa\u00e7\u00f5es relativas aos seus trabalhadores. Foi institu\u00eddo pelo Decreto 8373\/2014 e ir\u00e1 alterar totalmente a [&hellip;]\" \/>\n<meta property=\"og:url\" content=\"https:\/\/algonovocom.com.br\/clientes\/institutopaulista\/esocial\/\" \/>\n<meta property=\"og:site_name\" content=\"IPHMT\" \/>\n<meta property=\"article:modified_time\" content=\"2025-03-11T19:06:36+00:00\" \/>\n<meta name=\"twitter:card\" content=\"summary_large_image\" \/>\n<meta name=\"twitter:label1\" content=\"Est. tempo de leitura\" \/>\n\t<meta name=\"twitter:data1\" content=\"2 minutos\" \/>\n<script type=\"application\/ld+json\" class=\"yoast-schema-graph\">{\"@context\":\"https:\/\/schema.org\",\"@graph\":[{\"@type\":\"WebPage\",\"@id\":\"https:\/\/algonovocom.com.br\/clientes\/institutopaulista\/esocial\/\",\"url\":\"https:\/\/algonovocom.com.br\/clientes\/institutopaulista\/esocial\/\",\"name\":\"eSocial - IPHMT\",\"isPartOf\":{\"@id\":\"https:\/\/algonovocom.com.br\/clientes\/institutopaulista\/#website\"},\"datePublished\":\"2025-03-11T14:37:25+00:00\",\"dateModified\":\"2025-03-11T19:06:36+00:00\",\"breadcrumb\":{\"@id\":\"https:\/\/algonovocom.com.br\/clientes\/institutopaulista\/esocial\/#breadcrumb\"},\"inLanguage\":\"pt-BR\",\"potentialAction\":[{\"@type\":\"ReadAction\",\"target\":[\"https:\/\/algonovocom.com.br\/clientes\/institutopaulista\/esocial\/\"]}]},{\"@type\":\"BreadcrumbList\",\"@id\":\"https:\/\/algonovocom.com.br\/clientes\/institutopaulista\/esocial\/#breadcrumb\",\"itemListElement\":[{\"@type\":\"ListItem\",\"position\":1,\"name\":\"In\u00edcio\",\"item\":\"https:\/\/algonovocom.com.br\/clientes\/institutopaulista\/\"},{\"@type\":\"ListItem\",\"position\":2,\"name\":\"eSocial\"}]},{\"@type\":\"WebSite\",\"@id\":\"https:\/\/algonovocom.com.br\/clientes\/institutopaulista\/#website\",\"url\":\"https:\/\/algonovocom.com.br\/clientes\/institutopaulista\/\",\"name\":\"IPHMT\",\"description\":\"Instituto Paulista de Higiene e Medicina do Trabalho\",\"publisher\":{\"@id\":\"https:\/\/algonovocom.com.br\/clientes\/institutopaulista\/#organization\"},\"potentialAction\":[{\"@type\":\"SearchAction\",\"target\":{\"@type\":\"EntryPoint\",\"urlTemplate\":\"https:\/\/algonovocom.com.br\/clientes\/institutopaulista\/?s={search_term_string}\"},\"query-input\":{\"@type\":\"PropertyValueSpecification\",\"valueRequired\":true,\"valueName\":\"search_term_string\"}}],\"inLanguage\":\"pt-BR\"},{\"@type\":\"Organization\",\"@id\":\"https:\/\/algonovocom.com.br\/clientes\/institutopaulista\/#organization\",\"name\":\"IPHMT\",\"url\":\"https:\/\/algonovocom.com.br\/clientes\/institutopaulista\/\",\"logo\":{\"@type\":\"ImageObject\",\"inLanguage\":\"pt-BR\",\"@id\":\"https:\/\/algonovocom.com.br\/clientes\/institutopaulista\/#\/schema\/logo\/image\/\",\"url\":\"https:\/\/algonovocom.com.br\/clientes\/institutopaulista\/wp-content\/uploads\/2025\/02\/logo-ip-horizontal-claro.png\",\"contentUrl\":\"https:\/\/algonovocom.com.br\/clientes\/institutopaulista\/wp-content\/uploads\/2025\/02\/logo-ip-horizontal-claro.png\",\"width\":1200,\"height\":416,\"caption\":\"IPHMT\"},\"image\":{\"@id\":\"https:\/\/algonovocom.com.br\/clientes\/institutopaulista\/#\/schema\/logo\/image\/\"}}]}<\/script>\n<!-- \/ Yoast SEO plugin. -->","yoast_head_json":{"title":"eSocial - IPHMT","robots":{"index":"index","follow":"follow","max-snippet":"max-snippet:-1","max-image-preview":"max-image-preview:large","max-video-preview":"max-video-preview:-1"},"canonical":"https:\/\/algonovocom.com.br\/clientes\/institutopaulista\/esocial\/","og_locale":"pt_BR","og_type":"article","og_title":"eSocial - IPHMT","og_description":"Documenta\u00e7\u00e3o e toda a gest\u00e3o de sa\u00fade e seguran\u00e7a do trabalho da sua empresa O E-Social \u00e9 um sistema de Escritura\u00e7\u00e3o Digital das Obriga\u00e7\u00f5es Fiscais, Previdenci\u00e1rias e Trabalhistas, onde os empregadores passar\u00e3o a comunicar ao Governo, de forma unificada, as informa\u00e7\u00f5es relativas aos seus trabalhadores. Foi institu\u00eddo pelo Decreto 8373\/2014 e ir\u00e1 alterar totalmente a [&hellip;]","og_url":"https:\/\/algonovocom.com.br\/clientes\/institutopaulista\/esocial\/","og_site_name":"IPHMT","article_modified_time":"2025-03-11T19:06:36+00:00","twitter_card":"summary_large_image","twitter_misc":{"Est. tempo de leitura":"2 minutos"},"schema":{"@context":"https:\/\/schema.org","@graph":[{"@type":"WebPage","@id":"https:\/\/algonovocom.com.br\/clientes\/institutopaulista\/esocial\/","url":"https:\/\/algonovocom.com.br\/clientes\/institutopaulista\/esocial\/","name":"eSocial - IPHMT","isPartOf":{"@id":"https:\/\/algonovocom.com.br\/clientes\/institutopaulista\/#website"},"datePublished":"2025-03-11T14:37:25+00:00","dateModified":"2025-03-11T19:06:36+00:00","breadcrumb":{"@id":"https:\/\/algonovocom.com.br\/clientes\/institutopaulista\/esocial\/#breadcrumb"},"inLanguage":"pt-BR","potentialAction":[{"@type":"ReadAction","target":["https:\/\/algonovocom.com.br\/clientes\/institutopaulista\/esocial\/"]}]},{"@type":"BreadcrumbList","@id":"https:\/\/algonovocom.com.br\/clientes\/institutopaulista\/esocial\/#breadcrumb","itemListElement":[{"@type":"ListItem","position":1,"name":"In\u00edcio","item":"https:\/\/algonovocom.com.br\/clientes\/institutopaulista\/"},{"@type":"ListItem","position":2,"name":"eSocial"}]},{"@type":"WebSite","@id":"https:\/\/algonovocom.com.br\/clientes\/institutopaulista\/#website","url":"https:\/\/algonovocom.com.br\/clientes\/institutopaulista\/","name":"IPHMT","description":"Instituto Paulista de Higiene e Medicina do Trabalho","publisher":{"@id":"https:\/\/algonovocom.com.br\/clientes\/institutopaulista\/#organization"},"potentialAction":[{"@type":"SearchAction","target":{"@type":"EntryPoint","urlTemplate":"https:\/\/algonovocom.com.br\/clientes\/institutopaulista\/?s={search_term_string}"},"query-input":{"@type":"PropertyValueSpecification","valueRequired":true,"valueName":"search_term_string"}}],"inLanguage":"pt-BR"},{"@type":"Organization","@id":"https:\/\/algonovocom.com.br\/clientes\/institutopaulista\/#organization","name":"IPHMT","url":"https:\/\/algonovocom.com.br\/clientes\/institutopaulista\/","logo":{"@type":"ImageObject","inLanguage":"pt-BR","@id":"https:\/\/algonovocom.com.br\/clientes\/institutopaulista\/#\/schema\/logo\/image\/","url":"https:\/\/algonovocom.com.br\/clientes\/institutopaulista\/wp-content\/uploads\/2025\/02\/logo-ip-horizontal-claro.png","contentUrl":"https:\/\/algonovocom.com.br\/clientes\/institutopaulista\/wp-content\/uploads\/2025\/02\/logo-ip-horizontal-claro.png","width":1200,"height":416,"caption":"IPHMT"},"image":{"@id":"https:\/\/algonovocom.com.br\/clientes\/institutopaulista\/#\/schema\/logo\/image\/"}}]}},"_links":{"self":[{"href":"https:\/\/algonovocom.com.br\/clientes\/institutopaulista\/wp-json\/wp\/v2\/pages\/7814","targetHints":{"allow":["GET"]}}],"collection":[{"href":"https:\/\/algonovocom.com.br\/clientes\/institutopaulista\/wp-json\/wp\/v2\/pages"}],"about":[{"href":"https:\/\/algonovocom.com.br\/clientes\/institutopaulista\/wp-json\/wp\/v2\/types\/page"}],"author":[{"embeddable":true,"href":"https:\/\/algonovocom.com.br\/clientes\/institutopaulista\/wp-json\/wp\/v2\/users\/1"}],"replies":[{"embeddable":true,"href":"https:\/\/algonovocom.com.br\/clientes\/institutopaulista\/wp-json\/wp\/v2\/comments?post=7814"}],"version-history":[{"count":0,"href":"https:\/\/algonovocom.com.br\/clientes\/institutopaulista\/wp-json\/wp\/v2\/pages\/7814\/revisions"}],"wp:attachment":[{"href":"https:\/\/algonovocom.com.br\/clientes\/institutopaulista\/wp-json\/wp\/v2\/media?parent=7814"}],"curies":[{"name":"wp","href":"https:\/\/api.w.org\/{rel}","templated":true}]}}