{"id":7717,"date":"2025-02-28T18:47:56","date_gmt":"2025-02-28T18:47:56","guid":{"rendered":"https:\/\/algonovocom.com.br\/clientes\/ibp\/?page_id=7717"},"modified":"2025-03-12T14:34:55","modified_gmt":"2025-03-12T14:34:55","slug":"normas-regulamentadoras","status":"publish","type":"page","link":"https:\/\/algonovocom.com.br\/clientes\/institutopaulista\/normas-regulamentadoras\/","title":{"rendered":"Normas Regulamentadoras"},"content":{"rendered":"\t\t<div data-elementor-type=\"wp-page\" data-elementor-id=\"7717\" class=\"elementor elementor-7717\" data-elementor-post-type=\"page\">\n\t\t\t\t\t\t<section class=\"elementor-section elementor-top-section elementor-element elementor-element-1c8a44d elementor-section-boxed elementor-section-height-default elementor-section-height-default\" data-id=\"1c8a44d\" data-element_type=\"section\">\n\t\t\t\t\t\t<div class=\"elementor-container elementor-column-gap-default\">\n\t\t\t\t\t<div class=\"elementor-column elementor-col-100 elementor-top-column elementor-element elementor-element-d8017b9\" data-id=\"d8017b9\" data-element_type=\"column\">\n\t\t\t<div class=\"elementor-widget-wrap elementor-element-populated\">\n\t\t\t\t\t\t<div class=\"elementor-element elementor-element-679731b elementor-widget__width-initial elementor-widget elementor-widget-heading\" data-id=\"679731b\" data-element_type=\"widget\" data-widget_type=\"heading.default\">\n\t\t\t\t<div class=\"elementor-widget-container\">\n\t\t\t\t\t<h2 class=\"elementor-heading-title elementor-size-default\">Todos os Treinamentos Previstos nas Diferentes Normas Regulamentadoras<\/h2>\t\t\t\t<\/div>\n\t\t\t\t<\/div>\n\t\t\t\t<div class=\"elementor-element elementor-element-cd36bd7 elementor-widget-divider--view-line elementor-widget elementor-widget-divider\" data-id=\"cd36bd7\" data-element_type=\"widget\" data-widget_type=\"divider.default\">\n\t\t\t\t<div class=\"elementor-widget-container\">\n\t\t\t\t\t\t\t<div class=\"elementor-divider\">\n\t\t\t<span class=\"elementor-divider-separator\">\n\t\t\t\t\t\t<\/span>\n\t\t<\/div>\n\t\t\t\t\t\t<\/div>\n\t\t\t\t<\/div>\n\t\t\t\t\t<\/div>\n\t\t<\/div>\n\t\t\t\t\t<\/div>\n\t\t<\/section>\n\t\t\t\t<section class=\"elementor-section elementor-top-section elementor-element elementor-element-1ccd10e elementor-section-boxed elementor-section-height-default elementor-section-height-default\" data-id=\"1ccd10e\" data-element_type=\"section\">\n\t\t\t\t\t\t<div class=\"elementor-container elementor-column-gap-default\">\n\t\t\t\t\t<div class=\"elementor-column elementor-col-100 elementor-top-column elementor-element elementor-element-ebe4507\" data-id=\"ebe4507\" data-element_type=\"column\">\n\t\t\t<div class=\"elementor-widget-wrap elementor-element-populated\">\n\t\t\t\t\t\t<div class=\"elementor-element elementor-element-9368f3a elementor-widget elementor-widget-text-editor\" data-id=\"9368f3a\" data-element_type=\"widget\" data-widget_type=\"text-editor.default\">\n\t\t\t\t<div class=\"elementor-widget-container\">\n\t\t\t\t\t\t\t\t\t<p>Com o objetivo de melhor atender aos nossos clientes, disponibilizamos v\u00e1rios temas para treinamentos plaus\u00edveis de serem aplicados nas empresas em decorr\u00eancia das necessidades do dia a dia ou at\u00e9 mesmo pelas imposi\u00e7\u00f5es legais estabelecidas, como, por exemplo, no caso das Semanas Internas de Preven\u00e7\u00e3o de Acidentes \u2013 SIPAT, da Comiss\u00e3o Interna de Preven\u00e7\u00e3o de Acidentes \u2013 CIPA, AIDS, Primeiros Socorros e outros mais previstas na nossa legisla\u00e7\u00e3o.<\/p><p>Atrav\u00e9s de uma equipe multidisciplinar, composta por profissionais das \u00e1reas de sa\u00fade, seguran\u00e7a do trabalho, direito, engenharia, administra\u00e7\u00e3o, psicologia e outros, possu\u00edmos este importante ferramental, que objetiva fazer frente a in\u00fameros problemas nas \u00e1reas de seguran\u00e7a, sa\u00fade ocupacional, meio ambiente e planejamento da sua empresa ou seu departamento, oferecendo solu\u00e7\u00f5es pr\u00e1ticas e eficazes, pautadas, principalmente na conscientiza\u00e7\u00e3o, aprendizado e assimila\u00e7\u00e3o de boas e novas propostas e posturas para o bom exerc\u00edcio do trabalho por parte do trabalhador.<\/p><p>Nosso foco est\u00e1 no aumento da produtividade, na redu\u00e7\u00e3o de custos com acidentes e doen\u00e7as ocupacionais, prote\u00e7\u00e3o \u00e0 sa\u00fade e integridade f\u00edsica do trabalhador, \u00a0melhoria da competitividade e na imagem da sua empresa junto ao mercado bem como na melhor qualidade de vida dos seus empregados.<\/p><p>Para uma vis\u00e3o preliminar da nossa proposta, relacionamos os m\u00f3dulos b\u00e1sicos e iniciais, observando que, diante de eventuais necessidades n\u00e3o relacionadas aqui, apreciar\u00edamos muit\u00edssimo colocar os nossos pr\u00e9stimos \u00e0 sua disposi\u00e7\u00e3o para tentar auxilia-lo, concentrando nossos esfor\u00e7os no seu problema em espec\u00edfico e, assim, solidificarmos a nossa parceria.<\/p><p>Confira abaixo a rela\u00e7\u00e3o de temas dispon\u00edveis, observando que caso tenha interesse em outro tema, existe a possibilidade de atendimento mediante consulta espec\u00edfica nesse sentido.<\/p>\t\t\t\t\t\t\t\t<\/div>\n\t\t\t\t<\/div>\n\t\t\t\t\t<\/div>\n\t\t<\/div>\n\t\t\t\t\t<\/div>\n\t\t<\/section>\n\t\t\t\t<section class=\"elementor-section elementor-top-section elementor-element elementor-element-d2dd14a elementor-section-boxed elementor-section-height-default elementor-section-height-default\" data-id=\"d2dd14a\" data-element_type=\"section\">\n\t\t\t\t\t\t<div class=\"elementor-container elementor-column-gap-default\">\n\t\t\t\t\t<div class=\"elementor-column elementor-col-100 elementor-top-column elementor-element elementor-element-b2e58d9\" data-id=\"b2e58d9\" data-element_type=\"column\">\n\t\t\t<div class=\"elementor-widget-wrap elementor-element-populated\">\n\t\t\t\t\t\t<section class=\"elementor-section elementor-inner-section elementor-element elementor-element-8b6d742 elementor-section-boxed elementor-section-height-default elementor-section-height-default\" data-id=\"8b6d742\" data-element_type=\"section\">\n\t\t\t\t\t\t<div class=\"elementor-container elementor-column-gap-default\">\n\t\t\t\t\t<div class=\"elementor-column elementor-col-50 elementor-inner-column elementor-element elementor-element-16cc47c\" data-id=\"16cc47c\" data-element_type=\"column\">\n\t\t\t<div class=\"elementor-widget-wrap elementor-element-populated\">\n\t\t\t\t\t\t<div class=\"elementor-element elementor-element-e217410 elementor-widget elementor-widget-text-editor\" data-id=\"e217410\" data-element_type=\"widget\" data-widget_type=\"text-editor.default\">\n\t\t\t\t<div class=\"elementor-widget-container\">\n\t\t\t\t\t\t\t\t\t<ul><li>01: AIDS<\/li><li>02: Doen\u00e7as Sexualmente Transmiss\u00edveis \u2013 DST<\/li><li>03: Primeiros Socorros<\/li><li>04: Diabetes<\/li><li>05: Colesterol<\/li><li>06: Hipertens\u00e3o Arterial \u2013 H.A<\/li><li>07: Preven\u00e7\u00e3o do C\u00e2ncer de Mamas<\/li><li>08: Proteja a sua Coluna<\/li><li>09: Estresse<\/li><li>10: Sa\u00fade da Pr\u00f3stata<\/li><li>11: Proteja a sua vis\u00e3o<\/li><li>12: Qualidade do sono<\/li><li>13: Drogas<\/li><li>14: Dist\u00farbios Osteomusculares Relacionados ao Trabalho \u2013 DORT<\/li><\/ul>\t\t\t\t\t\t\t\t<\/div>\n\t\t\t\t<\/div>\n\t\t\t\t\t<\/div>\n\t\t<\/div>\n\t\t\t\t<div class=\"elementor-column elementor-col-50 elementor-inner-column elementor-element elementor-element-957b309\" data-id=\"957b309\" data-element_type=\"column\">\n\t\t\t<div class=\"elementor-widget-wrap elementor-element-populated\">\n\t\t\t\t\t\t<div class=\"elementor-element elementor-element-4aa622a elementor-widget elementor-widget-text-editor\" data-id=\"4aa622a\" data-element_type=\"widget\" data-widget_type=\"text-editor.default\">\n\t\t\t\t<div class=\"elementor-widget-container\">\n\t\t\t\t\t\t\t\t\t<ul><li>15: Planejamento Familiar<\/li><li>16: Planejamento Or\u00e7ament\u00e1rio no \u00e2mbito da Fam\u00edlia<\/li><li>17: Ergonomia: conforto X produtividade X qualidade de vida<\/li><li>18: Comiss\u00e3o Interna de Preven\u00e7\u00e3o de Acidentes \u2013 CIPA<\/li><li>19: No\u00e7\u00f5es B\u00e1sicas de Preven\u00e7\u00e3o e Combate a Inc\u00eandio<\/li><li>20: Conserva\u00e7\u00e3o Auditiva<\/li><li>21: Tabagismo<\/li><li>22: Meio Ambiente de Desenvolvimento Sustent\u00e1vel<\/li><li>23: EPI \u2013 Equipamentos de Prote\u00e7\u00e3o Individual<\/li><li>24: Levantamento e Transporte Individual de Materiais<\/li><li>25: No\u00e7\u00f5es B\u00e1sicas de Seguran\u00e7a do Trabalho<\/li><li>26: Investiga\u00e7\u00e3o e An\u00e1lise de Acidente<\/li><li>27: Inspe\u00e7\u00f5es de Seguran\u00e7a<\/li><\/ul>\t\t\t\t\t\t\t\t<\/div>\n\t\t\t\t<\/div>\n\t\t\t\t\t<\/div>\n\t\t<\/div>\n\t\t\t\t\t<\/div>\n\t\t<\/section>\n\t\t\t\t\t<\/div>\n\t\t<\/div>\n\t\t\t\t\t<\/div>\n\t\t<\/section>\n\t\t\t\t<\/div>\n\t\t","protected":false},"excerpt":{"rendered":"<p>Todos os Treinamentos Previstos nas Diferentes Normas Regulamentadoras Com o objetivo de melhor atender aos nossos clientes, disponibilizamos v\u00e1rios temas para treinamentos plaus\u00edveis de serem aplicados nas empresas em decorr\u00eancia das necessidades do dia a dia ou at\u00e9 mesmo pelas imposi\u00e7\u00f5es legais estabelecidas, como, por exemplo, no caso das Semanas Internas de Preven\u00e7\u00e3o de Acidentes [&hellip;]<\/p>\n","protected":false},"author":1,"featured_media":0,"parent":0,"menu_order":2,"comment_status":"closed","ping_status":"closed","template":"","meta":{"footnotes":""},"class_list":["post-7717","page","type-page","status-publish","hentry"],"yoast_head":"<!-- This site is optimized with the Yoast SEO plugin v24.2 - https:\/\/yoast.com\/wordpress\/plugins\/seo\/ -->\n<title>Normas Regulamentadoras - IPHMT<\/title>\n<meta name=\"robots\" content=\"index, follow, max-snippet:-1, max-image-preview:large, max-video-preview:-1\" \/>\n<link rel=\"canonical\" href=\"https:\/\/algonovocom.com.br\/clientes\/institutopaulista\/normas-regulamentadoras\/\" \/>\n<meta property=\"og:locale\" content=\"pt_BR\" \/>\n<meta property=\"og:type\" content=\"article\" \/>\n<meta property=\"og:title\" content=\"Normas Regulamentadoras - IPHMT\" \/>\n<meta property=\"og:description\" content=\"Todos os Treinamentos Previstos nas Diferentes Normas Regulamentadoras Com o objetivo de melhor atender aos nossos clientes, disponibilizamos v\u00e1rios temas para treinamentos plaus\u00edveis de serem aplicados nas empresas em decorr\u00eancia das necessidades do dia a dia ou at\u00e9 mesmo pelas imposi\u00e7\u00f5es legais estabelecidas, como, por exemplo, no caso das Semanas Internas de Preven\u00e7\u00e3o de Acidentes [&hellip;]\" \/>\n<meta property=\"og:url\" content=\"https:\/\/algonovocom.com.br\/clientes\/institutopaulista\/normas-regulamentadoras\/\" \/>\n<meta property=\"og:site_name\" content=\"IPHMT\" \/>\n<meta property=\"article:modified_time\" content=\"2025-03-12T14:34:55+00:00\" \/>\n<meta name=\"twitter:card\" content=\"summary_large_image\" \/>\n<meta name=\"twitter:label1\" content=\"Est. tempo de leitura\" \/>\n\t<meta name=\"twitter:data1\" content=\"3 minutos\" \/>\n<script type=\"application\/ld+json\" class=\"yoast-schema-graph\">{\"@context\":\"https:\/\/schema.org\",\"@graph\":[{\"@type\":\"WebPage\",\"@id\":\"https:\/\/algonovocom.com.br\/clientes\/institutopaulista\/normas-regulamentadoras\/\",\"url\":\"https:\/\/algonovocom.com.br\/clientes\/institutopaulista\/normas-regulamentadoras\/\",\"name\":\"Normas Regulamentadoras - IPHMT\",\"isPartOf\":{\"@id\":\"https:\/\/algonovocom.com.br\/clientes\/institutopaulista\/#website\"},\"datePublished\":\"2025-02-28T18:47:56+00:00\",\"dateModified\":\"2025-03-12T14:34:55+00:00\",\"breadcrumb\":{\"@id\":\"https:\/\/algonovocom.com.br\/clientes\/institutopaulista\/normas-regulamentadoras\/#breadcrumb\"},\"inLanguage\":\"pt-BR\",\"potentialAction\":[{\"@type\":\"ReadAction\",\"target\":[\"https:\/\/algonovocom.com.br\/clientes\/institutopaulista\/normas-regulamentadoras\/\"]}]},{\"@type\":\"BreadcrumbList\",\"@id\":\"https:\/\/algonovocom.com.br\/clientes\/institutopaulista\/normas-regulamentadoras\/#breadcrumb\",\"itemListElement\":[{\"@type\":\"ListItem\",\"position\":1,\"name\":\"In\u00edcio\",\"item\":\"https:\/\/algonovocom.com.br\/clientes\/institutopaulista\/\"},{\"@type\":\"ListItem\",\"position\":2,\"name\":\"Normas Regulamentadoras\"}]},{\"@type\":\"WebSite\",\"@id\":\"https:\/\/algonovocom.com.br\/clientes\/institutopaulista\/#website\",\"url\":\"https:\/\/algonovocom.com.br\/clientes\/institutopaulista\/\",\"name\":\"IPHMT\",\"description\":\"Instituto Paulista de Higiene e Medicina do Trabalho\",\"publisher\":{\"@id\":\"https:\/\/algonovocom.com.br\/clientes\/institutopaulista\/#organization\"},\"potentialAction\":[{\"@type\":\"SearchAction\",\"target\":{\"@type\":\"EntryPoint\",\"urlTemplate\":\"https:\/\/algonovocom.com.br\/clientes\/institutopaulista\/?s={search_term_string}\"},\"query-input\":{\"@type\":\"PropertyValueSpecification\",\"valueRequired\":true,\"valueName\":\"search_term_string\"}}],\"inLanguage\":\"pt-BR\"},{\"@type\":\"Organization\",\"@id\":\"https:\/\/algonovocom.com.br\/clientes\/institutopaulista\/#organization\",\"name\":\"IPHMT\",\"url\":\"https:\/\/algonovocom.com.br\/clientes\/institutopaulista\/\",\"logo\":{\"@type\":\"ImageObject\",\"inLanguage\":\"pt-BR\",\"@id\":\"https:\/\/algonovocom.com.br\/clientes\/institutopaulista\/#\/schema\/logo\/image\/\",\"url\":\"https:\/\/algonovocom.com.br\/clientes\/institutopaulista\/wp-content\/uploads\/2025\/02\/logo-ip-horizontal-claro.png\",\"contentUrl\":\"https:\/\/algonovocom.com.br\/clientes\/institutopaulista\/wp-content\/uploads\/2025\/02\/logo-ip-horizontal-claro.png\",\"width\":1200,\"height\":416,\"caption\":\"IPHMT\"},\"image\":{\"@id\":\"https:\/\/algonovocom.com.br\/clientes\/institutopaulista\/#\/schema\/logo\/image\/\"}}]}<\/script>\n<!-- \/ Yoast SEO plugin. -->","yoast_head_json":{"title":"Normas Regulamentadoras - IPHMT","robots":{"index":"index","follow":"follow","max-snippet":"max-snippet:-1","max-image-preview":"max-image-preview:large","max-video-preview":"max-video-preview:-1"},"canonical":"https:\/\/algonovocom.com.br\/clientes\/institutopaulista\/normas-regulamentadoras\/","og_locale":"pt_BR","og_type":"article","og_title":"Normas Regulamentadoras - IPHMT","og_description":"Todos os Treinamentos Previstos nas Diferentes Normas Regulamentadoras Com o objetivo de melhor atender aos nossos clientes, disponibilizamos v\u00e1rios temas para treinamentos plaus\u00edveis de serem aplicados nas empresas em decorr\u00eancia das necessidades do dia a dia ou at\u00e9 mesmo pelas imposi\u00e7\u00f5es legais estabelecidas, como, por exemplo, no caso das Semanas Internas de Preven\u00e7\u00e3o de Acidentes [&hellip;]","og_url":"https:\/\/algonovocom.com.br\/clientes\/institutopaulista\/normas-regulamentadoras\/","og_site_name":"IPHMT","article_modified_time":"2025-03-12T14:34:55+00:00","twitter_card":"summary_large_image","twitter_misc":{"Est. tempo de leitura":"3 minutos"},"schema":{"@context":"https:\/\/schema.org","@graph":[{"@type":"WebPage","@id":"https:\/\/algonovocom.com.br\/clientes\/institutopaulista\/normas-regulamentadoras\/","url":"https:\/\/algonovocom.com.br\/clientes\/institutopaulista\/normas-regulamentadoras\/","name":"Normas Regulamentadoras - IPHMT","isPartOf":{"@id":"https:\/\/algonovocom.com.br\/clientes\/institutopaulista\/#website"},"datePublished":"2025-02-28T18:47:56+00:00","dateModified":"2025-03-12T14:34:55+00:00","breadcrumb":{"@id":"https:\/\/algonovocom.com.br\/clientes\/institutopaulista\/normas-regulamentadoras\/#breadcrumb"},"inLanguage":"pt-BR","potentialAction":[{"@type":"ReadAction","target":["https:\/\/algonovocom.com.br\/clientes\/institutopaulista\/normas-regulamentadoras\/"]}]},{"@type":"BreadcrumbList","@id":"https:\/\/algonovocom.com.br\/clientes\/institutopaulista\/normas-regulamentadoras\/#breadcrumb","itemListElement":[{"@type":"ListItem","position":1,"name":"In\u00edcio","item":"https:\/\/algonovocom.com.br\/clientes\/institutopaulista\/"},{"@type":"ListItem","position":2,"name":"Normas Regulamentadoras"}]},{"@type":"WebSite","@id":"https:\/\/algonovocom.com.br\/clientes\/institutopaulista\/#website","url":"https:\/\/algonovocom.com.br\/clientes\/institutopaulista\/","name":"IPHMT","description":"Instituto Paulista de Higiene e Medicina do Trabalho","publisher":{"@id":"https:\/\/algonovocom.com.br\/clientes\/institutopaulista\/#organization"},"potentialAction":[{"@type":"SearchAction","target":{"@type":"EntryPoint","urlTemplate":"https:\/\/algonovocom.com.br\/clientes\/institutopaulista\/?s={search_term_string}"},"query-input":{"@type":"PropertyValueSpecification","valueRequired":true,"valueName":"search_term_string"}}],"inLanguage":"pt-BR"},{"@type":"Organization","@id":"https:\/\/algonovocom.com.br\/clientes\/institutopaulista\/#organization","name":"IPHMT","url":"https:\/\/algonovocom.com.br\/clientes\/institutopaulista\/","logo":{"@type":"ImageObject","inLanguage":"pt-BR","@id":"https:\/\/algonovocom.com.br\/clientes\/institutopaulista\/#\/schema\/logo\/image\/","url":"https:\/\/algonovocom.com.br\/clientes\/institutopaulista\/wp-content\/uploads\/2025\/02\/logo-ip-horizontal-claro.png","contentUrl":"https:\/\/algonovocom.com.br\/clientes\/institutopaulista\/wp-content\/uploads\/2025\/02\/logo-ip-horizontal-claro.png","width":1200,"height":416,"caption":"IPHMT"},"image":{"@id":"https:\/\/algonovocom.com.br\/clientes\/institutopaulista\/#\/schema\/logo\/image\/"}}]}},"_links":{"self":[{"href":"https:\/\/algonovocom.com.br\/clientes\/institutopaulista\/wp-json\/wp\/v2\/pages\/7717","targetHints":{"allow":["GET"]}}],"collection":[{"href":"https:\/\/algonovocom.com.br\/clientes\/institutopaulista\/wp-json\/wp\/v2\/pages"}],"about":[{"href":"https:\/\/algonovocom.com.br\/clientes\/institutopaulista\/wp-json\/wp\/v2\/types\/page"}],"author":[{"embeddable":true,"href":"https:\/\/algonovocom.com.br\/clientes\/institutopaulista\/wp-json\/wp\/v2\/users\/1"}],"replies":[{"embeddable":true,"href":"https:\/\/algonovocom.com.br\/clientes\/institutopaulista\/wp-json\/wp\/v2\/comments?post=7717"}],"version-history":[{"count":0,"href":"https:\/\/algonovocom.com.br\/clientes\/institutopaulista\/wp-json\/wp\/v2\/pages\/7717\/revisions"}],"wp:attachment":[{"href":"https:\/\/algonovocom.com.br\/clientes\/institutopaulista\/wp-json\/wp\/v2\/media?parent=7717"}],"curies":[{"name":"wp","href":"https:\/\/api.w.org\/{rel}","templated":true}]}}