{"id":7708,"date":"2025-02-28T18:25:53","date_gmt":"2025-02-28T18:25:53","guid":{"rendered":"https:\/\/algonovocom.com.br\/clientes\/ibp\/?page_id=7708"},"modified":"2025-03-12T14:33:05","modified_gmt":"2025-03-12T14:33:05","slug":"pgr-engenharia-de-seguranca","status":"publish","type":"page","link":"https:\/\/algonovocom.com.br\/clientes\/institutopaulista\/pgr-engenharia-de-seguranca\/","title":{"rendered":"PGR &#8211; Engenharia de Seguran\u00e7a"},"content":{"rendered":"\t\t<div data-elementor-type=\"wp-page\" data-elementor-id=\"7708\" class=\"elementor elementor-7708\" data-elementor-post-type=\"page\">\n\t\t\t\t\t\t<section class=\"elementor-section elementor-top-section elementor-element elementor-element-1c8a44d elementor-section-boxed elementor-section-height-default elementor-section-height-default\" data-id=\"1c8a44d\" data-element_type=\"section\">\n\t\t\t\t\t\t<div class=\"elementor-container elementor-column-gap-default\">\n\t\t\t\t\t<div class=\"elementor-column elementor-col-100 elementor-top-column elementor-element elementor-element-d8017b9\" data-id=\"d8017b9\" data-element_type=\"column\">\n\t\t\t<div class=\"elementor-widget-wrap elementor-element-populated\">\n\t\t\t\t\t\t<div class=\"elementor-element elementor-element-679731b elementor-widget__width-initial elementor-widget elementor-widget-heading\" data-id=\"679731b\" data-element_type=\"widget\" data-widget_type=\"heading.default\">\n\t\t\t\t<div class=\"elementor-widget-container\">\n\t\t\t\t\t<h2 class=\"elementor-heading-title elementor-size-default\">Assessoria, Auditoria em Engenharia e Seguran\u00e7a do Trabalho<\/h2>\t\t\t\t<\/div>\n\t\t\t\t<\/div>\n\t\t\t\t<div class=\"elementor-element elementor-element-cd36bd7 elementor-widget-divider--view-line elementor-widget elementor-widget-divider\" data-id=\"cd36bd7\" data-element_type=\"widget\" data-widget_type=\"divider.default\">\n\t\t\t\t<div class=\"elementor-widget-container\">\n\t\t\t\t\t\t\t<div class=\"elementor-divider\">\n\t\t\t<span class=\"elementor-divider-separator\">\n\t\t\t\t\t\t<\/span>\n\t\t<\/div>\n\t\t\t\t\t\t<\/div>\n\t\t\t\t<\/div>\n\t\t\t\t\t<\/div>\n\t\t<\/div>\n\t\t\t\t\t<\/div>\n\t\t<\/section>\n\t\t\t\t<section class=\"elementor-section elementor-top-section elementor-element elementor-element-1ccd10e elementor-section-boxed elementor-section-height-default elementor-section-height-default\" data-id=\"1ccd10e\" data-element_type=\"section\">\n\t\t\t\t\t\t<div class=\"elementor-container elementor-column-gap-default\">\n\t\t\t\t\t<div class=\"elementor-column elementor-col-100 elementor-top-column elementor-element elementor-element-ebe4507\" data-id=\"ebe4507\" data-element_type=\"column\">\n\t\t\t<div class=\"elementor-widget-wrap elementor-element-populated\">\n\t\t\t\t\t\t<div class=\"elementor-element elementor-element-9368f3a elementor-widget elementor-widget-text-editor\" data-id=\"9368f3a\" data-element_type=\"widget\" data-widget_type=\"text-editor.default\">\n\t\t\t\t<div class=\"elementor-widget-container\">\n\t\t\t\t\t\t\t\t\t<p>Possu\u00edmos profissionais qualificados a atender qualquer demanda de vossa empresa em rela\u00e7\u00e3o \u00e0 Seguran\u00e7a no Trabalho.<\/p><p>Realizamos trabalhos preventivos com os trabalhadores em seu ambiente de trabalho, de acordo com os relat\u00f3rios anal\u00edticos emitidos periodicamente pela equipe t\u00e9cnica, nos quais apontamos as irregularidades existentes e as medidas de corre\u00e7\u00e3o previstas para elimina\u00e7\u00e3o ou neutraliza\u00e7\u00e3o dos problemas detectados.<\/p><p>Fazemos ainda atividades de conscientiza\u00e7\u00e3o junto aos trabalhadores, com palestras que enfocam os riscos ambientais inerentes \u00e0s atividades desenvolvidas, o uso de equipamentos e medidas de prote\u00e7\u00e3o individual e coletiva, e etc.<\/p><p>Al\u00e9m de todo este trabalho de Consultoria e Assessoria, atuamos diretamente na elabora\u00e7\u00e3o e implanta\u00e7\u00e3o de programas de preven\u00e7\u00e3o e prote\u00e7\u00e3o previstos nas normas t\u00e9cnicas e regulamentadoras de seguran\u00e7a, higiene e medicina do trabalho.<\/p><ul><li>Programa de Gerenciamento de Riscos, PGR \u2013 NR1<\/li><li>Laudo Ergon\u00f4mico \u2013 NR17<\/li><li>Laudo de Instala\u00e7\u00f5es El\u00e9tricas \u2013 NR10<\/li><li>Laudo de Insalubridade\/Periculosidade \u2013 NR15 e NR16<\/li><li>Implanta\u00e7\u00e3o e assessoria dos trabalhos da C.I.P.A. \u2014 NR5<\/li><li>Curso de preven\u00e7\u00e3o de acidentes para membros da C.I.P.A.<\/li><li>Perfil Profissiogr\u00e1fico Previdenci\u00e1rio, PPP<\/li><li>Cursos e Treinamentos em Seguran\u00e7a e Medicina do Trabalho<\/li><li>Laudo de inspe\u00e7\u00e3o de Caldeiras Vasos sob Press\u00e3o \u2013 NR13<\/li><li>PCMAT \u2014 Programa de Condi\u00e7\u00f5es e meio Ambiente de Trabalho na Ind\u00fastria da Constru\u00e7\u00e3o \u2013 NR18<\/li><li>Assessoria e Auditoria em Seguran\u00e7a, Higiene e Medicina do Trabalho<\/li><li>Levantamento e Mapeamento de Riscos Ambientais<\/li><li>Recursos e equipamentos<\/li><li>Adequa\u00e7\u00f5es e laudos previstos na NR-20 \u2013 SEGURAN\u00c7A E SA\u00daDE NO TRABALHO COM INFLAM\u00c1VEIS E COMBUST\u00cdVEIS<\/li><li>Todas as Normas Regulamentadoras exigidas por nossa legisla\u00e7\u00e3o<\/li><\/ul>\t\t\t\t\t\t\t\t<\/div>\n\t\t\t\t<\/div>\n\t\t\t\t\t<\/div>\n\t\t<\/div>\n\t\t\t\t\t<\/div>\n\t\t<\/section>\n\t\t\t\t<\/div>\n\t\t","protected":false},"excerpt":{"rendered":"<p>Assessoria, Auditoria em Engenharia e Seguran\u00e7a do Trabalho Possu\u00edmos profissionais qualificados a atender qualquer demanda de vossa empresa em rela\u00e7\u00e3o \u00e0 Seguran\u00e7a no Trabalho. Realizamos trabalhos preventivos com os trabalhadores em seu ambiente de trabalho, de acordo com os relat\u00f3rios anal\u00edticos emitidos periodicamente pela equipe t\u00e9cnica, nos quais apontamos as irregularidades existentes e as medidas [&hellip;]<\/p>\n","protected":false},"author":1,"featured_media":0,"parent":0,"menu_order":2,"comment_status":"closed","ping_status":"closed","template":"","meta":{"footnotes":""},"class_list":["post-7708","page","type-page","status-publish","hentry"],"yoast_head":"<!-- This site is optimized with the Yoast SEO plugin v24.2 - https:\/\/yoast.com\/wordpress\/plugins\/seo\/ -->\n<title>PGR - Engenharia de Seguran\u00e7a - IPHMT<\/title>\n<meta name=\"robots\" content=\"index, follow, max-snippet:-1, max-image-preview:large, max-video-preview:-1\" \/>\n<link rel=\"canonical\" href=\"https:\/\/algonovocom.com.br\/clientes\/institutopaulista\/pgr-engenharia-de-seguranca\/\" \/>\n<meta property=\"og:locale\" content=\"pt_BR\" \/>\n<meta property=\"og:type\" content=\"article\" \/>\n<meta property=\"og:title\" content=\"PGR - Engenharia de Seguran\u00e7a - IPHMT\" \/>\n<meta property=\"og:description\" content=\"Assessoria, Auditoria em Engenharia e Seguran\u00e7a do Trabalho Possu\u00edmos profissionais qualificados a atender qualquer demanda de vossa empresa em rela\u00e7\u00e3o \u00e0 Seguran\u00e7a no Trabalho. Realizamos trabalhos preventivos com os trabalhadores em seu ambiente de trabalho, de acordo com os relat\u00f3rios anal\u00edticos emitidos periodicamente pela equipe t\u00e9cnica, nos quais apontamos as irregularidades existentes e as medidas [&hellip;]\" \/>\n<meta property=\"og:url\" content=\"https:\/\/algonovocom.com.br\/clientes\/institutopaulista\/pgr-engenharia-de-seguranca\/\" \/>\n<meta property=\"og:site_name\" content=\"IPHMT\" \/>\n<meta property=\"article:modified_time\" content=\"2025-03-12T14:33:05+00:00\" \/>\n<meta name=\"twitter:card\" content=\"summary_large_image\" \/>\n<meta name=\"twitter:label1\" content=\"Est. tempo de leitura\" \/>\n\t<meta name=\"twitter:data1\" content=\"2 minutos\" \/>\n<script type=\"application\/ld+json\" class=\"yoast-schema-graph\">{\"@context\":\"https:\/\/schema.org\",\"@graph\":[{\"@type\":\"WebPage\",\"@id\":\"https:\/\/algonovocom.com.br\/clientes\/institutopaulista\/pgr-engenharia-de-seguranca\/\",\"url\":\"https:\/\/algonovocom.com.br\/clientes\/institutopaulista\/pgr-engenharia-de-seguranca\/\",\"name\":\"PGR - Engenharia de Seguran\u00e7a - IPHMT\",\"isPartOf\":{\"@id\":\"https:\/\/algonovocom.com.br\/clientes\/institutopaulista\/#website\"},\"datePublished\":\"2025-02-28T18:25:53+00:00\",\"dateModified\":\"2025-03-12T14:33:05+00:00\",\"breadcrumb\":{\"@id\":\"https:\/\/algonovocom.com.br\/clientes\/institutopaulista\/pgr-engenharia-de-seguranca\/#breadcrumb\"},\"inLanguage\":\"pt-BR\",\"potentialAction\":[{\"@type\":\"ReadAction\",\"target\":[\"https:\/\/algonovocom.com.br\/clientes\/institutopaulista\/pgr-engenharia-de-seguranca\/\"]}]},{\"@type\":\"BreadcrumbList\",\"@id\":\"https:\/\/algonovocom.com.br\/clientes\/institutopaulista\/pgr-engenharia-de-seguranca\/#breadcrumb\",\"itemListElement\":[{\"@type\":\"ListItem\",\"position\":1,\"name\":\"In\u00edcio\",\"item\":\"https:\/\/algonovocom.com.br\/clientes\/institutopaulista\/\"},{\"@type\":\"ListItem\",\"position\":2,\"name\":\"PGR &#8211; Engenharia de Seguran\u00e7a\"}]},{\"@type\":\"WebSite\",\"@id\":\"https:\/\/algonovocom.com.br\/clientes\/institutopaulista\/#website\",\"url\":\"https:\/\/algonovocom.com.br\/clientes\/institutopaulista\/\",\"name\":\"IPHMT\",\"description\":\"Instituto Paulista de Higiene e Medicina do Trabalho\",\"publisher\":{\"@id\":\"https:\/\/algonovocom.com.br\/clientes\/institutopaulista\/#organization\"},\"potentialAction\":[{\"@type\":\"SearchAction\",\"target\":{\"@type\":\"EntryPoint\",\"urlTemplate\":\"https:\/\/algonovocom.com.br\/clientes\/institutopaulista\/?s={search_term_string}\"},\"query-input\":{\"@type\":\"PropertyValueSpecification\",\"valueRequired\":true,\"valueName\":\"search_term_string\"}}],\"inLanguage\":\"pt-BR\"},{\"@type\":\"Organization\",\"@id\":\"https:\/\/algonovocom.com.br\/clientes\/institutopaulista\/#organization\",\"name\":\"IPHMT\",\"url\":\"https:\/\/algonovocom.com.br\/clientes\/institutopaulista\/\",\"logo\":{\"@type\":\"ImageObject\",\"inLanguage\":\"pt-BR\",\"@id\":\"https:\/\/algonovocom.com.br\/clientes\/institutopaulista\/#\/schema\/logo\/image\/\",\"url\":\"https:\/\/algonovocom.com.br\/clientes\/institutopaulista\/wp-content\/uploads\/2025\/02\/logo-ip-horizontal-claro.png\",\"contentUrl\":\"https:\/\/algonovocom.com.br\/clientes\/institutopaulista\/wp-content\/uploads\/2025\/02\/logo-ip-horizontal-claro.png\",\"width\":1200,\"height\":416,\"caption\":\"IPHMT\"},\"image\":{\"@id\":\"https:\/\/algonovocom.com.br\/clientes\/institutopaulista\/#\/schema\/logo\/image\/\"}}]}<\/script>\n<!-- \/ Yoast SEO plugin. -->","yoast_head_json":{"title":"PGR - Engenharia de Seguran\u00e7a - IPHMT","robots":{"index":"index","follow":"follow","max-snippet":"max-snippet:-1","max-image-preview":"max-image-preview:large","max-video-preview":"max-video-preview:-1"},"canonical":"https:\/\/algonovocom.com.br\/clientes\/institutopaulista\/pgr-engenharia-de-seguranca\/","og_locale":"pt_BR","og_type":"article","og_title":"PGR - Engenharia de Seguran\u00e7a - IPHMT","og_description":"Assessoria, Auditoria em Engenharia e Seguran\u00e7a do Trabalho Possu\u00edmos profissionais qualificados a atender qualquer demanda de vossa empresa em rela\u00e7\u00e3o \u00e0 Seguran\u00e7a no Trabalho. Realizamos trabalhos preventivos com os trabalhadores em seu ambiente de trabalho, de acordo com os relat\u00f3rios anal\u00edticos emitidos periodicamente pela equipe t\u00e9cnica, nos quais apontamos as irregularidades existentes e as medidas [&hellip;]","og_url":"https:\/\/algonovocom.com.br\/clientes\/institutopaulista\/pgr-engenharia-de-seguranca\/","og_site_name":"IPHMT","article_modified_time":"2025-03-12T14:33:05+00:00","twitter_card":"summary_large_image","twitter_misc":{"Est. tempo de leitura":"2 minutos"},"schema":{"@context":"https:\/\/schema.org","@graph":[{"@type":"WebPage","@id":"https:\/\/algonovocom.com.br\/clientes\/institutopaulista\/pgr-engenharia-de-seguranca\/","url":"https:\/\/algonovocom.com.br\/clientes\/institutopaulista\/pgr-engenharia-de-seguranca\/","name":"PGR - Engenharia de Seguran\u00e7a - IPHMT","isPartOf":{"@id":"https:\/\/algonovocom.com.br\/clientes\/institutopaulista\/#website"},"datePublished":"2025-02-28T18:25:53+00:00","dateModified":"2025-03-12T14:33:05+00:00","breadcrumb":{"@id":"https:\/\/algonovocom.com.br\/clientes\/institutopaulista\/pgr-engenharia-de-seguranca\/#breadcrumb"},"inLanguage":"pt-BR","potentialAction":[{"@type":"ReadAction","target":["https:\/\/algonovocom.com.br\/clientes\/institutopaulista\/pgr-engenharia-de-seguranca\/"]}]},{"@type":"BreadcrumbList","@id":"https:\/\/algonovocom.com.br\/clientes\/institutopaulista\/pgr-engenharia-de-seguranca\/#breadcrumb","itemListElement":[{"@type":"ListItem","position":1,"name":"In\u00edcio","item":"https:\/\/algonovocom.com.br\/clientes\/institutopaulista\/"},{"@type":"ListItem","position":2,"name":"PGR &#8211; Engenharia de Seguran\u00e7a"}]},{"@type":"WebSite","@id":"https:\/\/algonovocom.com.br\/clientes\/institutopaulista\/#website","url":"https:\/\/algonovocom.com.br\/clientes\/institutopaulista\/","name":"IPHMT","description":"Instituto Paulista de Higiene e Medicina do Trabalho","publisher":{"@id":"https:\/\/algonovocom.com.br\/clientes\/institutopaulista\/#organization"},"potentialAction":[{"@type":"SearchAction","target":{"@type":"EntryPoint","urlTemplate":"https:\/\/algonovocom.com.br\/clientes\/institutopaulista\/?s={search_term_string}"},"query-input":{"@type":"PropertyValueSpecification","valueRequired":true,"valueName":"search_term_string"}}],"inLanguage":"pt-BR"},{"@type":"Organization","@id":"https:\/\/algonovocom.com.br\/clientes\/institutopaulista\/#organization","name":"IPHMT","url":"https:\/\/algonovocom.com.br\/clientes\/institutopaulista\/","logo":{"@type":"ImageObject","inLanguage":"pt-BR","@id":"https:\/\/algonovocom.com.br\/clientes\/institutopaulista\/#\/schema\/logo\/image\/","url":"https:\/\/algonovocom.com.br\/clientes\/institutopaulista\/wp-content\/uploads\/2025\/02\/logo-ip-horizontal-claro.png","contentUrl":"https:\/\/algonovocom.com.br\/clientes\/institutopaulista\/wp-content\/uploads\/2025\/02\/logo-ip-horizontal-claro.png","width":1200,"height":416,"caption":"IPHMT"},"image":{"@id":"https:\/\/algonovocom.com.br\/clientes\/institutopaulista\/#\/schema\/logo\/image\/"}}]}},"_links":{"self":[{"href":"https:\/\/algonovocom.com.br\/clientes\/institutopaulista\/wp-json\/wp\/v2\/pages\/7708","targetHints":{"allow":["GET"]}}],"collection":[{"href":"https:\/\/algonovocom.com.br\/clientes\/institutopaulista\/wp-json\/wp\/v2\/pages"}],"about":[{"href":"https:\/\/algonovocom.com.br\/clientes\/institutopaulista\/wp-json\/wp\/v2\/types\/page"}],"author":[{"embeddable":true,"href":"https:\/\/algonovocom.com.br\/clientes\/institutopaulista\/wp-json\/wp\/v2\/users\/1"}],"replies":[{"embeddable":true,"href":"https:\/\/algonovocom.com.br\/clientes\/institutopaulista\/wp-json\/wp\/v2\/comments?post=7708"}],"version-history":[{"count":0,"href":"https:\/\/algonovocom.com.br\/clientes\/institutopaulista\/wp-json\/wp\/v2\/pages\/7708\/revisions"}],"wp:attachment":[{"href":"https:\/\/algonovocom.com.br\/clientes\/institutopaulista\/wp-json\/wp\/v2\/media?parent=7708"}],"curies":[{"name":"wp","href":"https:\/\/api.w.org\/{rel}","templated":true}]}}