{"id":7707,"date":"2025-02-28T18:32:54","date_gmt":"2025-02-28T18:32:54","guid":{"rendered":"https:\/\/algonovocom.com.br\/clientes\/ibp\/?page_id=7707"},"modified":"2025-03-12T14:34:25","modified_gmt":"2025-03-12T14:34:25","slug":"assistencia-pericial-medica-e-de-engenharia","status":"publish","type":"page","link":"https:\/\/algonovocom.com.br\/clientes\/institutopaulista\/assistencia-pericial-medica-e-de-engenharia\/","title":{"rendered":"Assist\u00eancia Pericial M\u00e9dica e de Engenharia"},"content":{"rendered":"\t\t<div data-elementor-type=\"wp-page\" data-elementor-id=\"7707\" class=\"elementor elementor-7707\" data-elementor-post-type=\"page\">\n\t\t\t\t\t\t<section class=\"elementor-section elementor-top-section elementor-element elementor-element-1c8a44d elementor-section-boxed elementor-section-height-default elementor-section-height-default\" data-id=\"1c8a44d\" data-element_type=\"section\">\n\t\t\t\t\t\t<div class=\"elementor-container elementor-column-gap-default\">\n\t\t\t\t\t<div class=\"elementor-column elementor-col-100 elementor-top-column elementor-element elementor-element-d8017b9\" data-id=\"d8017b9\" data-element_type=\"column\">\n\t\t\t<div class=\"elementor-widget-wrap elementor-element-populated\">\n\t\t\t\t\t\t<div class=\"elementor-element elementor-element-679731b elementor-widget__width-initial elementor-widget elementor-widget-heading\" data-id=\"679731b\" data-element_type=\"widget\" data-widget_type=\"heading.default\">\n\t\t\t\t<div class=\"elementor-widget-container\">\n\t\t\t\t\t<h2 class=\"elementor-heading-title elementor-size-default\">Assist\u00eancia Pericial em A\u00e7\u00f5es Judiciais\n<\/h2>\t\t\t\t<\/div>\n\t\t\t\t<\/div>\n\t\t\t\t<div class=\"elementor-element elementor-element-cd36bd7 elementor-widget-divider--view-line elementor-widget elementor-widget-divider\" data-id=\"cd36bd7\" data-element_type=\"widget\" data-widget_type=\"divider.default\">\n\t\t\t\t<div class=\"elementor-widget-container\">\n\t\t\t\t\t\t\t<div class=\"elementor-divider\">\n\t\t\t<span class=\"elementor-divider-separator\">\n\t\t\t\t\t\t<\/span>\n\t\t<\/div>\n\t\t\t\t\t\t<\/div>\n\t\t\t\t<\/div>\n\t\t\t\t\t<\/div>\n\t\t<\/div>\n\t\t\t\t\t<\/div>\n\t\t<\/section>\n\t\t\t\t<section class=\"elementor-section elementor-top-section elementor-element elementor-element-1ccd10e elementor-section-boxed elementor-section-height-default elementor-section-height-default\" data-id=\"1ccd10e\" data-element_type=\"section\">\n\t\t\t\t\t\t<div class=\"elementor-container elementor-column-gap-default\">\n\t\t\t\t\t<div class=\"elementor-column elementor-col-100 elementor-top-column elementor-element elementor-element-ebe4507\" data-id=\"ebe4507\" data-element_type=\"column\">\n\t\t\t<div class=\"elementor-widget-wrap elementor-element-populated\">\n\t\t\t\t\t\t<div class=\"elementor-element elementor-element-9368f3a elementor-widget elementor-widget-text-editor\" data-id=\"9368f3a\" data-element_type=\"widget\" data-widget_type=\"text-editor.default\">\n\t\t\t\t<div class=\"elementor-widget-container\">\n\t\t\t\t\t\t\t\t\t<p>O Instituto Paulista possui uma equipe de peritos judiciais que atuam na \u00e1rea jurispericial ha mais de 25 anos. Nossos profissionais desenvolvem trabalhos de assist\u00eancia t\u00e9cnica pericial em per\u00edcias m\u00e9dicas e de engenharia, em diferentes esferas do poder judici\u00e1rio, nas \u00e1reas trabalhista, previdenciaria e civil.<\/p><p>Em geral, realizamos diversas per\u00edcias m\u00e9dicas para apura\u00e7\u00e3o de doen\u00e7as ocupacionais, les\u00f5es decorrentes acidentes, grau de incapacita\u00e7\u00e3o em a\u00e7\u00f5es indenizat\u00f3rias, an\u00e1lise de concess\u00e3o de benef\u00edcios previdenci\u00e1rios, al\u00e9m de apura\u00e7\u00e3o de erros m\u00e9dicos e procedimentos hospitalares, apura\u00e7\u00e3o de danos f\u00edsicos, est\u00e9ticos e morais, entre outros objetos de per\u00edcias m\u00e9dicas forenses.<\/p><p>As per\u00edcias t\u00e9cnicas de engenharia s\u00e3o realizadas na apura\u00e7\u00e3o das condi\u00e7\u00f5es insalubres e\/ou periculosas de ambiente de trabalho, na apura\u00e7\u00e3o das causas de acidentes de trabalho, falhas e erros operacionais em m\u00e1quinas e equipamentos, na apura\u00e7\u00e3o dos agentes causadores de acidentes nas \u00e1reas mec\u00e2nicas, constru\u00e7\u00e3o civil e el\u00e9tricas, e de outros objetos de per\u00edcias t\u00e9cnicas em engenharia e suas diversas especializa\u00e7\u00f5es.<\/p><p>Todos os peritos do Instituto Paulista desenvolvem seus trabalhos acompanhando as atividades dos peritos designados pelo Ju\u00edzo em cada a\u00e7\u00e3o judicial, desde sua an\u00e1lise pr\u00e9via, vistorias e exames periciais, elabora\u00e7\u00e3o e apresenta\u00e7\u00e3o do laudo t\u00e9cnico pericial at\u00e9 manifesta\u00e7\u00f5es e impugna\u00e7\u00f5es eventualmente necess\u00e1rias, inclusive em fase recursal.<\/p>\t\t\t\t\t\t\t\t<\/div>\n\t\t\t\t<\/div>\n\t\t\t\t\t<\/div>\n\t\t<\/div>\n\t\t\t\t\t<\/div>\n\t\t<\/section>\n\t\t\t\t<\/div>\n\t\t","protected":false},"excerpt":{"rendered":"<p>Assist\u00eancia Pericial em A\u00e7\u00f5es Judiciais O Instituto Paulista possui uma equipe de peritos judiciais que atuam na \u00e1rea jurispericial ha mais de 25 anos. Nossos profissionais desenvolvem trabalhos de assist\u00eancia t\u00e9cnica pericial em per\u00edcias m\u00e9dicas e de engenharia, em diferentes esferas do poder judici\u00e1rio, nas \u00e1reas trabalhista, previdenciaria e civil. Em geral, realizamos diversas per\u00edcias [&hellip;]<\/p>\n","protected":false},"author":1,"featured_media":0,"parent":0,"menu_order":2,"comment_status":"closed","ping_status":"closed","template":"","meta":{"footnotes":""},"class_list":["post-7707","page","type-page","status-publish","hentry"],"yoast_head":"<!-- This site is optimized with the Yoast SEO plugin v24.2 - https:\/\/yoast.com\/wordpress\/plugins\/seo\/ -->\n<title>Assist\u00eancia Pericial M\u00e9dica e de Engenharia - IPHMT<\/title>\n<meta name=\"robots\" content=\"index, follow, max-snippet:-1, max-image-preview:large, max-video-preview:-1\" \/>\n<link rel=\"canonical\" href=\"https:\/\/algonovocom.com.br\/clientes\/institutopaulista\/assistencia-pericial-medica-e-de-engenharia\/\" \/>\n<meta property=\"og:locale\" content=\"pt_BR\" \/>\n<meta property=\"og:type\" content=\"article\" \/>\n<meta property=\"og:title\" content=\"Assist\u00eancia Pericial M\u00e9dica e de Engenharia - IPHMT\" \/>\n<meta property=\"og:description\" content=\"Assist\u00eancia Pericial em A\u00e7\u00f5es Judiciais O Instituto Paulista possui uma equipe de peritos judiciais que atuam na \u00e1rea jurispericial ha mais de 25 anos. Nossos profissionais desenvolvem trabalhos de assist\u00eancia t\u00e9cnica pericial em per\u00edcias m\u00e9dicas e de engenharia, em diferentes esferas do poder judici\u00e1rio, nas \u00e1reas trabalhista, previdenciaria e civil. Em geral, realizamos diversas per\u00edcias [&hellip;]\" \/>\n<meta property=\"og:url\" content=\"https:\/\/algonovocom.com.br\/clientes\/institutopaulista\/assistencia-pericial-medica-e-de-engenharia\/\" \/>\n<meta property=\"og:site_name\" content=\"IPHMT\" \/>\n<meta property=\"article:modified_time\" content=\"2025-03-12T14:34:25+00:00\" \/>\n<meta name=\"twitter:card\" content=\"summary_large_image\" \/>\n<meta name=\"twitter:label1\" content=\"Est. tempo de leitura\" \/>\n\t<meta name=\"twitter:data1\" content=\"2 minutos\" \/>\n<script type=\"application\/ld+json\" class=\"yoast-schema-graph\">{\"@context\":\"https:\/\/schema.org\",\"@graph\":[{\"@type\":\"WebPage\",\"@id\":\"https:\/\/algonovocom.com.br\/clientes\/institutopaulista\/assistencia-pericial-medica-e-de-engenharia\/\",\"url\":\"https:\/\/algonovocom.com.br\/clientes\/institutopaulista\/assistencia-pericial-medica-e-de-engenharia\/\",\"name\":\"Assist\u00eancia Pericial M\u00e9dica e de Engenharia - IPHMT\",\"isPartOf\":{\"@id\":\"https:\/\/algonovocom.com.br\/clientes\/institutopaulista\/#website\"},\"datePublished\":\"2025-02-28T18:32:54+00:00\",\"dateModified\":\"2025-03-12T14:34:25+00:00\",\"breadcrumb\":{\"@id\":\"https:\/\/algonovocom.com.br\/clientes\/institutopaulista\/assistencia-pericial-medica-e-de-engenharia\/#breadcrumb\"},\"inLanguage\":\"pt-BR\",\"potentialAction\":[{\"@type\":\"ReadAction\",\"target\":[\"https:\/\/algonovocom.com.br\/clientes\/institutopaulista\/assistencia-pericial-medica-e-de-engenharia\/\"]}]},{\"@type\":\"BreadcrumbList\",\"@id\":\"https:\/\/algonovocom.com.br\/clientes\/institutopaulista\/assistencia-pericial-medica-e-de-engenharia\/#breadcrumb\",\"itemListElement\":[{\"@type\":\"ListItem\",\"position\":1,\"name\":\"In\u00edcio\",\"item\":\"https:\/\/algonovocom.com.br\/clientes\/institutopaulista\/\"},{\"@type\":\"ListItem\",\"position\":2,\"name\":\"Assist\u00eancia Pericial M\u00e9dica e de Engenharia\"}]},{\"@type\":\"WebSite\",\"@id\":\"https:\/\/algonovocom.com.br\/clientes\/institutopaulista\/#website\",\"url\":\"https:\/\/algonovocom.com.br\/clientes\/institutopaulista\/\",\"name\":\"IPHMT\",\"description\":\"Instituto Paulista de Higiene e Medicina do Trabalho\",\"publisher\":{\"@id\":\"https:\/\/algonovocom.com.br\/clientes\/institutopaulista\/#organization\"},\"potentialAction\":[{\"@type\":\"SearchAction\",\"target\":{\"@type\":\"EntryPoint\",\"urlTemplate\":\"https:\/\/algonovocom.com.br\/clientes\/institutopaulista\/?s={search_term_string}\"},\"query-input\":{\"@type\":\"PropertyValueSpecification\",\"valueRequired\":true,\"valueName\":\"search_term_string\"}}],\"inLanguage\":\"pt-BR\"},{\"@type\":\"Organization\",\"@id\":\"https:\/\/algonovocom.com.br\/clientes\/institutopaulista\/#organization\",\"name\":\"IPHMT\",\"url\":\"https:\/\/algonovocom.com.br\/clientes\/institutopaulista\/\",\"logo\":{\"@type\":\"ImageObject\",\"inLanguage\":\"pt-BR\",\"@id\":\"https:\/\/algonovocom.com.br\/clientes\/institutopaulista\/#\/schema\/logo\/image\/\",\"url\":\"https:\/\/algonovocom.com.br\/clientes\/institutopaulista\/wp-content\/uploads\/2025\/02\/logo-ip-horizontal-claro.png\",\"contentUrl\":\"https:\/\/algonovocom.com.br\/clientes\/institutopaulista\/wp-content\/uploads\/2025\/02\/logo-ip-horizontal-claro.png\",\"width\":1200,\"height\":416,\"caption\":\"IPHMT\"},\"image\":{\"@id\":\"https:\/\/algonovocom.com.br\/clientes\/institutopaulista\/#\/schema\/logo\/image\/\"}}]}<\/script>\n<!-- \/ Yoast SEO plugin. -->","yoast_head_json":{"title":"Assist\u00eancia Pericial M\u00e9dica e de Engenharia - IPHMT","robots":{"index":"index","follow":"follow","max-snippet":"max-snippet:-1","max-image-preview":"max-image-preview:large","max-video-preview":"max-video-preview:-1"},"canonical":"https:\/\/algonovocom.com.br\/clientes\/institutopaulista\/assistencia-pericial-medica-e-de-engenharia\/","og_locale":"pt_BR","og_type":"article","og_title":"Assist\u00eancia Pericial M\u00e9dica e de Engenharia - IPHMT","og_description":"Assist\u00eancia Pericial em A\u00e7\u00f5es Judiciais O Instituto Paulista possui uma equipe de peritos judiciais que atuam na \u00e1rea jurispericial ha mais de 25 anos. Nossos profissionais desenvolvem trabalhos de assist\u00eancia t\u00e9cnica pericial em per\u00edcias m\u00e9dicas e de engenharia, em diferentes esferas do poder judici\u00e1rio, nas \u00e1reas trabalhista, previdenciaria e civil. Em geral, realizamos diversas per\u00edcias [&hellip;]","og_url":"https:\/\/algonovocom.com.br\/clientes\/institutopaulista\/assistencia-pericial-medica-e-de-engenharia\/","og_site_name":"IPHMT","article_modified_time":"2025-03-12T14:34:25+00:00","twitter_card":"summary_large_image","twitter_misc":{"Est. tempo de leitura":"2 minutos"},"schema":{"@context":"https:\/\/schema.org","@graph":[{"@type":"WebPage","@id":"https:\/\/algonovocom.com.br\/clientes\/institutopaulista\/assistencia-pericial-medica-e-de-engenharia\/","url":"https:\/\/algonovocom.com.br\/clientes\/institutopaulista\/assistencia-pericial-medica-e-de-engenharia\/","name":"Assist\u00eancia Pericial M\u00e9dica e de Engenharia - IPHMT","isPartOf":{"@id":"https:\/\/algonovocom.com.br\/clientes\/institutopaulista\/#website"},"datePublished":"2025-02-28T18:32:54+00:00","dateModified":"2025-03-12T14:34:25+00:00","breadcrumb":{"@id":"https:\/\/algonovocom.com.br\/clientes\/institutopaulista\/assistencia-pericial-medica-e-de-engenharia\/#breadcrumb"},"inLanguage":"pt-BR","potentialAction":[{"@type":"ReadAction","target":["https:\/\/algonovocom.com.br\/clientes\/institutopaulista\/assistencia-pericial-medica-e-de-engenharia\/"]}]},{"@type":"BreadcrumbList","@id":"https:\/\/algonovocom.com.br\/clientes\/institutopaulista\/assistencia-pericial-medica-e-de-engenharia\/#breadcrumb","itemListElement":[{"@type":"ListItem","position":1,"name":"In\u00edcio","item":"https:\/\/algonovocom.com.br\/clientes\/institutopaulista\/"},{"@type":"ListItem","position":2,"name":"Assist\u00eancia Pericial M\u00e9dica e de Engenharia"}]},{"@type":"WebSite","@id":"https:\/\/algonovocom.com.br\/clientes\/institutopaulista\/#website","url":"https:\/\/algonovocom.com.br\/clientes\/institutopaulista\/","name":"IPHMT","description":"Instituto Paulista de Higiene e Medicina do Trabalho","publisher":{"@id":"https:\/\/algonovocom.com.br\/clientes\/institutopaulista\/#organization"},"potentialAction":[{"@type":"SearchAction","target":{"@type":"EntryPoint","urlTemplate":"https:\/\/algonovocom.com.br\/clientes\/institutopaulista\/?s={search_term_string}"},"query-input":{"@type":"PropertyValueSpecification","valueRequired":true,"valueName":"search_term_string"}}],"inLanguage":"pt-BR"},{"@type":"Organization","@id":"https:\/\/algonovocom.com.br\/clientes\/institutopaulista\/#organization","name":"IPHMT","url":"https:\/\/algonovocom.com.br\/clientes\/institutopaulista\/","logo":{"@type":"ImageObject","inLanguage":"pt-BR","@id":"https:\/\/algonovocom.com.br\/clientes\/institutopaulista\/#\/schema\/logo\/image\/","url":"https:\/\/algonovocom.com.br\/clientes\/institutopaulista\/wp-content\/uploads\/2025\/02\/logo-ip-horizontal-claro.png","contentUrl":"https:\/\/algonovocom.com.br\/clientes\/institutopaulista\/wp-content\/uploads\/2025\/02\/logo-ip-horizontal-claro.png","width":1200,"height":416,"caption":"IPHMT"},"image":{"@id":"https:\/\/algonovocom.com.br\/clientes\/institutopaulista\/#\/schema\/logo\/image\/"}}]}},"_links":{"self":[{"href":"https:\/\/algonovocom.com.br\/clientes\/institutopaulista\/wp-json\/wp\/v2\/pages\/7707","targetHints":{"allow":["GET"]}}],"collection":[{"href":"https:\/\/algonovocom.com.br\/clientes\/institutopaulista\/wp-json\/wp\/v2\/pages"}],"about":[{"href":"https:\/\/algonovocom.com.br\/clientes\/institutopaulista\/wp-json\/wp\/v2\/types\/page"}],"author":[{"embeddable":true,"href":"https:\/\/algonovocom.com.br\/clientes\/institutopaulista\/wp-json\/wp\/v2\/users\/1"}],"replies":[{"embeddable":true,"href":"https:\/\/algonovocom.com.br\/clientes\/institutopaulista\/wp-json\/wp\/v2\/comments?post=7707"}],"version-history":[{"count":0,"href":"https:\/\/algonovocom.com.br\/clientes\/institutopaulista\/wp-json\/wp\/v2\/pages\/7707\/revisions"}],"wp:attachment":[{"href":"https:\/\/algonovocom.com.br\/clientes\/institutopaulista\/wp-json\/wp\/v2\/media?parent=7707"}],"curies":[{"name":"wp","href":"https:\/\/api.w.org\/{rel}","templated":true}]}}