{"id":72,"date":"2022-07-18T22:00:22","date_gmt":"2022-07-18T22:00:22","guid":{"rendered":"https:\/\/algonovocom.com.br\/clientes\/ibp\/?page_id=72"},"modified":"2025-03-11T19:25:05","modified_gmt":"2025-03-11T19:25:05","slug":"noticias","status":"publish","type":"page","link":"https:\/\/algonovocom.com.br\/clientes\/institutopaulista\/noticias\/","title":{"rendered":"Not\u00edcias"},"content":{"rendered":"\t\t<div data-elementor-type=\"wp-page\" data-elementor-id=\"72\" class=\"elementor elementor-72\" data-elementor-post-type=\"page\">\n\t\t\t\t\t\t<section class=\"elementor-section elementor-top-section elementor-element elementor-element-11bfc9af elementor-section-boxed elementor-section-height-default elementor-section-height-default\" data-id=\"11bfc9af\" data-element_type=\"section\">\n\t\t\t\t\t\t<div class=\"elementor-container elementor-column-gap-default\">\n\t\t\t\t\t<div class=\"elementor-column elementor-col-100 elementor-top-column elementor-element elementor-element-5117d4da\" data-id=\"5117d4da\" data-element_type=\"column\">\n\t\t\t<div class=\"elementor-widget-wrap elementor-element-populated\">\n\t\t\t\t\t\t<div class=\"elementor-element elementor-element-660497ae elementor-posts--align-left elementor-grid-3 elementor-grid-tablet-2 elementor-grid-mobile-1 elementor-posts--thumbnail-top elementor-widget elementor-widget-posts\" data-id=\"660497ae\" data-element_type=\"widget\" data-settings=\"{&quot;classic_row_gap&quot;:{&quot;unit&quot;:&quot;px&quot;,&quot;size&quot;:30,&quot;sizes&quot;:[]},&quot;pagination_type&quot;:&quot;numbers&quot;,&quot;classic_columns&quot;:&quot;3&quot;,&quot;classic_columns_tablet&quot;:&quot;2&quot;,&quot;classic_columns_mobile&quot;:&quot;1&quot;,&quot;classic_row_gap_tablet&quot;:{&quot;unit&quot;:&quot;px&quot;,&quot;size&quot;:&quot;&quot;,&quot;sizes&quot;:[]},&quot;classic_row_gap_mobile&quot;:{&quot;unit&quot;:&quot;px&quot;,&quot;size&quot;:&quot;&quot;,&quot;sizes&quot;:[]}}\" data-widget_type=\"posts.classic\">\n\t\t\t\t<div class=\"elementor-widget-container\">\n\t\t\t\t\t\t\t<div class=\"elementor-posts-container elementor-posts elementor-posts--skin-classic elementor-grid\">\n\t\t\t\t<article class=\"elementor-post elementor-grid-item post-7887 post type-post status-publish format-standard has-post-thumbnail hentry category-economia category-legislacao tag-medicina-do-trabalho\">\n\t\t\t\t<a class=\"elementor-post__thumbnail__link\" href=\"https:\/\/algonovocom.com.br\/clientes\/institutopaulista\/valor-das-multas-esocial-sst-e-atualizado-para-ltcat-e-ppp\/\" tabindex=\"-1\" >\n\t\t\t<div class=\"elementor-post__thumbnail\"><img fetchpriority=\"high\" decoding=\"async\" width=\"1000\" height=\"667\" src=\"https:\/\/algonovocom.com.br\/clientes\/institutopaulista\/wp-content\/uploads\/2025\/03\/shutterstock_2480850611.jpg\" class=\"attachment-full size-full wp-image-7899\" alt=\"\" srcset=\"https:\/\/algonovocom.com.br\/clientes\/institutopaulista\/wp-content\/uploads\/2025\/03\/shutterstock_2480850611.jpg 1000w, https:\/\/algonovocom.com.br\/clientes\/institutopaulista\/wp-content\/uploads\/2025\/03\/shutterstock_2480850611-300x200.jpg 300w, https:\/\/algonovocom.com.br\/clientes\/institutopaulista\/wp-content\/uploads\/2025\/03\/shutterstock_2480850611-768x512.jpg 768w\" sizes=\"(max-width: 1000px) 100vw, 1000px\" \/><\/div>\n\t\t<\/a>\n\t\t\t\t<div class=\"elementor-post__text\">\n\t\t\t\t<h3 class=\"elementor-post__title\">\n\t\t\t<a href=\"https:\/\/algonovocom.com.br\/clientes\/institutopaulista\/valor-das-multas-esocial-sst-e-atualizado-para-ltcat-e-ppp\/\" >\n\t\t\t\tValor das Multas eSocial SST \u00e9 atualizado para LTCAT e PPP\t\t\t<\/a>\n\t\t<\/h3>\n\t\t\t\t<\/div>\n\t\t\t\t<\/article>\n\t\t\t\t<article class=\"elementor-post elementor-grid-item post-7873 post type-post status-publish format-standard has-post-thumbnail hentry category-estaduais category-eventos tag-medicina-do-trabalho\">\n\t\t\t\t<a class=\"elementor-post__thumbnail__link\" href=\"https:\/\/algonovocom.com.br\/clientes\/institutopaulista\/ineficacia-de-epi-para-ruido-cni-pede-revisao-sobre-tese-ao-stf\/\" tabindex=\"-1\" >\n\t\t\t<div class=\"elementor-post__thumbnail\"><img decoding=\"async\" width=\"2560\" height=\"1828\" src=\"https:\/\/algonovocom.com.br\/clientes\/institutopaulista\/wp-content\/uploads\/2025\/03\/EPIs-scaled-1.jpg\" class=\"attachment-full size-full wp-image-7905\" alt=\"\" srcset=\"https:\/\/algonovocom.com.br\/clientes\/institutopaulista\/wp-content\/uploads\/2025\/03\/EPIs-scaled-1.jpg 2560w, https:\/\/algonovocom.com.br\/clientes\/institutopaulista\/wp-content\/uploads\/2025\/03\/EPIs-scaled-1-300x214.jpg 300w, https:\/\/algonovocom.com.br\/clientes\/institutopaulista\/wp-content\/uploads\/2025\/03\/EPIs-scaled-1-1024x731.jpg 1024w, https:\/\/algonovocom.com.br\/clientes\/institutopaulista\/wp-content\/uploads\/2025\/03\/EPIs-scaled-1-768x548.jpg 768w, https:\/\/algonovocom.com.br\/clientes\/institutopaulista\/wp-content\/uploads\/2025\/03\/EPIs-scaled-1-1536x1097.jpg 1536w, https:\/\/algonovocom.com.br\/clientes\/institutopaulista\/wp-content\/uploads\/2025\/03\/EPIs-scaled-1-2048x1462.jpg 2048w\" sizes=\"(max-width: 2560px) 100vw, 2560px\" \/><\/div>\n\t\t<\/a>\n\t\t\t\t<div class=\"elementor-post__text\">\n\t\t\t\t<h3 class=\"elementor-post__title\">\n\t\t\t<a href=\"https:\/\/algonovocom.com.br\/clientes\/institutopaulista\/ineficacia-de-epi-para-ruido-cni-pede-revisao-sobre-tese-ao-stf\/\" >\n\t\t\t\tInefic\u00e1cia de EPI para ru\u00eddo: CNI pede revis\u00e3o sobre tese, ao STF\t\t\t<\/a>\n\t\t<\/h3>\n\t\t\t\t<\/div>\n\t\t\t\t<\/article>\n\t\t\t\t<article class=\"elementor-post elementor-grid-item post-7884 post type-post status-publish format-standard has-post-thumbnail hentry category-legislacao category-noticias tag-medicina-do-trabalho\">\n\t\t\t\t<a class=\"elementor-post__thumbnail__link\" href=\"https:\/\/algonovocom.com.br\/clientes\/institutopaulista\/atesta-cfm-justica-suspende-exigencia-para-atestados-medicos\/\" tabindex=\"-1\" >\n\t\t\t<div class=\"elementor-post__thumbnail\"><img decoding=\"async\" width=\"1500\" height=\"1000\" src=\"https:\/\/algonovocom.com.br\/clientes\/institutopaulista\/wp-content\/uploads\/2025\/03\/X-MarkSignatureRequirementsandLegalChallenges-2f70c7078d2c477ab0738e92fc64db09.jpg\" class=\"attachment-full size-full wp-image-7907\" alt=\"\" srcset=\"https:\/\/algonovocom.com.br\/clientes\/institutopaulista\/wp-content\/uploads\/2025\/03\/X-MarkSignatureRequirementsandLegalChallenges-2f70c7078d2c477ab0738e92fc64db09.jpg 1500w, https:\/\/algonovocom.com.br\/clientes\/institutopaulista\/wp-content\/uploads\/2025\/03\/X-MarkSignatureRequirementsandLegalChallenges-2f70c7078d2c477ab0738e92fc64db09-300x200.jpg 300w, https:\/\/algonovocom.com.br\/clientes\/institutopaulista\/wp-content\/uploads\/2025\/03\/X-MarkSignatureRequirementsandLegalChallenges-2f70c7078d2c477ab0738e92fc64db09-1024x683.jpg 1024w, https:\/\/algonovocom.com.br\/clientes\/institutopaulista\/wp-content\/uploads\/2025\/03\/X-MarkSignatureRequirementsandLegalChallenges-2f70c7078d2c477ab0738e92fc64db09-768x512.jpg 768w\" sizes=\"(max-width: 1500px) 100vw, 1500px\" \/><\/div>\n\t\t<\/a>\n\t\t\t\t<div class=\"elementor-post__text\">\n\t\t\t\t<h3 class=\"elementor-post__title\">\n\t\t\t<a href=\"https:\/\/algonovocom.com.br\/clientes\/institutopaulista\/atesta-cfm-justica-suspende-exigencia-para-atestados-medicos\/\" >\n\t\t\t\tAtesta CFM: Justi\u00e7a suspende exig\u00eancia para atestados m\u00e9dicos\t\t\t<\/a>\n\t\t<\/h3>\n\t\t\t\t<\/div>\n\t\t\t\t<\/article>\n\t\t\t\t<article class=\"elementor-post elementor-grid-item post-7877 post type-post status-publish format-standard has-post-thumbnail hentry category-economia category-estaduais category-precatorios category-reforma-tributaria tag-sst\">\n\t\t\t\t<a class=\"elementor-post__thumbnail__link\" href=\"https:\/\/algonovocom.com.br\/clientes\/institutopaulista\/accusamus-et-provident-natus-a-et-est\/\" tabindex=\"-1\" >\n\t\t\t<div class=\"elementor-post__thumbnail\"><img loading=\"lazy\" decoding=\"async\" width=\"1500\" height=\"839\" src=\"https:\/\/algonovocom.com.br\/clientes\/institutopaulista\/wp-content\/uploads\/2025\/03\/esocial.jpg\" class=\"attachment-full size-full wp-image-7807\" alt=\"\" srcset=\"https:\/\/algonovocom.com.br\/clientes\/institutopaulista\/wp-content\/uploads\/2025\/03\/esocial.jpg 1500w, https:\/\/algonovocom.com.br\/clientes\/institutopaulista\/wp-content\/uploads\/2025\/03\/esocial-300x168.jpg 300w, https:\/\/algonovocom.com.br\/clientes\/institutopaulista\/wp-content\/uploads\/2025\/03\/esocial-1024x573.jpg 1024w, https:\/\/algonovocom.com.br\/clientes\/institutopaulista\/wp-content\/uploads\/2025\/03\/esocial-768x430.jpg 768w\" sizes=\"(max-width: 1500px) 100vw, 1500px\" \/><\/div>\n\t\t<\/a>\n\t\t\t\t<div class=\"elementor-post__text\">\n\t\t\t\t<h3 class=\"elementor-post__title\">\n\t\t\t<a href=\"https:\/\/algonovocom.com.br\/clientes\/institutopaulista\/accusamus-et-provident-natus-a-et-est\/\" >\n\t\t\t\tAccusamus et provident natus a et est\t\t\t<\/a>\n\t\t<\/h3>\n\t\t\t\t<\/div>\n\t\t\t\t<\/article>\n\t\t\t\t<article class=\"elementor-post elementor-grid-item post-7882 post type-post status-publish format-standard has-post-thumbnail hentry category-estaduais category-reforma-tributaria category-uncategorized tag-sst\">\n\t\t\t\t<a class=\"elementor-post__thumbnail__link\" href=\"https:\/\/algonovocom.com.br\/clientes\/institutopaulista\/cupiditate-voluptatem-sit-aliquam-mollitia-et-voluptas\/\" tabindex=\"-1\" >\n\t\t\t<div class=\"elementor-post__thumbnail\"><img loading=\"lazy\" decoding=\"async\" width=\"1253\" height=\"835\" src=\"https:\/\/algonovocom.com.br\/clientes\/institutopaulista\/wp-content\/uploads\/2025\/03\/84f94768-7027-3c92-a611-4ada18798dad.jpg\" class=\"attachment-full size-full wp-image-7883\" alt=\"\" srcset=\"https:\/\/algonovocom.com.br\/clientes\/institutopaulista\/wp-content\/uploads\/2025\/03\/84f94768-7027-3c92-a611-4ada18798dad.jpg 1253w, https:\/\/algonovocom.com.br\/clientes\/institutopaulista\/wp-content\/uploads\/2025\/03\/84f94768-7027-3c92-a611-4ada18798dad-300x200.jpg 300w, https:\/\/algonovocom.com.br\/clientes\/institutopaulista\/wp-content\/uploads\/2025\/03\/84f94768-7027-3c92-a611-4ada18798dad-1024x682.jpg 1024w, https:\/\/algonovocom.com.br\/clientes\/institutopaulista\/wp-content\/uploads\/2025\/03\/84f94768-7027-3c92-a611-4ada18798dad-768x512.jpg 768w\" sizes=\"(max-width: 1253px) 100vw, 1253px\" \/><\/div>\n\t\t<\/a>\n\t\t\t\t<div class=\"elementor-post__text\">\n\t\t\t\t<h3 class=\"elementor-post__title\">\n\t\t\t<a href=\"https:\/\/algonovocom.com.br\/clientes\/institutopaulista\/cupiditate-voluptatem-sit-aliquam-mollitia-et-voluptas\/\" >\n\t\t\t\tCupiditate voluptatem sit aliquam mollitia et voluptas\t\t\t<\/a>\n\t\t<\/h3>\n\t\t\t\t<\/div>\n\t\t\t\t<\/article>\n\t\t\t\t<article class=\"elementor-post elementor-grid-item post-7875 post type-post status-publish format-standard has-post-thumbnail hentry category-estaduais category-eventos category-uncategorized\">\n\t\t\t\t<a class=\"elementor-post__thumbnail__link\" href=\"https:\/\/algonovocom.com.br\/clientes\/institutopaulista\/delectus-laboriosam-expedita-ut-eveniet\/\" tabindex=\"-1\" >\n\t\t\t<div class=\"elementor-post__thumbnail\"><img loading=\"lazy\" decoding=\"async\" width=\"1380\" height=\"920\" src=\"https:\/\/algonovocom.com.br\/clientes\/institutopaulista\/wp-content\/uploads\/2025\/03\/be0a2a6b-fcd4-37eb-ac46-3bc589ef78bc.jpg\" class=\"attachment-full size-full wp-image-7876\" alt=\"\" srcset=\"https:\/\/algonovocom.com.br\/clientes\/institutopaulista\/wp-content\/uploads\/2025\/03\/be0a2a6b-fcd4-37eb-ac46-3bc589ef78bc.jpg 1380w, https:\/\/algonovocom.com.br\/clientes\/institutopaulista\/wp-content\/uploads\/2025\/03\/be0a2a6b-fcd4-37eb-ac46-3bc589ef78bc-300x200.jpg 300w, https:\/\/algonovocom.com.br\/clientes\/institutopaulista\/wp-content\/uploads\/2025\/03\/be0a2a6b-fcd4-37eb-ac46-3bc589ef78bc-1024x683.jpg 1024w, https:\/\/algonovocom.com.br\/clientes\/institutopaulista\/wp-content\/uploads\/2025\/03\/be0a2a6b-fcd4-37eb-ac46-3bc589ef78bc-768x512.jpg 768w\" sizes=\"(max-width: 1380px) 100vw, 1380px\" \/><\/div>\n\t\t<\/a>\n\t\t\t\t<div class=\"elementor-post__text\">\n\t\t\t\t<h3 class=\"elementor-post__title\">\n\t\t\t<a href=\"https:\/\/algonovocom.com.br\/clientes\/institutopaulista\/delectus-laboriosam-expedita-ut-eveniet\/\" >\n\t\t\t\tDelectus laboriosam expedita ut eveniet\t\t\t<\/a>\n\t\t<\/h3>\n\t\t\t\t<\/div>\n\t\t\t\t<\/article>\n\t\t\t\t<article class=\"elementor-post elementor-grid-item post-7880 post type-post status-publish format-standard has-post-thumbnail hentry category-economia category-eventos category-precatorios tag-sst\">\n\t\t\t\t<a class=\"elementor-post__thumbnail__link\" href=\"https:\/\/algonovocom.com.br\/clientes\/institutopaulista\/et-et-sit-odio-laudantium-eum\/\" tabindex=\"-1\" >\n\t\t\t<div class=\"elementor-post__thumbnail\"><img loading=\"lazy\" decoding=\"async\" width=\"1984\" height=\"1223\" src=\"https:\/\/algonovocom.com.br\/clientes\/institutopaulista\/wp-content\/uploads\/2025\/01\/img20240710185423518.jpg\" class=\"attachment-full size-full wp-image-6743\" alt=\"\" srcset=\"https:\/\/algonovocom.com.br\/clientes\/institutopaulista\/wp-content\/uploads\/2025\/01\/img20240710185423518.jpg 1984w, https:\/\/algonovocom.com.br\/clientes\/institutopaulista\/wp-content\/uploads\/2025\/01\/img20240710185423518-300x185.jpg 300w, https:\/\/algonovocom.com.br\/clientes\/institutopaulista\/wp-content\/uploads\/2025\/01\/img20240710185423518-1024x631.jpg 1024w, https:\/\/algonovocom.com.br\/clientes\/institutopaulista\/wp-content\/uploads\/2025\/01\/img20240710185423518-768x473.jpg 768w, https:\/\/algonovocom.com.br\/clientes\/institutopaulista\/wp-content\/uploads\/2025\/01\/img20240710185423518-1536x947.jpg 1536w\" sizes=\"(max-width: 1984px) 100vw, 1984px\" \/><\/div>\n\t\t<\/a>\n\t\t\t\t<div class=\"elementor-post__text\">\n\t\t\t\t<h3 class=\"elementor-post__title\">\n\t\t\t<a href=\"https:\/\/algonovocom.com.br\/clientes\/institutopaulista\/et-et-sit-odio-laudantium-eum\/\" >\n\t\t\t\tEt et sit odio laudantium eum\t\t\t<\/a>\n\t\t<\/h3>\n\t\t\t\t<\/div>\n\t\t\t\t<\/article>\n\t\t\t\t<article class=\"elementor-post elementor-grid-item post-7878 post type-post status-publish format-standard has-post-thumbnail hentry category-economia category-estaduais category-uncategorized tag-medicina-do-trabalho\">\n\t\t\t\t<a class=\"elementor-post__thumbnail__link\" href=\"https:\/\/algonovocom.com.br\/clientes\/institutopaulista\/cum-repellat-eos-eaque-delectus-vitae-qui\/\" tabindex=\"-1\" >\n\t\t\t<div class=\"elementor-post__thumbnail\"><img loading=\"lazy\" decoding=\"async\" width=\"1102\" height=\"734\" src=\"https:\/\/algonovocom.com.br\/clientes\/institutopaulista\/wp-content\/uploads\/2025\/03\/4db66939-7c8b-3f72-8faa-0070eccb28fd.jpg\" class=\"attachment-full size-full wp-image-7874\" alt=\"\" srcset=\"https:\/\/algonovocom.com.br\/clientes\/institutopaulista\/wp-content\/uploads\/2025\/03\/4db66939-7c8b-3f72-8faa-0070eccb28fd.jpg 1102w, https:\/\/algonovocom.com.br\/clientes\/institutopaulista\/wp-content\/uploads\/2025\/03\/4db66939-7c8b-3f72-8faa-0070eccb28fd-300x200.jpg 300w, https:\/\/algonovocom.com.br\/clientes\/institutopaulista\/wp-content\/uploads\/2025\/03\/4db66939-7c8b-3f72-8faa-0070eccb28fd-1024x682.jpg 1024w, https:\/\/algonovocom.com.br\/clientes\/institutopaulista\/wp-content\/uploads\/2025\/03\/4db66939-7c8b-3f72-8faa-0070eccb28fd-768x512.jpg 768w\" sizes=\"(max-width: 1102px) 100vw, 1102px\" \/><\/div>\n\t\t<\/a>\n\t\t\t\t<div class=\"elementor-post__text\">\n\t\t\t\t<h3 class=\"elementor-post__title\">\n\t\t\t<a href=\"https:\/\/algonovocom.com.br\/clientes\/institutopaulista\/cum-repellat-eos-eaque-delectus-vitae-qui\/\" >\n\t\t\t\tCum repellat eos eaque delectus vitae qui\t\t\t<\/a>\n\t\t<\/h3>\n\t\t\t\t<\/div>\n\t\t\t\t<\/article>\n\t\t\t\t<\/div>\n\t\t\n\t\t\t\t\t\t<\/div>\n\t\t\t\t<\/div>\n\t\t\t\t\t<\/div>\n\t\t<\/div>\n\t\t\t\t\t<\/div>\n\t\t<\/section>\n\t\t\t\t<\/div>\n\t\t","protected":false},"excerpt":{"rendered":"","protected":false},"author":1,"featured_media":0,"parent":0,"menu_order":3,"comment_status":"closed","ping_status":"closed","template":"elementor_header_footer","meta":{"footnotes":""},"class_list":["post-72","page","type-page","status-publish","hentry"],"yoast_head":"<!-- This site is optimized with the Yoast SEO plugin v24.2 - https:\/\/yoast.com\/wordpress\/plugins\/seo\/ -->\n<title>Not\u00edcias - IPHMT<\/title>\n<meta name=\"robots\" content=\"index, follow, max-snippet:-1, max-image-preview:large, max-video-preview:-1\" \/>\n<link rel=\"canonical\" href=\"https:\/\/algonovocom.com.br\/clientes\/institutopaulista\/noticias\/\" \/>\n<meta property=\"og:locale\" content=\"pt_BR\" \/>\n<meta property=\"og:type\" content=\"article\" \/>\n<meta property=\"og:title\" content=\"Not\u00edcias - IPHMT\" \/>\n<meta property=\"og:url\" content=\"https:\/\/algonovocom.com.br\/clientes\/institutopaulista\/noticias\/\" \/>\n<meta property=\"og:site_name\" content=\"IPHMT\" \/>\n<meta property=\"article:modified_time\" content=\"2025-03-11T19:25:05+00:00\" \/>\n<meta name=\"twitter:card\" content=\"summary_large_image\" \/>\n<meta name=\"twitter:label1\" content=\"Est. tempo de leitura\" \/>\n\t<meta name=\"twitter:data1\" content=\"1 minuto\" \/>\n<script type=\"application\/ld+json\" class=\"yoast-schema-graph\">{\"@context\":\"https:\/\/schema.org\",\"@graph\":[{\"@type\":\"WebPage\",\"@id\":\"https:\/\/algonovocom.com.br\/clientes\/institutopaulista\/noticias\/\",\"url\":\"https:\/\/algonovocom.com.br\/clientes\/institutopaulista\/noticias\/\",\"name\":\"Not\u00edcias - IPHMT\",\"isPartOf\":{\"@id\":\"https:\/\/algonovocom.com.br\/clientes\/institutopaulista\/#website\"},\"datePublished\":\"2022-07-18T22:00:22+00:00\",\"dateModified\":\"2025-03-11T19:25:05+00:00\",\"breadcrumb\":{\"@id\":\"https:\/\/algonovocom.com.br\/clientes\/institutopaulista\/noticias\/#breadcrumb\"},\"inLanguage\":\"pt-BR\",\"potentialAction\":[{\"@type\":\"ReadAction\",\"target\":[\"https:\/\/algonovocom.com.br\/clientes\/institutopaulista\/noticias\/\"]}]},{\"@type\":\"BreadcrumbList\",\"@id\":\"https:\/\/algonovocom.com.br\/clientes\/institutopaulista\/noticias\/#breadcrumb\",\"itemListElement\":[{\"@type\":\"ListItem\",\"position\":1,\"name\":\"In\u00edcio\",\"item\":\"https:\/\/algonovocom.com.br\/clientes\/institutopaulista\/\"},{\"@type\":\"ListItem\",\"position\":2,\"name\":\"Not\u00edcias\"}]},{\"@type\":\"WebSite\",\"@id\":\"https:\/\/algonovocom.com.br\/clientes\/institutopaulista\/#website\",\"url\":\"https:\/\/algonovocom.com.br\/clientes\/institutopaulista\/\",\"name\":\"IPHMT\",\"description\":\"Instituto Paulista de Higiene e Medicina do Trabalho\",\"publisher\":{\"@id\":\"https:\/\/algonovocom.com.br\/clientes\/institutopaulista\/#organization\"},\"potentialAction\":[{\"@type\":\"SearchAction\",\"target\":{\"@type\":\"EntryPoint\",\"urlTemplate\":\"https:\/\/algonovocom.com.br\/clientes\/institutopaulista\/?s={search_term_string}\"},\"query-input\":{\"@type\":\"PropertyValueSpecification\",\"valueRequired\":true,\"valueName\":\"search_term_string\"}}],\"inLanguage\":\"pt-BR\"},{\"@type\":\"Organization\",\"@id\":\"https:\/\/algonovocom.com.br\/clientes\/institutopaulista\/#organization\",\"name\":\"IPHMT\",\"url\":\"https:\/\/algonovocom.com.br\/clientes\/institutopaulista\/\",\"logo\":{\"@type\":\"ImageObject\",\"inLanguage\":\"pt-BR\",\"@id\":\"https:\/\/algonovocom.com.br\/clientes\/institutopaulista\/#\/schema\/logo\/image\/\",\"url\":\"https:\/\/algonovocom.com.br\/clientes\/institutopaulista\/wp-content\/uploads\/2025\/02\/logo-ip-horizontal-claro.png\",\"contentUrl\":\"https:\/\/algonovocom.com.br\/clientes\/institutopaulista\/wp-content\/uploads\/2025\/02\/logo-ip-horizontal-claro.png\",\"width\":1200,\"height\":416,\"caption\":\"IPHMT\"},\"image\":{\"@id\":\"https:\/\/algonovocom.com.br\/clientes\/institutopaulista\/#\/schema\/logo\/image\/\"}}]}<\/script>\n<!-- \/ Yoast SEO plugin. -->","yoast_head_json":{"title":"Not\u00edcias - IPHMT","robots":{"index":"index","follow":"follow","max-snippet":"max-snippet:-1","max-image-preview":"max-image-preview:large","max-video-preview":"max-video-preview:-1"},"canonical":"https:\/\/algonovocom.com.br\/clientes\/institutopaulista\/noticias\/","og_locale":"pt_BR","og_type":"article","og_title":"Not\u00edcias - IPHMT","og_url":"https:\/\/algonovocom.com.br\/clientes\/institutopaulista\/noticias\/","og_site_name":"IPHMT","article_modified_time":"2025-03-11T19:25:05+00:00","twitter_card":"summary_large_image","twitter_misc":{"Est. tempo de leitura":"1 minuto"},"schema":{"@context":"https:\/\/schema.org","@graph":[{"@type":"WebPage","@id":"https:\/\/algonovocom.com.br\/clientes\/institutopaulista\/noticias\/","url":"https:\/\/algonovocom.com.br\/clientes\/institutopaulista\/noticias\/","name":"Not\u00edcias - IPHMT","isPartOf":{"@id":"https:\/\/algonovocom.com.br\/clientes\/institutopaulista\/#website"},"datePublished":"2022-07-18T22:00:22+00:00","dateModified":"2025-03-11T19:25:05+00:00","breadcrumb":{"@id":"https:\/\/algonovocom.com.br\/clientes\/institutopaulista\/noticias\/#breadcrumb"},"inLanguage":"pt-BR","potentialAction":[{"@type":"ReadAction","target":["https:\/\/algonovocom.com.br\/clientes\/institutopaulista\/noticias\/"]}]},{"@type":"BreadcrumbList","@id":"https:\/\/algonovocom.com.br\/clientes\/institutopaulista\/noticias\/#breadcrumb","itemListElement":[{"@type":"ListItem","position":1,"name":"In\u00edcio","item":"https:\/\/algonovocom.com.br\/clientes\/institutopaulista\/"},{"@type":"ListItem","position":2,"name":"Not\u00edcias"}]},{"@type":"WebSite","@id":"https:\/\/algonovocom.com.br\/clientes\/institutopaulista\/#website","url":"https:\/\/algonovocom.com.br\/clientes\/institutopaulista\/","name":"IPHMT","description":"Instituto Paulista de Higiene e Medicina do Trabalho","publisher":{"@id":"https:\/\/algonovocom.com.br\/clientes\/institutopaulista\/#organization"},"potentialAction":[{"@type":"SearchAction","target":{"@type":"EntryPoint","urlTemplate":"https:\/\/algonovocom.com.br\/clientes\/institutopaulista\/?s={search_term_string}"},"query-input":{"@type":"PropertyValueSpecification","valueRequired":true,"valueName":"search_term_string"}}],"inLanguage":"pt-BR"},{"@type":"Organization","@id":"https:\/\/algonovocom.com.br\/clientes\/institutopaulista\/#organization","name":"IPHMT","url":"https:\/\/algonovocom.com.br\/clientes\/institutopaulista\/","logo":{"@type":"ImageObject","inLanguage":"pt-BR","@id":"https:\/\/algonovocom.com.br\/clientes\/institutopaulista\/#\/schema\/logo\/image\/","url":"https:\/\/algonovocom.com.br\/clientes\/institutopaulista\/wp-content\/uploads\/2025\/02\/logo-ip-horizontal-claro.png","contentUrl":"https:\/\/algonovocom.com.br\/clientes\/institutopaulista\/wp-content\/uploads\/2025\/02\/logo-ip-horizontal-claro.png","width":1200,"height":416,"caption":"IPHMT"},"image":{"@id":"https:\/\/algonovocom.com.br\/clientes\/institutopaulista\/#\/schema\/logo\/image\/"}}]}},"_links":{"self":[{"href":"https:\/\/algonovocom.com.br\/clientes\/institutopaulista\/wp-json\/wp\/v2\/pages\/72","targetHints":{"allow":["GET"]}}],"collection":[{"href":"https:\/\/algonovocom.com.br\/clientes\/institutopaulista\/wp-json\/wp\/v2\/pages"}],"about":[{"href":"https:\/\/algonovocom.com.br\/clientes\/institutopaulista\/wp-json\/wp\/v2\/types\/page"}],"author":[{"embeddable":true,"href":"https:\/\/algonovocom.com.br\/clientes\/institutopaulista\/wp-json\/wp\/v2\/users\/1"}],"replies":[{"embeddable":true,"href":"https:\/\/algonovocom.com.br\/clientes\/institutopaulista\/wp-json\/wp\/v2\/comments?post=72"}],"version-history":[{"count":0,"href":"https:\/\/algonovocom.com.br\/clientes\/institutopaulista\/wp-json\/wp\/v2\/pages\/72\/revisions"}],"wp:attachment":[{"href":"https:\/\/algonovocom.com.br\/clientes\/institutopaulista\/wp-json\/wp\/v2\/media?parent=72"}],"curies":[{"name":"wp","href":"https:\/\/api.w.org\/{rel}","templated":true}]}}